{"id":591,"date":"2010-07-05T11:28:23","date_gmt":"2010-07-05T15:28:23","guid":{"rendered":"http:\/\/seelearningcenter.pt\/"},"modified":"2010-07-05T14:28:13","modified_gmt":"2010-07-05T18:28:13","slug":"colegio-rossal","status":"publish","type":"page","link":"https:\/\/seelearningcenter.pt\/pt-pt\/see-cursos-no-estrangeiro\/reino-unido\/colegio-rossal\/","title":{"rendered":"COL\u00c9GIO ROSSAL"},"content":{"rendered":"<p><strong>O Col\u00e9gio Rossall \u00e9 um  dos l\u00edderes   co-educacionais do Reino Unido, oferecendo uma  localiza\u00e7\u00e3o imposs\u00edvel de   rivalizar na sua praia privada, na pituresca  costa do Noroeste de   Inglaterra.<\/strong><\/p>\n<p>Esta regi\u00e3o da Gr\u00e3-Bretanha \u00e9 famosa pela   sua heran\u00e7a,  perto dos Parques Nacionais de Lake District e Yorkshire Dales, mas   a  menos de uma hora do aeroporto de Manchester e com excelentes liga\u00e7\u00f5es  de   transportes para o resto do pa\u00eds.<\/p>\n<p>A escola de Rossall foi fundada em  1844 e os seus edif\u00edcios hist\u00f3ricos   originais disp\u00f5em-se em redor de  um quadrado estilo colegial com uma biblioteca   de Ver\u00e3o no centro. A  acomoda\u00e7\u00e3o foi modernizada recentemente e o col\u00e9gio inclui   uma  impressionante variedade de facilidades num ambiente seguro e  estimulante.<\/p>\n<p><strong>Ficheiro da Escola: <\/strong><\/p>\n<p>\u2022\u00a0 Idade: 8-12 and 13-17<\/p>\n<p>\u2022\u00a0 Praia privativa<\/p>\n<p>\u2022\u00a0 Piscina interior aquecida<\/p>\n<p>\u2022\u00a0 Campos de futebol<\/p>\n<p>\u2022\u00a0 Extensos campos de jogos<\/p>\n<p>\u2022\u00a0 8 Cortes de T\u00e9nis<\/p>\n<p>\u2022\u00a0 Pavilh\u00e3o de jogos<\/p>\n<p>\u2022\u00a0 Capela<\/p>\n<p>\u2022\u00a0 Quartos individuais, duplos ou  triplos, com alguns maiores dispon\u00edveis.   Duches, banheiras e wcs  dispon\u00edveis em cada andar.<\/p>\n<p>\u2022\u00a0 N\u00famero m\u00e1ximo de camas: 150<\/p>\n<p>\u2022\u00a0 Excurss\u00f5es de dia inteiro  incluem Liverpool e Manchester. Excurss\u00f5es de   meio-dia incluem  Blackpool e Preston.<\/p>\n","protected":false},"excerpt":{"rendered":"<p>O Col\u00e9gio Rossall \u00e9 um dos l\u00edderes co-educacionais do Reino Unido, oferecendo uma localiza\u00e7\u00e3o imposs\u00edvel de rivalizar na sua praia privada, na pituresca costa do Noroeste de Inglaterra. Esta regi\u00e3o da Gr\u00e3-Bretanha \u00e9 famosa pela sua heran\u00e7a, perto dos Parques Nacionais de Lake District e Yorkshire Dales, mas a menos de uma hora do aeroporto [&hellip;]<\/p>\n","protected":false},"author":2,"featured_media":0,"parent":394,"menu_order":32,"comment_status":"open","ping_status":"closed","template":"","meta":{"footnotes":"","_links_to":"","_links_to_target":""},"class_list":["post-591","page","type-page","status-publish","hentry"],"_links":{"self":[{"href":"https:\/\/seelearningcenter.pt\/pt-pt\/wp-json\/wp\/v2\/pages\/591","targetHints":{"allow":["GET"]}}],"collection":[{"href":"https:\/\/seelearningcenter.pt\/pt-pt\/wp-json\/wp\/v2\/pages"}],"about":[{"href":"https:\/\/seelearningcenter.pt\/pt-pt\/wp-json\/wp\/v2\/types\/page"}],"author":[{"embeddable":true,"href":"https:\/\/seelearningcenter.pt\/pt-pt\/wp-json\/wp\/v2\/users\/2"}],"replies":[{"embeddable":true,"href":"https:\/\/seelearningcenter.pt\/pt-pt\/wp-json\/wp\/v2\/comments?post=591"}],"version-history":[{"count":3,"href":"https:\/\/seelearningcenter.pt\/pt-pt\/wp-json\/wp\/v2\/pages\/591\/revisions"}],"predecessor-version":[{"id":594,"href":"https:\/\/seelearningcenter.pt\/pt-pt\/wp-json\/wp\/v2\/pages\/591\/revisions\/594"}],"up":[{"embeddable":true,"href":"https:\/\/seelearningcenter.pt\/pt-pt\/wp-json\/wp\/v2\/pages\/394"}],"wp:attachment":[{"href":"https:\/\/seelearningcenter.pt\/pt-pt\/wp-json\/wp\/v2\/media?parent=591"}],"curies":[{"name":"wp","href":"https:\/\/api.w.org\/{rel}","templated":true}]}}