{"id":587,"date":"2010-07-05T11:26:38","date_gmt":"2010-07-05T15:26:38","guid":{"rendered":"http:\/\/seelearningcenter.pt\/"},"modified":"2011-02-08T20:25:10","modified_gmt":"2011-02-09T00:25:10","slug":"aprender-portugues","status":"publish","type":"page","link":"https:\/\/seelearningcenter.pt\/pt-pt\/learning-portuguese-ple-2\/aprender-portugues\/","title":{"rendered":"Porqu\u00ea aprender a L\u00edngua Portuguesa?"},"content":{"rendered":"<table border=\"0\" cellspacing=\"0\" cellpadding=\"0\" width=\"100%\">\n<tbody>\n<tr>\n<td width=\"28%\" valign=\"top\"><img loading=\"lazy\" decoding=\"async\" src=\"http:\/\/www.seelearningcenter.pt\/images\/cursos_portugues1.jpg\" alt=\"\" width=\"191\" height=\"288\" \/><\/td>\n<td width=\"2%\"><img loading=\"lazy\" decoding=\"async\" src=\"http:\/\/www.seelearningcenter.pt\/images\/transp.gif\" alt=\"\" width=\"15\" height=\"1\" \/><\/td>\n<td width=\"70%\" valign=\"top\">\n<ul>\n<li>Sabia que a L\u00edngua Portuguesa       \u00e9  falada por mais de 210 milh\u00f5es de pessoas em todo o mundo?<\/li>\n<li> Sabia que ocupa       o 6\u00ba lugar no  ranking das l\u00ednguas maternas mais faladas<em>?<\/em><\/li>\n<li>Sabia que aL\u00edngua portuguesa       \u00e9 a que  conquista o maior n\u00famero de falantes na Am\u00e9rica Latina, falada        praticamente por toda a popula\u00e7\u00e3o do Brasil<em>?<\/em><\/li>\n<li>Sabia que a L\u00edngua Portuguesa        assume-se como a maior l\u00edngua franca nas ex-col\u00f3nias portuguesas em  \u00c1frica<em>?<\/em><\/li>\n<li>Sabia que aL\u00edngua Portuguesa        assume-se como a l\u00edngua oficial em 9 pa\u00edses<em>?<\/em><\/li>\n<li>Sabia que a       l\u00edngua Portuguesa \u00e9  falada por uma extensa comunidade de emigrantes dela       nativos,  localizada no Norte da Am\u00e9rica, particularmente no Canad\u00e1        (Ontario) e Estados Unidos da Am\u00e9rica (New       Jersey, New England e  South Florida)<em>?<\/em><\/li>\n<li>Sabia que existem       tamb\u00e9m numerosas  comunidades emigrantes portuguesas em pa\u00edses como a Venezuela       e  \u00c1frica do Sul, bem como em pa\u00edses europeus como a Su\u00ed\u00e7a ou Fran\u00e7a<em>?<\/em><\/li>\n<li>Sabia que a L\u00edngua Portuguesa       \u00e9,  juntamente com a l\u00edngua espanhola e a l\u00edngua francesa, l\u00edngua oficial        em pa\u00edses como a Guin\u00e9 Equatorial, l\u00edngua co-oficial com a l\u00edngua        cantonesa e a l\u00edngua chinesa na Regi\u00e3o Administrativa Especial de  Macau e       finalmente, co-oficial com a l\u00edngua tetum em Timor Leste.  No       Uruguai, o ensino do Portugu\u00eas \u00e9 obrigat\u00f3rio nas escolas<em>?<\/em><\/li>\n<li>Sabia que a L\u00edngua Portuguesa       foi  apelidada por Miguel Cervantes, escritor espanhol, de \u201c<em>l\u00edngua doce<\/em>\u201d<em>?<\/em><\/li>\n<li>Sabia que o escritor brasileiro Olavo  Bilac deccreveu a       L\u00edngua Portuguesa como<em> \u201ca \u00faltima flor do  L\u00e1cio, inculta e bela\u201d?<\/em><\/li>\n<\/ul>\n<\/td>\n<\/tr>\n<\/tbody>\n<\/table>\n","protected":false},"excerpt":{"rendered":"<p>Sabia que a L\u00edngua Portuguesa \u00e9 falada por mais de 210 milh\u00f5es de pessoas em todo o mundo? Sabia que ocupa o 6\u00ba lugar no ranking das l\u00ednguas maternas mais faladas? Sabia que aL\u00edngua portuguesa \u00e9 a que conquista o maior n\u00famero de falantes na Am\u00e9rica Latina, falada praticamente por toda a popula\u00e7\u00e3o do Brasil? [&hellip;]<\/p>\n","protected":false},"author":2,"featured_media":229,"parent":514,"menu_order":8,"comment_status":"closed","ping_status":"closed","template":"","meta":{"footnotes":"","_links_to":"","_links_to_target":""},"_links":{"self":[{"href":"https:\/\/seelearningcenter.pt\/pt-pt\/wp-json\/wp\/v2\/pages\/587"}],"collection":[{"href":"https:\/\/seelearningcenter.pt\/pt-pt\/wp-json\/wp\/v2\/pages"}],"about":[{"href":"https:\/\/seelearningcenter.pt\/pt-pt\/wp-json\/wp\/v2\/types\/page"}],"author":[{"embeddable":true,"href":"https:\/\/seelearningcenter.pt\/pt-pt\/wp-json\/wp\/v2\/users\/2"}],"replies":[{"embeddable":true,"href":"https:\/\/seelearningcenter.pt\/pt-pt\/wp-json\/wp\/v2\/comments?post=587"}],"version-history":[{"count":11,"href":"https:\/\/seelearningcenter.pt\/pt-pt\/wp-json\/wp\/v2\/pages\/587\/revisions"}],"predecessor-version":[{"id":3388,"href":"https:\/\/seelearningcenter.pt\/pt-pt\/wp-json\/wp\/v2\/pages\/587\/revisions\/3388"}],"up":[{"embeddable":true,"href":"https:\/\/seelearningcenter.pt\/pt-pt\/wp-json\/wp\/v2\/pages\/514"}],"wp:featuredmedia":[{"embeddable":true,"href":"https:\/\/seelearningcenter.pt\/pt-pt\/wp-json\/wp\/v2\/media\/229"}],"wp:attachment":[{"href":"https:\/\/seelearningcenter.pt\/pt-pt\/wp-json\/wp\/v2\/media?parent=587"}],"curies":[{"name":"wp","href":"https:\/\/api.w.org\/{rel}","templated":true}]}}