{"id":584,"date":"2010-07-05T11:25:10","date_gmt":"2010-07-05T15:25:10","guid":{"rendered":"http:\/\/seelearningcenter.pt\/"},"modified":"2010-11-10T11:41:31","modified_gmt":"2010-11-10T15:41:31","slug":"aprender-portugues-na-see","status":"publish","type":"page","link":"https:\/\/seelearningcenter.pt\/pt-pt\/learning-portuguese-ple-2\/aprender-portugues-na-see\/","title":{"rendered":"Porqu\u00ea aprender a L\u00edngua Portuguesa na See Learning Center?"},"content":{"rendered":"<table border=\"0\" cellspacing=\"0\" cellpadding=\"0\" width=\"100%\">\n<tbody>\n<tr>\n<td width=\"28%\" valign=\"top\"><img loading=\"lazy\" decoding=\"async\" src=\"http:\/\/www.seelearningcenter.pt\/images\/cursos_port_see.jpg\" alt=\"\" width=\"191\" height=\"288\" \/><\/td>\n<td width=\"2%\"><img loading=\"lazy\" decoding=\"async\" src=\"http:\/\/www.seelearningcenter.pt\/images\/transp.gif\" alt=\"\" width=\"15\" height=\"1\" \/><\/td>\n<td width=\"70%\" valign=\"top\">\n<ul type=\"disc\">\n<li>Com uma excelente       localiza\u00e7\u00e3o, a See  Learning Center est\u00e1 situada em Alfornelos, na \u00e1rea       limite de  Lisboa, perto das zonas de Benfica e Pontinha. Com acesso a um        vasto leque de servi\u00e7os como caf\u00e9s, restaurantes, bancos, centro de  sa\u00fade       e centro comercial, Alfornelos beneficia tamb\u00e9m de uma  conveniente rede de       transportes p\u00fablicos \u2013 autocarro e  metropolitano?<\/li>\n<\/ul>\n<ul type=\"disc\">\n<li>Alfornelos \u00e9,       essencialmente, um  bairro residencial seguro e din\u00e2mico. Possui excelentes       liga\u00e7\u00f5es  rodovi\u00e1rias a \u00e1reas circundantes como Benfica e Amadora e est\u00e1 a        curta dist\u00e2ncia de esta\u00e7\u00f5es de comboios<\/li>\n<\/ul>\n<ul type=\"disc\">\n<li>De metropolitano, a       See Learning  Center encontra-se a escassos cinco minutos de dist\u00e2ncia do       Centro  Comercial Colombo e a 20 minutos do centro de Lisboa<\/li>\n<\/ul>\n<ul type=\"disc\">\n<li><a href=\"http:\/\/seelearningcenter.pt\/pt-pt\/learning-portuguese-ple-2\/bem-vindo-a-lisboa\/\">Os alunos podem       beneficiar da  localiza\u00e7\u00e3o da escola para explorar a cidade, ir a eventos        culturais, assistir a eventos desportivos, jantar em restaurantes e  fazer       compras nas mais variadas lojas.<\/a><\/li>\n<\/ul>\n<ul type=\"disc\">\n<li>Atrav\u00e9s da See, o       aluno desfruta de  excurs\u00f5es e actividades culturais semanais<\/li>\n<\/ul>\n<ul type=\"disc\">\n<li>A equipa da See       Learning Center est\u00e1  sempre a postos para ajudar os alunos a       ambientarem-se a  Portugal, ao seu ritmo de vida, \u00e0 cultura e \u00e0 din\u00e2mica de       estudo<\/li>\n<\/ul>\n<ul type=\"disc\">\n<li>A See Learning       Center oferece cursos  de L\u00edngua Portuguesa num ambiente din\u00e2mico e       profissional<\/li>\n<\/ul>\n<ul type=\"disc\">\n<li>Temos \u00e0 disposi\u00e7\u00e3o       programas para  todas as idades: desde crian\u00e7as e adolescentes, passando       por  estudantes universit\u00e1rios, at\u00e9 cursos para profissionais e seniores        (50+)<\/li>\n<\/ul>\n<ul type=\"disc\">\n<li>Os alunos t\u00eam variados       programas \u00e0  escolha, podendo optar por aquele que melhor responde \u00e0s suas        necessidades particulares<\/li>\n<\/ul>\n<ul type=\"disc\">\n<li>Os professores da       See Learning  Center t\u00eam forma\u00e7\u00e3o que os qualifica para o ensino da L\u00edngua        Portuguesa como segunda l\u00edngua e s\u00e3o nativos da mesma<\/li>\n<\/ul>\n<ul type=\"disc\">\n<li>A See Learning       Center apresenta-lhe  cursos estruturados em 6 n\u00edveis de aprendizagem<\/li>\n<\/ul>\n<ul type=\"disc\">\n<li>Metodologia baseada       no Quadro  Europeu Comum de Refer\u00eancia para as L\u00ednguas (QECR)<\/li>\n<\/ul>\n<ul type=\"disc\">\n<li>Comprometemos-nos a       ter um m\u00e1ximo de  8 estudantes por turma, de forma a oferecer um melhor acompanhamento        ao aluno<\/li>\n<\/ul>\n<ul type=\"disc\">\n<li>Estadia m\u00ednima de 1       semana<\/li>\n<\/ul>\n<ul type=\"disc\">\n<li>Cursos com dura\u00e7\u00e3o       superior a 1 ano<\/li>\n<\/ul>\n<ul type=\"disc\">\n<li>Sala de       computadores \u00e0 disposi\u00e7\u00e3o de  todos os alunos e acesso livre a rede       Wireless LAN<\/li>\n<\/ul>\n<ul type=\"disc\">\n<li>A See Learning       Center assegura que  nenhum aluno ficar\u00e1 num alojamento com outro colega       falante da  mesma l\u00edngua<\/li>\n<\/ul>\n<ul type=\"disc\">\n<li>Para n\u00f3s, a sua       experi\u00eancia com a  fam\u00edlia de acolhimento \u00e9 importante!!!<\/li>\n<\/ul>\n<\/td>\n<\/tr>\n<\/tbody>\n<\/table>\n","protected":false},"excerpt":{"rendered":"<p>Com uma excelente localiza\u00e7\u00e3o, a See Learning Center est\u00e1 situada em Alfornelos, na \u00e1rea limite de Lisboa, perto das zonas de Benfica e Pontinha. Com acesso a um vasto leque de servi\u00e7os como caf\u00e9s, restaurantes, bancos, centro de sa\u00fade e centro comercial, Alfornelos beneficia tamb\u00e9m de uma conveniente rede de transportes p\u00fablicos \u2013 autocarro e [&hellip;]<\/p>\n","protected":false},"author":2,"featured_media":235,"parent":514,"menu_order":10,"comment_status":"closed","ping_status":"closed","template":"","meta":{"footnotes":"","_links_to":"","_links_to_target":""},"class_list":["post-584","page","type-page","status-publish","has-post-thumbnail","hentry"],"_links":{"self":[{"href":"https:\/\/seelearningcenter.pt\/pt-pt\/wp-json\/wp\/v2\/pages\/584","targetHints":{"allow":["GET"]}}],"collection":[{"href":"https:\/\/seelearningcenter.pt\/pt-pt\/wp-json\/wp\/v2\/pages"}],"about":[{"href":"https:\/\/seelearningcenter.pt\/pt-pt\/wp-json\/wp\/v2\/types\/page"}],"author":[{"embeddable":true,"href":"https:\/\/seelearningcenter.pt\/pt-pt\/wp-json\/wp\/v2\/users\/2"}],"replies":[{"embeddable":true,"href":"https:\/\/seelearningcenter.pt\/pt-pt\/wp-json\/wp\/v2\/comments?post=584"}],"version-history":[{"count":6,"href":"https:\/\/seelearningcenter.pt\/pt-pt\/wp-json\/wp\/v2\/pages\/584\/revisions"}],"predecessor-version":[{"id":3267,"href":"https:\/\/seelearningcenter.pt\/pt-pt\/wp-json\/wp\/v2\/pages\/584\/revisions\/3267"}],"up":[{"embeddable":true,"href":"https:\/\/seelearningcenter.pt\/pt-pt\/wp-json\/wp\/v2\/pages\/514"}],"wp:featuredmedia":[{"embeddable":true,"href":"https:\/\/seelearningcenter.pt\/pt-pt\/wp-json\/wp\/v2\/media\/235"}],"wp:attachment":[{"href":"https:\/\/seelearningcenter.pt\/pt-pt\/wp-json\/wp\/v2\/media?parent=584"}],"curies":[{"name":"wp","href":"https:\/\/api.w.org\/{rel}","templated":true}]}}