{"id":583,"date":"2010-07-05T11:23:36","date_gmt":"2010-07-05T15:23:36","guid":{"rendered":"http:\/\/seelearningcenter.pt\/"},"modified":"2010-09-13T19:42:46","modified_gmt":"2010-09-13T23:42:46","slug":"cursos-de-portugues-see","status":"publish","type":"page","link":"https:\/\/seelearningcenter.pt\/pt-pt\/learning-portuguese-ple-2\/cursos-de-portugues-see\/","title":{"rendered":"Cursos de Portugu\u00eas See"},"content":{"rendered":"<p>O Portugu\u00eas \u00e9 uma l\u00edngua rom\u00e2ntica muito antiga, derivada do Latim,  mas com muitas influ\u00eancias de outras culturas.<\/p>\n<p>Devido \u00e0 ocupa\u00e7\u00e3o Mourisca da Pen\u00ednsula Ib\u00e9rica,  durante a Idade M\u00e9dia, e a participa\u00e7\u00e3o de Portugal nos Descobrimentos,  adquiriu palavras de muitas l\u00ednguas no mundo, tornando-se numa l\u00edngua  \u00fanica.<\/p>\n<p>\u00c9 a 6\u00aa l\u00edngua mais falada no  mundo, sendo a l\u00edngua oficial de 10 pa\u00edses, e est\u00e1 espalhada por muitos  pa\u00edses, onde influenciou as l\u00ednguas locais ou \u00e9 falada por comunidades  portuguesas.<\/p>\n<p>Aproveite a oportunidade dos Cursos de Portugu\u00eas See  Learning Center em Portugal e aprenda uma das l\u00ednguas mais fascinantes,  enquanto explora, encontra e vive num ambiente portugu\u00eas!<\/p>\n<p><strong>Cursos para Adultos:<\/strong><\/p>\n<p><strong><em><span style=\"font-weight: normal;\">Ficheiro de Factos:<\/span><\/em><br \/>\n<\/strong><br \/>\n\u2022 Idade: +18 anos<br \/>\n\u2022 Sala de computadores: Acesso livre \u00e0 Internet<br \/>\n\u2022 N\u00famero de alunos: m\u00e1x. 8 alunos por aula<br \/>\n\u2022 N\u00edveis: elementar a avan\u00e7ado<br \/>\n\u2022 Programa de actividades<br \/>\n\u2022 Acomoda\u00e7\u00e3o: Fam\u00edlia de acolhimento ou Hotel<br \/>\n\u2022 Cursos:<br \/>\n&#8211; Curso See de Portugu\u00eas Geral LINKS<br \/>\n&#8211; Curso See de Portugu\u00eas Intensivo<br \/>\n&#8211;  Curso See de Portugu\u00eas Individual<br \/>\n&#8211; Curso See de Portugu\u00eas Empresarial<br \/>\n&#8211; Curso See de Portugu\u00eas 50+<\/p>\n<p><strong>Curso See de Portugu\u00eas  Geral (15 aulas por semana)<\/strong><\/p>\n<table border=\"0\" cellspacing=\"0\" cellpadding=\"0\" width=\"100%\">\n<tbody>\n<tr>\n<td width=\"28%\"><img loading=\"lazy\" decoding=\"async\" src=\"http:\/\/www.seelearningcenter.pt\/images\/cursos_portugues4.jpg\" alt=\"\" width=\"288\" height=\"191\" \/><\/td>\n<td width=\"2%\"><img loading=\"lazy\" decoding=\"async\" src=\"http:\/\/www.seelearningcenter.pt\/images\/transp.gif\" alt=\"\" width=\"15\" height=\"1\" \/><\/td>\n<td width=\"70%\">Consistindo em 3 aulas por dia, o  Curso See de Portugu\u00eas Geral permitelhe ter tempo suficiente para  descobrir a cidade de Lisboa e arredores.<\/p>\n<p>Cada n\u00edvel \u00e9 composto por 4 semanas. Cada aula  tem no m\u00e1ximo 8 alunos, de modo a proporcionar aten\u00e7\u00e3o e ensino  individualizados.<\/p>\n<p>Combine o seu Curso de  Portugu\u00eas com um complete programa de visitas e aproveite ao m\u00e1ximo a  sua estadia em Portugal! Dispon\u00edvel todo o ano.<\/td>\n<\/tr>\n<\/tbody>\n<\/table>\n<p><strong>Curso See de Portugu\u00eas  Intensivo (25 aulas por semana)<\/strong><\/p>\n<p>Se o seu objectivo \u00e9  aprender tanto Portugu\u00eas como poss\u00edvel durante a sua estadia, o Curso  See de Portugu\u00eas Intensivo \u00e9 ideal para si.<\/p>\n<p>Consistindo em 25 horas por semana, este curso  combina o Curso See de Portugu\u00eas Geral com 2 horas extra por dia,  permitindo-lhe aprender mais e continuar a ter tempo livre para explorer  Portugal. Cada aula tem no m\u00e1ximo 8 alunos para providenciar aten\u00e7\u00e3o e  ensino individualizados.<\/p>\n<p>Dispon\u00edvel apenas de Junho a Setembro.<\/p>\n<p><strong>Curso See de Portugu\u00eas  Individual <\/strong>(tantas horas quantas desejar: 5 a 40 horas por semana)<\/p>\n<table border=\"0\" cellspacing=\"0\" cellpadding=\"0\" width=\"100%\">\n<tbody>\n<tr>\n<td width=\"28%\"><img loading=\"lazy\" decoding=\"async\" src=\"http:\/\/www.seelearningcenter.pt\/images\/cursos_portugues5.jpg\" alt=\"\" width=\"191\" height=\"288\" \/><\/td>\n<td width=\"2%\"><img loading=\"lazy\" decoding=\"async\" src=\"http:\/\/www.seelearningcenter.pt\/images\/transp.gif\" alt=\"\" width=\"15\" height=\"1\" \/><\/td>\n<td width=\"70%\">O Curso See de Portugu\u00eas  Individual d\u00e1-lhe a oportunidade aprender esta l\u00edngua rapida e  intensivamente, ao seu pr\u00f3prio passo e de acordo com as suas  necessidades pessoais.<\/p>\n<p>O ensino individual permite aulas flex\u00edveis,  adaptadas ao seu emprego, estudos, cultura ou curiosidade \u2013 as suas  necessidades s\u00e3o a prioridade do professor.<\/p>\n<p>Est\u00e1 convidado a trazer o seu pr\u00f3prio material  se assim o desejar. Tenha tantas aulas individuais quantas desejar e  comece quando quiser!<\/p>\n<p>Combine um Curso See de  Portugu\u00eas Geral com um Curso See de Portugu\u00eas                       Indiviual e veja o seu Portugu\u00eas evoluir! Dispon\u00edvel todo o ano.<\/td>\n<\/tr>\n<\/tbody>\n<\/table>\n<p><strong>Curso See de Portugu\u00eas  Profissional<\/strong><\/p>\n<p>Se o seu desejo \u00e9 desenvolver os seus conhecimentos  de Portugu\u00eas dentro de uma \u00e1rea espec\u00edfica, o Curso See de Portugu\u00eas  Profissional \u00e9 a oportunidade ideal para si. Este curso desenvolve o  vocabul\u00e1rio do aluno focando-se na pr\u00e1tica da linguagem oral e escrita.  Qualquer que seja a sua \u00e1rea de especializa\u00e7\u00e3o \u2013 medicina, gest\u00e3o,  turismo, engenharia, enfermagem, direito, seguros, inform\u00e1tica, tradu\u00e7\u00e3o  ou interpreta\u00e7\u00e3o, ensino&#8230; \u2013 o See Learning Center tem cursos  intensivos adaptados \u00e0s suas necessidades.<\/p>\n<p>As aulas podem ser  individuais, em pequenos grupos ou combinadas, de acordo com as suas  necessidades e disponibilidade.<br \/>\n<strong> Curso See de Treino para  Professores de Portugu\u00eas<\/strong><\/p>\n<table border=\"0\" cellspacing=\"0\" cellpadding=\"0\" width=\"100%\">\n<tbody>\n<tr>\n<td width=\"28%\" valign=\"middle\"><img loading=\"lazy\" decoding=\"async\" src=\"http:\/\/www.seelearningcenter.pt\/images\/cursos_portugues6.jpg\" alt=\"\" width=\"288\" height=\"191\" \/><\/td>\n<td width=\"2%\" valign=\"middle\"><img loading=\"lazy\" decoding=\"async\" src=\"http:\/\/www.seelearningcenter.pt\/images\/transp.gif\" alt=\"\" width=\"15\" height=\"1\" \/><\/td>\n<td width=\"70%\" valign=\"middle\">Este curso \u00e9  especialmente desenhado para professores nativos e n\u00e3onativos de  Portugu\u00eas como L\u00edngua Estrangeira, dentro ou fora de Portugal.<\/p>\n<p>O Curso envolve trabalho pr\u00e1tico, actividades  comunicativas, demonstra\u00e7\u00f5es, reflex\u00f5es e discuss\u00f5es. S\u00e3o apresentados  conhecimentos e t\u00e9cnicas pr\u00e1ticos, levando a uma experi\u00eancia de  aprendizagem completa e agrad\u00e1vel que lhe permite avaliar, discutir e  aplic\u00e1-los imediatamente em situa\u00e7\u00f5es reais.<\/p>\n<p>Pode disfrutar de um programa social de  actividades ao fim da tarde, e excurs\u00f5es de meio e dia inteiro aos  fim-de-semanas, permitindo-lhe tirar o maior partido da sua estadia  connosco.<\/p>\n<p>\u00c9 um curso de duas semanas, que consiste em 60  horas organizadas de acordo com o requerido, para um m\u00ednimo de 4 alunos.  Dispon\u00edvel uma vez por ano.<\/td>\n<\/tr>\n<\/tbody>\n<\/table>\n<p><strong>Curso See Light de  Portugu\u00eas (2 aulas por semana)<\/strong><\/p>\n<p>Este curso \u00e9 especialmente desenhado para alunos que  estudam ou trabalham, mas que querem apresnder Portugu\u00eas de uma forma  regular. Escolha o hor\u00e1rio mais conveniente e desenvolva os seus  conhecimentos da l\u00edngua \u2013 capacidade de comunica\u00e7\u00e3o, leitura, gram\u00e1tica e  escrita, audi\u00e7\u00e3o e oral, constru\u00e7\u00e3o de vocabul\u00e1rio.<\/p>\n<p><strong>Aula See Flex (NOVO!)<\/strong><\/p>\n<table border=\"0\" cellspacing=\"0\" cellpadding=\"0\" width=\"100%\">\n<tbody>\n<tr>\n<td width=\"28%\" valign=\"middle\"><img loading=\"lazy\" decoding=\"async\" src=\"http:\/\/www.seelearningcenter.pt\/images\/cursos_portugues7.jpg\" alt=\"\" width=\"288\" height=\"191\" \/><\/td>\n<td width=\"2%\" valign=\"middle\"><img loading=\"lazy\" decoding=\"async\" src=\"http:\/\/www.seelearningcenter.pt\/images\/transp.gif\" alt=\"\" width=\"15\" height=\"1\" \/><\/td>\n<td width=\"70%\" valign=\"middle\">A aula Flex  permite-lhe escolher o seu hor\u00e1rio e alter\u00e1-lo se necess\u00e1rio, para n\u00e3o  perder aulas \u2013 manh\u00e3, tarde ou fim de tarde.<\/p>\n<p>O curso pode ser interrompido e continuado mais  tarde. Os cursos s\u00e3o adaptados a cada grupo de acordo com as suas  necessidades espec\u00edficas!<\/p>\n<p>Se quer falar Portugu\u00eas a  partir do 1\u00ba dia, inscreva-se j\u00e1 no SEE LEARNING CENTER!<\/td>\n<\/tr>\n<\/tbody>\n<\/table>\n<p><strong>See Portugu\u00eas +<\/strong><\/p>\n<p>A See Learning Center oferece-lhe aulas See  individuais no nosso centro, no seu local de emprego, em sua casa, ou em  qualquer local escolhido por si. O n\u00famero de aulas e o hor\u00e1rio podem  variar de acordo com as necessidades do aluno.<\/p>\n<p>See Portugu\u00eas especial  Braille (2 aulas por semana)<\/p>\n<table border=\"0\" cellspacing=\"0\" cellpadding=\"0\" width=\"100%\">\n<tbody>\n<tr>\n<td width=\"28%\" valign=\"middle\"><img loading=\"lazy\" decoding=\"async\" src=\"http:\/\/www.seelearningcenter.pt\/images\/cursos_portugues8.jpg\" alt=\"\" width=\"288\" height=\"191\" \/><\/td>\n<td width=\"2%\" valign=\"middle\"><img loading=\"lazy\" decoding=\"async\" src=\"http:\/\/www.seelearningcenter.pt\/images\/transp.gif\" alt=\"\" width=\"15\" height=\"1\" \/><\/td>\n<td width=\"70%\" valign=\"middle\">Alunos invisuais  ou parcialmente visuais precisam de aten\u00e7\u00e3o especial e integra\u00e7\u00e3o em  grupos normais.<\/p>\n<p>O See Learning Center oferece aos alunos a  oportunidade de fazer novos amigos e desenvolver capacidades sociais,  enquanto aprendem a L\u00edngua Portuguesa.<\/td>\n<\/tr>\n<\/tbody>\n<\/table>\n<p><strong>Clube de Chat (10 aulas  por semana)<\/strong><\/p>\n<table border=\"0\" cellspacing=\"0\" cellpadding=\"0\" width=\"100%\">\n<tbody>\n<tr>\n<td width=\"28%\" valign=\"middle\"><img loading=\"lazy\" decoding=\"async\" src=\"http:\/\/www.seelearningcenter.pt\/images\/cursos_portugues9.jpg\" alt=\"\" width=\"288\" height=\"191\" \/><\/td>\n<td width=\"2%\" valign=\"middle\"><img loading=\"lazy\" decoding=\"async\" src=\"http:\/\/www.seelearningcenter.pt\/images\/transp.gif\" alt=\"\" width=\"15\" height=\"1\" \/><\/td>\n<td width=\"70%\" valign=\"middle\">Aprenda os conhecimentos essenciais para  comunicar em situa\u00e7\u00f5es do quotidiano \u2013 aulas de conversa\u00e7\u00e3o,  pronuncia\u00e7\u00e3o e clube de chat.<\/p>\n<p>Maximize a sua pr\u00e1tica  di\u00e1ria com comunica\u00e7\u00e3o oral e desenvolva a sua confian\u00e7a na fala. O  clube \u00e9 constitu\u00eddo por 10 aulas por semana.<\/p>\n<p>M\u00e1ximo 8 alunos por aula.<\/td>\n<\/tr>\n<\/tbody>\n<\/table>\n<p>N\u00edveis<\/p>\n<p>Os cursos See de Portugu\u00eas Geral t\u00eam 6  n\u00edveis de 80 horas cada:<\/p>\n<p>Principiante<br \/>\nElementar<br \/>\nPr\u00e9-Interm\u00e9dio<br \/>\nInterm\u00e9dio<br \/>\nP\u00f3s-Interm\u00e9dio<br \/>\nAvan\u00e7ado<\/p>\n<p><strong>Certificados<\/strong><\/p>\n<table border=\"0\" cellspacing=\"0\" cellpadding=\"0\" width=\"100%\">\n<tbody>\n<tr>\n<td width=\"28%\" valign=\"middle\"><img loading=\"lazy\" decoding=\"async\" src=\"http:\/\/www.seelearningcenter.pt\/images\/cursos_portugues10.jpg\" alt=\"\" width=\"288\" height=\"191\" \/><\/td>\n<td width=\"2%\" valign=\"middle\"><img loading=\"lazy\" decoding=\"async\" src=\"http:\/\/www.seelearningcenter.pt\/images\/transp.gif\" alt=\"\" width=\"15\" height=\"1\" \/><\/td>\n<td width=\"70%\" valign=\"middle\">Certificado de  Frequ\u00eancia See: Atribu\u00eddo a todos os alunos que frequentam um curso See.<\/p>\n<p>Certificado See: Atribu\u00eddo aos alunos com  aprova\u00e7\u00e3o no exame final de um n\u00edvel.<\/p>\n<p>Exames de Portugu\u00eas L\u00edngua Estrangeira: S\u00e3o  exames organizados e concedidos pela Universidade de Lisboa em datas  especificas.<\/p>\n<p>Est\u00e3o dispon\u00edveis cinco  n\u00edveis: CIPLE, CEPLE, DIPLE, DAPLE, DUPLE.<\/td>\n<\/tr>\n<\/tbody>\n<\/table>\n<p><strong>Testemunho<\/strong><\/p>\n<table border=\"0\" cellspacing=\"0\" cellpadding=\"0\" width=\"100%\">\n<tbody>\n<tr>\n<td width=\"28%\" valign=\"middle\"><img loading=\"lazy\" decoding=\"async\" src=\"http:\/\/www.seelearningcenter.pt\/images\/cursos_portugues11.jpg\" alt=\"\" width=\"288\" height=\"191\" \/><\/td>\n<td width=\"2%\" valign=\"middle\"><img loading=\"lazy\" decoding=\"async\" src=\"http:\/\/www.seelearningcenter.pt\/images\/transp.gif\" alt=\"\" width=\"15\" height=\"1\" \/><\/td>\n<td width=\"70%\" valign=\"middle\"><em>Falar Portugu\u00eas mudou a minha vida \u2013  auto-estima, lideran\u00e7a, atitude na carreira, sucesso, crescimento  pessoal, social e profissional e oportunidade. Todos sonhamos com uma  vida melhor!<\/em><\/td>\n<\/tr>\n<\/tbody>\n<\/table>\n<table border=\"0\" cellspacing=\"0\" cellpadding=\"0\" width=\"100%\">\n<tbody>\n<tr>\n<td width=\"28%\" valign=\"top\"><img loading=\"lazy\" decoding=\"async\" src=\"http:\/\/www.seelearningcenter.pt\/images\/cursos_portugues12.jpg\" alt=\"\" width=\"288\" height=\"191\" \/><\/td>\n<td width=\"2%\" valign=\"middle\"><img loading=\"lazy\" decoding=\"async\" src=\"http:\/\/www.seelearningcenter.pt\/images\/transp.gif\" alt=\"\" width=\"15\" height=\"1\" \/><\/td>\n<td width=\"70%\" valign=\"middle\"><em>Ol\u00e1! Somos  Stefano e Elisabetta, um casal de Italianos. Queriamos trabalhar como  enfermeiros em Angola mas n\u00e3o sabiamos portugu\u00eas. Ent\u00e3o pens\u00e1mos: &#8221; que  podemos fazer?&#8221;<br \/>\n&#8220;Vamos a Lisboa, cidade de luz, onde passa o rio  de cora\u00e7\u00e3o de prata&#8221;.<\/em><\/p>\n<p><em>Temos um amigo em Lisboa que vive em Alfornelos.  \u00c9 uma parte da cidade popular, mas tranquila e bem servida de  transportes e servi\u00e7os: tem<br \/>\nmetro, autocarro, banco, correios,  supermercados&#8230;<\/em><\/p>\n<p><em>O nosso amigo encontrou uma escola de  l\u00ednguas: See Learning Center! Tivemos uma professora muito preparada que  nos conseguiu ensinar a l\u00edngua portuguesa misturando li\u00e7\u00f5es de  gram\u00e1tica e transmitindo-nos a paixao pelo fado e outras m\u00fasicas,  aconselhando filmes e livros, andando pela cidade para encontrar s\u00edtios e  provar a cozinha portuguesa. Descobrimos Lisboa dia-a-dia, que nos  recebeu e nos envolveu nas suas ruas, com seus perfumes. Pudemos olhar o  rio Tejo enquanto beb\u00edamos uma bica, um gal\u00e3o ou talvez uma imperial.<\/em><\/td>\n<\/tr>\n<\/tbody>\n<\/table>\n<table border=\"0\" cellspacing=\"0\" cellpadding=\"0\" width=\"100%\">\n<tbody>\n<tr>\n<td width=\"28%\"><\/td>\n<td width=\"2%\"><\/td>\n<td width=\"35%\"><\/td>\n<td width=\"2%\"><\/td>\n<td width=\"70%\"><\/td>\n<\/tr>\n<\/tbody>\n<\/table>\n<p><strong>Programa de Actividades  &amp; Excurs\u00f5es<\/strong><\/p>\n<table border=\"0\" cellspacing=\"0\" cellpadding=\"0\" width=\"100%\">\n<tbody>\n<tr>\n<td width=\"28%\"><img loading=\"lazy\" decoding=\"async\" src=\"http:\/\/www.seelearningcenter.pt\/images\/cursos_portugues15.jpg\" alt=\"\" width=\"191\" height=\"288\" \/><\/td>\n<td width=\"2%\"><img loading=\"lazy\" decoding=\"async\" src=\"http:\/\/www.seelearningcenter.pt\/images\/transp.gif\" alt=\"\" width=\"15\" height=\"1\" \/><\/td>\n<td width=\"70%\">Podem aproveitar o seu tempo livre  ao m\u00e1ximo participando no Programa de Actividades &amp; Excurs\u00f5es do  See Learning Center.<\/p>\n<p>Visite a colorida baixa da cidade de Lisboa,  explore as lojas da Rua Augusta, visite os monumentos do tempo dos  Descobrimentos, relaxe no Parque das Na\u00e7\u00f5es e fique maravilhado com a  Hist\u00f3ria de Portugal nos museus.<\/td>\n<\/tr>\n<\/tbody>\n<\/table>\n<table border=\"0\" cellspacing=\"0\" cellpadding=\"0\" width=\"100%\">\n<tbody>\n<tr>\n<td width=\"28%\"><img loading=\"lazy\" decoding=\"async\" src=\"http:\/\/www.seelearningcenter.pt\/images\/cursos_portugues16.jpg\" alt=\"\" width=\"288\" height=\"191\" \/><\/td>\n<td width=\"2%\"><img loading=\"lazy\" decoding=\"async\" src=\"http:\/\/www.seelearningcenter.pt\/images\/transp.gif\" alt=\"\" width=\"15\" height=\"1\" \/><\/td>\n<td width=\"70%\"><img loading=\"lazy\" decoding=\"async\" src=\"http:\/\/www.seelearningcenter.pt\/images\/cursos_portugues17.jpg\" alt=\"\" width=\"288\" height=\"191\" \/><\/td>\n<\/tr>\n<\/tbody>\n<\/table>\n","protected":false},"excerpt":{"rendered":"<p>O Portugu\u00eas \u00e9 uma l\u00edngua rom\u00e2ntica muito antiga, derivada do Latim, mas com muitas influ\u00eancias de outras culturas. Devido \u00e0 ocupa\u00e7\u00e3o Mourisca da Pen\u00ednsula Ib\u00e9rica, durante a Idade M\u00e9dia, e a participa\u00e7\u00e3o de Portugal nos Descobrimentos, adquiriu palavras de muitas l\u00ednguas no mundo, tornando-se numa l\u00edngua \u00fanica. \u00c9 a 6\u00aa l\u00edngua mais falada no mundo, [&hellip;]<\/p>\n","protected":false},"author":2,"featured_media":232,"parent":514,"menu_order":2,"comment_status":"open","ping_status":"closed","template":"page-portuguese_courses.php","meta":{"footnotes":"","_links_to":"","_links_to_target":""},"_links":{"self":[{"href":"https:\/\/seelearningcenter.pt\/pt-pt\/wp-json\/wp\/v2\/pages\/583"}],"collection":[{"href":"https:\/\/seelearningcenter.pt\/pt-pt\/wp-json\/wp\/v2\/pages"}],"about":[{"href":"https:\/\/seelearningcenter.pt\/pt-pt\/wp-json\/wp\/v2\/types\/page"}],"author":[{"embeddable":true,"href":"https:\/\/seelearningcenter.pt\/pt-pt\/wp-json\/wp\/v2\/users\/2"}],"replies":[{"embeddable":true,"href":"https:\/\/seelearningcenter.pt\/pt-pt\/wp-json\/wp\/v2\/comments?post=583"}],"version-history":[{"count":20,"href":"https:\/\/seelearningcenter.pt\/pt-pt\/wp-json\/wp\/v2\/pages\/583\/revisions"}],"predecessor-version":[{"id":1792,"href":"https:\/\/seelearningcenter.pt\/pt-pt\/wp-json\/wp\/v2\/pages\/583\/revisions\/1792"}],"up":[{"embeddable":true,"href":"https:\/\/seelearningcenter.pt\/pt-pt\/wp-json\/wp\/v2\/pages\/514"}],"wp:featuredmedia":[{"embeddable":true,"href":"https:\/\/seelearningcenter.pt\/pt-pt\/wp-json\/wp\/v2\/media\/232"}],"wp:attachment":[{"href":"https:\/\/seelearningcenter.pt\/pt-pt\/wp-json\/wp\/v2\/media?parent=583"}],"curies":[{"name":"wp","href":"https:\/\/api.w.org\/{rel}","templated":true}]}}