{"id":575,"date":"2010-07-05T01:30:10","date_gmt":"2010-07-05T05:30:10","guid":{"rendered":"http:\/\/seelearningcenter.pt\/"},"modified":"2010-07-05T01:30:10","modified_gmt":"2010-07-05T05:30:10","slug":"academia-de-futebol","status":"publish","type":"page","link":"https:\/\/seelearningcenter.pt\/pt-pt\/study-abroad-2\/academia-de-futebol\/","title":{"rendered":"Academia de Futebol"},"content":{"rendered":"<p><strong>Bem-vindo \u00e0 Academia de Futebol da See    Learning Center! <\/strong><\/p>\n<p>A Academia de Futebol destina-se a   todos os  jogadores, tanto individuais como equipas, que queiram desenvolver os    seus conhecimentos de ingl\u00eas e as suas capacidades futebol\u00edsticas numa  arena   internacional com jovens jogadores de todo o Mundo, imergidos na  terra do   Futebol.<\/p>\n<p>\u00c9 dada relev\u00e2ncia ao jogo  Ingl\u00eas e ao estudo do Ingl\u00eas, ao mesmo tempo que os   alunos desfrutam  dos benef\u00edcios de 15 horas de aulas de Ingl\u00eas por semana.<\/p>\n<table border=\"0\" cellspacing=\"0\" cellpadding=\"0\" width=\"100%\">\n<tbody>\n<tr>\n<td width=\"33%\" valign=\"top\"><img loading=\"lazy\" decoding=\"async\" src=\"http:\/\/www.seelearningcenter.pt\/images\/img_football.jpg\" alt=\"\" width=\"350\" height=\"210\" \/><\/td>\n<td width=\"1%\"><img loading=\"lazy\" decoding=\"async\" src=\"http:\/\/www.seelearningcenter.pt\/images\/transp.gif\" alt=\"\" width=\"15\" height=\"1\" \/><\/td>\n<td width=\"66%\"><strong>Cada  Academia tem excelentes facilidades   para a pr\u00e1tica do Futebol e uma  variedade adicional de facilidades para a   pr\u00e1tica de desportos e  outras actividades recreativas adicionais, de modo a   complementar o  programa de treino intensivo. <\/strong><\/td>\n<\/tr>\n<\/tbody>\n<\/table>\n<p>Estas   facilidades incluem  Cortes de T\u00e9nis e Pavilh\u00e3o de Desportos.<\/p>\n<p>A acomoda\u00e7\u00e3o e alimenta\u00e7\u00e3o  s\u00e3o providenciadas pela pr\u00f3pria Academia.<\/p>\n<p>Para os treinadores  estrangeiros que trazem uma equipa de jovens jogadores h\u00e1   a  oportunidade de observar t\u00e9cnicas de treino e trocar ideias com  treinadores   AFA.<\/p>\n<table border=\"0\" cellspacing=\"0\" cellpadding=\"0\" width=\"100%\">\n<tbody>\n<tr>\n<td width=\"33%\" valign=\"top\"><strong><img loading=\"lazy\" decoding=\"async\" src=\"http:\/\/www.seelearningcenter.pt\/images\/academia_futebol.gif\" alt=\"\" width=\"350\" height=\"210\" align=\"right\" \/><\/strong><\/td>\n<td width=\"1%\"><img loading=\"lazy\" decoding=\"async\" src=\"http:\/\/www.seelearningcenter.pt\/images\/transp.gif\" alt=\"\" width=\"15\" height=\"1\" \/><\/td>\n<td width=\"66%\"><strong>Ficheiro  da Academia:<\/strong><\/p>\n<p>\u2022\u00a0 Idade: 8-17;<br \/>\n\u2022\u00a0 15 horas de aulas de Ingl\u00eas por  semana, leccionadas por professors nativos;<br \/>\n\u2022\u00a0 Treino de Futebol dado por  Treinadores qualificados;<br \/>\n\u2022\u00a0 M\u00e9todos de treino incluem: circuitos  t\u00e9cnicos, treino de guarda-redes,   fintas, toques e cantos, e fair  play;<br \/>\n\u2022\u00a0 Sess\u00f5es de treino s\u00e3o interceptadas  com jogos, testes t\u00e9cnicos e resumos   para completar um curso  interactivo e din\u00e2mico;<br \/>\n\u2022\u00a0 Actividades recreativas e visitas:  Reading Football Club, Est\u00e1dio Madejski   e o seu magn\u00edfico campo de  treino interior com relva; artificial, visita a   Londres (casa do  Chelsea, Arsenal e Tottenham Hotspur).<\/td>\n<\/tr>\n<\/tbody>\n<\/table>\n<table border=\"0\" cellspacing=\"0\" cellpadding=\"0\" width=\"100%\">\n<tbody>\n<tr>\n<td width=\"33%\" valign=\"top\"><img loading=\"lazy\" decoding=\"async\" src=\"http:\/\/www.seelearningcenter.pt\/images\/img_academia..jpg\" alt=\"\" width=\"350\" height=\"210\" \/><\/td>\n<td width=\"1%\"><img loading=\"lazy\" decoding=\"async\" src=\"http:\/\/www.seelearningcenter.pt\/images\/transp.gif\" alt=\"\" width=\"15\" height=\"1\" \/><\/td>\n<td width=\"66%\">\u2022  Oportunidade de ver um jogo da Premiership ou da   Primeira Divis\u00e3o  (perante pagamento de um suplemento);<br \/>\n\u2022\u00a0 Actividades nocturnas;<br \/>\n\u2022\u00a0 Cortes de T\u00e9nis;<br \/>\n\u2022\u00a0 Pavilh\u00e3o de Desportos;<br \/>\n\u2022\u00a0 Piscina;<br \/>\n\u2022\u00a0 Campos de jogos extensivos;<br \/>\n\u2022\u00a0 Acomoda\u00e7\u00e3o em pens\u00e3o completa em Col\u00e9gio  Ingl\u00eas: Col\u00e9gio; Teikyo, Bearwood   ou Berkshire.<\/td>\n<\/tr>\n<\/tbody>\n<\/table>\n","protected":false},"excerpt":{"rendered":"<p>Bem-vindo \u00e0 Academia de Futebol da See Learning Center! A Academia de Futebol destina-se a todos os jogadores, tanto individuais como equipas, que queiram desenvolver os seus conhecimentos de ingl\u00eas e as suas capacidades futebol\u00edsticas numa arena internacional com jovens jogadores de todo o Mundo, imergidos na terra do Futebol. \u00c9 dada relev\u00e2ncia ao jogo [&hellip;]<\/p>\n","protected":false},"author":2,"featured_media":221,"parent":500,"menu_order":24,"comment_status":"open","ping_status":"closed","template":"","meta":{"footnotes":"","_links_to":"","_links_to_target":""},"_links":{"self":[{"href":"https:\/\/seelearningcenter.pt\/pt-pt\/wp-json\/wp\/v2\/pages\/575"}],"collection":[{"href":"https:\/\/seelearningcenter.pt\/pt-pt\/wp-json\/wp\/v2\/pages"}],"about":[{"href":"https:\/\/seelearningcenter.pt\/pt-pt\/wp-json\/wp\/v2\/types\/page"}],"author":[{"embeddable":true,"href":"https:\/\/seelearningcenter.pt\/pt-pt\/wp-json\/wp\/v2\/users\/2"}],"replies":[{"embeddable":true,"href":"https:\/\/seelearningcenter.pt\/pt-pt\/wp-json\/wp\/v2\/comments?post=575"}],"version-history":[{"count":2,"href":"https:\/\/seelearningcenter.pt\/pt-pt\/wp-json\/wp\/v2\/pages\/575\/revisions"}],"predecessor-version":[{"id":577,"href":"https:\/\/seelearningcenter.pt\/pt-pt\/wp-json\/wp\/v2\/pages\/575\/revisions\/577"}],"up":[{"embeddable":true,"href":"https:\/\/seelearningcenter.pt\/pt-pt\/wp-json\/wp\/v2\/pages\/500"}],"wp:featuredmedia":[{"embeddable":true,"href":"https:\/\/seelearningcenter.pt\/pt-pt\/wp-json\/wp\/v2\/media\/221"}],"wp:attachment":[{"href":"https:\/\/seelearningcenter.pt\/pt-pt\/wp-json\/wp\/v2\/media?parent=575"}],"curies":[{"name":"wp","href":"https:\/\/api.w.org\/{rel}","templated":true}]}}