{"id":573,"date":"2010-07-05T01:29:06","date_gmt":"2010-07-05T05:29:06","guid":{"rendered":"http:\/\/seelearningcenter.pt\/"},"modified":"2010-07-05T01:29:06","modified_gmt":"2010-07-05T05:29:06","slug":"ski-e-snowboard","status":"publish","type":"page","link":"https:\/\/seelearningcenter.pt\/pt-pt\/study-abroad-2\/ski-e-snowboard\/","title":{"rendered":"Ski e Snowboard"},"content":{"rendered":"<p class=\"destaques\"><strong>Se quer fazer o melhor do seu Inverno, n\u00e3o  pode   perder a oportunidade de ir esquiar ou fazer snowboard!<\/strong><\/p>\n<p class=\"texto_normal\">A See Learning Center  oferece-lhe a aten\u00e7\u00e3o individual e acomoda\u00e7\u00e3o e   instru\u00e7\u00e3o de  qualidade. Os nossos programas s\u00e3o ideais para escolas e   grupos.<\/p>\n<p class=\"texto_normal\"><img loading=\"lazy\" decoding=\"async\" src=\"http:\/\/www.seelearningcenter.pt\/images\/img_skiing.jpg\" alt=\"\" width=\"434\" height=\"283\" \/><\/p>\n<p class=\"texto_normal\">O equipamento de ski e  snowboard providenciado \u00e9 moderno e de alta qualidade,   e licenciado  pelos fornecedores locais do <em>resort <\/em>. O seguro para   acidentes  e perda de equipamento \u00e9 coberto pela seguradora de viagem inclu\u00edda no    pre\u00e7o dos tours.<\/p>\n<p class=\"destaques\">A instru\u00e7\u00e3o por peritos torna o  ski e o snowboard mais divertidos e seguros.<\/p>\n<p class=\"texto_normal\">Poder\u00e1 escolher entre 3 n\u00edveis  de instru\u00e7\u00e3o: 6 x 2 horas por dia; 6 x 4 horas   por dia ou 6 x 6 horas  por dia (totalmente supervisionadas). O ski totalmente   supervisionado  inclu\u00ed 5 horas de aulas estruturadas e pr\u00e1tica com o Instrutor.   As  aulas de Ski t\u00eam em media 12 esquiadores.<\/p>\n<p class=\"destaques\">Os cursos de <em>Snowboard <\/em>t\u00eam  6 x 4 horas de instru\u00e7\u00e3o.<\/p>\n<p class=\"texto_normal\">Tamb\u00e9m lhe damos a  oportunidade de provar o snowboard passando o seu \u00faltimo   dia no  snowboard. O n\u00famero de horas de instru\u00e7\u00e3o e de alunos por aula ser\u00e3o os    mesmos do ski.<\/p>\n<p class=\"texto_normal\">O regime \u00e9 de meia-pens\u00e3o,  para lhe dar a oportunidade de provar as   deliciosas variedades  dispon\u00edveis no restaurante da montanha. No entanto,   almo\u00e7os volantes  podem ser pr\u00e9-marcados como suplemento.<\/p>\n<table border=\"0\" cellspacing=\"0\" cellpadding=\"0\" width=\"100%\">\n<tbody>\n<tr>\n<td width=\"36%\"><span class=\"texto_normal\"><img loading=\"lazy\" decoding=\"async\" src=\"http:\/\/www.seelearningcenter.pt\/images\/img_skiing2.jpg\" alt=\"\" width=\"250\" height=\"375\" \/><\/span><\/td>\n<td width=\"2%\"><img loading=\"lazy\" decoding=\"async\" src=\"http:\/\/www.seelearningcenter.pt\/images\/transp.gif\" alt=\"\" width=\"15\" height=\"1\" \/><\/td>\n<td width=\"62%\">\n<p class=\"texto_normal\"><strong>Estar\u00e1  dispon\u00edvel um programa de actividades   nocturnas. Estas actividades  incluem patinagem no gelo, bowling, nata\u00e7\u00e3o,   discoteca, excur\u00e7\u00f5es,  etc.<\/strong><\/p>\n<p class=\"destaques\"><strong>Poder\u00e1 escolher  entre uma grande variedade de <em>resorts <\/em>: <\/strong><\/p>\n<p class=\"texto_normal\">\u2022\u00a0 <strong>A\u00fastria <\/strong>:  Bad Kleinkirchheim (1025-2055m), Fiss-Ladis and   Serfaus (1200-2684m),  Stubai Valley (980-3215m), St. Michael (1075-2400m),   Turracher H\u00f6he  (1400-2205m), Warth-Schr\u00f6cken (1270-2050m)<\/p>\n<p class=\"texto_normal\">\u2022\u00a0 <strong>It\u00e1lia <\/strong>:  Abetone (1400-1940m), Cavalese (1000-2250m),   Falcade (1150-2550m),  Folgaria (1200-2007m), Marilleva-Folgarida (900-2179m),   Passo Tonale  (1260-3016m)<\/p>\n<p class=\"texto_normal\">\u2022\u00a0 <strong>Espanha <\/strong>:  Boi Taull (2020-2750m)<\/p>\n<p class=\"texto_normal\">\u2022\u00a0 <strong>Su\u00ed\u00e7a <\/strong>:  Chateau d&#8217;Oex (970-2970m)<\/p>\n<\/td>\n<\/tr>\n<\/tbody>\n<\/table>\n<div id=\"_mcePaste\" style=\"position: absolute; left: -10000px; top: 0px; width: 1px; height: 1px; overflow: hidden;\">Ski e Snowboard<\/div>\n","protected":false},"excerpt":{"rendered":"<p>Se quer fazer o melhor do seu Inverno, n\u00e3o pode perder a oportunidade de ir esquiar ou fazer snowboard! A See Learning Center oferece-lhe a aten\u00e7\u00e3o individual e acomoda\u00e7\u00e3o e instru\u00e7\u00e3o de qualidade. Os nossos programas s\u00e3o ideais para escolas e grupos. O equipamento de ski e snowboard providenciado \u00e9 moderno e de alta qualidade, [&hellip;]<\/p>\n","protected":false},"author":2,"featured_media":219,"parent":500,"menu_order":22,"comment_status":"open","ping_status":"closed","template":"","meta":{"footnotes":"","_links_to":"","_links_to_target":""},"_links":{"self":[{"href":"https:\/\/seelearningcenter.pt\/pt-pt\/wp-json\/wp\/v2\/pages\/573"}],"collection":[{"href":"https:\/\/seelearningcenter.pt\/pt-pt\/wp-json\/wp\/v2\/pages"}],"about":[{"href":"https:\/\/seelearningcenter.pt\/pt-pt\/wp-json\/wp\/v2\/types\/page"}],"author":[{"embeddable":true,"href":"https:\/\/seelearningcenter.pt\/pt-pt\/wp-json\/wp\/v2\/users\/2"}],"replies":[{"embeddable":true,"href":"https:\/\/seelearningcenter.pt\/pt-pt\/wp-json\/wp\/v2\/comments?post=573"}],"version-history":[{"count":1,"href":"https:\/\/seelearningcenter.pt\/pt-pt\/wp-json\/wp\/v2\/pages\/573\/revisions"}],"predecessor-version":[{"id":574,"href":"https:\/\/seelearningcenter.pt\/pt-pt\/wp-json\/wp\/v2\/pages\/573\/revisions\/574"}],"up":[{"embeddable":true,"href":"https:\/\/seelearningcenter.pt\/pt-pt\/wp-json\/wp\/v2\/pages\/500"}],"wp:featuredmedia":[{"embeddable":true,"href":"https:\/\/seelearningcenter.pt\/pt-pt\/wp-json\/wp\/v2\/media\/219"}],"wp:attachment":[{"href":"https:\/\/seelearningcenter.pt\/pt-pt\/wp-json\/wp\/v2\/media?parent=573"}],"curies":[{"name":"wp","href":"https:\/\/api.w.org\/{rel}","templated":true}]}}