{"id":569,"date":"2010-07-05T01:26:45","date_gmt":"2010-07-05T05:26:45","guid":{"rendered":"http:\/\/seelearningcenter.pt\/"},"modified":"2010-07-05T01:26:45","modified_gmt":"2010-07-05T05:26:45","slug":"programas-au-pair","status":"publish","type":"page","link":"https:\/\/seelearningcenter.pt\/pt-pt\/study-abroad-2\/programas-au-pair\/","title":{"rendered":"Programas Au Pair"},"content":{"rendered":"<p><strong>Os programas Au Pair s\u00e3o uma escolha muito    popular para raparigas (jovens adultas). \u00c8 uma excelente oportunidade  para   conhecer culturas, costumes e pessoas, vivendo no   estrangeiro.<\/strong><\/p>\n<p><strong><img loading=\"lazy\" decoding=\"async\" src=\"http:\/\/www.seelearningcenter.pt\/images\/au_pair1.jpg\" alt=\"\" width=\"280\" height=\"179\" \/><br \/>\n<\/strong><br \/>\nProgramas <em>Au Pair <\/em>consistem em viver  durante um per\u00edodo numa fam\u00edlia de   acolhimento inglesa ou americana,  cuidando das crian\u00e7as da fam\u00edlia e   frequentando aulas de ingl\u00eas, para  desenvolver ou aperfei\u00e7oar os conhecimentos   da l\u00edngua inglesa.<\/p>\n<p><em>Au Pairs <\/em>s\u00e3o jovens entre os 18 e os 26 que    adoram crian\u00e7as. As Au Pairs tomam conta das crian\u00e7as enquanto os  seus pais v\u00e3o   trabalhar ou ajudam com o trabalho de casa da fam\u00edlia.<\/p>\n<p><img loading=\"lazy\" decoding=\"async\" src=\"http:\/\/www.seelearningcenter.pt\/images\/au_pair2.jpg\" alt=\"\" width=\"280\" height=\"234\" \/><\/p>\n<p>As fam\u00edlias   s\u00e3o cuidadosamente seleccionadas e  experientes. Uma pessoa dos nossos   escrit\u00f3rios estar\u00e1 permanentemente  em contacto com a Au Pair e com a fam\u00edlia de   acolhimento de modo a  assegurar uma estadia agrad\u00e1vel.<\/p>\n<p>Estadia <em>Au   Pair <\/em>: 6 meses (m\u00ednimo) a 1  ano.<\/p>\n<p>Nos meses de Ver\u00e3o: 8 a 12 semanas   (aceit\u00e1vel).<\/p>\n<p><strong>Se est\u00e1 \u00e0 procura de um  programa <em>Au Pair <\/em>com sucesso e personalizado, contacte-nos! <\/strong><\/p>\n","protected":false},"excerpt":{"rendered":"<p>Os programas Au Pair s\u00e3o uma escolha muito popular para raparigas (jovens adultas). \u00c8 uma excelente oportunidade para conhecer culturas, costumes e pessoas, vivendo no estrangeiro. Programas Au Pair consistem em viver durante um per\u00edodo numa fam\u00edlia de acolhimento inglesa ou americana, cuidando das crian\u00e7as da fam\u00edlia e frequentando aulas de ingl\u00eas, para desenvolver ou [&hellip;]<\/p>\n","protected":false},"author":2,"featured_media":2980,"parent":500,"menu_order":18,"comment_status":"open","ping_status":"closed","template":"","meta":{"footnotes":"","_links_to":"","_links_to_target":""},"_links":{"self":[{"href":"https:\/\/seelearningcenter.pt\/pt-pt\/wp-json\/wp\/v2\/pages\/569"}],"collection":[{"href":"https:\/\/seelearningcenter.pt\/pt-pt\/wp-json\/wp\/v2\/pages"}],"about":[{"href":"https:\/\/seelearningcenter.pt\/pt-pt\/wp-json\/wp\/v2\/types\/page"}],"author":[{"embeddable":true,"href":"https:\/\/seelearningcenter.pt\/pt-pt\/wp-json\/wp\/v2\/users\/2"}],"replies":[{"embeddable":true,"href":"https:\/\/seelearningcenter.pt\/pt-pt\/wp-json\/wp\/v2\/comments?post=569"}],"version-history":[{"count":1,"href":"https:\/\/seelearningcenter.pt\/pt-pt\/wp-json\/wp\/v2\/pages\/569\/revisions"}],"predecessor-version":[{"id":570,"href":"https:\/\/seelearningcenter.pt\/pt-pt\/wp-json\/wp\/v2\/pages\/569\/revisions\/570"}],"up":[{"embeddable":true,"href":"https:\/\/seelearningcenter.pt\/pt-pt\/wp-json\/wp\/v2\/pages\/500"}],"wp:featuredmedia":[{"embeddable":true,"href":"https:\/\/seelearningcenter.pt\/pt-pt\/wp-json\/wp\/v2\/media\/2980"}],"wp:attachment":[{"href":"https:\/\/seelearningcenter.pt\/pt-pt\/wp-json\/wp\/v2\/media?parent=569"}],"curies":[{"name":"wp","href":"https:\/\/api.w.org\/{rel}","templated":true}]}}