{"id":567,"date":"2010-07-05T01:25:23","date_gmt":"2010-07-05T05:25:23","guid":{"rendered":"http:\/\/seelearningcenter.pt\/"},"modified":"2015-03-13T19:00:50","modified_gmt":"2015-03-13T23:00:50","slug":"curso-pre-mestrado","status":"publish","type":"page","link":"https:\/\/seelearningcenter.pt\/pt-pt\/study-abroad-2\/curso-pre-mestrado\/","title":{"rendered":"The University Team"},"content":{"rendered":"<p lang=\"en-US\" align=\"justify\">\n<p lang=\"en-US\" align=\"justify\"><img loading=\"lazy\" decoding=\"async\" class=\"aligncenter size-full wp-image-3886\" src=\"http:\/\/seelearningcenter.pt\/wp-content\/uploads\/2010\/06\/study-abroad-big1.jpg\" alt=\"study-abroad-big\" width=\"690\" height=\"268\" srcset=\"https:\/\/seelearningcenter.pt\/wp-content\/uploads\/2010\/06\/study-abroad-big1.jpg 690w, https:\/\/seelearningcenter.pt\/wp-content\/uploads\/2010\/06\/study-abroad-big1-300x117.jpg 300w\" sizes=\"(max-width: 690px) 100vw, 690px\" \/><\/p>\n<p lang=\"en-US\" align=\"justify\"><span style=\"line-height: 1.5em;\">Londres * Birmingham * Staffordshire * Colchester * Oxford * Cambridge<\/span><\/p>\n<p lang=\"en-US\" align=\"justify\">Propinas financiadas a 100% para estudar no Reino Unido<\/p>\n<p lang=\"en-US\" align=\"justify\"><strong>Os primeiros passos<\/strong><\/p>\n<ol>\n<li>\n<p lang=\"en-US\" align=\"justify\">Contacte a SEE e conte-nos os seus objectivos em rela\u00e7\u00e3o a um percurso Universitario<\/p>\n<\/li>\n<li>\n<p lang=\"en-US\" align=\"justify\">Escolha a sua Universidade<\/p>\n<\/li>\n<li>\n<p lang=\"en-US\" align=\"justify\">Complete o formulario de inscri\u00e7\u00e3o<\/p>\n<\/li>\n<li>\n<p lang=\"en-US\" align=\"justify\">Realize o seu exame IELTS<\/p>\n<\/li>\n<li>\n<p lang=\"en-US\" align=\"justify\">E pronto! A Universidade esta \u00e0 sua espera!<\/p>\n<\/li>\n<\/ol>\n<p lang=\"en-US\" align=\"justify\"><strong>Factos-Chave<\/strong><\/p>\n<p lang=\"pt-PT\" align=\"justify\">\u00a0O PRINCIPIO<\/p>\n<p lang=\"en-US\" align=\"justify\">Cidades Universitarias no Reino Unido de Prestigio: Londres, Oxford, Cambridge, Colchester, Birmingham\u2026<\/p>\n<p lang=\"en-US\" align=\"justify\">Grande numero de cursos nas melhores Universidades do Reino Unido:<\/p>\n<p lang=\"en-US\" align=\"justify\">&#8211; <a href=\"https:\/\/www.brookes.ac.uk\/\">Oxford Brookes University<\/a><\/p>\n<p lang=\"en-US\" align=\"justify\">&#8211; <a href=\"http:\/\/www.anglia.ac.uk\/\">Anglia Ruskin University in Cambridge<\/a><\/p>\n<p lang=\"en-US\" align=\"justify\">&#8211; <a href=\"http:\/\/www.londonmet.ac.uk\/\">London Metropolitan University<\/a><\/p>\n<p lang=\"en-US\" align=\"justify\"><a name=\"_GoBack\"><\/a> &#8211; <a href=\"http:\/\/www.mdx.ac.uk\/\">Middlesex University London<\/a><\/p>\n<p lang=\"en-US\" align=\"justify\">&#8211; <a href=\"http:\/\/www.uwl.ac.uk\/\">West London University<\/a><\/p>\n<p lang=\"en-US\" align=\"justify\">&#8211; <a href=\"http:\/\/www.bcu.ac.uk\/\">Birmingham City University<\/a><\/p>\n<p lang=\"en-US\" align=\"justify\">&#8211; <a href=\"http:\/\/www.essex.ac.uk\/about\/campuses\/colchester\/\">Essex University in Colchester<\/a><\/p>\n<p lang=\"en-US\" align=\"justify\">&#8211; <a href=\"http:\/\/www.keele.ac.uk\/\">Keele University in Staffordshire<\/a><\/p>\n<p lang=\"en-US\" align=\"justify\">&#8211; &#8230;<\/p>\n<p lang=\"en-US\" align=\"justify\"><strong>REQUERIMENTOS<\/strong><\/p>\n<ul>\n<li>\n<p lang=\"en-US\" align=\"justify\">Certificado de Ensino Secundario<\/p>\n<\/li>\n<li>\n<p lang=\"en-US\" align=\"justify\">Exame IELTS (Precisa de ajuda para preparar o seu IELTS? CLIQUE AQUI! Link para prepara\u00e7\u00e3o de Exames de Ingles SEE)<\/p>\n<\/li>\n<\/ul>\n<p lang=\"en-US\" align=\"justify\"><strong>ACOMODA\u00e7\u00c3O<\/strong><\/p>\n<ul>\n<li>\n<p lang=\"en-US\" align=\"justify\">Dormitorios da Universidade<\/p>\n<\/li>\n<li>\n<p lang=\"en-US\" align=\"justify\">Apartamentos partilhados<\/p>\n<\/li>\n<\/ul>\n<p lang=\"en-US\" align=\"justify\"><strong>EMPREGO<\/strong><\/p>\n<p lang=\"en-US\" align=\"justify\">Mais de 90% dos nossos alunos encontra um emprego em part-time e nos recomendamo-lo vivamente, se o aluno tem essa motiva\u00e7\u00e3o! O emprego ajuda-lo-a tanto economica como socialmente. A sua Universidade tera centros de emprego para o aconselhar.<\/p>\n<p lang=\"en-US\" align=\"justify\"><strong>GASTOS<\/strong><\/p>\n<p lang=\"en-US\" align=\"justify\">A comida e a acomoda\u00e7\u00e3o ser\u00e3o os seus gastos basicos. O seu curso e materiais necessarios ser\u00e3o fornecidos pela Universidade. Deve considerar, ainda, possiveis despesas extra e o tempo livre.<\/p>\n<p lang=\"en-US\" align=\"justify\"><strong>OS RESULTADOS<\/strong><\/p>\n<p lang=\"en-US\" align=\"justify\">O seu Ingl\u00eas: Espere voltar a casa a falar Ingl\u00eas fluentemente. A integra\u00e7\u00e3o num pais estrangeiro \u00e9 realmente a melhor maneira de aprender a lingua nativa desse pais.<\/p>\n<p lang=\"en-US\" align=\"justify\">A sua Educa\u00e7\u00e3o: Investira tr\u00eas anos n\u00e3o so em completar um curso universitario, mas tamb\u00e9m em trabalhar profissionalmente num pais estrangeiro. A sua educa\u00e7\u00e3o melhorara notavelmente!<\/p>\n<p lang=\"en-US\" align=\"justify\">O seu futuro: E a seguir? Continue a viajar com os seus novos amigos, comece a trabalhar em Portugal ou trabalhe num pais diferente, consiga o emprego dos seus sonhos&#8230; No final da sua educa\u00e7\u00e3o no Reino Unido, tera percorrido o caminho necessario para ter uma educa\u00e7\u00e3o solida e reconhecida internacionalmente, e tera, ent\u00e3o, todos os utensilios para atingir o sucesso!<\/p>\n<p lang=\"en-US\" align=\"justify\"><strong>SEE LEARNING CENTER<\/strong><\/p>\n<p lang=\"en-US\" align=\"justify\">A qualidade em que pode confiar: SEE Learning Center \u00e9 uma companhia reconhecida e acreditada a nivel internacional.<\/p>\n<p lang=\"en-US\" align=\"justify\">Tarifas: As nossas tarifas cobrem toda a documenta\u00e7\u00e3o, fee covers all documentation, aconselhamento e processo.<\/p>\n<p lang=\"en-US\" align=\"justify\">Extras: A SEE tera todo o prazer em ajuda-lo a encontrar acomoda\u00e7\u00e3o, comunicar com a Universidade e p\u00f4-lo em contacto com outros alunos SEE na mesma Universidade\/ cidade.<\/p>\n<p lang=\"en-US\" align=\"justify\">Porque estudar connosco?<\/p>\n<ul>\n<li>\n<p lang=\"en-US\" align=\"justify\">Escolha uma Universidade entre as melhores Universidades do Reino Unido, com um grande numero de Cursos que se adaptam aos seus objectivos.<\/p>\n<\/li>\n<li>\n<p lang=\"en-US\" align=\"justify\">Os Cursos s\u00e3o financiados a 100%pelo Governo Brit\u00e2nico. Esta \u00e9 uma oportunidade unica!<\/p>\n<\/li>\n<li>\n<p lang=\"en-US\" align=\"justify\">O seu esfor\u00e7o e resultados ser\u00e3o reconhecidos internacionalmente e a sua experi\u00eancia transferivel a outros paises.<\/p>\n<\/li>\n<li>\n<p lang=\"en-US\" align=\"justify\">Tera a oportunidade de ter uma Licenciatura de uma das melhores Universidades Brit\u00e2nicas e tr\u00eas anos de experi\u00eancia profissional.<\/p>\n<\/li>\n<li>\n<p lang=\"en-US\" align=\"justify\">Podera encontrar um emprego recompensador, que ajudara \u00e0 sua integra\u00e7\u00e3o, aprendizagem da lingua e experi\u00eancia, assim como tera beneficios enconomicos.<\/p>\n<\/li>\n<li>\n<p lang=\"en-US\" align=\"justify\">Tera uma qualifica\u00e7\u00e3o unica, tr\u00eas anos numa Universidade de prestigio e uma posi\u00e7\u00e3o solida no mercado de trabalho.<\/p>\n<\/li>\n<li>\n<p lang=\"en-US\" align=\"justify\">Tera n\u00e3o so a oportunidade de aprender Ingl\u00eas a um nivel fluente, mas tamb\u00e9m de conhecer diversas pessoas e culturas.<\/p>\n<\/li>\n<li>\n<p lang=\"en-US\" align=\"justify\">Ao final de tr\u00eas anos, sera uma pesssoa diferente, mais madura, realizada e auto-suficiente.<\/p>\n<\/li>\n<\/ul>\n<p lang=\"en-US\" align=\"justify\">FAQ: A resposta a todas as suas perguntas<\/p>\n<p lang=\"en-US\" align=\"justify\"><strong>O meu exame IELTS?<\/strong><\/p>\n<p lang=\"en-US\" align=\"justify\">Pode inscrever-se connosco antes de realizar o seu exame IELTS. \u00c9 importante, no entanto, realizar o exame o mais rapido possivel e obter a melhor nota possivel para a sua admiss\u00e3o na Universidade Brit\u00e2nica pretendida. A SEE Learning Center oferece Cursos de Prepara\u00e7\u00e3o para o IELTS, em Portugal e no estrangeiro (LINK para Prepara\u00e7\u00e3o para Exames SEE).<\/p>\n<p lang=\"en-US\" align=\"justify\"><strong>O meu Curso?<\/strong><\/p>\n<p lang=\"en-US\" align=\"justify\">Se ttem mais de 18 anos e completou o 12<sup>o<\/sup> ano de escolaridade, existe uma grande diversidade de cursos a que pode concorrer. Recomendamos concorrer a um curso que lhe agradara e com o qual se identificara, uma vez que isso o ajudara na aprendizagem do Ingl\u00eas e tornara o sua aprendizagem agradavel. Para aqueles que t\u00eam menos de 18 anos e ainda n\u00e3o completaram o 12<sup>o<\/sup> ano de escolaridade, oferecemos um Curso de Prepara\u00e7\u00e3o ou de Acesso \u00e0 Universidade, em Portugal ou no estrangeiro (SEEFoundation Course LINK).<\/p>\n<p lang=\"en-US\" align=\"justify\">A minha carta condicional ou incondicional?<\/p>\n<p lang=\"en-US\" align=\"justify\">Uma carta condicional \u00e9 um convite a estudar na Universidade pretendida na condi\u00e7\u00e3o de preencher certos requisitos at\u00e9 \u00e0 data de admiss\u00e3o. Uma carta incondicional \u00e9 uma garantia de entrada na Universidade de elei\u00e7\u00e3o.<\/p>\n<p lang=\"en-US\" align=\"justify\">Documentos?<\/p>\n<p lang=\"en-US\" align=\"justify\">Para estudar numa Universidade no Reino Unido necessitara:<\/p>\n<ul>\n<li>\n<p lang=\"en-US\" align=\"justify\">Certificado do Ensino Secundario ou notas do ano anterior, se esta a concorrer antes de terminar o Ensino Secundario<\/p>\n<\/li>\n<li>\n<p lang=\"en-US\" align=\"justify\">Nota do exame IELTS (a sua Universidade de elei\u00e7\u00e3o podera requerer uma determinada nota)<\/p>\n<\/li>\n<li>\n<p lang=\"en-US\" align=\"justify\">Carta de Recomenda\u00e7\u00e3o escrita por um professor que o ensinou durante pelo menos um ano; uma vez que a vers\u00e3o final version deve ser em Ingl\u00eas, a SEE Learning Center podera traduzi-la para si, se necessario. (LINK TO TRANSLATIONS IN SEE LEARNING CENTER)<\/p>\n<\/li>\n<li>\n<p lang=\"en-US\" align=\"justify\">Passporte valido<\/p>\n<\/li>\n<li>\n<p lang=\"en-US\" align=\"justify\">Declara\u00e7\u00e3o pessoal em Ingl\u00eas<\/p>\n<\/li>\n<li>\n<p lang=\"en-US\" align=\"justify\">Devera come\u00e7ar o seu processo de concurso \u00e0 Universidade 6 a 12 meses antes do final do ano lectivo anterior<\/p>\n<\/li>\n<\/ul>\n<p lang=\"en-US\" align=\"justify\">Os meus estudos actuais?<\/p>\n<p lang=\"en-US\" align=\"justify\">Se esta a estudar em Portugal, aconselhamos a n\u00e3o cancelar o seu curso at\u00e9 receber a confirma\u00e7\u00e3o de aceita\u00e7\u00e3o por parte da Universidade pretendida. Se pretende continuar o curso de Portugal no Reino Unido, atrav\u00e9s de transfer\u00eancia da matricula, existem duas op\u00e7\u00f5es disponiveis:<\/p>\n<ul>\n<li>\n<p lang=\"en-US\" align=\"justify\">A Univerisdade portuguesa encontrar-lhe-a um curso equivalente no Reino Unido para o transferir;<\/p>\n<\/li>\n<li>\n<p lang=\"en-US\" align=\"justify\">ou, recome\u00e7ara a partir do primeiro ano no Reino Unido.<\/p>\n<\/li>\n<\/ul>\n<p lang=\"en-US\" align=\"justify\">Por favor, tenha em conta que neste caso o Governo Ingl\u00eas n\u00e3o financiara o curso integralmente, mas apenas a partir do ano frequentado no Reino Unido.<\/p>\n<p lang=\"en-US\" align=\"justify\">Tornar a minha estadia confortavel?<\/p>\n<p lang=\"en-US\" align=\"justify\">Podemos ajud\u00e1-lo a encontrar alojamento atrav\u00e9s de agentes imobili\u00e1rios no Reino Unido, entrando em contato com as universidades ou com os alunos anteriores. As Universidades oferecem dormit\u00f3rios no primeiro ano e podem ajud\u00e1-lo a encontrar uma casa no ano seguinte.<\/p>\n<p lang=\"en-US\" align=\"justify\">Recomendamos que, se poss\u00edvel, chegue ao Reino Unido dois meses antes do in\u00edcio do curso. Isso ajuda-lo-\u00e1 a estabelecer-se e encontrar um emprego. As universidades oferecem acesso gratuito \u00e0 Internet e uso de computador, bem como diversos caf\u00e9s de internet p\u00fablicos. Manter-se em contato com a sua fam\u00edlia \u00e9 importante, mas permita-se, tamb\u00e9m, tempo para explorar o seu novo ambiente.<\/p>\n<p lang=\"en-US\" align=\"justify\">Emprego vs Estudo?<\/p>\n<p lang=\"en-US\" align=\"justify\">O emprego durante curso \u00e9 t\u00e3o importante quanto o estudo. Deixar a universidade com tr\u00eas anos de experi\u00eancia profissional ir\u00e1 ajud\u00e1-lo a atingir os seus objectivos mais rapido. Alguns alunos demoram mais tempo que outros a encontrar um emprego, por isso, \u00e9 recomend\u00e1vel procurar emprego assim que possivel. Ser\u00e1 mais f\u00e1cil de encaixar o trabalho no seu horario de estudo.<\/p>\n<p lang=\"en-US\" align=\"justify\">Choque cultural?<\/p>\n<p lang=\"en-US\" align=\"justify\">Lembre-se que n\u00e3o \u00e9 o \u00fanico! Est\u00e1 a viver o seu sonho, seja corajoso e acolha o choque cultural. Haver\u00e1 muitos outros estudantes numa situa\u00e7\u00e3o semelhante. A SEE fornecer-lhe-a o contacto de alunos que j\u00e1 estudam na sua universidade, mas \u00e9 muito importante seguir seus pr\u00f3prios interesses e formar novas amizades.<\/p>\n<p lang=\"en-US\" align=\"justify\"><strong>TESTEMUNHO<\/strong><\/p>\n<p lang=\"pt-PT\" align=\"justify\">\u00a0\u201cAcabei de completar o meu curso na London Met, e foi maravilhoso. A Learning Center ajudou-me tanto no inicio&#8230; e depois a minha vida estava lan\u00e7ada! Saber que havia outros alunos a fazer uma coisa semelhante realmente ajudou, e eu n\u00e3o tive problemas em encontrar uma casa e trabalho. Estou t\u00e3o feliz por ter agarrado esta oportunidade, ela mudou a minha vida!\u2019\u2019<\/p>\n<p lang=\"en-US\" align=\"justify\">Maria Harcourt<\/p>\n","protected":false},"excerpt":{"rendered":"<p>Londres * Birmingham * Staffordshire * Colchester * Oxford * Cambridge Propinas financiadas a 100% para estudar no Reino Unido Os primeiros passos Contacte a SEE e conte-nos os seus objectivos em rela\u00e7\u00e3o a um percurso Universitario Escolha a sua Universidade Complete o formulario de inscri\u00e7\u00e3o Realize o seu exame IELTS E pronto! A Universidade [&hellip;]<\/p>\n","protected":false},"author":2,"featured_media":2983,"parent":500,"menu_order":16,"comment_status":"open","ping_status":"closed","template":"","meta":{"footnotes":"","_links_to":"","_links_to_target":""},"_links":{"self":[{"href":"https:\/\/seelearningcenter.pt\/pt-pt\/wp-json\/wp\/v2\/pages\/567"}],"collection":[{"href":"https:\/\/seelearningcenter.pt\/pt-pt\/wp-json\/wp\/v2\/pages"}],"about":[{"href":"https:\/\/seelearningcenter.pt\/pt-pt\/wp-json\/wp\/v2\/types\/page"}],"author":[{"embeddable":true,"href":"https:\/\/seelearningcenter.pt\/pt-pt\/wp-json\/wp\/v2\/users\/2"}],"replies":[{"embeddable":true,"href":"https:\/\/seelearningcenter.pt\/pt-pt\/wp-json\/wp\/v2\/comments?post=567"}],"version-history":[{"count":8,"href":"https:\/\/seelearningcenter.pt\/pt-pt\/wp-json\/wp\/v2\/pages\/567\/revisions"}],"predecessor-version":[{"id":3892,"href":"https:\/\/seelearningcenter.pt\/pt-pt\/wp-json\/wp\/v2\/pages\/567\/revisions\/3892"}],"up":[{"embeddable":true,"href":"https:\/\/seelearningcenter.pt\/pt-pt\/wp-json\/wp\/v2\/pages\/500"}],"wp:featuredmedia":[{"embeddable":true,"href":"https:\/\/seelearningcenter.pt\/pt-pt\/wp-json\/wp\/v2\/media\/2983"}],"wp:attachment":[{"href":"https:\/\/seelearningcenter.pt\/pt-pt\/wp-json\/wp\/v2\/media?parent=567"}],"curies":[{"name":"wp","href":"https:\/\/api.w.org\/{rel}","templated":true}]}}