{"id":565,"date":"2010-07-05T01:24:01","date_gmt":"2010-07-05T05:24:01","guid":{"rendered":"http:\/\/seelearningcenter.pt\/"},"modified":"2010-09-17T23:10:57","modified_gmt":"2010-09-18T03:10:57","slug":"curso-de-preparacao-para-exames","status":"publish","type":"page","link":"https:\/\/seelearningcenter.pt\/pt-pt\/study-abroad-2\/curso-de-preparacao-para-exames\/","title":{"rendered":"Curso de Prepara\u00e7\u00e3o para Exames"},"content":{"rendered":"<p><strong>Estes  cursos fornecem prepara\u00e7\u00e3o especializada para   muitos dos mais  importantes exames da l\u00edngua inglesa\u00a0 (Cambridge ESOL \u2013 FCE, CAE   e  CPE; TOEFL; TOEIC; IELTS).<\/strong><\/p>\n<p><img loading=\"lazy\" decoding=\"async\" src=\"http:\/\/www.seelearningcenter.pt\/images\/examination.jpg\" alt=\"\" width=\"434\" height=\"294\" \/><\/p>\n<p>See  Learning Center tem uma longa experi\u00eancia na   prepara\u00e7\u00e3o de alunos para  os Exames Nacionais (11\u00ba e 12\u00ba ano) e exames   Universit\u00e1rios.<\/p>\n","protected":false},"excerpt":{"rendered":"<p>Estes cursos fornecem prepara\u00e7\u00e3o especializada para muitos dos mais importantes exames da l\u00edngua inglesa\u00a0 (Cambridge ESOL \u2013 FCE, CAE e CPE; TOEFL; TOEIC; IELTS). See Learning Center tem uma longa experi\u00eancia na prepara\u00e7\u00e3o de alunos para os Exames Nacionais (11\u00ba e 12\u00ba ano) e exames Universit\u00e1rios.<\/p>\n","protected":false},"author":2,"featured_media":2982,"parent":500,"menu_order":14,"comment_status":"open","ping_status":"closed","template":"","meta":{"footnotes":"","_links_to":"","_links_to_target":""},"_links":{"self":[{"href":"https:\/\/seelearningcenter.pt\/pt-pt\/wp-json\/wp\/v2\/pages\/565"}],"collection":[{"href":"https:\/\/seelearningcenter.pt\/pt-pt\/wp-json\/wp\/v2\/pages"}],"about":[{"href":"https:\/\/seelearningcenter.pt\/pt-pt\/wp-json\/wp\/v2\/types\/page"}],"author":[{"embeddable":true,"href":"https:\/\/seelearningcenter.pt\/pt-pt\/wp-json\/wp\/v2\/users\/2"}],"replies":[{"embeddable":true,"href":"https:\/\/seelearningcenter.pt\/pt-pt\/wp-json\/wp\/v2\/comments?post=565"}],"version-history":[{"count":2,"href":"https:\/\/seelearningcenter.pt\/pt-pt\/wp-json\/wp\/v2\/pages\/565\/revisions"}],"predecessor-version":[{"id":2100,"href":"https:\/\/seelearningcenter.pt\/pt-pt\/wp-json\/wp\/v2\/pages\/565\/revisions\/2100"}],"up":[{"embeddable":true,"href":"https:\/\/seelearningcenter.pt\/pt-pt\/wp-json\/wp\/v2\/pages\/500"}],"wp:featuredmedia":[{"embeddable":true,"href":"https:\/\/seelearningcenter.pt\/pt-pt\/wp-json\/wp\/v2\/media\/2982"}],"wp:attachment":[{"href":"https:\/\/seelearningcenter.pt\/pt-pt\/wp-json\/wp\/v2\/media?parent=565"}],"curies":[{"name":"wp","href":"https:\/\/api.w.org\/{rel}","templated":true}]}}