{"id":563,"date":"2010-07-05T01:22:20","date_gmt":"2010-07-05T05:22:20","guid":{"rendered":"http:\/\/seelearningcenter.pt\/"},"modified":"2010-10-13T20:51:31","modified_gmt":"2010-10-14T00:51:31","slug":"programas-campos-de-ferias","status":"publish","type":"page","link":"https:\/\/seelearningcenter.pt\/pt-pt\/study-abroad-2\/programas-campos-de-ferias\/","title":{"rendered":"Programas \/ Campos de F\u00e9rias"},"content":{"rendered":"<p>Se gostaria de aprender  Ingl\u00eas aproveitando as suas   f\u00e9rias ou numa visita de estudo escolar, a  See Learning Center tem um vasto   leque de programas ideias.<\/p>\n<p>Eles combinam aulas de l\u00edngua inglesa com um programa    excitante de actividades e excurs\u00f5es.<\/p>\n<table border=\"0\" cellspacing=\"0\" cellpadding=\"0\" width=\"100%\">\n<tbody>\n<tr valign=\"middle\">\n<td><img loading=\"lazy\" decoding=\"async\" class=\"aligncenter size-medium wp-image-2912\" title=\"SEE VACATION PROGRAMMES (2)\" src=\"http:\/\/seelearningcenter.pt\/wp-content\/uploads\/2010\/06\/SEE-VACATION-PROGRAMMES-2-244x300.jpg\" alt=\"\" width=\"244\" height=\"300\" srcset=\"https:\/\/seelearningcenter.pt\/wp-content\/uploads\/2010\/06\/SEE-VACATION-PROGRAMMES-2-244x300.jpg 244w, https:\/\/seelearningcenter.pt\/wp-content\/uploads\/2010\/06\/SEE-VACATION-PROGRAMMES-2-833x1024.jpg 833w, https:\/\/seelearningcenter.pt\/wp-content\/uploads\/2010\/06\/SEE-VACATION-PROGRAMMES-2.jpg 1992w\" sizes=\"(max-width: 244px) 100vw, 244px\" \/><\/td>\n<td><img loading=\"lazy\" decoding=\"async\" class=\"aligncenter size-medium wp-image-2913\" title=\"SEE Vacation Programmes\" src=\"http:\/\/seelearningcenter.pt\/wp-content\/uploads\/2010\/06\/SEE-Vacation-Programmes-300x265.jpg\" alt=\"\" width=\"300\" height=\"265\" srcset=\"https:\/\/seelearningcenter.pt\/wp-content\/uploads\/2010\/06\/SEE-Vacation-Programmes-300x265.jpg 300w, https:\/\/seelearningcenter.pt\/wp-content\/uploads\/2010\/06\/SEE-Vacation-Programmes-1024x905.jpg 1024w, https:\/\/seelearningcenter.pt\/wp-content\/uploads\/2010\/06\/SEE-Vacation-Programmes.jpg 1284w\" sizes=\"(max-width: 300px) 100vw, 300px\" \/><\/td>\n<\/tr>\n<\/tbody>\n<\/table>\n<p><a href=\"\/?page_id=394\"><strong>Veja Col\u00e9gios no Reino   Unido \u00bb<\/strong><\/a><\/p>\n<p style=\"text-align: center;\"><img loading=\"lazy\" decoding=\"async\" class=\"aligncenter size-full wp-image-2911\" title=\"SEE SUMMER COURSE (3)\" src=\"http:\/\/seelearningcenter.pt\/wp-content\/uploads\/2010\/06\/SEE-SUMMER-COURSE-3.jpg\" alt=\"\" width=\"600\" height=\"278\" srcset=\"https:\/\/seelearningcenter.pt\/wp-content\/uploads\/2010\/06\/SEE-SUMMER-COURSE-3.jpg 750w, https:\/\/seelearningcenter.pt\/wp-content\/uploads\/2010\/06\/SEE-SUMMER-COURSE-3-300x138.jpg 300w\" sizes=\"(max-width: 600px) 100vw, 600px\" \/><\/p>\n","protected":false},"excerpt":{"rendered":"<p>Se gostaria de aprender Ingl\u00eas aproveitando as suas f\u00e9rias ou numa visita de estudo escolar, a See Learning Center tem um vasto leque de programas ideias. Eles combinam aulas de l\u00edngua inglesa com um programa excitante de actividades e excurs\u00f5es. Veja Col\u00e9gios no Reino Unido \u00bb<\/p>\n","protected":false},"author":2,"featured_media":2915,"parent":500,"menu_order":12,"comment_status":"open","ping_status":"closed","template":"","meta":{"footnotes":"","_links_to":"","_links_to_target":""},"_links":{"self":[{"href":"https:\/\/seelearningcenter.pt\/pt-pt\/wp-json\/wp\/v2\/pages\/563"}],"collection":[{"href":"https:\/\/seelearningcenter.pt\/pt-pt\/wp-json\/wp\/v2\/pages"}],"about":[{"href":"https:\/\/seelearningcenter.pt\/pt-pt\/wp-json\/wp\/v2\/types\/page"}],"author":[{"embeddable":true,"href":"https:\/\/seelearningcenter.pt\/pt-pt\/wp-json\/wp\/v2\/users\/2"}],"replies":[{"embeddable":true,"href":"https:\/\/seelearningcenter.pt\/pt-pt\/wp-json\/wp\/v2\/comments?post=563"}],"version-history":[{"count":4,"href":"https:\/\/seelearningcenter.pt\/pt-pt\/wp-json\/wp\/v2\/pages\/563\/revisions"}],"predecessor-version":[{"id":1854,"href":"https:\/\/seelearningcenter.pt\/pt-pt\/wp-json\/wp\/v2\/pages\/563\/revisions\/1854"}],"up":[{"embeddable":true,"href":"https:\/\/seelearningcenter.pt\/pt-pt\/wp-json\/wp\/v2\/pages\/500"}],"wp:featuredmedia":[{"embeddable":true,"href":"https:\/\/seelearningcenter.pt\/pt-pt\/wp-json\/wp\/v2\/media\/2915"}],"wp:attachment":[{"href":"https:\/\/seelearningcenter.pt\/pt-pt\/wp-json\/wp\/v2\/media?parent=563"}],"curies":[{"name":"wp","href":"https:\/\/api.w.org\/{rel}","templated":true}]}}