{"id":559,"date":"2010-07-05T01:18:39","date_gmt":"2010-07-05T05:18:39","guid":{"rendered":"http:\/\/seelearningcenter.pt\/"},"modified":"2010-09-29T12:04:20","modified_gmt":"2010-09-29T16:04:20","slug":"cursos-internacionais-para-professores","status":"publish","type":"page","link":"https:\/\/seelearningcenter.pt\/pt-pt\/study-abroad-2\/cursos-internacionais-para-professores\/","title":{"rendered":"Cursos Internacionais para Professores"},"content":{"rendered":"<p><strong><img loading=\"lazy\" decoding=\"async\" class=\"alignright size-full wp-image-2664\" title=\"logo_llp_en\" src=\"http:\/\/seelearningcenter.pt\/wp-content\/uploads\/2010\/06\/logo_llp_en.gif\" alt=\"\" width=\"140\" height=\"61\" srcset=\"https:\/\/seelearningcenter.pt\/wp-content\/uploads\/2010\/06\/logo_llp_en.gif 670w, https:\/\/seelearningcenter.pt\/wp-content\/uploads\/2010\/06\/logo_llp_en-300x133.gif 300w\" sizes=\"(max-width: 140px) 100vw, 140px\" \/>Cursos para Professores  &amp;  Programa de Aprendizagem ao Longo da Vida<\/strong><\/p>\n<table style=\"clear: both; width: 100%;\">\n<tbody>\n<tr>\n<td>See Learning Center oferece, aos professores de l\u00ednguas certificados, a oportunidade de melhorar conceitos e estrat\u00e9gias de ensino, ao participar em um dos nossos Programas de Forma\u00e7\u00e3o para Professores \u2013 Teacher Training. Quer escolha estudar no Reino Unido, Irlanda, Fran\u00e7a, Alemanha, \u00c1ustria, Malta, It\u00e1lia ou Espanha, todos os nossos colaboradores no estrangeiro oferecem cursos de forma\u00e7\u00e3o para professores efectivos e com reputa\u00e7\u00e3o.<\/p>\n<p>Para al\u00e9m de uma grande variedade de locais e l\u00ednguas \u00e0 escolha, a SEE oferece igual diversidade de cursos! A maioria dos cursos tem a dura\u00e7\u00e3o de duas semanas (com \u00ednicio a uma Segunda-feira) e todos recorrem a um grande leque de t\u00e9cnicas para assegurar aos professores a aquisi\u00e7\u00e3o de metodologias educacionais pr\u00e1ticas e inovadoras, a aplicar na sala de aula. A SEE oferece-lhe aconselhamento e apoio efectivos e personalizados em todos os aspectos da forma\u00e7\u00e3o no estrangeiro, incluindo cursos, alojamento, locais, voos e seguro de viagem.<\/td>\n<td><img loading=\"lazy\" decoding=\"async\" class=\"alignright size-medium wp-image-2657\" title=\"SEE TEACHER TRAINING (3)\" src=\"http:\/\/seelearningcenter.pt\/wp-content\/uploads\/2010\/06\/SEE-TEACHER-TRAINING-3-225x300.jpg\" alt=\"\" width=\"144\" height=\"192\" srcset=\"https:\/\/seelearningcenter.pt\/wp-content\/uploads\/2010\/06\/SEE-TEACHER-TRAINING-3-225x300.jpg 225w, https:\/\/seelearningcenter.pt\/wp-content\/uploads\/2010\/06\/SEE-TEACHER-TRAINING-3-768x1024.jpg 768w, https:\/\/seelearningcenter.pt\/wp-content\/uploads\/2010\/06\/SEE-TEACHER-TRAINING-3.jpg 1944w\" sizes=\"(max-width: 144px) 100vw, 144px\" \/><\/td>\n<\/tr>\n<tr>\n<td><strong>Programa de Aprendizagem ao Longo da Vida <\/strong><\/p>\n<p>A SEE Learning Center apoia os professores eleg\u00edveis para concurso \u00e0s bolsas da Uni\u00e3o Europeia (EU). As Bolsas EU financiadas pela Ag\u00eancia Nacional constituem um excelente de modo de financiar as suas despesas de curso, alojamento e viagem.<\/td>\n<td><img loading=\"lazy\" decoding=\"async\" class=\"alignright size-medium wp-image-2656\" title=\"SEE TEACHER TRAINING (2)\" src=\"http:\/\/seelearningcenter.pt\/wp-content\/uploads\/2010\/06\/SEE-TEACHER-TRAINING-2-225x300.jpg\" alt=\"\" width=\"144\" height=\"192\" srcset=\"https:\/\/seelearningcenter.pt\/wp-content\/uploads\/2010\/06\/SEE-TEACHER-TRAINING-2-225x300.jpg 225w, https:\/\/seelearningcenter.pt\/wp-content\/uploads\/2010\/06\/SEE-TEACHER-TRAINING-2-768x1024.jpg 768w, https:\/\/seelearningcenter.pt\/wp-content\/uploads\/2010\/06\/SEE-TEACHER-TRAINING-2.jpg 1944w\" sizes=\"(max-width: 144px) 100vw, 144px\" \/><\/td>\n<\/tr>\n<tr>\n<td><strong>Alem\u00e3o na Alemanha<\/strong><\/p>\n<ul>\n<li>Berlim, Hamburgo, Frankfurt e Munique<\/li>\n<li>Forma\u00e7\u00e3o para professores e cursos de l\u00ednguas<\/li>\n<li>Cursos durante todo o ano, todas as Segundas-feiras<\/li>\n<li>2 semanas<\/li>\n<li>26 aulas por semana<\/li>\n<li>Excurs\u00f5es ao fim-de-semana<\/li>\n<li>Acomoda\u00e7\u00e3o em Fam\u00edlias de acolhimento, Pousadas da Juventude ou Hotel<\/li>\n<\/ul>\n<\/td>\n<td><img loading=\"lazy\" decoding=\"async\" class=\"size-medium wp-image-2658 alignright\" title=\"SEE TEACHER TRAINING (4)\" src=\"http:\/\/seelearningcenter.pt\/wp-content\/uploads\/2010\/06\/SEE-TEACHER-TRAINING-4-300x224.jpg\" alt=\"\" width=\"150\" height=\"112\" srcset=\"https:\/\/seelearningcenter.pt\/wp-content\/uploads\/2010\/06\/SEE-TEACHER-TRAINING-4-300x224.jpg 300w, https:\/\/seelearningcenter.pt\/wp-content\/uploads\/2010\/06\/SEE-TEACHER-TRAINING-4-1024x768.jpg 1024w\" sizes=\"(max-width: 150px) 100vw, 150px\" \/><\/td>\n<\/tr>\n<\/tbody>\n<\/table>\n<p><strong>Alem\u00e3o na \u00c1ustria<\/strong><\/p>\n<ul>\n<li>Viena<\/li>\n<li><strong>Curso Geral para Professores de Alem\u00e3o: <\/strong>25 aulas por semana: 20 aulas de curso de forma\u00e7\u00e3o para Professores + 5 aulas de programa cultural<\/li>\n<li><strong>Curso Intensivo para Professores de Alem\u00e3o: <\/strong>35 aulas por semana: 20 aulas de curso geral de Alem\u00e3o + 10 aulas individuais de forma\u00e7\u00e3o para Professores + 5 aulas de programa cultural<\/li>\n<li>Cursos durante todo o ano, todas as Segundas-feiras<\/li>\n<li>2 semanas<\/li>\n<li>Programa cultural:<\/li>\n<\/ul>\n<p>5 aulas de programa de lazer e cultural por semana \u2013 Passeios pedestres por Viena, conversa\u00e7\u00e3o e v\u00eddeos sobre a m\u00fasica, arte, hist\u00f3ria, literatura e arquitectura austr\u00edacas, curso de Valsa de Viena, festas, desportos<\/p>\n<ul>\n<li>Acomoda\u00e7\u00e3o em fam\u00edlias de acolhimento, apartameto e resid\u00eancia<\/li>\n<\/ul>\n<table style=\"width: 100%;\">\n<tbody>\n<tr>\n<td><strong>Ingl\u00eas em Malta<\/strong><\/p>\n<ul>\n<li>Valleta<\/li>\n<li>2 semanas<\/li>\n<li>Cursos durante todo o ano, todas as Segundas-feiras<\/li>\n<li>20 aulas por semana de curso de Ingl\u00eas geral + 10 aulas de metodologia<\/li>\n<li>Programa de actividades<\/li>\n<li>Acomoda\u00e7\u00e3o em apartamentos<\/li>\n<\/ul>\n<\/td>\n<td><img loading=\"lazy\" decoding=\"async\" class=\"alignright size-medium wp-image-2663\" title=\"SEE TEACHER TRAINING\" src=\"http:\/\/seelearningcenter.pt\/wp-content\/uploads\/2010\/06\/SEE-TEACHER-TRAINING-300x225.jpg\" alt=\"\" width=\"300\" height=\"225\" srcset=\"https:\/\/seelearningcenter.pt\/wp-content\/uploads\/2010\/06\/SEE-TEACHER-TRAINING-300x225.jpg 300w, https:\/\/seelearningcenter.pt\/wp-content\/uploads\/2010\/06\/SEE-TEACHER-TRAINING-1024x768.jpg 1024w, https:\/\/seelearningcenter.pt\/wp-content\/uploads\/2010\/06\/SEE-TEACHER-TRAINING.jpg 2048w\" sizes=\"(max-width: 300px) 100vw, 300px\" \/><\/td>\n<\/tr>\n<tr>\n<td><strong>Italiano na It\u00e1lia<\/strong><\/p>\n<ul>\n<li><a href=\"http:\/\/www.scuolaleonardo.com\/Italian-language-school-Florence.html\" target=\"_blank\">Floren\u00e7a<\/a>, <a href=\"http:\/\/www.scuolaleonardo.com\/Italian-language-school-Milan.html\" target=\"_blank\">Mil\u00e3o<\/a>, <a href=\"http:\/\/www.scuolaleonardo.com\/Italian-language-school-Rome.html\" target=\"_blank\">Roma<\/a><\/li>\n<li>Ensinar Italiano como l\u00edngua estrangeira<\/li>\n<li>54 aulas de teoria + 16 aulas de pr\u00e1ticas na sala de aula<\/li>\n<li> Programa cultural e social<\/li>\n<li>Acomoda\u00e7\u00e3o em fam\u00edlias de acolhimento, apartameto, resid\u00eancia ou hotel<\/li>\n<\/ul>\n<\/td>\n<td><img loading=\"lazy\" decoding=\"async\" class=\"alignright size-medium wp-image-2655\" title=\"SEE TEACHER TRAINING (1)\" src=\"http:\/\/seelearningcenter.pt\/wp-content\/uploads\/2010\/06\/SEE-TEACHER-TRAINING-1-300x200.jpg\" alt=\"\" width=\"300\" height=\"200\" srcset=\"https:\/\/seelearningcenter.pt\/wp-content\/uploads\/2010\/06\/SEE-TEACHER-TRAINING-1-300x200.jpg 300w, https:\/\/seelearningcenter.pt\/wp-content\/uploads\/2010\/06\/SEE-TEACHER-TRAINING-1-1024x682.jpg 1024w\" sizes=\"(max-width: 300px) 100vw, 300px\" \/><\/td>\n<\/tr>\n<\/tbody>\n<\/table>\n<p><strong>Franc\u00eas na Fran\u00e7a<\/strong><\/p>\n<ul>\n<li>Normandia e Vichy<\/li>\n<li>15 (Normandia)<\/li>\n<li>26 (Vichy) aulas de Franc\u00eas por semana<\/li>\n<li>Programa social e cultural<\/li>\n<li>Acomoda\u00e7\u00e3o em fam\u00edlias de acolhimento<\/li>\n<\/ul>\n<table style=\"width: 100%;\">\n<tbody>\n<tr>\n<td><strong>Espanhol em Espanha<\/strong><\/p>\n<ul>\n<li>Salamanca<\/li>\n<li>2 semanas<\/li>\n<li>30 aulas por semana<\/li>\n<li>1 aula por semana de cultura espanhola<\/li>\n<li>Visita cultural guiada da cidade<\/li>\n<li>Excurs\u00f5es ao fim-de-semana<\/li>\n<li>Materiais educacionais<\/li>\n<li>Acomoda\u00e7\u00e3o em resid\u00eancia<\/li>\n<\/ul>\n<\/td>\n<td><img loading=\"lazy\" decoding=\"async\" class=\"alignnone size-medium wp-image-2661\" title=\"SEE TEACHER TRAINING (7)\" src=\"http:\/\/seelearningcenter.pt\/wp-content\/uploads\/2010\/06\/SEE-TEACHER-TRAINING-7-178x300.jpg\" alt=\"\" width=\"178\" height=\"300\" srcset=\"https:\/\/seelearningcenter.pt\/wp-content\/uploads\/2010\/06\/SEE-TEACHER-TRAINING-7-178x300.jpg 178w, https:\/\/seelearningcenter.pt\/wp-content\/uploads\/2010\/06\/SEE-TEACHER-TRAINING-7-608x1024.jpg 608w\" sizes=\"(max-width: 178px) 100vw, 178px\" \/><\/td>\n<td><img loading=\"lazy\" decoding=\"async\" class=\"alignnone size-medium wp-image-2660\" title=\"SEE TEACHER TRAINING (6)\" src=\"http:\/\/seelearningcenter.pt\/wp-content\/uploads\/2010\/06\/SEE-TEACHER-TRAINING-6-225x300.jpg\" alt=\"\" width=\"225\" height=\"300\" srcset=\"https:\/\/seelearningcenter.pt\/wp-content\/uploads\/2010\/06\/SEE-TEACHER-TRAINING-6-225x300.jpg 225w, https:\/\/seelearningcenter.pt\/wp-content\/uploads\/2010\/06\/SEE-TEACHER-TRAINING-6-768x1024.jpg 768w\" sizes=\"(max-width: 225px) 100vw, 225px\" \/><\/td>\n<\/tr>\n<\/tbody>\n<\/table>\n<p><strong>Ingl\u00eas em Inglaterra<\/strong><\/p>\n<ul>\n<li>Cambridge \u2013 Universidade de Cambridge<\/li>\n<li>15 Cursos de Forma\u00e7\u00e3o para professores:<\/li>\n<\/ul>\n<p style=\"padding-left: 60px;\"><img loading=\"lazy\" decoding=\"async\" class=\"alignleft size-medium wp-image-2662\" title=\"SEE TEACHER TRAINING (8)\" src=\"http:\/\/seelearningcenter.pt\/wp-content\/uploads\/2010\/06\/SEE-TEACHER-TRAINING-8-200x300.jpg\" alt=\"\" width=\"200\" height=\"300\" srcset=\"https:\/\/seelearningcenter.pt\/wp-content\/uploads\/2010\/06\/SEE-TEACHER-TRAINING-8-200x300.jpg 200w, https:\/\/seelearningcenter.pt\/wp-content\/uploads\/2010\/06\/SEE-TEACHER-TRAINING-8-682x1024.jpg 682w\" sizes=\"(max-width: 200px) 100vw, 200px\" \/>Becoming a Teacher Trainer<\/p>\n<p style=\"padding-left: 60px;\">Blended Learning: Combining Online and Face-to-Face Teaching<\/p>\n<p style=\"padding-left: 60px;\">Bringing British Culture to Life<\/p>\n<p style=\"padding-left: 60px;\">Contemporary English<\/p>\n<p style=\"padding-left: 60px;\">Content and Language Integrated Learning<\/p>\n<p style=\"padding-left: 60px;\">Creativity in the Classroom<\/p>\n<p style=\"padding-left: 60px;\">An Introduction to Using New Technology in the Classroom<\/p>\n<p style=\"padding-left: 60px;\">From Hamlet to Harry Potter &#8211; Using Literature in the Classroom<\/p>\n<p style=\"padding-left: 60px;\">Language Improvement for Teachers<\/p>\n<p style=\"padding-left: 60px;\">Language and Methodology (Secondary\/Adult)<\/p>\n<p style=\"padding-left: 60px;\">Language &amp; Methodology (Young Learners)<\/p>\n<p style=\"padding-left: 60px;\">From English Language Teacher to Academic Manager<\/p>\n<ul>\n<li>Acomoda\u00e7\u00e3o em resid\u00eancia ou fam\u00edlias de acolhimento<\/li>\n<\/ul>\n<p><strong> <\/strong><\/p>\n<p><strong> <\/strong><\/p>\n<p><strong><br \/>\n<\/strong><\/p>\n<p><br style=\"clear: both;\" \/><\/p>\n<p><strong>Contacte a SEE Learning Center para mais informa\u00e7\u00f5es sobre os  Programas Internacionais de Forma\u00e7\u00e3o para Professores e\u00a0 outras  localidades. <\/strong><\/p>\n","protected":false},"excerpt":{"rendered":"<p>Cursos para Professores &amp; Programa de Aprendizagem ao Longo da Vida See Learning Center oferece, aos professores de l\u00ednguas certificados, a oportunidade de melhorar conceitos e estrat\u00e9gias de ensino, ao participar em um dos nossos Programas de Forma\u00e7\u00e3o para Professores \u2013 Teacher Training. Quer escolha estudar no Reino Unido, Irlanda, Fran\u00e7a, Alemanha, \u00c1ustria, Malta, It\u00e1lia [&hellip;]<\/p>\n","protected":false},"author":2,"featured_media":2984,"parent":500,"menu_order":7,"comment_status":"open","ping_status":"closed","template":"","meta":{"footnotes":"","_links_to":"","_links_to_target":""},"_links":{"self":[{"href":"https:\/\/seelearningcenter.pt\/pt-pt\/wp-json\/wp\/v2\/pages\/559"}],"collection":[{"href":"https:\/\/seelearningcenter.pt\/pt-pt\/wp-json\/wp\/v2\/pages"}],"about":[{"href":"https:\/\/seelearningcenter.pt\/pt-pt\/wp-json\/wp\/v2\/types\/page"}],"author":[{"embeddable":true,"href":"https:\/\/seelearningcenter.pt\/pt-pt\/wp-json\/wp\/v2\/users\/2"}],"replies":[{"embeddable":true,"href":"https:\/\/seelearningcenter.pt\/pt-pt\/wp-json\/wp\/v2\/comments?post=559"}],"version-history":[{"count":13,"href":"https:\/\/seelearningcenter.pt\/pt-pt\/wp-json\/wp\/v2\/pages\/559\/revisions"}],"predecessor-version":[{"id":2702,"href":"https:\/\/seelearningcenter.pt\/pt-pt\/wp-json\/wp\/v2\/pages\/559\/revisions\/2702"}],"up":[{"embeddable":true,"href":"https:\/\/seelearningcenter.pt\/pt-pt\/wp-json\/wp\/v2\/pages\/500"}],"wp:featuredmedia":[{"embeddable":true,"href":"https:\/\/seelearningcenter.pt\/pt-pt\/wp-json\/wp\/v2\/media\/2984"}],"wp:attachment":[{"href":"https:\/\/seelearningcenter.pt\/pt-pt\/wp-json\/wp\/v2\/media?parent=559"}],"curies":[{"name":"wp","href":"https:\/\/api.w.org\/{rel}","templated":true}]}}