{"id":558,"date":"2010-07-05T01:16:24","date_gmt":"2010-07-05T05:16:24","guid":{"rendered":"http:\/\/seelearningcenter.pt\/"},"modified":"2010-07-05T01:16:24","modified_gmt":"2010-07-05T05:16:24","slug":"ingles","status":"publish","type":"page","link":"https:\/\/seelearningcenter.pt\/pt-pt\/study-abroad-2\/ingles\/","title":{"rendered":"Ingl\u00eas +"},"content":{"rendered":"<p><strong>Combine os seus  estudos de Ingl\u00eas com um   curso em uma de muitas \u00e1reas: artes, desporto  e passatempos. <\/strong><\/p>\n<p>Se deseja trabalhar para uma companhia  estrangeira,   familiaridade com estes conhecimentos relacionados com o  neg\u00f3cio ajud\u00e1-lo-\u00e3o a   atingir o auge.<\/p>\n<p><strong>Os nossos programas  mais populares incluem: <\/strong><\/p>\n<p>\u2022\u00a0 L\u00ednguas do Mundo (Ingl\u00eas,  Franc\u00eas, Espanhol, Alem\u00e3o, Portugu\u00eas, Japon\u00eas,   Mandarim, Russo and  \u00c1rabe) &#8211; Nova York e S\u00e3o Francisco; min. 8 semanas<\/p>\n<p>\u2022\u00a0 Executivos &#8211; Brisbane,  Costa de Ouro, Sydney e Perth; min. 12 semanas<\/p>\n<p>\u2022\u00a0 Desenho de Web &#8211; Brighton;  min. 9 semanas<\/p>\n<p><img loading=\"lazy\" decoding=\"async\" src=\"http:\/\/www.seelearningcenter.pt\/images\/img_plus.jpg\" alt=\"\" width=\"434\" height=\"203\" \/><\/p>\n<p><strong>Se sabe que profiss\u00e3o  deseja seguir, os Cursos de   Ingl\u00eas+ Vocacionais oferece-lhe um treino  pr\u00e1tico. <\/strong><\/p>\n<table border=\"0\" cellspacing=\"0\" cellpadding=\"0\" width=\"100%\">\n<tbody>\n<tr>\n<td><img loading=\"lazy\" decoding=\"async\" src=\"http:\/\/www.seelearningcenter.pt\/images\/plus.jpg\" alt=\"\" width=\"240\" height=\"320\" \/><\/td>\n<td valign=\"top\"><img loading=\"lazy\" decoding=\"async\" src=\"http:\/\/www.seelearningcenter.pt\/images\/transp.gif\" alt=\"\" width=\"15\" height=\"1\" \/><\/td>\n<td valign=\"middle\"><strong>Os Cursos de Ingl\u00eas+ Vocacionais mais    populares incluem: <\/strong><\/p>\n<p>\u2022\u00a0 Realiza\u00e7\u00e3o de  Filmes &#8211; Nova York e Los Angeles;   min. 8 semanas<\/p>\n<p>\u2022\u00a0 Atendimento em Bar &#8211;  Nova York; min. 4 semana<\/p>\n<p>\u2022\u00a0 T\u00e9cnicas de Beleza e  Est\u00e9tica &#8211; Nova York; min. 8   semanas<\/p>\n<p>\u2022\u00a0 Trabalho de  Servi\u00e7os Comunit\u00e1rios (Cuidados com   Crian\u00e7as) &#8211; Brisbane; min. 12  semanas<\/p>\n<p>\u2022\u00a0 Desenho Gr\u00e1fico &#8211;  Sydney e Brisbane; min. 8   semana<\/p>\n<p>\u2022\u00a0 Florista &#8211;  Cambridge; min. 4 semanas<\/p>\n<p>\u2022\u00a0 Hospitabilidade &#8211;  Brighton; min. 8 semanas<\/p>\n<p>\u2022\u00a0 Desenho de moda &#8211;  Brighton; min. 8 semanas<\/td>\n<\/tr>\n<\/tbody>\n<\/table>\n<p><strong>Se deseja desenvolver os  seus talentos criativos   ou se pretende aceitar o desafio de  experimentar um novo desporto, os Cursos de   Ingl\u00eas+ de Artes e Lazer  s\u00e3o perfeitos para si. <\/strong><\/p>\n<p><strong>Os Cursos de Ingl\u00eas+  de Artes e Lazer mais   populares incluem: <\/strong><\/p>\n<p>\u2022\u00a0 Teatro &#8211; Nova York e Los  Angeles; min. 8 semanas<\/p>\n<p>\u2022\u00a0 Dan\u00e7a &#8211; Nova York; min. 4  semanas<\/p>\n<p>\u2022\u00a0 Golf &#8211; Fort Lauderdale;  min. 2 semanas<\/p>\n<p>\u2022\u00a0 Surf &#8211; S\u00e3o Diego e Costa de  Ouro; min. 2 semanas<\/p>\n<p>\u2022\u00a0 Mergulho &#8211; Cairns; min. 2  semanas (inclui certificado PADI<\/p>\n","protected":false},"excerpt":{"rendered":"<p>Combine os seus estudos de Ingl\u00eas com um curso em uma de muitas \u00e1reas: artes, desporto e passatempos. Se deseja trabalhar para uma companhia estrangeira, familiaridade com estes conhecimentos relacionados com o neg\u00f3cio ajud\u00e1-lo-\u00e3o a atingir o auge. Os nossos programas mais populares incluem: \u2022\u00a0 L\u00ednguas do Mundo (Ingl\u00eas, Franc\u00eas, Espanhol, Alem\u00e3o, Portugu\u00eas, Japon\u00eas, Mandarim, [&hellip;]<\/p>\n","protected":false},"author":2,"featured_media":2885,"parent":500,"menu_order":10,"comment_status":"open","ping_status":"closed","template":"","meta":{"footnotes":"","_links_to":"","_links_to_target":""},"_links":{"self":[{"href":"https:\/\/seelearningcenter.pt\/pt-pt\/wp-json\/wp\/v2\/pages\/558"}],"collection":[{"href":"https:\/\/seelearningcenter.pt\/pt-pt\/wp-json\/wp\/v2\/pages"}],"about":[{"href":"https:\/\/seelearningcenter.pt\/pt-pt\/wp-json\/wp\/v2\/types\/page"}],"author":[{"embeddable":true,"href":"https:\/\/seelearningcenter.pt\/pt-pt\/wp-json\/wp\/v2\/users\/2"}],"replies":[{"embeddable":true,"href":"https:\/\/seelearningcenter.pt\/pt-pt\/wp-json\/wp\/v2\/comments?post=558"}],"version-history":[{"count":1,"href":"https:\/\/seelearningcenter.pt\/pt-pt\/wp-json\/wp\/v2\/pages\/558\/revisions"}],"predecessor-version":[{"id":560,"href":"https:\/\/seelearningcenter.pt\/pt-pt\/wp-json\/wp\/v2\/pages\/558\/revisions\/560"}],"up":[{"embeddable":true,"href":"https:\/\/seelearningcenter.pt\/pt-pt\/wp-json\/wp\/v2\/pages\/500"}],"wp:featuredmedia":[{"embeddable":true,"href":"https:\/\/seelearningcenter.pt\/pt-pt\/wp-json\/wp\/v2\/media\/2885"}],"wp:attachment":[{"href":"https:\/\/seelearningcenter.pt\/pt-pt\/wp-json\/wp\/v2\/media?parent=558"}],"curies":[{"name":"wp","href":"https:\/\/api.w.org\/{rel}","templated":true}]}}