{"id":548,"date":"2010-07-05T01:13:55","date_gmt":"2010-07-05T05:13:55","guid":{"rendered":"http:\/\/seelearningcenter.pt\/"},"modified":"2010-07-05T01:13:55","modified_gmt":"2010-07-05T05:13:55","slug":"club-50","status":"publish","type":"page","link":"https:\/\/seelearningcenter.pt\/pt-pt\/study-abroad-2\/club-50\/","title":{"rendered":"Club 50"},"content":{"rendered":"<p>Combine um Curso de Ingl\u00eas Geral de manh\u00e3 com um  programa de lazer \u00e0 tarde e   aos fim-de-semanas, o qual \u00e9  particularmente adaptado \u00e0 sua faixa et\u00e1ria.<\/p>\n<p>Aproveite a oportunidade de fazer novos amigos de  todos os cantos do Mundo.<\/p>\n<p><strong>Localiza\u00e7\u00f5es: <\/strong><\/p>\n<p>\u2022\u00a0 Eastbourne ( Inglaterra )<\/p>\n<p>\u2022\u00a0 Malta.<\/p>\n<table border=\"0\" cellspacing=\"0\" cellpadding=\"0\" width=\"100%\">\n<tbody>\n<tr>\n<td width=\"51%\"><img loading=\"lazy\" decoding=\"async\" src=\"http:\/\/www.seelearningcenter.pt\/images\/club50_2.jpg\" alt=\"\" width=\"350\" height=\"335\" align=\"left\" \/><\/td>\n<td width=\"2%\"><img loading=\"lazy\" decoding=\"async\" src=\"http:\/\/www.seelearningcenter.pt\/images\/transp.gif\" alt=\"\" width=\"15\" height=\"1\" \/><\/td>\n<td width=\"47%\"><strong>Ficheiro  de Factos:<\/strong><\/p>\n<p>\u2022\u00a0 Idade superior a  50+<\/p>\n<p>\u2022\u00a0 20 horas por semana<\/p>\n<p>\u2022\u00a0 N\u00edveis de Elementar  a Avan\u00e7ado<\/p>\n<p>\u2022\u00a0 Apenas em datas  espec\u00edficas de curso<\/td>\n<\/tr>\n<\/tbody>\n<\/table>\n","protected":false},"excerpt":{"rendered":"<p>Combine um Curso de Ingl\u00eas Geral de manh\u00e3 com um programa de lazer \u00e0 tarde e aos fim-de-semanas, o qual \u00e9 particularmente adaptado \u00e0 sua faixa et\u00e1ria. Aproveite a oportunidade de fazer novos amigos de todos os cantos do Mundo. Localiza\u00e7\u00f5es: \u2022\u00a0 Eastbourne ( Inglaterra ) \u2022\u00a0 Malta. Ficheiro de Factos: \u2022\u00a0 Idade superior a [&hellip;]<\/p>\n","protected":false},"author":2,"featured_media":2947,"parent":500,"menu_order":8,"comment_status":"open","ping_status":"closed","template":"","meta":{"footnotes":"","_links_to":"","_links_to_target":""},"_links":{"self":[{"href":"https:\/\/seelearningcenter.pt\/pt-pt\/wp-json\/wp\/v2\/pages\/548"}],"collection":[{"href":"https:\/\/seelearningcenter.pt\/pt-pt\/wp-json\/wp\/v2\/pages"}],"about":[{"href":"https:\/\/seelearningcenter.pt\/pt-pt\/wp-json\/wp\/v2\/types\/page"}],"author":[{"embeddable":true,"href":"https:\/\/seelearningcenter.pt\/pt-pt\/wp-json\/wp\/v2\/users\/2"}],"replies":[{"embeddable":true,"href":"https:\/\/seelearningcenter.pt\/pt-pt\/wp-json\/wp\/v2\/comments?post=548"}],"version-history":[{"count":1,"href":"https:\/\/seelearningcenter.pt\/pt-pt\/wp-json\/wp\/v2\/pages\/548\/revisions"}],"predecessor-version":[{"id":556,"href":"https:\/\/seelearningcenter.pt\/pt-pt\/wp-json\/wp\/v2\/pages\/548\/revisions\/556"}],"up":[{"embeddable":true,"href":"https:\/\/seelearningcenter.pt\/pt-pt\/wp-json\/wp\/v2\/pages\/500"}],"wp:featuredmedia":[{"embeddable":true,"href":"https:\/\/seelearningcenter.pt\/pt-pt\/wp-json\/wp\/v2\/media\/2947"}],"wp:attachment":[{"href":"https:\/\/seelearningcenter.pt\/pt-pt\/wp-json\/wp\/v2\/media?parent=548"}],"curies":[{"name":"wp","href":"https:\/\/api.w.org\/{rel}","templated":true}]}}