{"id":547,"date":"2010-07-04T22:58:18","date_gmt":"2010-07-05T02:58:18","guid":{"rendered":"http:\/\/seelearningcenter.pt\/"},"modified":"2010-09-17T23:04:57","modified_gmt":"2010-09-18T03:04:57","slug":"posicoes-de-experiencia-de-trabalho","status":"publish","type":"page","link":"https:\/\/seelearningcenter.pt\/pt-pt\/study-abroad-2\/posicoes-de-experiencia-de-trabalho\/","title":{"rendered":"Posi\u00e7\u00f5es de Experi\u00eancia de Trabalho"},"content":{"rendered":"<p><strong>Este \u00e9 o modo ideal de  um aluno\/a ganhar experi\u00eancia de trabalho em empresas   a n\u00edvel  mundial. <\/strong><\/p>\n<p>Um est\u00e1gio ou um ano de experi\u00eancia de trabalho  permitir\u00e3o a   combina\u00e7\u00e3o de um curso de linguas com a experi\u00eancia  imcompar\u00e1vel de trabalhar em   Inglaterra.<\/p>\n<p><img loading=\"lazy\" decoding=\"async\" src=\"http:\/\/www.seelearningcenter.pt\/images\/positions.jpg\" alt=\"\" width=\"434\" height=\"257\" \/><\/p>\n<p>Posi\u00e7\u00f5es de experi\u00eancia de  trabalho remuneradas na ind\u00fastria hoteleira\/ \u00e1rea   de restaura\u00e7\u00e3o (a  ganhar o ordenado min\u00edmo nacional do Reino Unido ou EUA, de   acordo com  a idade) &#8211; ou Est\u00e1gios (posi\u00e7\u00f5es n\u00e3o remuneradas noutras ind\u00fastrias).<\/p>\n<p><strong>Consiste em 4 semanas de  aulas intensivas e 12   semanas de trabalho remunerado.<\/strong><\/p>\n<p>Benef\u00edcios para o estudante:<\/p>\n<p>\u2022\u00a0 Familiariza\u00e7\u00e3o com as  t\u00e9cnicas e m\u00e9todos de emprego brit\u00e2nicos ou   americanos<\/p>\n<p>\u2022\u00a0 Pr\u00e1tica dos conhecimentos  te\u00f3ricos numa situa\u00e7\u00e3o da vida real<\/p>\n<p>\u2022\u00a0 Descoberta e participa\u00e7\u00e3o  na vida quotidiana no Reino Unido ou USA<\/p>\n<p>\u2022\u00a0 Obten\u00e7\u00e3o de Exame  Internacional de Cambridge (CIE) Certificado em   Experi\u00eancia de  Trabalho<\/p>\n<p>\u2022\u00a0 Desenvolvimento dos  conhecimentos da lingua inglesa num ambiente   internacional estimulante<\/p>\n<p>\u2022\u00a0 Encontro de amigos de todos  os cantos do Mundo<\/p>\n<p><img loading=\"lazy\" decoding=\"async\" src=\"http:\/\/www.seelearningcenter.pt\/images\/img_workgif.gif\" alt=\"\" width=\"434\" height=\"291\" \/><\/p>\n<p><strong>N\u00f3s propomos a posi\u00e7\u00e3o de  trabalho e ajudamos no   processo contratual a ser assinado pelo aluno e  empregador.<\/strong><\/p>\n<p><strong>Ficheiro de Factos: <\/strong><\/p>\n<p>\u2022\u00a0 Idade 18-28<\/p>\n<p>\u2022\u00a0 Requerido n\u00edvel de Ingl\u00eas  Interm\u00e9dio<\/p>\n<p>\u2022\u00a0 In\u00edcio a qualquer  segunda-feira (inscri\u00e7\u00e3o, 14 semanas antes da data de   in\u00edcio)<\/p>\n<p>\u2022\u00a0 Programa minimo: 4 semanas  de aulas (Ing\u00eas Geral) + 12 semanas de trabalho   a tempo inteiro (16  semanas de programa)<\/p>\n<p>\u2022\u00a0 Acomoda\u00e7\u00e3o em Fam\u00edlias, em  quarto individual e meia pens\u00e3o durante as   semanas de aulas +  Acomoda\u00e7\u00e3o em quarto duplo durantes as semanas de   trabalho<\/p>\n<p>VER que work Experience na UK ver servi\u00e7o foi especificamente projetado para pessoas que desejam ir para o Reino Unido melhorar e desenvolver sua experi\u00eancia de trabalho e ganhar experi\u00eancia pr\u00e1tica em uma das maiores ind\u00fastrias do mundo, enquanto ganhando dinheiro a parte financiar sua estadia.<\/p>\n<p><strong>Factos<\/strong><\/p>\n<ul>\n<li> Espa\u00e7os para incluem trabalhando em hotelaria e restaura\u00e7\u00e3o e outras empresas de UK que exigem pessoal sazonal.<\/li>\n<li> Incluem alojamento, alimenta\u00e7\u00e3o e um subs\u00eddio de forma\u00e7\u00e3o equivalente ao sal\u00e1rio m\u00ednimo nacional UK.<\/li>\n<li> Dedu\u00e7\u00f5es do subs\u00eddio ser\u00e3o necess\u00e1rio para o imposto, seguro nacional e taxas de quaisquer outros servi\u00e7os prestados pela empresa host como alojamento e comida.<\/li>\n<li> Idade requisito: 18 anos<\/li>\n<li>espa\u00e7os em qualquer lugar no Reino Unido incluindo Esc\u00f3cia, pa\u00eds de Gales e Irlanda do Norte<\/li>\n<li>n\u00edvel de ingl\u00eas exigido: intermedi\u00e1rio e acima<\/li>\n<li> comprimento do programa: min. 12 semanas a 1 ano * nacionais da UE apenas * estudantes participam em todos os trabalhos de ver programas podem candidatar-se padr\u00e3o CIE Cambridge Examinations Work Experience certificado internacional.<\/li>\n<\/ul>\n<p>VER que work Experience em Londres ver trabalho oferece a possibilidade de ter um trabalho experi\u00eancia na capital do Reino Unido, trabalhando em \u00e1reas como limpeza, entreposto, varejo, hotelaria e restaura\u00e7\u00e3o. Consulte que trabalho de Londres \u00e9 um programa especialmente concebido para facilitar nacionais no exterior para encontrar trabalho em Londres e os aeroportos que servem a capital.<\/p>\n<p>Est\u00e1gios s\u00e3o assalariados, com um pagamento m\u00ednimo do wage(http:\/\/www.hmrc.gov.uk\/nmw\/) m\u00ednimo UK e ser\u00e3o na maior posi\u00e7\u00f5es de tempo integral (horas de trabalho podem variar). Ver trabalho UK \u00e9 capaz de fornecer residencial ou quarto de solteiro de acomoda\u00e7\u00e3o para os candidatos se necess\u00e1rio.<\/p>\n<p>At\u00e9 3 entrevistas ser\u00e1 fornecida pelos empregadores de Londres e os candidatos devem aceitar a primeira posi\u00e7\u00e3o oferecidos. Candidatos que n\u00e3o forem bem-sucedidos ap\u00f3s 3 entrevistas qualificar-se-ir\u00e3o automaticamente para um est\u00e1gio de ver Anglo forma\u00e7\u00e3o livre (hotelaria e restaura\u00e7\u00e3o est\u00e1gios em todo o Reino Unido). Todos os candidatos receber\u00e3o um est\u00e1gio remunerado. As coloca\u00e7\u00f5es ser\u00e3o fornecidas numa base serviu primeiro a chegar primeiro. O requerente n\u00e3o iniciar\u00e1 suas coloca\u00e7\u00f5es imediatamente ap\u00f3s a chegada em Londres e deve esperar para dar tempo para entrevistas.<\/p>\n<p><strong>Factos essenciais: <\/strong><\/p>\n<ul>\n<li>requisito de idade: 18 +<\/li>\n<li>n\u00edvel de ingl\u00eas exigido: intermedi\u00e1rio superior e acima<\/li>\n<li>comprimento do programa: 24 semanas plus<\/li>\n<li>elegibilidade: nacionais da UE s\u00f3<\/li>\n<li>local: Londres<\/li>\n<li>remunera\u00e7\u00e3o: pelo menos UK sal\u00e1rio m\u00ednimo por hora com dedu\u00e7\u00f5es de imposto, seguro nacional<\/li>\n<li>Alojamento organizado pelo trabalho de ver em uma fam\u00edlia de acolhimento, acomoda\u00e7\u00e3o residencial ou privada.<\/li>\n<li>Os estudantes que participam em todos os trabalhos de ver programas podem candidatar-se padr\u00e3o CIE Cambridge Examinations Work Experience certificado internacional<\/li>\n<\/ul>\n<p><strong>Localiza\u00e7\u00f5es: <\/strong><\/p>\n<table border=\"0\" cellspacing=\"0\" cellpadding=\"0\">\n<tbody>\n<tr>\n<td><a href=\"\/?page_id=394\"><strong>\u2022\u00a0 Reino Unido<\/strong><\/a><\/td>\n<td><a href=\"\/?page_id=394\"><img loading=\"lazy\" decoding=\"async\" src=\"http:\/\/www.seelearningcenter.pt\/images\/transp.gif\" alt=\"\" width=\"15\" height=\"1\" \/><\/a><\/td>\n<td><a href=\"\/?page_id=442\"><strong>\u2022\u00a0 E.U.A. <\/strong><\/a><\/td>\n<td><img loading=\"lazy\" decoding=\"async\" src=\"http:\/\/www.seelearningcenter.pt\/images\/transp.gif\" alt=\"\" width=\"15\" height=\"1\" \/><\/td>\n<td><strong>\u2022\u00a0<a href=\"\/?page_id=24\"> Austr\u00e1lia<\/a><\/strong><\/td>\n<td><img loading=\"lazy\" decoding=\"async\" src=\"http:\/\/www.seelearningcenter.pt\/images\/transp.gif\" alt=\"\" width=\"15\" height=\"1\" \/><\/td>\n<td><strong>\u2022\u00a0<a href=\"\/?page_id=389\"> Irlanda<\/a><\/strong><\/td>\n<\/tr>\n<\/tbody>\n<\/table>\n","protected":false},"excerpt":{"rendered":"<p>Este \u00e9 o modo ideal de um aluno\/a ganhar experi\u00eancia de trabalho em empresas a n\u00edvel mundial. Um est\u00e1gio ou um ano de experi\u00eancia de trabalho permitir\u00e3o a combina\u00e7\u00e3o de um curso de linguas com a experi\u00eancia imcompar\u00e1vel de trabalhar em Inglaterra. Posi\u00e7\u00f5es de experi\u00eancia de trabalho remuneradas na ind\u00fastria hoteleira\/ \u00e1rea de restaura\u00e7\u00e3o (a [&hellip;]<\/p>\n","protected":false},"author":2,"featured_media":2888,"parent":500,"menu_order":6,"comment_status":"open","ping_status":"closed","template":"","meta":{"footnotes":"","_links_to":"","_links_to_target":""},"_links":{"self":[{"href":"https:\/\/seelearningcenter.pt\/pt-pt\/wp-json\/wp\/v2\/pages\/547"}],"collection":[{"href":"https:\/\/seelearningcenter.pt\/pt-pt\/wp-json\/wp\/v2\/pages"}],"about":[{"href":"https:\/\/seelearningcenter.pt\/pt-pt\/wp-json\/wp\/v2\/types\/page"}],"author":[{"embeddable":true,"href":"https:\/\/seelearningcenter.pt\/pt-pt\/wp-json\/wp\/v2\/users\/2"}],"replies":[{"embeddable":true,"href":"https:\/\/seelearningcenter.pt\/pt-pt\/wp-json\/wp\/v2\/comments?post=547"}],"version-history":[{"count":5,"href":"https:\/\/seelearningcenter.pt\/pt-pt\/wp-json\/wp\/v2\/pages\/547\/revisions"}],"predecessor-version":[{"id":2097,"href":"https:\/\/seelearningcenter.pt\/pt-pt\/wp-json\/wp\/v2\/pages\/547\/revisions\/2097"}],"up":[{"embeddable":true,"href":"https:\/\/seelearningcenter.pt\/pt-pt\/wp-json\/wp\/v2\/pages\/500"}],"wp:featuredmedia":[{"embeddable":true,"href":"https:\/\/seelearningcenter.pt\/pt-pt\/wp-json\/wp\/v2\/media\/2888"}],"wp:attachment":[{"href":"https:\/\/seelearningcenter.pt\/pt-pt\/wp-json\/wp\/v2\/media?parent=547"}],"curies":[{"name":"wp","href":"https:\/\/api.w.org\/{rel}","templated":true}]}}