{"id":546,"date":"2010-07-04T22:57:17","date_gmt":"2010-07-05T02:57:17","guid":{"rendered":"http:\/\/seelearningcenter.pt\/"},"modified":"2010-07-05T13:31:25","modified_gmt":"2010-07-05T17:31:25","slug":"um-ano-no-estrangeiro","status":"publish","type":"page","link":"https:\/\/seelearningcenter.pt\/pt-pt\/study-abroad-2\/um-ano-no-estrangeiro\/","title":{"rendered":"Um Ano no Estrangeiro"},"content":{"rendered":"<table border=\"0\" cellspacing=\"0\" cellpadding=\"0\" width=\"100%\">\n<tbody>\n<tr>\n<td width=\"63%\"><img loading=\"lazy\" decoding=\"async\" src=\"http:\/\/www.seelearningcenter.pt\/images\/flags.jpg\" alt=\"\" width=\"434\" height=\"247\" \/><\/td>\n<td width=\"2%\"><img loading=\"lazy\" decoding=\"async\" src=\"http:\/\/www.seelearningcenter.pt\/images\/transp.gif\" alt=\"\" width=\"15\" height=\"1\" \/><\/td>\n<td width=\"35%\">Estudo  intensivo a longo prazo &#8211; um investimento de grande valor.<\/p>\n<p>O programa   em col\u00e9gio oferece uma perfeita  rela\u00e7\u00e3o pre\u00e7o\/flexibilidade, com v\u00e1rias datas de   \u00ednicio de curso, em  diferentes locais do Mundo.<\/p>\n<p><strong> <\/strong><\/td>\n<\/tr>\n<\/tbody>\n<\/table>\n<p><strong>O estudante obt\u00e9m: <\/strong><\/p>\n<p>\u2022\u00a0 Conhecimentos completos da l\u00edngua do pa\u00eds  de acolhimento<\/p>\n<p>\u2022\u00a0 Experi\u00eancia pessoal e  acad\u00e9mica<\/p>\n<p>\u2022\u00a0 Equival\u00eancia<\/p>\n<p>\u2022\u00a0 Capacidade para entrar no  mundo do trabalho<\/p>\n","protected":false},"excerpt":{"rendered":"<p>Estudo intensivo a longo prazo &#8211; um investimento de grande valor. O programa em col\u00e9gio oferece uma perfeita rela\u00e7\u00e3o pre\u00e7o\/flexibilidade, com v\u00e1rias datas de \u00ednicio de curso, em diferentes locais do Mundo. O estudante obt\u00e9m: \u2022\u00a0 Conhecimentos completos da l\u00edngua do pa\u00eds de acolhimento \u2022\u00a0 Experi\u00eancia pessoal e acad\u00e9mica \u2022\u00a0 Equival\u00eancia \u2022\u00a0 Capacidade para entrar [&hellip;]<\/p>\n","protected":false},"author":2,"featured_media":2985,"parent":500,"menu_order":5,"comment_status":"open","ping_status":"closed","template":"","meta":{"footnotes":"","_links_to":"","_links_to_target":""},"_links":{"self":[{"href":"https:\/\/seelearningcenter.pt\/pt-pt\/wp-json\/wp\/v2\/pages\/546"}],"collection":[{"href":"https:\/\/seelearningcenter.pt\/pt-pt\/wp-json\/wp\/v2\/pages"}],"about":[{"href":"https:\/\/seelearningcenter.pt\/pt-pt\/wp-json\/wp\/v2\/types\/page"}],"author":[{"embeddable":true,"href":"https:\/\/seelearningcenter.pt\/pt-pt\/wp-json\/wp\/v2\/users\/2"}],"replies":[{"embeddable":true,"href":"https:\/\/seelearningcenter.pt\/pt-pt\/wp-json\/wp\/v2\/comments?post=546"}],"version-history":[{"count":2,"href":"https:\/\/seelearningcenter.pt\/pt-pt\/wp-json\/wp\/v2\/pages\/546\/revisions"}],"predecessor-version":[{"id":615,"href":"https:\/\/seelearningcenter.pt\/pt-pt\/wp-json\/wp\/v2\/pages\/546\/revisions\/615"}],"up":[{"embeddable":true,"href":"https:\/\/seelearningcenter.pt\/pt-pt\/wp-json\/wp\/v2\/pages\/500"}],"wp:featuredmedia":[{"embeddable":true,"href":"https:\/\/seelearningcenter.pt\/pt-pt\/wp-json\/wp\/v2\/media\/2985"}],"wp:attachment":[{"href":"https:\/\/seelearningcenter.pt\/pt-pt\/wp-json\/wp\/v2\/media?parent=546"}],"curies":[{"name":"wp","href":"https:\/\/api.w.org\/{rel}","templated":true}]}}