{"id":545,"date":"2010-07-04T22:56:01","date_gmt":"2010-07-05T02:56:01","guid":{"rendered":"http:\/\/seelearningcenter.pt\/"},"modified":"2010-07-04T22:59:07","modified_gmt":"2010-07-05T02:59:07","slug":"cursos-de-ingles-profissional","status":"publish","type":"page","link":"https:\/\/seelearningcenter.pt\/pt-pt\/study-abroad-2\/cursos-de-ingles-profissional\/","title":{"rendered":"Cursos de Ingl\u00eas Profissional"},"content":{"rendered":"<p>Oferecemos cursos de ingl\u00eas profissional  standard   ou intensivos, no estrangeiro, no nosso centro ou na sua  empresa, durante todo o   ano, tanto em grupos pequenos como  individuais.<\/p>\n<p>Os cursos de ingl\u00eas  profissional t\u00eam como objectivo ensinar ingl\u00eas de modo   r\u00e1pido e  efectivo, num ambiente s\u00e9rio e estimulante, mas descontraido. A imers\u00e3o    na l\u00edngua \u00e9 o modo mais f\u00e1cil de desenvolver os seus conhecimentos de  ingl\u00eas a   um n\u00edvel profissional ou de neg\u00f3cios.<\/p>\n<table border=\"0\" cellspacing=\"0\" cellpadding=\"0\" width=\"100%\">\n<tbody>\n<tr>\n<td width=\"41%\"><img loading=\"lazy\" decoding=\"async\" src=\"http:\/\/www.seelearningcenter.pt\/images\/executive.jpg\" alt=\"\" width=\"282\" height=\"175\" \/><\/td>\n<td width=\"2%\"><img loading=\"lazy\" decoding=\"async\" src=\"http:\/\/www.seelearningcenter.pt\/images\/transp.gif\" alt=\"\" width=\"15\" height=\"1\" \/><\/td>\n<td width=\"57%\"><strong>Os  conte\u00fados ensinados s\u00e3o moldados para ir ao   encontro das suas  necessidades individuais ou do grupo. S\u00e3o assegurados n\u00edveis   \u00f3ptimos  de aten\u00e7\u00e3o personalizada e progresso, de modo a maximizar os resultados    a curto prazo. <\/strong><\/td>\n<\/tr>\n<\/tbody>\n<\/table>\n<p>Os cursos executivos em grupo  beneficiam os executivos que trabalham em   neg\u00f3cios internacionais ou  numa comunidade profissional, e necessitam de   desenvolver os seus  conhecimentos da l\u00edngua inglesa t\u00e3o r\u00e1pida e efectivamente   quanto  poss\u00edvel. Os <strong>cursos executivos standard <\/strong>consistem em 20    li\u00e7\u00f5es por semana (30 li\u00e7\u00f5es por semana em Malta), enquanto os <strong>cursos    executivos intensivos <\/strong>s\u00e3o de 28 li\u00e7\u00f5es por semana. Os <strong>cursos    executivos individuais <\/strong>consistem em 20, 30 ou 40 li\u00e7\u00f5es por  semana.<\/p>\n<p>Os <strong>cursos executivos  combinados <\/strong>combinam todos os benef\u00edcios   dos grupos pequenos  com aulas individuais personalizadas, as quais se focam nos   seus  requerimentos espec\u00edficos, permitindo-lhe maximizar o seu potencial de    aprensizagem. Os <strong>cursos executivos standard plus <\/strong>consistem  em   20 li\u00e7\u00f5es em grupo, por semana, combinadas com 5, 10, 10 ou 20  li\u00e7\u00f5es   individuais por semana. Os <strong>cursos executivos intensivos  plus <\/strong>consistem em 28 li\u00e7\u00f5es em grupo, semanais, combinadas com  5 ou 10   li\u00e7\u00f5es individuais semanais.<\/p>\n<p><strong>Cursos individuais  especializados <\/strong>s\u00e3o ideais se tiver os   seus interesses ou  necessidades definidos. Estes cursos s\u00e3o estruturados para   \u00e1reas  espec\u00edficas como ingl\u00eas para apresenta\u00e7\u00f5es, farmac\u00eautica, medicina,    financeira, direito, engenharia, viagens e turismo, contabilidade,  seguradoras,   ind\u00fastrias de petr\u00f3leo, marketing, avia\u00e7\u00e3o, reuni\u00f5es e  neg\u00f3cios&#8230; Pode sempre   personalizar o plano das suas li\u00e7\u00f5es assim  como o n\u00famero e frequ\u00eancia das   mesmas.<\/p>\n<p><strong>Todos os professores s\u00e3o  nativos, altamente   qualificados e experientes. <\/strong><\/p>\n<p>Combine o seu curso de ingl\u00eas  profissional com um programa social de   actividades, para aproveitar o  seu tempo ao m\u00e1ximo.<\/p>\n<p><strong>Hastings: <\/strong><\/p>\n<p>\u2022\u00a0 O centro ocupa um edif\u00edcio  vitoriano com vista para o mar<\/p>\n<p>\u2022\u00a0 Suite executiva no segundo  andar<\/p>\n<p>\u2022\u00a0 Centro de aprendizagem  multim\u00e9dia<\/p>\n<p><img loading=\"lazy\" decoding=\"async\" src=\"http:\/\/www.seelearningcenter.pt\/images\/hastings.jpg\" alt=\"\" width=\"250\" height=\"187\" \/><\/p>\n<p>\u2022\u00a0 Biblioteca<\/p>\n<p>\u2022\u00a0 Acesso \u00e0 Internet e correio  electr\u00f3nico<\/p>\n<p>\u2022\u00a0 Livraria de l\u00edngua inglesa<\/p>\n<p>\u2022\u00a0 Cafetaria internacional  para estudantes<\/p>\n<p>\u2022\u00a0 90 minutos de Londres de  comboio<\/p>\n<p>\u2022\u00a0 Transferes do aeroporto  opcionais<\/p>\n<p>\u2022\u00a0 Acomoda\u00e7\u00e3o em <strong>Fam\u00edlias  ou Hotel <\/strong><\/p>\n<p>\u2022\u00a0 Cursos d\u00edspon\u00edveis: <strong>Executivo  Standard, Executivo Intensivo,   Executivo Standard Plus, Executivo  Intensivo Plus, Executivo Individual,   Individual Especializado <\/strong><\/p>\n<p>\u2022\u00a0 M\u00e1ximo de 4 ou 8  participantes na aula (opcional)<\/p>\n<p><strong>Cambridge:<\/strong><\/p>\n<p>\u2022\u00a0 O centro ocupa um edif\u00edcio  eduardiano modernizado<\/p>\n<p>\u2022\u00a0 Terra\u00e7o com jardim<\/p>\n<p>\u2022\u00a0 Centro de aprendizagem  multim\u00e9dia<\/p>\n<p>\u2022\u00a0 Biblioteca<\/p>\n<p>\u2022\u00a0 Acesso \u00e0 Internet e correio  electr\u00f3nico<\/p>\n<p>\u2022\u00a0 Laborat\u00f3rio de v\u00eddeos de  l\u00edngua inglesa<\/p>\n<p>\u2022\u00a0 Cafetaria internacional  para estudantes<\/p>\n<p><img loading=\"lazy\" decoding=\"async\" src=\"http:\/\/www.seelearningcenter.pt\/images\/cambridge.jpg\" alt=\"\" width=\"280\" height=\"271\" \/><\/p>\n<p>\u2022\u00a0 50 minutos de Londres de  comboio<\/p>\n<p>\u2022\u00a0 Transferes do aeroporto  opcional<\/p>\n<p>\u2022\u00a0 Acomoda\u00e7\u00e3o em <strong>Fam\u00edlias  ou Hotel <\/strong><\/p>\n<p>\u2022\u00a0 Cursos dispon\u00edveis: <strong>Executivo  Standard, Executivo Standard Plus,   Executivo Individual, Individual  Especializado <\/strong><\/p>\n<p>\u2022\u00a0 M\u00e1ximo de 4 ou 8  participantes na aula (opcional)<\/p>\n<p><strong>Canterbury: <\/strong><\/p>\n<p>\u2022\u00a0 Cursos leccionados no  Col\u00e9gio Christ Church (Junho\/ Julho) ou na   Universidade de Kent  (Julho\/Agosto)<\/p>\n<p>\u2022\u00a0 Centro de recursos: livros  de texto, computadores, jornais e outros   materiais<\/p>\n<p><img loading=\"lazy\" decoding=\"async\" src=\"http:\/\/www.seelearningcenter.pt\/images\/canterbury1.jpg\" alt=\"\" width=\"250\" height=\"277\" \/><\/p>\n<p>\u2022\u00a0 Acesso \u00e0 biblioteca da  Universidade<\/p>\n<p>\u2022\u00a0 Acomoda\u00e7\u00e3o em <strong>fam\u00edlias <\/strong>(Col\u00e9gio Christ Church) ou <strong>Residencial de estudantes <\/strong>(Universidade  de Kent)<\/p>\n<p><img loading=\"lazy\" decoding=\"async\" src=\"http:\/\/www.seelearningcenter.pt\/images\/canterbury2.jpg\" alt=\"\" width=\"280\" height=\"191\" \/><\/p>\n<p>\u2022\u00a0 Cursos dispon\u00edveis: <strong>Executivo  Individual; Executivo Standard <\/strong>; <strong>Executivo Standard  Plus. <\/strong><\/p>\n<p>\u2022\u00a0 M\u00e1ximo de participantes na  aula: 4; 6 (Julho e Agosto)<\/p>\n<p><strong>Dublin:<\/strong><\/p>\n<p>\u2022\u00a0 Centros localizados no  cora\u00e7\u00e3o de Dublin: um centro em Dame Street (perto   do Col\u00e9gio Trinity e  do Castelo de Dublin; um segundo centro a dois minutos a p\u00e9   de  Grafton Street, a rua de compras mais importante de Dublin.<\/p>\n<p><img loading=\"lazy\" decoding=\"async\" src=\"http:\/\/www.seelearningcenter.pt\/images\/dublin1.jpg\" alt=\"\" width=\"280\" height=\"210\" \/><\/p>\n<p>\u2022\u00a0 Salas de aula com muita  luminosidade e arejadas<\/p>\n<p>\u2022\u00a0 Sala de computadores:  aplica\u00e7\u00f5es de l\u00edngua inglesa, acesso \u00e0 Internet e   correio electr\u00f3nico  gr\u00e1tis<\/p>\n<p><img loading=\"lazy\" decoding=\"async\" src=\"http:\/\/www.seelearningcenter.pt\/images\/dublin3.jpg\" alt=\"\" width=\"280\" height=\"187\" \/><\/p>\n<p>\u2022\u00a0 Sala de conv\u00edvio para  estudantes<\/p>\n<p>\u2022\u00a0 Centro de auto-acesso (com  os v\u00eddeos e cassetes mais actualizados para   ajudar no seu estudo)<\/p>\n<p>\u2022\u00a0 Esta\u00e7\u00f5es de audi\u00e7\u00e3o<\/p>\n<p><img loading=\"lazy\" decoding=\"async\" src=\"http:\/\/www.seelearningcenter.pt\/images\/dublin2.jpg\" alt=\"\" width=\"280\" height=\"210\" \/><\/p>\n<p>\u2022\u00a0 Biblioteca<\/p>\n<p>\u2022\u00a0 Acomoda\u00e7\u00e3o em <strong>Fam\u00edlias,  Residencial de estudantes ou Self-catering <\/strong><\/p>\n<p>\u2022\u00a0 Cursos dispon\u00edveis: <strong>Executivo  Standard; Executivo Individual;   Executivo Intensivo. <\/strong><\/p>\n<p><strong><br \/>\nNova York: <\/strong><\/p>\n<p>\u2022\u00a0 Centro localizado na 7. \u00aa  Avenida, no cora\u00e7\u00e3o de Manhattan<\/p>\n<p>\u2022\u00a0 Suite executiva mobilada  recentemente<\/p>\n<p><img loading=\"lazy\" decoding=\"async\" src=\"http:\/\/www.seelearningcenter.pt\/images\/ny1.jpg\" alt=\"\" width=\"280\" height=\"210\" \/><\/p>\n<p>\u2022\u00a0 \u00c1rea executiva<\/p>\n<p>\u2022\u00a0 Centro de aprendizagem<\/p>\n<p>\u2022\u00a0 Centro multimedia de  computadores<\/p>\n<p><img loading=\"lazy\" decoding=\"async\" src=\"http:\/\/www.seelearningcenter.pt\/images\/ny2.jpg\" alt=\"\" width=\"280\" height=\"174\" \/><\/p>\n<p>\u2022\u00a0 Acesso \u00e0 Internet e correio  electr\u00f3nico<\/p>\n<p>\u2022\u00a0 Salas de aula bem equipadas  e modernas<\/p>\n<p>\u2022\u00a0 Programas de actividades  sociais e excurs\u00f5es organizadas<\/p>\n<p>\u2022\u00a0 Transferes do aeroporto  opcionais<\/p>\n<p>\u2022\u00a0 Acomoda\u00e7\u00e3o em <strong>Fam\u00edlias,  Residencial de Estudantes ou Hotel <\/strong><\/p>\n<p>\u2022\u00a0 Cursos dispon\u00edveis: <strong>Executivo  Standard, Executivo Standard Plus,   Executivo Intensivo, Executivo  Individual <\/strong><\/p>\n<p>\u2022\u00a0 M\u00e1ximo de 4 ou 8  participantes por aula (opcional)<\/p>\n<p><strong>Fort Lauderdale:<\/strong><\/p>\n<p>\u2022\u00a0 Centro situado em &#8220;Las  Olas&#8221;, no centro da cidade, apenas a alguns minutos   do oceano,num  edif\u00edcio moderno<\/p>\n<p>\u2022\u00a0 Suite executiva<\/p>\n<p>\u2022\u00a0 Centro de aprendizagem  executivo<\/p>\n<p>\u2022\u00a0 Acesso \u00e0 Internet e correio  electr\u00f3nico<\/p>\n<p>\u2022\u00a0 Acomoda\u00e7\u00e3o em <strong>Fam\u00edlias,  Residencial de Estudantes (estilo   apartamento) ou Hotel <\/strong><\/p>\n<p>\u2022\u00a0 Cursos dispon\u00edveis: <strong>Executivo  Standard, Executivo Standard Plus,   Executivo Individual <\/strong><\/p>\n<p>\u2022\u00a0 M\u00e1ximo de 4 ou 8  participantes por aula (opcional)<\/p>\n<p><strong><br \/>\nVancouver:<\/strong><\/p>\n<p><img loading=\"lazy\" decoding=\"async\" src=\"http:\/\/www.seelearningcenter.pt\/images\/fort1.jpg\" alt=\"\" width=\"220\" height=\"306\" \/><\/p>\n<p>\u2022\u00a0 Centro situado num edif\u00edcio  moderno do centro da cidade, apenas a alguns   blocos de Robson Street<\/p>\n<p>\u2022\u00a0 Dois centros Multim\u00e9dia de  Computadores<\/p>\n<p>\u2022\u00a0 Acesso \u00e0 Internet e correio  electr\u00f3nico<\/p>\n<p><img loading=\"lazy\" decoding=\"async\" src=\"http:\/\/www.seelearningcenter.pt\/images\/fort2.jpg\" alt=\"\" width=\"280\" height=\"191\" \/><\/p>\n<p>\u2022\u00a0 Terra\u00e7o com uma maravilhosa  vista<\/p>\n<p>\u2022\u00a0 Acomoda\u00e7\u00e3o em <strong>Fam\u00edlias,  Residencial de Estudantes ou Hotel <\/strong><\/p>\n<p>\u2022\u00a0 Cursos dispon\u00edveis: <strong>Executivo  Standard, Executivo Standard Plus,   Executivo Individual <\/strong><\/p>\n<p>\u2022\u00a0 M\u00e1ximo de 4 ou 8  participantes por aula (opcional)<\/p>\n<p><strong><br \/>\nSidney: <\/strong><\/p>\n<p>\u2022\u00a0 Escola situada no centro da  cidade, num edif\u00edcio partilhado pela   Universidade Charles Sturt e  pelo Col\u00e9gio Martin; acesso f\u00e1cil de autocarro<\/p>\n<p>\u2022\u00a0 Suite executiva<\/p>\n<p>\u2022\u00a0 Acesso \u00e0 Internet e correio  electr\u00f3nico<\/p>\n<p>\u2022\u00a0 Biblioteca<\/p>\n<p>\u2022\u00a0 Acomoda\u00e7\u00e3o em <strong>Fam\u00edlias,  Residencial de Estudantes ou Hotel <\/strong><\/p>\n<p>\u2022\u00a0 Cursos dispon\u00edveis: <strong>Executivo  Standard, Executivo Standard Plus,   Executivo Individual <\/strong><\/p>\n<p>\u2022\u00a0 M\u00e1ximo de 4 ou 8  participantes por aula (opcional)<\/p>\n<p><strong><br \/>\nMalta: <\/strong><\/p>\n<p>\u2022\u00a0 Centro situado no cora\u00e7\u00e3o  de St. Julians<\/p>\n<p>\u2022\u00a0 Centro de auto-acesso<\/p>\n<p>\u2022\u00a0 Biblioteca<\/p>\n<p>\u2022\u00a0 Acomoda\u00e7\u00e3o em <strong>Fam\u00edlias  (standard e executivas), Residencial de   Estudantes ou Hotel <\/strong><\/p>\n<p>\u2022\u00a0 Cursos dispon\u00edveis: <strong>Executivo  Standard, Executivo Individual <\/strong><\/p>\n<p>\u2022\u00a0 <strong>30 li\u00e7\u00f5es por  semana <\/strong><\/p>\n<p>\u2022\u00a0 M\u00e1ximo de 5 participantes  por aula (opcional)<\/p>\n","protected":false},"excerpt":{"rendered":"<p>Oferecemos cursos de ingl\u00eas profissional standard ou intensivos, no estrangeiro, no nosso centro ou na sua empresa, durante todo o ano, tanto em grupos pequenos como individuais. Os cursos de ingl\u00eas profissional t\u00eam como objectivo ensinar ingl\u00eas de modo r\u00e1pido e efectivo, num ambiente s\u00e9rio e estimulante, mas descontraido. A imers\u00e3o na l\u00edngua \u00e9 o [&hellip;]<\/p>\n","protected":false},"author":2,"featured_media":2981,"parent":500,"menu_order":4,"comment_status":"open","ping_status":"closed","template":"","meta":{"footnotes":"","_links_to":"","_links_to_target":""},"_links":{"self":[{"href":"https:\/\/seelearningcenter.pt\/pt-pt\/wp-json\/wp\/v2\/pages\/545"}],"collection":[{"href":"https:\/\/seelearningcenter.pt\/pt-pt\/wp-json\/wp\/v2\/pages"}],"about":[{"href":"https:\/\/seelearningcenter.pt\/pt-pt\/wp-json\/wp\/v2\/types\/page"}],"author":[{"embeddable":true,"href":"https:\/\/seelearningcenter.pt\/pt-pt\/wp-json\/wp\/v2\/users\/2"}],"replies":[{"embeddable":true,"href":"https:\/\/seelearningcenter.pt\/pt-pt\/wp-json\/wp\/v2\/comments?post=545"}],"version-history":[{"count":3,"href":"https:\/\/seelearningcenter.pt\/pt-pt\/wp-json\/wp\/v2\/pages\/545\/revisions"}],"predecessor-version":[{"id":555,"href":"https:\/\/seelearningcenter.pt\/pt-pt\/wp-json\/wp\/v2\/pages\/545\/revisions\/555"}],"up":[{"embeddable":true,"href":"https:\/\/seelearningcenter.pt\/pt-pt\/wp-json\/wp\/v2\/pages\/500"}],"wp:featuredmedia":[{"embeddable":true,"href":"https:\/\/seelearningcenter.pt\/pt-pt\/wp-json\/wp\/v2\/media\/2981"}],"wp:attachment":[{"href":"https:\/\/seelearningcenter.pt\/pt-pt\/wp-json\/wp\/v2\/media?parent=545"}],"curies":[{"name":"wp","href":"https:\/\/api.w.org\/{rel}","templated":true}]}}