{"id":544,"date":"2010-07-04T22:54:41","date_gmt":"2010-07-05T02:54:41","guid":{"rendered":"http:\/\/seelearningcenter.pt\/"},"modified":"2010-09-17T22:52:26","modified_gmt":"2010-09-18T02:52:26","slug":"cursos-de-verao","status":"publish","type":"page","link":"https:\/\/seelearningcenter.pt\/pt-pt\/study-abroad-2\/cursos-de-verao\/","title":{"rendered":"Cursos de Ver\u00e3o"},"content":{"rendered":"<table border=\"0\" cellpadding=\"0\" cellspacing=\"0\">\n<tbody>\n<tr>\n<td rowspan=\"3\"><span class=\"texto_normal\"><img loading=\"lazy\" decoding=\"async\" src=\"http:\/\/seelearningcenter.pt\/images\/img_summer.jpg\" height=\"263\" width=\"434\"><\/span><\/td>\n<td rowspan=\"3\"><img loading=\"lazy\" decoding=\"async\" src=\"http:\/\/seelearningcenter.pt\/images\/transp.gif\" height=\"1\" width=\"15\"><\/td>\n<td><span class=\"texto_normal\"><img loading=\"lazy\" decoding=\"async\" src=\"http:\/\/seelearningcenter.pt\/images\/img_summer1.jpg\" height=\"124\" width=\"241\"><\/span><\/td>\n<\/tr>\n<tr>\n<td><img loading=\"lazy\" decoding=\"async\" src=\"http:\/\/seelearningcenter.pt\/images\/transp.gif\" height=\"15\" width=\"1\"><\/td>\n<\/tr>\n<tr>\n<td><span class=\"texto_normal\"><img loading=\"lazy\" decoding=\"async\" src=\"http:\/\/seelearningcenter.pt\/images\/img_summer2.jpg\" height=\"124\" width=\"241\"><\/span><\/td>\n<\/tr>\n<\/tbody>\n<\/table>\n<ul>\n<li class=\"texto_normal\"> Gostaria de praticar o seu ingl\u00eas com nativos da   l\u00edngua?\n<\/li>\n<li class=\"texto_normal\">Gostaria de fazer amigos de todas as partes do   Mundo?\n<\/li>\n<li class=\"texto_normal\">Gostaria de conhecer a cultura dos pa\u00edses de   l\u00edngua inglesa?\n<\/li>\n<li class=\"texto_normal\">Gostaria de ter umas f\u00e9rias diferentes?\n<\/li>\n<\/ul>\n<p class=\"destaques\"><span class=\"texto_normal\"><strong><\/strong><\/span><strong>Nos nossos col\u00e9gios de Ver\u00e3o pode:<\/strong><\/p>\n<ul>\n<li class=\"texto_normal\"> Estudar e desenvolver a l\u00edngua, num ambiente de   aprendizagem ideal;\n<\/li>\n<li class=\"texto_normal\">Fazer amigos;\n<\/li>\n<li class=\"texto_normal\">Praticar desporto;\n<\/li>\n<li class=\"texto_normal\">Conhecer nativos da l\u00edngua;\n<\/li>\n<li class=\"texto_normal\">Visitar locais interessantes;\n<\/li>\n<li class=\"texto_normal\">Divertir-se.<\/li>\n<\/ul>\n<p><strong>Escolas e Col\u00e9gios:<\/strong><\/p>\n<div>\n<ul>\n<li><a href=\"http:\/\/seelearningcenter.pt\/pt-pt\/see-cursos-no-estrangeiro\/reino-unido\/\">Reino Unido<\/a><\/li>\n<li><a href=\"http:\/\/seelearningcenter.pt\/pt-pt\/see-cursos-no-estrangeiro\/irlanda\/\">Irlanda<\/a><\/li>\n<li><a href=\"http:\/\/seelearningcenter.pt\/pt-pt\/see-cursos-no-estrangeiro\/canada\/\">Canad\u00e1<\/a><\/li>\n<li><a href=\"http:\/\/seelearningcenter.pt\/pt-pt\/see-cursos-no-estrangeiro\/estados-unidos-da-america\/\">Estados Unidos da Am\u00e9rica<\/a><\/li>\n<li><a href=\"http:\/\/seelearningcenter.pt\/pt-pt\/see-cursos-no-estrangeiro\/australia\/\">Austr\u00e1lia<\/a><\/li>\n<li><a href=\"http:\/\/seelearningcenter.pt\/pt-pt\/see-cursos-no-estrangeiro\/nova-zelandia\/\">Nova Zel\u00e2ndia<\/a><\/li>\n<li><a href=\"http:\/\/seelearningcenter.pt\/pt-pt\/see-cursos-no-estrangeiro\/alemanha\/\">Alemanha<\/a><\/li>\n<li><a href=\"http:\/\/seelearningcenter.pt\/pt-pt\/see-cursos-no-estrangeiro\/espanha\/\">Espanha<\/a><\/li>\n<li><a href=\"http:\/\/seelearningcenter.pt\/pt-pt\/see-cursos-no-estrangeiro\/italia\/\">It\u00e1lia<\/a><\/li>\n<li><a href=\"http:\/\/seelearningcenter.pt\/pt-pt\/see-cursos-no-estrangeiro\/franca\/\">Fran\u00e7a<\/a><\/li>\n<li><a href=\"http:\/\/seelearningcenter.pt\/pt-pt\/see-cursos-no-estrangeiro\/malta\/\">Malta<\/a><\/li>\n<li><a href=\"http:\/\/seelearningcenter.pt\/pt-pt\/see-cursos-no-estrangeiro\/russia\/\">R\u00fassia<\/a><\/li>\n<li><a href=\"http:\/\/seelearningcenter.pt.\/pt-pt\/see-cursos-no-estrangeiro\/china\/\">China<\/a><\/li>\n<li><a href=\"http:\/\/seelearningcenter.pt\/pt-pt\/see-cursos-no-estrangeiro\/argentina\/\">Argentina<\/a><\/li>\n<li><a href=\"http:\/\/seelearningcenter.pt\/pt-pt\/see-cursos-no-estrangeiro\/chile\/\">Chile<\/a><\/li>\n<li><a href=\"http:\/\/seelearningcenter.pt\/pt-pt\/see-cursos-no-estrangeiro\/africa-do-sul\/\">Africa do Sul<\/a><\/li>\n<\/ul>\n<\/div>\n","protected":false},"excerpt":{"rendered":"<p>Gostaria de praticar o seu ingl\u00eas com nativos da l\u00edngua? Gostaria de fazer amigos de todas as partes do Mundo? Gostaria de conhecer a cultura dos pa\u00edses de l\u00edngua inglesa? Gostaria de ter umas f\u00e9rias diferentes? Nos nossos col\u00e9gios de Ver\u00e3o pode: Estudar e desenvolver a l\u00edngua, num ambiente de aprendizagem ideal; Fazer amigos; Praticar [&hellip;]<\/p>\n","protected":false},"author":2,"featured_media":2886,"parent":500,"menu_order":3,"comment_status":"open","ping_status":"closed","template":"","meta":{"footnotes":"","_links_to":"","_links_to_target":""},"_links":{"self":[{"href":"https:\/\/seelearningcenter.pt\/pt-pt\/wp-json\/wp\/v2\/pages\/544"}],"collection":[{"href":"https:\/\/seelearningcenter.pt\/pt-pt\/wp-json\/wp\/v2\/pages"}],"about":[{"href":"https:\/\/seelearningcenter.pt\/pt-pt\/wp-json\/wp\/v2\/types\/page"}],"author":[{"embeddable":true,"href":"https:\/\/seelearningcenter.pt\/pt-pt\/wp-json\/wp\/v2\/users\/2"}],"replies":[{"embeddable":true,"href":"https:\/\/seelearningcenter.pt\/pt-pt\/wp-json\/wp\/v2\/comments?post=544"}],"version-history":[{"count":10,"href":"https:\/\/seelearningcenter.pt\/pt-pt\/wp-json\/wp\/v2\/pages\/544\/revisions"}],"predecessor-version":[{"id":2093,"href":"https:\/\/seelearningcenter.pt\/pt-pt\/wp-json\/wp\/v2\/pages\/544\/revisions\/2093"}],"up":[{"embeddable":true,"href":"https:\/\/seelearningcenter.pt\/pt-pt\/wp-json\/wp\/v2\/pages\/500"}],"wp:featuredmedia":[{"embeddable":true,"href":"https:\/\/seelearningcenter.pt\/pt-pt\/wp-json\/wp\/v2\/media\/2886"}],"wp:attachment":[{"href":"https:\/\/seelearningcenter.pt\/pt-pt\/wp-json\/wp\/v2\/media?parent=544"}],"curies":[{"name":"wp","href":"https:\/\/api.w.org\/{rel}","templated":true}]}}