{"id":542,"date":"2010-07-04T22:52:18","date_gmt":"2010-07-05T02:52:18","guid":{"rendered":"http:\/\/seelearningcenter.pt\/"},"modified":"2010-10-14T07:06:43","modified_gmt":"2010-10-14T11:06:43","slug":"visitas-de-estudo","status":"publish","type":"page","link":"https:\/\/seelearningcenter.pt\/pt-pt\/study-abroad-2\/visitas-de-estudo\/","title":{"rendered":"Visitas de Estudo"},"content":{"rendered":"<table cellpadding=\"5\" width=\"100%\">\n<tbody>\n<tr>\n<td align=\"center\" valign=\"middle\"><img loading=\"lazy\" decoding=\"async\" class=\"aligncenter size-medium wp-image-2920\" title=\"SEE Hampton Court\" src=\"http:\/\/seelearningcenter.pt\/wp-content\/uploads\/2010\/06\/SEE-Hampton-Court-300x200.jpg\" alt=\"\" width=\"240\" height=\"160\" srcset=\"https:\/\/seelearningcenter.pt\/wp-content\/uploads\/2010\/06\/SEE-Hampton-Court-300x200.jpg 300w, https:\/\/seelearningcenter.pt\/wp-content\/uploads\/2010\/06\/SEE-Hampton-Court.jpg 750w\" sizes=\"(max-width: 240px) 100vw, 240px\" \/><img loading=\"lazy\" decoding=\"async\" class=\"size-medium wp-image-2894 aligncenter\" title=\"SEE Greenwich London\" src=\"http:\/\/seelearningcenter.pt\/wp-content\/uploads\/2010\/07\/SEE-Greenwich-London1-300x200.jpg\" alt=\"\" width=\"240\" height=\"160\" srcset=\"https:\/\/seelearningcenter.pt\/wp-content\/uploads\/2010\/07\/SEE-Greenwich-London1-300x200.jpg 300w, https:\/\/seelearningcenter.pt\/wp-content\/uploads\/2010\/07\/SEE-Greenwich-London1.jpg 750w\" sizes=\"(max-width: 240px) 100vw, 240px\" \/><img loading=\"lazy\" decoding=\"async\" class=\"aligncenter size-full wp-image-2930\" title=\"studytour-5\" src=\"http:\/\/seelearningcenter.pt\/wp-content\/uploads\/2010\/06\/studytour-5.jpg\" alt=\"\" width=\"240\" height=\"161\" \/><\/td>\n<td width=\"10px\"><\/td>\n<td>Bem-vindo!<\/p>\n<p>A See   Learning Center oferece uma vasta  selec\u00e7\u00e3o de programas para  visitas de estudo   j\u00e1 elaborados ou  compilados \u00e0 sua medida, com  acomoda\u00e7\u00e3o em fam\u00edlias de   acolhimento,  pousada de juventude,  residencial de estudantes ou hotel.<\/p>\n<p>Se tem um  programa de visita de estudo espec\u00edfico que   deseja ver realizado, n\u00f3s  estamos \u00e0 sua inteira disposi\u00e7\u00e3o!<\/p>\n<p><strong>As visitas de estudo  s\u00e3o ideais para grupos de   alunos e  professores, que conhecem outro  pa\u00eds enquanto aprendem a l\u00edngua e se    divertem.<\/strong><\/p>\n<p>Escolha entre uma larga  variedade de possibilidades   &#8211; Londres,  Edimburgo e Lochness, Oxford e o  pa\u00eds de Shakespeare, Tour Brit\u00e2nico,    Bath e Stonehenge &#8211; s\u00f3 para  nomear alguns.<\/p>\n<p>Combine aulas de ingl\u00eas  com um programa completo de   excurs\u00f5es &#8211; experimente as vistas e os  sons da &#8220;verdadeira&#8221; Brit\u00e2nia!<\/td>\n<\/tr>\n<tr>\n<td colspan=\"3\" align=\"center\" valign=\"middle\"><img loading=\"lazy\" decoding=\"async\" class=\"size-medium wp-image-2902 alignnone\" title=\"SEE TOWER BRIDGE\" src=\"http:\/\/www.seelearningcenter.pt\/wp-content\/uploads\/2010\/07\/SEE-TOWER-BRIDGE-300x248.jpg\" alt=\"\" width=\"240\" height=\"198\" srcset=\"https:\/\/seelearningcenter.pt\/wp-content\/uploads\/2010\/07\/SEE-TOWER-BRIDGE-300x248.jpg 300w, https:\/\/seelearningcenter.pt\/wp-content\/uploads\/2010\/07\/SEE-TOWER-BRIDGE.jpg 724w\" sizes=\"(max-width: 240px) 100vw, 240px\" \/><img loading=\"lazy\" decoding=\"async\" class=\"size-full wp-image-2928 alignnone\" title=\"studytour-3\" src=\"http:\/\/seelearningcenter.pt\/wp-content\/uploads\/2010\/06\/studytour-3.jpg\" alt=\"\" width=\"136\" height=\"204\" \/><img loading=\"lazy\" decoding=\"async\" class=\"alignnone size-medium wp-image-2927\" title=\"studytour-2\" src=\"http:\/\/seelearningcenter.pt\/wp-content\/uploads\/2010\/06\/studytour-2-199x300.jpg\" alt=\"\" width=\"135\" height=\"203\" srcset=\"https:\/\/seelearningcenter.pt\/wp-content\/uploads\/2010\/06\/studytour-2-199x300.jpg 199w, https:\/\/seelearningcenter.pt\/wp-content\/uploads\/2010\/06\/studytour-2.jpg 200w\" sizes=\"(max-width: 135px) 100vw, 135px\" \/><img loading=\"lazy\" decoding=\"async\" class=\"alignnone size-full wp-image-2929\" title=\"studytour-4\" src=\"http:\/\/seelearningcenter.pt\/wp-content\/uploads\/2010\/06\/studytour-4.jpg\" alt=\"\" width=\"135\" height=\"203\" \/><\/td>\n<\/tr>\n<\/tbody>\n<\/table>\n","protected":false},"excerpt":{"rendered":"<p>Bem-vindo! A See Learning Center oferece uma vasta selec\u00e7\u00e3o de programas para visitas de estudo j\u00e1 elaborados ou compilados \u00e0 sua medida, com acomoda\u00e7\u00e3o em fam\u00edlias de acolhimento, pousada de juventude, residencial de estudantes ou hotel. Se tem um programa de visita de estudo espec\u00edfico que deseja ver realizado, n\u00f3s estamos \u00e0 sua inteira disposi\u00e7\u00e3o! [&hellip;]<\/p>\n","protected":false},"author":2,"featured_media":2948,"parent":500,"menu_order":2,"comment_status":"open","ping_status":"closed","template":"","meta":{"footnotes":"","_links_to":"","_links_to_target":""},"_links":{"self":[{"href":"https:\/\/seelearningcenter.pt\/pt-pt\/wp-json\/wp\/v2\/pages\/542"}],"collection":[{"href":"https:\/\/seelearningcenter.pt\/pt-pt\/wp-json\/wp\/v2\/pages"}],"about":[{"href":"https:\/\/seelearningcenter.pt\/pt-pt\/wp-json\/wp\/v2\/types\/page"}],"author":[{"embeddable":true,"href":"https:\/\/seelearningcenter.pt\/pt-pt\/wp-json\/wp\/v2\/users\/2"}],"replies":[{"embeddable":true,"href":"https:\/\/seelearningcenter.pt\/pt-pt\/wp-json\/wp\/v2\/comments?post=542"}],"version-history":[{"count":12,"href":"https:\/\/seelearningcenter.pt\/pt-pt\/wp-json\/wp\/v2\/pages\/542\/revisions"}],"predecessor-version":[{"id":2945,"href":"https:\/\/seelearningcenter.pt\/pt-pt\/wp-json\/wp\/v2\/pages\/542\/revisions\/2945"}],"up":[{"embeddable":true,"href":"https:\/\/seelearningcenter.pt\/pt-pt\/wp-json\/wp\/v2\/pages\/500"}],"wp:featuredmedia":[{"embeddable":true,"href":"https:\/\/seelearningcenter.pt\/pt-pt\/wp-json\/wp\/v2\/media\/2948"}],"wp:attachment":[{"href":"https:\/\/seelearningcenter.pt\/pt-pt\/wp-json\/wp\/v2\/media?parent=542"}],"curies":[{"name":"wp","href":"https:\/\/api.w.org\/{rel}","templated":true}]}}