{"id":538,"date":"2010-07-04T22:31:25","date_gmt":"2010-07-05T02:31:25","guid":{"rendered":"http:\/\/seelearningcenter.pt\/"},"modified":"2010-07-08T05:02:28","modified_gmt":"2010-07-08T09:02:28","slug":"bem-vindo-a-lisboa","status":"publish","type":"page","link":"https:\/\/seelearningcenter.pt\/pt-pt\/learning-portuguese-ple-2\/bem-vindo-a-lisboa\/","title":{"rendered":"Bem-vindo a Lisboa"},"content":{"rendered":"<table border=\"0\" cellspacing=\"0\" cellpadding=\"0\" width=\"100%\">\n<tbody>\n<tr>\n<td width=\"42%\"><img loading=\"lazy\" decoding=\"async\" src=\"http:\/\/www.seelearningcenter.pt\/images\/lisboa1.jpg\" alt=\"\" width=\"288\" height=\"191\" \/><\/td>\n<td width=\"2%\"><img loading=\"lazy\" decoding=\"async\" src=\"http:\/\/www.seelearningcenter.pt\/images\/transp.gif\" alt=\"\" width=\"15\" height=\"1\" \/><\/td>\n<td width=\"56%\">&#8220;O caf\u00e9 \u00e9 uma  das fei\u00e7\u00f5es mais caracter\u00edsticas de uma terra. O viajante experimentado  e fino chega a qualquer parte, entra no caf\u00e9, observa-o, examina-o,  estuda-o, e tem conhecido o pa\u00eds em que est\u00e1, o seu governo, as suas  leis, os seus costumes, a sua religi\u00e3o.&#8221;<br \/>\n<span style=\"color: #000000;\"><em>Almeida Garret, Viagens na  Minha Terra<\/em><\/span><\/td>\n<\/tr>\n<\/tbody>\n<\/table>\n<p>Dar as boas-vindas a Lisboa \u00e9 dar  as boas-vindas \u00e0 mais solarenga de todas as capitais da Europa. Do alto  das colinas, Lisboa cumprimenta quem a ela chega trazido pelo choro das  guitarras que entoam o fat\u00eddico destino do fado. Capital milenar, a  cidade arranja-se todos os dias para descer a tradicional cal\u00e7ada de  ruas \u00edngremes e becos com tantas sa\u00eddas.<\/p>\n<p>Com uma hist\u00f3ria rica em conquistas e contratempos, em  vit\u00f3rias e derrotas, quem por ela passa leva consigo o bacalhau e o  cozido \u00e0 portuguesa, mas tamb\u00e9m n\u00e3o esquece outros temperos, que Lisboa \u00e9  cidade de partidas e chegadas e outros sabores ela guarda.<\/p>\n<p>S\u00e3o os bairros como Alfama que lhe d\u00e3o a fama de  casti\u00e7a, as Avenidas, como a da Liberdade, que a trajam a bom porte e as  arrumadas ruas, como as de Campo de Ourique, que lhe d\u00e3o personalidade.<\/p>\n<p>E se um caf\u00e9 diz muito de uma cidade, convidamo-lo a  sentar-se na Brasileira e descobrir o que a esta cidade ainda n\u00e3o lhe  disse.<\/p>\n<p>Seja bem-vindo a Lisboa.<\/p>\n<p><a id=\"1\" name=\"1\"><\/a><strong>Hist\u00f3ria  da cidade:<\/strong><\/p>\n<table border=\"0\" cellspacing=\"0\" cellpadding=\"0\" width=\"100%\">\n<tbody>\n<tr>\n<td width=\"42%\"><img loading=\"lazy\" decoding=\"async\" src=\"http:\/\/www.seelearningcenter.pt\/images\/lisboa2.jpg\" alt=\"\" width=\"288\" height=\"191\" \/><\/td>\n<td width=\"2%\"><img loading=\"lazy\" decoding=\"async\" src=\"http:\/\/www.seelearningcenter.pt\/images\/transp.gif\" alt=\"\" width=\"15\" height=\"1\" \/><\/td>\n<td width=\"56%\">Localizada no  estu\u00e1rio do Rio Tejo, sobre a Costa Oeste do Oceano Atl\u00e2ntico, Lisboa \u00e9 a  mais antiga cidade capital do continente europeu.<\/p>\n<p>Com honrosos tr\u00eas mil\u00e9nios de hist\u00f3ria e o t\u00edtulo de  capital conquistado em 1147, Lisboa renova-se num bairrismo revivalista  e numa modernidade multicultural.<\/td>\n<\/tr>\n<\/tbody>\n<\/table>\n<p>Cidades cosmopolitas, no seu  concelho vivem aproximadamente 556 797 habitantes,numa \u00e1rea  metropolitana envolvente de cerca de 84 Km2. J\u00e1 a zona da Grande Lisboa  ocupa cerca de 2750 Km2 e tem cerca de 2,1 milh\u00f5es de habitantes. O  concelho de Lisboa divide-se em 53 freguesias, fazendo fronteira com  munic\u00edpios como Odivelas e Loures (a norte), Oeiras (a oeste), Amadora  (a este) e a sudeste com o estu\u00e1rio do Tejo,<\/p>\n<p>tamb\u00e9m conhecido como Mar da Palha, o qual a une aos  concelhos de Almada, Seixal, Barreiro, Moita, Montijo e Alcochete.<\/p>\n<p>Sobre as Sete Colinas, com uma cal\u00e7ada de ruas estreitas  e uma vista panor\u00e2mica, a cidade est\u00e1 recheada de hist\u00f3rias coloridas,  culturas fascinantes e bairros charmosos, atraindo cada vez mais  estudantes estrangeiros que anseiam aprender a L\u00edngua Portuguesa. No seu  cora\u00e7\u00e3o polvilham bairros acolhedores, todos com o seu pr\u00f3prio sabor:  Alfama, Chiado, Mouraria, Bairro Alto, Estrela, Bel\u00e9m, Ajuda e tantos  outros,<br \/>\ntodos a colorir a cidade onde as colinas dormem sobre o  rio. Com um mapa na m\u00e3o, estar\u00e1 apto a trilhar o seu pr\u00f3prio caminho.<\/p>\n<p>Diz a lenda popular que foi Ulisses quem fundou a  cidade, mas a hist\u00f3ria \u00e9 mais exacta e atribui aos Fen\u00edcios os louros,  isto l\u00e1 por volta de 1200 a C. Aos senhores da funda\u00e7\u00e3o seguiram-se os  Romanos, liderados por Decimus Junius Brutus, na conquista da Lusit\u00e2nia.  E fizeram de Lisboa uma importante pra\u00e7a comercial.<\/p>\n<p>Com a queda dos Romanos, os Germanos seguem saqueando o  Olissipo e depois deles os V\u00e2ndalos, no s\u00e9culo V, seguindo-se os Alanos e  os Godos at\u00e9 que a cidade v\u00ea, finalmente, chegar Remismundo, em 468,  que integra Lisboa no Reino Suevo, o qual tinha Braga como capital,  outra bel\u00edssima cidade de Portugal.<\/p>\n<p>Ulishbona, chamar-lhe-iam assim quando, no s\u00e9culo VI, os  Visigodos unificaram a Pen\u00ednsula Ib\u00e9rica. Ainda antes do Cerco de  Lisboa, em 1147, a cidade viu mu\u00e7ulmanos tomarem-lhe as encostas, mas a  for\u00e7a de Martim Moniz, que deu o corpo pela bela amada, e a ast\u00facia dos  cruzados d\u00e3o a Dom Afonso Henriques o reino da cidade.<\/p>\n<p>Decorria o dia 1 de Novembro do mesmo ano. E Lisboa  cresce e Dom Afonso III de Portugal ao ver tamanha prosperidade faz dela  capital.<\/p>\n<p>Est\u00e1vamos no ano de 1256.<\/p>\n<p>Seguiu-se o per\u00edodo hist\u00f3rico dos Descobrimentos e  Lisboa tornou-se na Senhora dos Mares, com os lisboetas a receberem  navegantes com luxuosos gostos vindos de toda a Europa, mas tamb\u00e9m  escravos vindos de \u00c1frica e at\u00e9 alguns indianos, chineses, japoneses e  \u00edndios do Brasil.<\/p>\n<p>Grandes casas de com\u00e9rcio s\u00e3o criadas na capital, a mais  famosa de todas de seu nome Casa da \u00cdndia. O interesse pela cultura e a  constru\u00e7\u00e3o de grandes obras acompanham esta Lisboa dos navegantes,  sendo disso exemplo o Mosteiro dos Jer\u00f3nimos e a Torre de Bel\u00e9m,  constru\u00eddos ao estilo Manuelino, mas tamb\u00e9m o Forte de S\u00e3o Juli\u00e3o da  Barra, o Terreiro do Pa\u00e7o e o Pal\u00e1cio Real, mais tarde destru\u00eddo. \u00c9  tamb\u00e9m nesta altura que as Letras e Ci\u00eancias atingem not\u00e1vel esmero, com  Lu\u00eds Vaz de Cam\u00f5es \u00e0 cabe\u00e7a da Gera\u00e7\u00e3o de Ouro.<\/p>\n<p>E prosseguimos at\u00e9 1 de Novembro de 1775, dia de Todos  os Santos e quando se d\u00e1, pelas 09.45H, o terramoto de Lisboa. A cidade  encontra no Ministro da Guerra e dos Neg\u00f3cios Estrangeiros, de nome  Sebasti\u00e3o Jos\u00e9 de Carvalho e Melo, sobejamente conhecido por Marqu\u00eas de  Pombal, uma nova vida. Renasce a zona da Baixa Pombalina, do Terreiro do  Pa\u00e7o e da Pra\u00e7a da Figueira.<\/p>\n<p>E Lisboa vai descendo os s\u00e9culos, quase esquecida pelo  protagonismo anunciado das cidades coloniais de Angola e Mo\u00e7ambique, at\u00e9  que Fontes Pereira de Melo lhe renova o charme e leva-a ao encontro dos  grandes empreendimentos. Uma nova Lisboa cresce nas Avenidas Novas e em  bairros como Campo de Ourique.<\/p>\n<p>Com o 25 de Abril vem a revolu\u00e7\u00e3o e a moderniza\u00e7\u00e3o e  Lisboa v\u00ea-se ao espelho naquela que foi a primeira opera\u00e7\u00e3o pol\u00edtica da  cidade e que a colocou como Capital Europeia da Cultura em 1994. Outros  voltariam a visit\u00e1-la em 1998, com a zona Oriental recuperada e uma  Exposi\u00e7\u00e3o Mundial dos Oceanos a abrir-lhe os horizontes.<\/p>\n<table border=\"0\" cellspacing=\"0\" cellpadding=\"0\" width=\"100%\">\n<tbody>\n<tr>\n<td width=\"42%\"><img loading=\"lazy\" decoding=\"async\" src=\"http:\/\/www.seelearningcenter.pt\/images\/lisboa13.jpg\" alt=\"\" width=\"288\" height=\"191\" \/><\/td>\n<td width=\"2%\"><img loading=\"lazy\" decoding=\"async\" src=\"http:\/\/www.seelearningcenter.pt\/images\/transp.gif\" alt=\"\" width=\"15\" height=\"1\" \/><\/td>\n<td width=\"56%\">Outras hist\u00f3rias  ter\u00e1 esta cidade, onde se cruzam mundos e culturas e os seus cidad\u00e3os  recebem de bra\u00e7os abertos os estrangeiros que a visitam, como se de  senhores da casa se tratassem.<\/p>\n<p>\u00c9 por isso que na See Learning Center as actividades  culturais e os passeios pela cidade s\u00e3o t\u00e3o cuidadosamente planeados.<\/p>\n<p>Para que leve consigo o Fado, esse estilo musical  t\u00e3o portugu\u00eas, que v\u00ea derivar a sua raiz etimol\u00f3gica<br \/>\ndo latim factum (destino) e cuja origem vive  escondida nas tabernas da Mouraria.<\/td>\n<\/tr>\n<\/tbody>\n<\/table>\n<p><a id=\"2\" name=\"2\"><\/a><strong>Santo Ant\u00f3nio de Lisboa<\/strong><\/p>\n<p>Na noite de 12 de Junho, feriado na cidade, as Marchas  de Lisboa percorrem a Avenida da Liberdade: todos os grupos recreativos e  associa\u00e7\u00f5es dos bairros lisboetas descem a Avenida da Liberdade  competindo pelo t\u00edtulo de melhor marcha, traje, m\u00fasica e coreografia. A  melhor marcha ganha um pr\u00e9mio. Inspirados no tema \u201cLisboa\u201d, os vinte  participantes na marcha d\u00e3o corpo a um evento \u00fanico na cultura<br \/>\nfolcl\u00f3rica portuguesa.<\/p>\n<table border=\"0\" cellspacing=\"0\" cellpadding=\"0\" width=\"100%\">\n<tbody>\n<tr>\n<td width=\"42%\"><img loading=\"lazy\" decoding=\"async\" src=\"http:\/\/www.seelearningcenter.pt\/images\/lisboa3.jpg\" alt=\"\" width=\"288\" height=\"191\" \/><\/td>\n<td width=\"2%\"><img loading=\"lazy\" decoding=\"async\" src=\"http:\/\/www.seelearningcenter.pt\/images\/transp.gif\" alt=\"\" width=\"15\" height=\"1\" \/><\/td>\n<td width=\"56%\">Na realidade,  durante todo o m\u00eas de Junho, m\u00eas dos Santos Populares, as noites de  Lisboa enchem-se de animados festivais que tomam o centro hist\u00f3rico da  cidade e os bairros t\u00edpicos. Do Castelo \u00e0 Mouraria, da Gra\u00e7a \u00e0 Alfama e  da Ajuda ao Bairro Alto, todos tomam parte nesta festa.<\/p>\n<p>As ruas s\u00e3o decoradas com bandeiras, iluminadas com  psicad\u00e9licas luzes e inundadas pelo som da m\u00fasica nos coretos dos bailes  populares.<\/p>\n<p>H\u00e1 tamb\u00e9m as tradicionais sardinhas grelhadas na  brasa, comidas no prato ou no p\u00e3o, e o tradicional manjerico acompanhado  por um poema em honra de Santo Ant\u00f3nio, patrono de Lisboa e Santo  casamenteiro.<\/td>\n<\/tr>\n<\/tbody>\n<\/table>\n<p><a id=\"3\" name=\"3\"><\/a><strong>Comer fora<\/strong><\/p>\n<p>Em Lisboa, comer \u00e9 sempre uma experi\u00eancia maravilhosa. A  gastronomia tradicional portuguesa significa cultura, imagina\u00e7\u00e3o e bom  gosto.<\/p>\n<table border=\"0\" cellspacing=\"0\" cellpadding=\"0\" width=\"100%\">\n<tbody>\n<tr>\n<td width=\"42%\"><img loading=\"lazy\" decoding=\"async\" src=\"http:\/\/www.seelearningcenter.pt\/images\/lisboa4.jpg\" alt=\"\" width=\"288\" height=\"191\" \/><\/td>\n<td width=\"2%\"><img loading=\"lazy\" decoding=\"async\" src=\"http:\/\/www.seelearningcenter.pt\/images\/transp.gif\" alt=\"\" width=\"15\" height=\"1\" \/><\/td>\n<td width=\"56%\">Dos tradicionais  restaurantes portugueses, aos acolhedores caf\u00e9s, passando pela cozinha  internacional, h\u00e1 em Lisboa uma cornuc\u00f3pia de sabores para degustar.<\/p>\n<p>Aprecie um jantar ao som das guitarras que comp\u00f5em o  Fado, a mais tradicional can\u00e7\u00e3o lisboeta, ou v\u00e1 provar um bife  acompanhado da verdadeira cerveja nas Cervejarias tradicionais.<\/td>\n<\/tr>\n<\/tbody>\n<\/table>\n<p><a id=\"4\" name=\"4\"><\/a><strong>Lisboa  a p\u00e9<\/strong><\/p>\n<table border=\"0\" cellspacing=\"0\" cellpadding=\"0\" width=\"100%\">\n<tbody>\n<tr>\n<td width=\"42%\"><img loading=\"lazy\" decoding=\"async\" src=\"http:\/\/www.seelearningcenter.pt\/images\/lisboa6.jpg\" alt=\"\" width=\"288\" height=\"191\" \/><\/td>\n<td width=\"2%\"><img loading=\"lazy\" decoding=\"async\" src=\"http:\/\/www.seelearningcenter.pt\/images\/transp.gif\" alt=\"\" width=\"15\" height=\"1\" \/><\/td>\n<td width=\"56%\">Aprecie a vista  da Zona Oriental da cidade, a qual ganhou nova vida para receber a Expo  98.<\/p>\n<p>Andando de bicicleta, ou num calmo passeio pedestre,  tire partido das intermin\u00e1veis actividades que decorrem no Parque das  Na\u00e7\u00f5es.<\/p>\n<p>Passeie calmamente pela Rua Augusta e entretenhase  fazendo compras, ou visitando o Jardim Zool\u00f3gico de Lisboa, um dos mais  antigos do mundo.<\/td>\n<\/tr>\n<\/tbody>\n<\/table>\n<p>A cidade tem muitos est\u00e1dios e os  clubes desportivos s\u00e3o acarinhados com orgulho.<\/p>\n<p>Experimente assistir a um dos seus jogos de futebol.<\/p>\n<p>Na \u00e9poca de ver\u00e3o as temperaturas convidam a sair \u00e0 rua e  desfrutar do ambiente vivido na cidade, onde os festivais, as idas ao  cinema, os concertos e as pe\u00e7as de teatro, marchas e folclores, marcam a  agenda dos eventos que lhe permitem gozar em pleno os dias e as noites  de Lisboa. O hist\u00f3rico bairro que vai da Pra\u00e7a do Com\u00e9rcio at\u00e9 \u00e0 Baixa e  ao Chiado, a cosmopolita Avenida da Liberdade, bem como as mais  variadas avenidas e ruas juntam-se para receber as Festas de Lisboa e  dar as boas-vindas a todos os que nesta cidade vivem ou que a visitam.<\/p>\n<p><a id=\"5\" name=\"5\"><\/a><strong>Lisboa  \u00e0 noite<\/strong><\/p>\n<p>Ao anoitecer, discotecas,  pubs e casa de fado avivam a cidade, convidando todos a desfrutar de  bons momentos.<\/p>\n<table border=\"0\" cellspacing=\"0\" cellpadding=\"0\" width=\"100%\">\n<tbody>\n<tr>\n<td width=\"42%\"><img loading=\"lazy\" decoding=\"async\" src=\"http:\/\/www.seelearningcenter.pt\/images\/lisboa7.jpg\" alt=\"\" width=\"288\" height=\"191\" \/><\/td>\n<td width=\"2%\"><img loading=\"lazy\" decoding=\"async\" src=\"http:\/\/www.seelearningcenter.pt\/images\/transp.gif\" alt=\"\" width=\"15\" height=\"1\" \/><\/td>\n<td width=\"56%\">Para quem chega,  as casas de fado s\u00e3o obrigat\u00f3rio ponto de passagem.<\/p>\n<p>Delicie-se com um tradicional prato de bacalhau  regado com o bom vinho regional e acompanhado pelas vozes e guitarras  que fazem do Fado o inesquec\u00edvel cart\u00e3o de visita lisboeta.<\/p>\n<p>Se preferir um estilo mais ecl\u00e9ctico, encontra  restaurantes que acolhem artistas, escritores, m\u00fasicos e pol\u00edticos da  sociedade portuguesa, bem como intelectuais de todo o mundo. Ainda na  velha Lisboa, pode deliciar-se com a cozinha assinada pelos chiefs  portugueses.<\/p>\n<p>Para dan\u00e7ar, bem junto \u00e0 zona Ribeirinha, pode  contar com os DJ\u2019s e animadores ou, l\u00e1 para os lados de Santos, o charme  e cosmopolitismo das discotecas.<\/td>\n<\/tr>\n<\/tbody>\n<\/table>\n<p>Se gosta de ritmos a lembrarem  outros tempos, o Hard Rock Caf\u00e9 tamb\u00e9m espera por si. Em Lisboa,  infind\u00e1veis horas de divertimento v\u00e3o ao seu encontro.<\/p>\n<p><a id=\"6\" name=\"6\"><\/a><strong>Compras<\/strong><\/p>\n<p>Lisboa tem tudo. Das famosas  lojas de moda ao com\u00e9rcio de rua, de boutiques de estilistas a modernos  centros comerciais, mercados&#8230; experimente o contraste entre o com\u00e9rcio  tradicional e o moderno.<\/p>\n<table border=\"0\" cellspacing=\"0\" cellpadding=\"0\" width=\"100%\">\n<tbody>\n<tr>\n<td width=\"42%\"><img loading=\"lazy\" decoding=\"async\" src=\"http:\/\/www.seelearningcenter.pt\/images\/lisboa8.jpg\" alt=\"\" width=\"288\" height=\"191\" \/><\/td>\n<td width=\"2%\"><img loading=\"lazy\" decoding=\"async\" src=\"http:\/\/www.seelearningcenter.pt\/images\/transp.gif\" alt=\"\" width=\"15\" height=\"1\" \/><\/td>\n<td width=\"56%\">Uma das zonas  comerciais mais antigas de Lisboa \u00e9 a \u201cBaixa\u201d. Vai desde o Rossio \u00e0 Rua  Augusta e \u00e0s suas transversais e do Chiado \u00e0 Avenida da Liberdade.<\/p>\n<p>Encontrar\u00e1 facilmente nomes relacionados com o  of\u00edcio em tempos praticado em determinadas ruas: Rua da Prata, Rua do  Ouro, Rua dos Ferreiros, etc.<\/p>\n<p>Com a grande variedade de com\u00e9rcio concentrado, se  procura j\u00f3ias, vestu\u00e1rio, acess\u00f3rios, rel\u00f3gios, presentes ou souvenirs,  existe uma \u00e1rea em Lisboa para si.<\/p>\n<p>Encontra centros comerciais (Shopping Centres) um  pouco por toda a cidade. Maiores ou mais pequenos, todos far\u00e3o o seu  melhor para satisfazer as suas necessidades. Os maiores abrem todos os  dias entre as 10h00 \u00e0s 00h00 &#8211; para\u00edso das compras.<\/td>\n<\/tr>\n<\/tbody>\n<\/table>\n<table border=\"0\" cellspacing=\"0\" cellpadding=\"0\" width=\"100%\">\n<tbody>\n<tr>\n<td width=\"42%\"><img loading=\"lazy\" decoding=\"async\" src=\"http:\/\/www.seelearningcenter.pt\/images\/lisboa14.jpg\" alt=\"\" width=\"288\" height=\"421\" \/><\/td>\n<td width=\"2%\"><img loading=\"lazy\" decoding=\"async\" src=\"http:\/\/www.seelearningcenter.pt\/images\/transp.gif\" alt=\"\" width=\"15\" height=\"1\" \/><\/td>\n<td width=\"56%\"><a id=\"7\" name=\"7\"><\/a><strong>Informa\u00e7\u00f5es \u00fateis:<\/strong><\/p>\n<p>Fuso hor\u00e1rio: GMT+1  (Ver\u00e3o)<\/p>\n<p>EUA \/ Los Angeles: -8H<\/p>\n<p>EUA\/ Nova Iorque: -5H<\/p>\n<p>Brasil\/ Bras\u00edlia: -3H<\/p>\n<p>Reino Unido\/ Londres: =<\/p>\n<p>\u00c1frica do Sul \/ Cidade do Cabo: -2H<\/p>\n<p>Fran\u00e7a\/ Paris; Alemanha\/ Bonn; Holanda\/ Amsterd\u00e3o;  It\u00e1lia\/ Roma; Noruega\/ Oslo; Espanha\/ Madrid; Su\u00e9cia\/ Estocolmo: +1H<\/p>\n<p>Jap\u00e3o\/T\u00f3quio: +9H<\/p>\n<p>Austr\u00e1lia\/ Camberra: +10H<\/td>\n<\/tr>\n<\/tbody>\n<\/table>\n<p><strong><a id=\"8\" name=\"8\"><\/a>Moeda<\/strong><strong> <\/strong><\/p>\n<p><strong> <\/strong>Euro (desde 2002). 1 Euro divide-se em 100  C\u00eantimos. Existem moedas de 1,2,5,10,20 e 50 c\u00eantimos e de 1 e 2 Euros.  As notas distinguem-se pelo seu tamanho e cor e t\u00eam o seguinte valor:  5,10,20,50,100,200 e 500 Euros. Em Portugal, os pagamentos podem ser  feitos em dinheiro, transfer\u00eancia banc\u00e1ria, cheque, cart\u00e3o de cr\u00e9dito e  cart\u00e3o de d\u00e9bito.<\/p>\n<p><strong><a id=\"9\" name=\"9\"><\/a>Temperatura<\/strong><strong> <\/strong><\/p>\n<p><strong> <\/strong>A Primavera e o Outono s\u00e3o amenas (m\u00e9dia de  14.\u00ba C), com sol e alguma nebulosidade. Os meses de Ver\u00e3o s\u00e3o solarengos  e quentes, ainda que com alguma humidade e brisa mar\u00edtima (as  temperaturas variam entre os 16.\u00baC e os 37.\u00baC),<br \/>\nfrutos da localiza\u00e7\u00e3o da cidade junto ao mar. Os  Invernos s\u00e3o normalmente chuvosos e frios, registando, contudo, alguns  dias de sol com temperaturas a fixarem-se, em m\u00e9dia, nos 12.\u00baC.  Raramente neva. Em m\u00e9dia, h\u00e1 3300 horas de sol por ano.<\/p>\n<table border=\"0\" cellspacing=\"0\" cellpadding=\"0\" width=\"100%\">\n<tbody>\n<tr>\n<td width=\"42%\"><img loading=\"lazy\" decoding=\"async\" src=\"http:\/\/www.seelearningcenter.pt\/images\/lisboa10.jpg\" alt=\"\" width=\"288\" height=\"191\" \/><\/td>\n<td width=\"2%\"><img loading=\"lazy\" decoding=\"async\" src=\"http:\/\/www.seelearningcenter.pt\/images\/transp.gif\" alt=\"\" width=\"15\" height=\"1\" \/><\/td>\n<td width=\"56%\"><strong><a id=\"10\" name=\"10\"><\/a>Transportes<\/strong><\/p>\n<p><strong> <\/strong> A rede de transportes p\u00fablicos da cidade de  Lisboa \u00e9 extremamente segura. O metropolitano liga o centro da cidade  com a parte alta e com a zona oeste, atingindo, de igual forma, os  bairros perif\u00e9ricos. O el\u00e9ctrico \u00e9 o meio de transporte p\u00fablico mais  tradicional. H\u00e1 tamb\u00e9m uma extensa rede rodovi\u00e1ria.<\/td>\n<\/tr>\n<\/tbody>\n<\/table>\n<p><strong><a id=\"11\" name=\"11\"><\/a>Electricidade<\/strong><\/p>\n<p><strong> <\/strong>230\/400 volts, numa frequ\u00eancia de 50-hertz, e as  tomadas de corrente seguem as normas europeias. A utiliza\u00e7\u00e3o de fichas  de l\u00e2mina (padr\u00e3o americano) deve ser conjugada com um transformador de  230 volts e, ainda, uma ficha adaptadora.<\/p>\n<table border=\"0\" cellspacing=\"0\" cellpadding=\"0\" width=\"100%\">\n<tbody>\n<tr>\n<td width=\"42%\"><img loading=\"lazy\" decoding=\"async\" src=\"http:\/\/www.seelearningcenter.pt\/images\/lisboa11.jpg\" alt=\"\" width=\"288\" height=\"191\" \/><\/td>\n<td width=\"2%\"><img loading=\"lazy\" decoding=\"async\" src=\"http:\/\/www.seelearningcenter.pt\/images\/transp.gif\" alt=\"\" width=\"15\" height=\"1\" \/><\/td>\n<td width=\"56%\"><strong><a id=\"12\" name=\"12\"><\/a>Hor\u00e1rios<\/strong><\/p>\n<p>Autocarros: Todos os dias das 06.30H \u00e0s 00.00H<\/p>\n<p>Metro: Todos os dias das 06.00H \u00e0 01.00H<\/p>\n<p>Bancos: De Segunda-feira a Sexta-feira, das 08.30H  \u00e0s 15.00H<\/p>\n<p>Centros Comerciais: Todos os dias das 10.00H \u00e0  00.00H<\/p>\n<p>Restaurantes: Almo\u00e7o das 12.00H \u00e0s 15.00H; Jantar  das 19.00H \u00e0s 22.00H<\/td>\n<\/tr>\n<\/tbody>\n<\/table>\n<p><a id=\"13\" name=\"13\"><\/a><strong>Correios<\/strong><\/p>\n<p>De Segunda-feira a Sexta-feira das 09.00H \u00e0s 18.00H. Os  postos de correio da Pra\u00e7a dos Restauradores, Cabo Ruivo e Aeroporto  est\u00e3o abertos at\u00e9 \u00e0s 20.00H, apresentando, durante os fins-de-semana,  hor\u00e1rios mais reduzidos.<\/p>\n<p><a id=\"14\" name=\"14\"><\/a><strong>Embaixadas<\/strong><\/p>\n<p>De Segunda-feira a  Sexta-feira das 09.00H \u00e0s 15.00H.<\/p>\n<p><a id=\"15\" name=\"15\"><\/a><strong>Farm\u00e1cias<\/strong><\/p>\n<p>De Segunda-feira a Sexta-feira das 09.00H \u00e0s 19.00H  (algumas Farm\u00e1cias fecham \u00e0 hora de almo\u00e7o); S\u00e1bados das 09.00H \u00e0s  13.00H. Quando encerradas, todas as Farm\u00e1cias t\u00eam a indica\u00e7\u00e3o de qual a  Farm\u00e1cia de servi\u00e7o mais pr\u00f3xima. A Farm\u00e1cia de servi\u00e7o funciona 24  horas.<\/p>\n<p><a id=\"16\" name=\"16\"><\/a><strong>Sa\u00fade<\/strong><\/p>\n<p>Os Servi\u00e7os de Emerg\u00eancia  Hospitalar devem ser usados exclusivamente em situa\u00e7\u00f5es de emerg\u00eancia.  De forma a terem acesso a estes servi\u00e7os, os cidad\u00e3os europeus n\u00e3o  residentes em Portugal devem exibir o seu Passaporte ou Bilhete de  Identidade.<\/p>\n<p><a id=\"17\" name=\"17\"><\/a><strong>Convers\u00e3o de medidas:<\/strong><br \/>\n1 cm = 0,39 inches<br \/>\n1 metro = 3,28 feet\/ 1,09 yards<br \/>\n1 km = 0,62 miles<br \/>\n1 litro = 0,26 gallons (USA) \/0,22 (UK)<\/p>\n<p><strong> <a id=\"18\" name=\"18\"><\/a>N\u00fameros de Telefone \u00dateis:<\/strong><\/p>\n<p>N\u00famero  Nacional de Emerg\u00eancia: 112<\/p>\n<p>Pol\u00edcia \/ Posto de Turismo da Pra\u00e7a  dos Restauradores: +351 213 421 634 \/ +351 213 421 623<\/p>\n<p>Bombeiros: +351 213 422 222<\/p>\n<p>Caminhos de Ferro (CP): 808 208 208<\/p>\n<p>Autocarros: +351 213 613 000<\/p>\n<p>Metropolitano: +351 217 980 600<\/p>\n<p>Aeroporto de Lisboa (chegadas e partidas): +351  216 413 700 \u201cAsk Me\u201d Recep\u00e7\u00e3o do Aeroporto: +351 218 450 660<\/p>\n<p>Linha de Informa\u00e7\u00e3o ao Turista: 808 781 212<\/p>\n<p><a id=\"19\" name=\"19\"><\/a><strong>Indicativos<\/strong><\/p>\n<p>Chamadas  internacionais: 00 + indicativo do pa\u00eds e da \u00e1rea<br \/>\nIndicativo de Portugal: 351.<\/p>\n<table border=\"0\" cellspacing=\"0\" cellpadding=\"0\" width=\"100%\">\n<tbody>\n<tr>\n<td width=\"42%\"><img loading=\"lazy\" decoding=\"async\" src=\"http:\/\/www.seelearningcenter.pt\/images\/lisboa11.jpg\" alt=\"\" width=\"288\" height=\"191\" \/><\/td>\n<td width=\"2%\"><img loading=\"lazy\" decoding=\"async\" src=\"http:\/\/www.seelearningcenter.pt\/images\/transp.gif\" alt=\"\" width=\"15\" height=\"1\" \/><\/td>\n<td width=\"56%\"><a id=\"20\" name=\"20\"><\/a><strong>Curiosidades:<\/strong><\/p>\n<p>A L\u00edngua Portuguesa \u00e9 a  l\u00edngua oficial de Portugal. Derivada do latim, \u00e9, \u00e0 escala mundial, a  terceira l\u00edngua europeia mais falada, ocupando o sexto lugar quando  analisada face a todas restantes l\u00ednguas maternas, registando cerca de  200 milh\u00f5es de falantes.<\/p>\n<p>Assumindo-se a Constitui\u00e7\u00e3o da Rep\u00fablica Portuguesa  como laica, a maior parte dos cidad\u00e3os de Portugal professam a religi\u00e3o  ca<\/td>\n<\/tr>\n<\/tbody>\n<\/table>\n","protected":false},"excerpt":{"rendered":"<p>&#8220;O caf\u00e9 \u00e9 uma das fei\u00e7\u00f5es mais caracter\u00edsticas de uma terra. O viajante experimentado e fino chega a qualquer parte, entra no caf\u00e9, observa-o, examina-o, estuda-o, e tem conhecido o pa\u00eds em que est\u00e1, o seu governo, as suas leis, os seus costumes, a sua religi\u00e3o.&#8221; Almeida Garret, Viagens na Minha Terra Dar as boas-vindas [&hellip;]<\/p>\n","protected":false},"author":2,"featured_media":226,"parent":514,"menu_order":0,"comment_status":"closed","ping_status":"closed","template":"page-welcome.php","meta":{"footnotes":"","_links_to":"","_links_to_target":""},"_links":{"self":[{"href":"https:\/\/seelearningcenter.pt\/pt-pt\/wp-json\/wp\/v2\/pages\/538"}],"collection":[{"href":"https:\/\/seelearningcenter.pt\/pt-pt\/wp-json\/wp\/v2\/pages"}],"about":[{"href":"https:\/\/seelearningcenter.pt\/pt-pt\/wp-json\/wp\/v2\/types\/page"}],"author":[{"embeddable":true,"href":"https:\/\/seelearningcenter.pt\/pt-pt\/wp-json\/wp\/v2\/users\/2"}],"replies":[{"embeddable":true,"href":"https:\/\/seelearningcenter.pt\/pt-pt\/wp-json\/wp\/v2\/comments?post=538"}],"version-history":[{"count":14,"href":"https:\/\/seelearningcenter.pt\/pt-pt\/wp-json\/wp\/v2\/pages\/538\/revisions"}],"predecessor-version":[{"id":775,"href":"https:\/\/seelearningcenter.pt\/pt-pt\/wp-json\/wp\/v2\/pages\/538\/revisions\/775"}],"up":[{"embeddable":true,"href":"https:\/\/seelearningcenter.pt\/pt-pt\/wp-json\/wp\/v2\/pages\/514"}],"wp:featuredmedia":[{"embeddable":true,"href":"https:\/\/seelearningcenter.pt\/pt-pt\/wp-json\/wp\/v2\/media\/226"}],"wp:attachment":[{"href":"https:\/\/seelearningcenter.pt\/pt-pt\/wp-json\/wp\/v2\/media?parent=538"}],"curies":[{"name":"wp","href":"https:\/\/api.w.org\/{rel}","templated":true}]}}