{"id":536,"date":"2010-07-04T22:29:43","date_gmt":"2010-07-05T02:29:43","guid":{"rendered":"http:\/\/seelearningcenter.pt\/"},"modified":"2010-09-17T20:49:56","modified_gmt":"2010-09-18T00:49:56","slug":"historias-de-sucesso","status":"publish","type":"page","link":"https:\/\/seelearningcenter.pt\/pt-pt\/learning-center-2\/historias-de-sucesso\/","title":{"rendered":"Hist\u00f3rias de Sucesso"},"content":{"rendered":"<table border=\"0\" cellspacing=\"0\" cellpadding=\"0\" width=\"100%\">\n<tbody>\n<tr>\n<td width=\"23%\" valign=\"top\"><img loading=\"lazy\" decoding=\"async\" src=\"http:\/\/www.seelearningcenter.pt\/images\/nuno.jpg\" alt=\"\" width=\"157\" height=\"182\" \/><\/td>\n<td width=\"3%\"><img loading=\"lazy\" decoding=\"async\" src=\"http:\/\/www.seelearningcenter.pt\/images\/transp.gif\" alt=\"\" width=\"20\" height=\"1\" \/><\/td>\n<td width=\"74%\" valign=\"middle\"><strong>Nuno Costa (23   anos)<\/strong><\/p>\n<p>Ol\u00e1, eu sou o Nuno!<br \/>\nTenho estado a aprender ingl\u00eas na See Learning   Center desde os 7 anos.  Tenho agora 23.<br \/>\n<strong><br \/>\n<\/strong>Os professores e as metodologias   s\u00e3o interessantes e  estimulantes. As nossas necessidades individuais s\u00e3o sempre   tidas em  considera\u00e7\u00e3o.<\/p>\n<p>Embora estejamos a assistir a uma aula, aprendemos   \u00e0 nossa pr\u00f3pria  velocidade para atingir os nossos objectivos. Tamb\u00e9m se tem a    oportunidade de frequentar um curso de Ingl\u00eas no estrangeiro \u2013  divertimento e   aprendizagem est\u00e3o \u00e0 tua espera!<\/td>\n<\/tr>\n<tr>\n<td valign=\"top\"><img loading=\"lazy\" decoding=\"async\" src=\"http:\/\/www.seelearningcenter.pt\/images\/transp.gif\" alt=\"\" width=\"1\" height=\"20\" \/><\/td>\n<td><\/td>\n<td valign=\"middle\"><\/td>\n<\/tr>\n<tr>\n<td valign=\"top\"><img loading=\"lazy\" decoding=\"async\" src=\"http:\/\/www.seelearningcenter.pt\/images\/ikumi.jpg\" alt=\"\" width=\"157\" height=\"182\" \/><\/td>\n<td><\/td>\n<td valign=\"middle\"><strong>Ikumi (23 anos, Jap\u00e3o)<\/strong><\/p>\n<p>Frenquentei um Curso de Ver\u00e3o residencial e \u00e9    realmente a melhor maneira de desenvolver o vocabul\u00e1rio, o ouvido e a  fala.<\/td>\n<\/tr>\n<tr>\n<td valign=\"top\"><img loading=\"lazy\" decoding=\"async\" src=\"http:\/\/www.seelearningcenter.pt\/images\/transp.gif\" alt=\"\" width=\"1\" height=\"20\" \/><\/td>\n<td><\/td>\n<td valign=\"middle\"><\/td>\n<\/tr>\n<tr>\n<td valign=\"top\"><img loading=\"lazy\" decoding=\"async\" src=\"http:\/\/www.seelearningcenter.pt\/images\/erico.jpg\" alt=\"\" width=\"157\" height=\"182\" \/><\/td>\n<td><\/td>\n<td valign=\"middle\"><strong>\u00c9rico (21 anos)<\/strong><\/p>\n<p>Eu frequento a See Learning Center h\u00e1 mais de 16    anos e devo confessar que esta experi\u00eancia tem sido fant\u00e1stica. Toda a  aprendizagem que tenho adquirido tem sido   interessante, criativa e as  aulas de Ingl\u00eas bem organizadas t\u00eam sido muito   \u00fateis, uma vez que eu  viajo bastante e o Ingl\u00eas \u00e9 a l\u00edngua principal no Mundo.                         Um dos principais objectivos \u2013 fazer o First    Certificate in English \u2013 foi atingido. Agora pretendo realizar o  Proficiency in   English.<\/p>\n<p>Uma das melhores oportunidades \u00e9 realizar um  curso   num pa\u00eds estrangeiro, como a Inglaterra ou o Canad\u00e1.A alegria de  conhecer novas pessoas, paisagens e   sons de um novo pa\u00eds \u00e9 muito  excitante e desenvolve o Ingl\u00eas falado e a   conversa\u00e7\u00e3o. Se est\u00e1 a  pensar inscrever-se num curso de Ingl\u00eas na   See Learning Center, n\u00e3o  pense duas vezes&#8230; encontrou o lugar certo para   aprender Ingl\u00eas!<\/td>\n<\/tr>\n<tr>\n<td valign=\"top\"><img loading=\"lazy\" decoding=\"async\" src=\"http:\/\/www.seelearningcenter.pt\/images\/transp.gif\" alt=\"\" width=\"1\" height=\"20\" \/><\/td>\n<td><\/td>\n<td valign=\"middle\"><\/td>\n<\/tr>\n<tr>\n<td valign=\"top\"><img loading=\"lazy\" decoding=\"async\" src=\"http:\/\/www.seelearningcenter.pt\/images\/catarina.jpg\" alt=\"\" width=\"157\" height=\"182\" \/><\/td>\n<td><\/td>\n<td valign=\"middle\"><strong>Catarina Raposo (23 anos)<\/strong><\/p>\n<p>Aulas individuais s\u00e3o a melhor solu\u00e7\u00e3o para  aqueles   que se querem preparar para um exame. Eu tirei realmente  partido delas e   consegui entrar na Universidade que pretendia!<\/td>\n<\/tr>\n<tr>\n<td valign=\"top\"><img loading=\"lazy\" decoding=\"async\" src=\"http:\/\/www.seelearningcenter.pt\/images\/transp.gif\" alt=\"\" width=\"1\" height=\"20\" \/><\/td>\n<td><\/td>\n<td valign=\"middle\"><\/td>\n<\/tr>\n<tr>\n<td valign=\"top\"><img loading=\"lazy\" decoding=\"async\" src=\"http:\/\/www.seelearningcenter.pt\/images\/yumico.jpg\" alt=\"\" width=\"157\" height=\"182\" \/><\/td>\n<td><\/td>\n<td valign=\"middle\"><strong>Yumiko Isuka (22 anos, Jap\u00e3o)<\/strong><\/p>\n<p>See Learning Center \u00e9 um local ideal e acolhedor    para se estar. Os professores tornam a aprendizagem t\u00e3o interessante  quanto   poss\u00edvel. Eu senti-me em casa!<\/td>\n<\/tr>\n<tr>\n<td valign=\"top\"><img loading=\"lazy\" decoding=\"async\" src=\"http:\/\/www.seelearningcenter.pt\/images\/transp.gif\" alt=\"\" width=\"1\" height=\"20\" \/><\/td>\n<td><\/td>\n<td valign=\"middle\"><\/td>\n<\/tr>\n<tr>\n<td valign=\"top\"><img loading=\"lazy\" decoding=\"async\" src=\"http:\/\/www.seelearningcenter.pt\/images\/bruno.jpg\" alt=\"\" width=\"157\" height=\"182\" \/><\/td>\n<td><\/td>\n<td valign=\"middle\"><strong>Bruno Monteiro (20 anos)<\/strong><\/p>\n<p>Eu estou a estudar na See Learning Center. Os    professores n\u00e3o s\u00f3 ensinam a disciplina como tamb\u00e9m a ter bons h\u00e1bitos  de   estudo, os quais levam a um progresso r\u00e1pido no futuro.<\/td>\n<\/tr>\n<tr>\n<td valign=\"top\"><img loading=\"lazy\" decoding=\"async\" src=\"http:\/\/www.seelearningcenter.pt\/images\/transp.gif\" alt=\"\" width=\"1\" height=\"20\" \/><\/td>\n<td><\/td>\n<td valign=\"middle\"><\/td>\n<\/tr>\n<tr>\n<td valign=\"top\"><img loading=\"lazy\" decoding=\"async\" src=\"http:\/\/www.seelearningcenter.pt\/images\/elisabete.jpg\" alt=\"\" width=\"157\" height=\"182\" \/><\/td>\n<td><\/td>\n<td valign=\"middle\"><strong>Elizabete Esteves (23    anos)<\/strong><\/p>\n<p>As duas semanas que passei num Curso de  Ver\u00e3o em   Residencial a estudar Ingl\u00eas, em Londres, foram uma das mais  fant\u00e1sticas   experi\u00eancias da minha vida.<\/p>\n<p>Gra\u00e7as \u00e0 See Learning Center tive a oportunidade de   conhecer novas  culturas, encontrar novas pessoas e desenvolver o meu Ingl\u00eas.<\/td>\n<\/tr>\n<\/tbody>\n<\/table>\n","protected":false},"excerpt":{"rendered":"<p>Nuno Costa (23 anos) Ol\u00e1, eu sou o Nuno! Tenho estado a aprender ingl\u00eas na See Learning Center desde os 7 anos. Tenho agora 23. Os professores e as metodologias s\u00e3o interessantes e estimulantes. As nossas necessidades individuais s\u00e3o sempre tidas em considera\u00e7\u00e3o. Embora estejamos a assistir a uma aula, aprendemos \u00e0 nossa pr\u00f3pria velocidade [&hellip;]<\/p>\n","protected":false},"author":2,"featured_media":148,"parent":470,"menu_order":22,"comment_status":"open","ping_status":"closed","template":"","meta":{"footnotes":"","_links_to":"","_links_to_target":""},"_links":{"self":[{"href":"https:\/\/seelearningcenter.pt\/pt-pt\/wp-json\/wp\/v2\/pages\/536"}],"collection":[{"href":"https:\/\/seelearningcenter.pt\/pt-pt\/wp-json\/wp\/v2\/pages"}],"about":[{"href":"https:\/\/seelearningcenter.pt\/pt-pt\/wp-json\/wp\/v2\/types\/page"}],"author":[{"embeddable":true,"href":"https:\/\/seelearningcenter.pt\/pt-pt\/wp-json\/wp\/v2\/users\/2"}],"replies":[{"embeddable":true,"href":"https:\/\/seelearningcenter.pt\/pt-pt\/wp-json\/wp\/v2\/comments?post=536"}],"version-history":[{"count":3,"href":"https:\/\/seelearningcenter.pt\/pt-pt\/wp-json\/wp\/v2\/pages\/536\/revisions"}],"predecessor-version":[{"id":2012,"href":"https:\/\/seelearningcenter.pt\/pt-pt\/wp-json\/wp\/v2\/pages\/536\/revisions\/2012"}],"up":[{"embeddable":true,"href":"https:\/\/seelearningcenter.pt\/pt-pt\/wp-json\/wp\/v2\/pages\/470"}],"wp:featuredmedia":[{"embeddable":true,"href":"https:\/\/seelearningcenter.pt\/pt-pt\/wp-json\/wp\/v2\/media\/148"}],"wp:attachment":[{"href":"https:\/\/seelearningcenter.pt\/pt-pt\/wp-json\/wp\/v2\/media?parent=536"}],"curies":[{"name":"wp","href":"https:\/\/api.w.org\/{rel}","templated":true}]}}