{"id":533,"date":"2010-07-04T22:27:40","date_gmt":"2010-07-05T02:27:40","guid":{"rendered":"http:\/\/seelearningcenter.pt\/"},"modified":"2010-09-17T20:47:41","modified_gmt":"2010-09-18T00:47:41","slug":"actividades","status":"publish","type":"page","link":"https:\/\/seelearningcenter.pt\/pt-pt\/learning-center-2\/actividades\/","title":{"rendered":"Actividades"},"content":{"rendered":"<table border=\"0\" cellspacing=\"0\" cellpadding=\"0\" width=\"690\">\n<tbody>\n<tr>\n<td width=\"250\" align=\"left\" valign=\"top\"><img loading=\"lazy\" decoding=\"async\" src=\"http:\/\/www.seelearningcenter.pt\/images\/actvities.jpg\" alt=\"\" width=\"250\" height=\"178\" \/><\/td>\n<td width=\"20\" align=\"left\" valign=\"top\"><img loading=\"lazy\" decoding=\"async\" src=\"http:\/\/www.seelearningcenter.pt\/images\/transp.gif\" alt=\"\" width=\"20\" height=\"1\" \/><\/td>\n<td width=\"420\" align=\"left\" valign=\"middle\"><strong>Curso de  Ingl\u00eas<\/strong><strong><\/p>\n<p><\/strong>Desenhado para tornar o Ingl\u00eas divertido,  o curso de   Ingl\u00eas d\u00e1-lhe a oportunidade de aprender Ingl\u00eas  rapidamente enquanto se diverte.<\/p>\n<p>Aprender\u00e1 Ingl\u00eas como aprendeu a sua l\u00edngua-m\u00e3e.  Aproveite as vantagens dos   materiais mais estimulantes e  interessantes!<\/p>\n<p>Os nossos professores de Ingl\u00eas s\u00e3o   todos  natives e qualificados.<\/p>\n<p><strong>Descubra por si que o  Ingl\u00eas \u00e9   divertido!<\/strong><\/td>\n<\/tr>\n<tr>\n<td colspan=\"3\" align=\"left\" valign=\"top\"><img loading=\"lazy\" decoding=\"async\" src=\"http:\/\/www.seelearningcenter.pt\/images\/transp.gif\" alt=\"\" width=\"1\" height=\"20\" \/><\/td>\n<\/tr>\n<tr>\n<td align=\"left\" valign=\"top\"><img loading=\"lazy\" decoding=\"async\" src=\"http:\/\/www.seelearningcenter.pt\/images\/actvities2.jpg\" alt=\"\" width=\"250\" height=\"190\" \/><\/td>\n<td align=\"left\" valign=\"top\"><\/td>\n<td align=\"left\" valign=\"middle\"><strong>M\u00fasica<\/strong><\/p>\n<p><strong>Desenvolva os  seus talentos musicais!<\/strong><\/p>\n<p>Na See Learning  Center pode escolher entre uma grande variedade de instrumentos:    flauta, guitarra, \u00f3rg\u00e3o. As aulas de instrumento s\u00e3o combinadas com  aulas   te\u00f3ricas especializadas, de acordo com as suas necessidades.<\/p>\n<p>Crian\u00e7as\/Adolescentes s\u00e3o tamb\u00e9m benvindos  \u00e0s aulas de m\u00fasica, onde podem   desenvolver conhecimentos de m\u00fasica  b\u00e1sicos, permitindo-lhes descobrir   facilmente os seus talentos inatos.<\/p>\n<p>O curso de m\u00fasica consiste, normalmente, em 1  ou 2   horas semanais.<\/td>\n<\/tr>\n<tr>\n<td colspan=\"3\" align=\"left\" valign=\"top\"><img loading=\"lazy\" decoding=\"async\" src=\"http:\/\/www.seelearningcenter.pt\/images\/transp.gif\" alt=\"\" width=\"1\" height=\"20\" \/><\/td>\n<\/tr>\n<tr>\n<td align=\"left\" valign=\"top\"><img loading=\"lazy\" decoding=\"async\" src=\"http:\/\/www.seelearningcenter.pt\/images\/activities3.jpg\" alt=\"\" width=\"250\" height=\"126\" \/><\/td>\n<td align=\"left\" valign=\"top\"><\/td>\n<td align=\"left\" valign=\"middle\"><strong>Inform\u00e1tica<\/p>\n<p><\/strong>Acompanhe  o Mundo da tecnologia! Na See Learning Center tem a   oportunidade de  se familiarizar com todo o tipo de software &#8211; desde o mais   b\u00e1sico,  utilizado no nosso dia-a-dia, ao mais complexo &#8211; de acordo com as suas    necessidades.<\/p>\n<p>Disfrute de aulas personalizadas com  professores altamente   especializados e experientes. Os mais pequenos  s\u00e3o tamb\u00e9m benvindos \u00e0   inform\u00e1tica!<\/td>\n<\/tr>\n<tr>\n<td colspan=\"3\" align=\"left\" valign=\"top\"><img loading=\"lazy\" decoding=\"async\" src=\"http:\/\/www.seelearningcenter.pt\/images\/transp.gif\" alt=\"\" width=\"1\" height=\"20\" \/><\/td>\n<\/tr>\n<tr>\n<td colspan=\"3\" align=\"left\" valign=\"top\">D\u00ea aos seus filhos a  oportunidade de se   familiarizarem com software did\u00e1ctico e \u00fatil na  vida escolar, em aulas que   combinam a aprendizagem com a divers\u00e3o.<\/p>\n<p>As aulas de inform\u00e1tica consistem, normalmente,  em 2   horas semanais.<\/td>\n<\/tr>\n<tr>\n<td colspan=\"3\" align=\"left\" valign=\"top\"><\/td>\n<\/tr>\n<tr>\n<td align=\"left\" valign=\"top\"><img loading=\"lazy\" decoding=\"async\" src=\"http:\/\/www.seelearningcenter.pt\/images\/danca.jpg\" alt=\"\" width=\"250\" height=\"99\" \/><\/td>\n<td align=\"left\" valign=\"top\"><\/td>\n<td align=\"left\" valign=\"middle\"><strong>Dan\u00e7a<\/strong><strong><\/p>\n<p><\/strong>Acorde os seus sentidos, a autoconfian\u00e7a e  a   criatividade com aulas de Dan\u00e7a na See Learning Center! A dan\u00e7a  ajuda \u00e0 sua   rela\u00e7\u00e3o com o espa\u00e7o e com o tempo, evocando ao movimento  interno do seu corpo e   explorando o movimento externo.<\/td>\n<\/tr>\n<tr>\n<td colspan=\"3\" align=\"left\" valign=\"top\"><img loading=\"lazy\" decoding=\"async\" src=\"http:\/\/www.seelearningcenter.pt\/images\/transp.gif\" alt=\"\" width=\"1\" height=\"20\" \/><\/td>\n<\/tr>\n<tr>\n<td colspan=\"3\" align=\"left\" valign=\"top\">As aulas centram-se na passagem da  pesquisa do   movimento para a performance em dan\u00e7a, passando pelos  mais variados estilos.   Explore a linguagem edificada em no\u00e7\u00f5es de  centro, eixo, desequil\u00edbrio,   gravidade, continuidade e leveza.<\/p>\n<p>As aulas de Dan\u00e7a na See Learning Center  proporciona   uma forma\u00e7\u00e3o complementar para aqueles que j\u00e1 s\u00e3o  experientes na dan\u00e7a ou   simplesmente no\u00e7\u00f5es b\u00e1sicas para iniciados,  que pretendam adquirir bases de cada   estilo.<\/p>\n<p>As aulas de Dan\u00e7a  consistem, normalmente, em 2 horas   semanais.<\/p>\n<p>Na See Learning  Center os professores de Dan\u00e7a s\u00e3o qualificados e   experientes.<\/td>\n<\/tr>\n<tr>\n<td colspan=\"3\" align=\"left\" valign=\"top\"><\/td>\n<\/tr>\n<tr>\n<td align=\"left\" valign=\"top\">\n<table border=\"0\" cellspacing=\"0\" cellpadding=\"0\">\n<tbody>\n<tr>\n<td align=\"middle\"><img loading=\"lazy\" decoding=\"async\" src=\"http:\/\/www.seelearningcenter.pt\/images\/activities4.jpg\" alt=\"\" width=\"115\" height=\"86\" \/><\/td>\n<td align=\"middle\"><img loading=\"lazy\" decoding=\"async\" src=\"http:\/\/www.seelearningcenter.pt\/images\/transp.gif\" alt=\"\" width=\"20\" height=\"1\" \/><\/td>\n<td align=\"middle\"><img loading=\"lazy\" decoding=\"async\" src=\"http:\/\/www.seelearningcenter.pt\/images\/activities5.jpg\" alt=\"\" width=\"115\" height=\"86\" \/><\/td>\n<\/tr>\n<\/tbody>\n<\/table>\n<\/td>\n<td align=\"left\" valign=\"top\"><\/td>\n<td rowspan=\"3\" align=\"left\" valign=\"middle\"><strong>Sala d&#8217;Arte <\/strong><\/p>\n<p>Descubra o seu talento art\u00edstico! Este curso \u00e9   perfeito tanto para  aqueles com experi\u00eancia na pintura como para os iniciados   nesta arte.  Aprenda a capturar a beleza e a expressar a sua imagina\u00e7\u00e3o atrav\u00e9s   das  t\u00e9cnicas de pintura mais complexas.<\/p>\n<p>Pinte com oleos, aguarelas, pasties,   caneta e tinta ou qualquer outro  meio que prefira. Experimente materiais   diferentes, como o vidro e o  azulejo e crie arte para sua pr\u00f3pria satisfa\u00e7\u00e3o ou   venda os seus  trabalhos artisticos. Aproveite a oportunidade para aprender    pormenores sobre a teoria da cor, retratos, aguarelas e muito mais.  Divirta-se   com a Pintura na See Learning Center!<\/p>\n<p>As aulas de Pintura \/ Artes Pl\u00e1sticas consistem,   normalmente, em 2  horas semanais. <strong><\/p>\n<p><\/strong><strong>Na See Learning Center os  professores de   Pintura \/ Artes Pl\u00e1sticas s\u00e3o qualificados e  experientes.<\/strong><\/td>\n<\/tr>\n<tr>\n<td align=\"left\" valign=\"top\"><img loading=\"lazy\" decoding=\"async\" src=\"http:\/\/www.seelearningcenter.pt\/images\/transp.gif\" alt=\"\" width=\"1\" height=\"20\" \/><\/td>\n<td align=\"left\" valign=\"top\"><\/td>\n<\/tr>\n<tr>\n<td align=\"left\" valign=\"top\"><img loading=\"lazy\" decoding=\"async\" src=\"http:\/\/www.seelearningcenter.pt\/images\/activities6.jpg\" alt=\"\" width=\"250\" height=\"188\" \/><\/td>\n<td align=\"left\" valign=\"top\"><\/td>\n<\/tr>\n<\/tbody>\n<\/table>\n","protected":false},"excerpt":{"rendered":"<p>Curso de Ingl\u00eas Desenhado para tornar o Ingl\u00eas divertido, o curso de Ingl\u00eas d\u00e1-lhe a oportunidade de aprender Ingl\u00eas rapidamente enquanto se diverte. Aprender\u00e1 Ingl\u00eas como aprendeu a sua l\u00edngua-m\u00e3e. Aproveite as vantagens dos materiais mais estimulantes e interessantes! Os nossos professores de Ingl\u00eas s\u00e3o todos natives e qualificados. Descubra por si que o Ingl\u00eas [&hellip;]<\/p>\n","protected":false},"author":2,"featured_media":112,"parent":470,"menu_order":20,"comment_status":"open","ping_status":"closed","template":"","meta":{"footnotes":"","_links_to":"","_links_to_target":""},"_links":{"self":[{"href":"https:\/\/seelearningcenter.pt\/pt-pt\/wp-json\/wp\/v2\/pages\/533"}],"collection":[{"href":"https:\/\/seelearningcenter.pt\/pt-pt\/wp-json\/wp\/v2\/pages"}],"about":[{"href":"https:\/\/seelearningcenter.pt\/pt-pt\/wp-json\/wp\/v2\/types\/page"}],"author":[{"embeddable":true,"href":"https:\/\/seelearningcenter.pt\/pt-pt\/wp-json\/wp\/v2\/users\/2"}],"replies":[{"embeddable":true,"href":"https:\/\/seelearningcenter.pt\/pt-pt\/wp-json\/wp\/v2\/comments?post=533"}],"version-history":[{"count":3,"href":"https:\/\/seelearningcenter.pt\/pt-pt\/wp-json\/wp\/v2\/pages\/533\/revisions"}],"predecessor-version":[{"id":2001,"href":"https:\/\/seelearningcenter.pt\/pt-pt\/wp-json\/wp\/v2\/pages\/533\/revisions\/2001"}],"up":[{"embeddable":true,"href":"https:\/\/seelearningcenter.pt\/pt-pt\/wp-json\/wp\/v2\/pages\/470"}],"wp:featuredmedia":[{"embeddable":true,"href":"https:\/\/seelearningcenter.pt\/pt-pt\/wp-json\/wp\/v2\/media\/112"}],"wp:attachment":[{"href":"https:\/\/seelearningcenter.pt\/pt-pt\/wp-json\/wp\/v2\/media?parent=533"}],"curies":[{"name":"wp","href":"https:\/\/api.w.org\/{rel}","templated":true}]}}