{"id":531,"date":"2010-07-04T22:26:50","date_gmt":"2010-07-05T02:26:50","guid":{"rendered":"http:\/\/seelearningcenter.pt\/"},"modified":"2010-09-17T20:48:58","modified_gmt":"2010-09-18T00:48:58","slug":"traducoes-interprete-guias","status":"publish","type":"page","link":"https:\/\/seelearningcenter.pt\/pt-pt\/learning-center-2\/traducoes-interprete-guias\/","title":{"rendered":"Tradu\u00e7\u00f5es \/ Int\u00e9rprete \/ Guias"},"content":{"rendered":"<table border=\"0\" cellspacing=\"0\" cellpadding=\"0\" width=\"100%\">\n<tbody>\n<tr>\n<td valign=\"top\">\n<table border=\"0\" cellspacing=\"0\" cellpadding=\"0\" width=\"100%\">\n<tbody>\n<tr>\n<td><strong><img loading=\"lazy\" decoding=\"async\" src=\"http:\/\/www.seelearningcenter.pt\/images\/interpreter.jpg\" alt=\"\" width=\"334\" height=\"122\" \/><\/strong><\/td>\n<\/tr>\n<tr>\n<td><img loading=\"lazy\" decoding=\"async\" src=\"http:\/\/www.seelearningcenter.pt\/images\/transp.gif\" alt=\"\" width=\"1\" height=\"10\" \/><\/td>\n<\/tr>\n<tr>\n<td><strong>Tradu\u00e7\u00f5es<\/strong><\/p>\n<p>See Learning Center oferece um servi\u00e7o de  tradu\u00e7\u00e3o   de elevada qualidade a pre\u00e7os competitivos, nas seguintes  l\u00ednguas: Ingl\u00eas,   Franc\u00eas, Portugu\u00eas, Alem\u00e3o, Espanhol, Italiano e  Russo.<\/td>\n<\/tr>\n<\/tbody>\n<\/table>\n<\/td>\n<td><img loading=\"lazy\" decoding=\"async\" src=\"http:\/\/www.seelearningcenter.pt\/images\/transp.gif\" alt=\"\" width=\"20\" height=\"1\" \/><\/td>\n<td valign=\"top\">\n<table border=\"0\" cellspacing=\"0\" cellpadding=\"0\" width=\"100%\">\n<tbody>\n<tr>\n<td><strong><img loading=\"lazy\" decoding=\"async\" src=\"http:\/\/www.seelearningcenter.pt\/images\/img_trad_explic.jpg\" alt=\"\" width=\"334\" height=\"122\" \/><\/strong><\/td>\n<\/tr>\n<tr>\n<td><img loading=\"lazy\" decoding=\"async\" src=\"http:\/\/www.seelearningcenter.pt\/images\/transp.gif\" alt=\"\" width=\"1\" height=\"10\" \/><\/td>\n<\/tr>\n<tr>\n<td><strong>Int\u00e9rprete\/ Guia<\/strong><\/p>\n<p>Disponibilizamos int\u00e9rpretes e guias para    visitas de neg\u00f3cios ou de lazer.<\/td>\n<\/tr>\n<\/tbody>\n<\/table>\n<\/td>\n<\/tr>\n<tr>\n<td valign=\"top\"><\/td>\n<td><\/td>\n<td valign=\"top\"><\/td>\n<\/tr>\n<tr>\n<td colspan=\"3\" valign=\"top\"><strong>Comprometemo-nos a cumprir   prazos.<\/strong><\/td>\n<\/tr>\n<\/tbody>\n<\/table>\n","protected":false},"excerpt":{"rendered":"<p>Tradu\u00e7\u00f5es See Learning Center oferece um servi\u00e7o de tradu\u00e7\u00e3o de elevada qualidade a pre\u00e7os competitivos, nas seguintes l\u00ednguas: Ingl\u00eas, Franc\u00eas, Portugu\u00eas, Alem\u00e3o, Espanhol, Italiano e Russo. Int\u00e9rprete\/ Guia Disponibilizamos int\u00e9rpretes e guias para visitas de neg\u00f3cios ou de lazer. Comprometemo-nos a cumprir prazos.<\/p>\n","protected":false},"author":2,"featured_media":146,"parent":470,"menu_order":18,"comment_status":"open","ping_status":"closed","template":"","meta":{"footnotes":"","_links_to":"","_links_to_target":""},"_links":{"self":[{"href":"https:\/\/seelearningcenter.pt\/pt-pt\/wp-json\/wp\/v2\/pages\/531"}],"collection":[{"href":"https:\/\/seelearningcenter.pt\/pt-pt\/wp-json\/wp\/v2\/pages"}],"about":[{"href":"https:\/\/seelearningcenter.pt\/pt-pt\/wp-json\/wp\/v2\/types\/page"}],"author":[{"embeddable":true,"href":"https:\/\/seelearningcenter.pt\/pt-pt\/wp-json\/wp\/v2\/users\/2"}],"replies":[{"embeddable":true,"href":"https:\/\/seelearningcenter.pt\/pt-pt\/wp-json\/wp\/v2\/comments?post=531"}],"version-history":[{"count":3,"href":"https:\/\/seelearningcenter.pt\/pt-pt\/wp-json\/wp\/v2\/pages\/531\/revisions"}],"predecessor-version":[{"id":2006,"href":"https:\/\/seelearningcenter.pt\/pt-pt\/wp-json\/wp\/v2\/pages\/531\/revisions\/2006"}],"up":[{"embeddable":true,"href":"https:\/\/seelearningcenter.pt\/pt-pt\/wp-json\/wp\/v2\/pages\/470"}],"wp:featuredmedia":[{"embeddable":true,"href":"https:\/\/seelearningcenter.pt\/pt-pt\/wp-json\/wp\/v2\/media\/146"}],"wp:attachment":[{"href":"https:\/\/seelearningcenter.pt\/pt-pt\/wp-json\/wp\/v2\/media?parent=531"}],"curies":[{"name":"wp","href":"https:\/\/api.w.org\/{rel}","templated":true}]}}