{"id":529,"date":"2010-07-04T22:26:03","date_gmt":"2010-07-05T02:26:03","guid":{"rendered":"http:\/\/seelearningcenter.pt\/"},"modified":"2010-09-17T20:48:31","modified_gmt":"2010-09-18T00:48:31","slug":"cursos-de-verao","status":"publish","type":"page","link":"https:\/\/seelearningcenter.pt\/pt-pt\/learning-center-2\/cursos-de-verao\/","title":{"rendered":"Cursos de Ver\u00e3o"},"content":{"rendered":"<table border=\"0\" cellspacing=\"0\" cellpadding=\"0\" width=\"100%\">\n<tbody>\n<tr>\n<td width=\"51%\"><img loading=\"lazy\" decoding=\"async\" src=\"http:\/\/www.seelearningcenter.pt\/images\/summer.jpg\" alt=\"\" width=\"350\" height=\"220\" \/><\/td>\n<td width=\"3%\"><img loading=\"lazy\" decoding=\"async\" src=\"http:\/\/www.seelearningcenter.pt\/images\/transp.gif\" alt=\"\" width=\"20\" height=\"1\" \/><\/td>\n<td width=\"46%\"><img loading=\"lazy\" decoding=\"async\" src=\"http:\/\/www.seelearningcenter.pt\/images\/summer2.jpg\" alt=\"\" width=\"165\" height=\"220\" \/><\/td>\n<\/tr>\n<tr>\n<td colspan=\"3\"><img loading=\"lazy\" decoding=\"async\" src=\"http:\/\/www.seelearningcenter.pt\/images\/transp.gif\" alt=\"\" width=\"1\" height=\"20\" \/><\/td>\n<\/tr>\n<tr>\n<td colspan=\"3\">Evite a  perda de conhecimentos do Ver\u00e3o \u2013 estudos   mostram que os alunos perdem  meses de conhecimentos adquiridos durante o Ver\u00e3o \u2013   n\u00e3o deixe isto  acontecer! Transforme o Ver\u00e3o em tempo de See Learning!<\/p>\n<p><strong>O Ver\u00e3o \u00e9 uma altura ideal para o  ajudar a adquirir   conhecimentos acad\u00e9micos e descobrir que aprender \u00e9  bom! <\/strong><\/p>\n<p>Pode aprender todo o ano.  Tire proveito dos meses de   Ver\u00e3o para adquirir conhecimentos e  confian\u00e7a.<\/p>\n<p><strong>Um  Ver\u00e3o no See Learning Center   oferece:<\/strong><\/p>\n<ul>\n<li>Um programa de Ver\u00e3o  divertido criado especialmente   para o aluno.<\/li>\n<li>Hor\u00e1rios flex\u00edveis e  convenientes que v\u00e3o de   encontro \u00e0s necessidades da fam\u00edlia<\/li>\n<li>Actividades de Ver\u00e3o  que tornem o programa   divertido e interessante<\/li>\n<\/ul>\n<p>Se gostaria de  aprender uma l\u00edngua   durante as suas f\u00e9rias, a See Learning Center  oferece uma grande variedade de   cursos gerais ou intesivos ideiais:  Ingl\u00eas, Franc\u00eas, Espanhol, Italiano,   Alem\u00e3o&#8230; Outra l\u00edngua?  Contacte-nos!<\/p>\n<p>Estes cursos s\u00e3o ideais para aqueles   que n\u00e3o  t\u00eam oportunidade de aprender uma l\u00edngua durante o ano acad\u00e9mico.<\/td>\n<\/tr>\n<\/tbody>\n<\/table>\n","protected":false},"excerpt":{"rendered":"<p>Evite a perda de conhecimentos do Ver\u00e3o \u2013 estudos mostram que os alunos perdem meses de conhecimentos adquiridos durante o Ver\u00e3o \u2013 n\u00e3o deixe isto acontecer! Transforme o Ver\u00e3o em tempo de See Learning! O Ver\u00e3o \u00e9 uma altura ideal para o ajudar a adquirir conhecimentos acad\u00e9micos e descobrir que aprender \u00e9 bom! Pode aprender [&hellip;]<\/p>\n","protected":false},"author":2,"featured_media":144,"parent":470,"menu_order":16,"comment_status":"open","ping_status":"closed","template":"","meta":{"footnotes":"","_links_to":"","_links_to_target":""},"_links":{"self":[{"href":"https:\/\/seelearningcenter.pt\/pt-pt\/wp-json\/wp\/v2\/pages\/529"}],"collection":[{"href":"https:\/\/seelearningcenter.pt\/pt-pt\/wp-json\/wp\/v2\/pages"}],"about":[{"href":"https:\/\/seelearningcenter.pt\/pt-pt\/wp-json\/wp\/v2\/types\/page"}],"author":[{"embeddable":true,"href":"https:\/\/seelearningcenter.pt\/pt-pt\/wp-json\/wp\/v2\/users\/2"}],"replies":[{"embeddable":true,"href":"https:\/\/seelearningcenter.pt\/pt-pt\/wp-json\/wp\/v2\/comments?post=529"}],"version-history":[{"count":3,"href":"https:\/\/seelearningcenter.pt\/pt-pt\/wp-json\/wp\/v2\/pages\/529\/revisions"}],"predecessor-version":[{"id":2004,"href":"https:\/\/seelearningcenter.pt\/pt-pt\/wp-json\/wp\/v2\/pages\/529\/revisions\/2004"}],"up":[{"embeddable":true,"href":"https:\/\/seelearningcenter.pt\/pt-pt\/wp-json\/wp\/v2\/pages\/470"}],"wp:featuredmedia":[{"embeddable":true,"href":"https:\/\/seelearningcenter.pt\/pt-pt\/wp-json\/wp\/v2\/media\/144"}],"wp:attachment":[{"href":"https:\/\/seelearningcenter.pt\/pt-pt\/wp-json\/wp\/v2\/media?parent=529"}],"curies":[{"name":"wp","href":"https:\/\/api.w.org\/{rel}","templated":true}]}}