{"id":527,"date":"2010-07-04T22:25:06","date_gmt":"2010-07-05T02:25:06","guid":{"rendered":"http:\/\/seelearningcenter.pt\/"},"modified":"2010-09-17T22:47:36","modified_gmt":"2010-09-18T02:47:36","slug":"curso-de-linguas-executivo-profissional","status":"publish","type":"page","link":"https:\/\/seelearningcenter.pt\/pt-pt\/learning-center-2\/curso-de-linguas-executivo-profissional\/","title":{"rendered":"Curso de L\u00ednguas Executivo \/ Profissional"},"content":{"rendered":"<table border=\"0\" cellspacing=\"0\" cellpadding=\"0\" width=\"100%\">\n<tbody>\n<tr>\n<td width=\"31%\"><img loading=\"lazy\" decoding=\"async\" src=\"http:\/\/www.seelearningcenter.pt\/images\/business.jpg\" alt=\"\" width=\"216\" height=\"134\" \/><\/td>\n<td width=\"3%\"><img loading=\"lazy\" decoding=\"async\" src=\"http:\/\/www.seelearningcenter.pt\/images\/transp.gif\" alt=\"\" width=\"20\" height=\"1\" \/><\/td>\n<td width=\"31%\"><img loading=\"lazy\" decoding=\"async\" src=\"http:\/\/www.seelearningcenter.pt\/images\/sala_estudo.jpg\" alt=\"\" width=\"216\" height=\"134\" \/><\/td>\n<td width=\"3%\"><img loading=\"lazy\" decoding=\"async\" src=\"http:\/\/www.seelearningcenter.pt\/images\/transp.gif\" alt=\"\" width=\"20\" height=\"1\" \/><\/td>\n<td width=\"32%\"><img loading=\"lazy\" decoding=\"async\" src=\"http:\/\/www.seelearningcenter.pt\/images\/executive1.jpg\" alt=\"\" width=\"216\" height=\"134\" \/><\/td>\n<\/tr>\n<tr>\n<td colspan=\"5\"><img loading=\"lazy\" decoding=\"async\" src=\"http:\/\/www.seelearningcenter.pt\/images\/transp.gif\" alt=\"\" width=\"1\" height=\"20\" \/><\/td>\n<\/tr>\n<tr>\n<td colspan=\"5\">Oferecemos  Cursos de Ingl\u00eas Executivo\/ Profissional   normais ou intensivos no  nosso centro, no estrangeiro ou na sua empresa, durante   todo o ano,  tanto em grupos pequenos como individuais.<\/p>\n<p><strong>Os Cursos  de Ingl\u00eas Profissional   pretendem permitir uma evolu\u00e7\u00e3o r\u00e1pida e  efectiva na l\u00edngua, num ambiente   motivador s\u00e9rio, mas descontra\u00eddo. <\/strong><\/td>\n<\/tr>\n<\/tbody>\n<\/table>\n","protected":false},"excerpt":{"rendered":"<p>Oferecemos Cursos de Ingl\u00eas Executivo\/ Profissional normais ou intensivos no nosso centro, no estrangeiro ou na sua empresa, durante todo o ano, tanto em grupos pequenos como individuais. Os Cursos de Ingl\u00eas Profissional pretendem permitir uma evolu\u00e7\u00e3o r\u00e1pida e efectiva na l\u00edngua, num ambiente motivador s\u00e9rio, mas descontra\u00eddo.<\/p>\n","protected":false},"author":2,"featured_media":142,"parent":470,"menu_order":14,"comment_status":"closed","ping_status":"closed","template":"","meta":{"footnotes":"","_links_to":"","_links_to_target":""},"class_list":["post-527","page","type-page","status-publish","has-post-thumbnail","hentry"],"_links":{"self":[{"href":"https:\/\/seelearningcenter.pt\/pt-pt\/wp-json\/wp\/v2\/pages\/527","targetHints":{"allow":["GET"]}}],"collection":[{"href":"https:\/\/seelearningcenter.pt\/pt-pt\/wp-json\/wp\/v2\/pages"}],"about":[{"href":"https:\/\/seelearningcenter.pt\/pt-pt\/wp-json\/wp\/v2\/types\/page"}],"author":[{"embeddable":true,"href":"https:\/\/seelearningcenter.pt\/pt-pt\/wp-json\/wp\/v2\/users\/2"}],"replies":[{"embeddable":true,"href":"https:\/\/seelearningcenter.pt\/pt-pt\/wp-json\/wp\/v2\/comments?post=527"}],"version-history":[{"count":4,"href":"https:\/\/seelearningcenter.pt\/pt-pt\/wp-json\/wp\/v2\/pages\/527\/revisions"}],"predecessor-version":[{"id":2091,"href":"https:\/\/seelearningcenter.pt\/pt-pt\/wp-json\/wp\/v2\/pages\/527\/revisions\/2091"}],"up":[{"embeddable":true,"href":"https:\/\/seelearningcenter.pt\/pt-pt\/wp-json\/wp\/v2\/pages\/470"}],"wp:featuredmedia":[{"embeddable":true,"href":"https:\/\/seelearningcenter.pt\/pt-pt\/wp-json\/wp\/v2\/media\/142"}],"wp:attachment":[{"href":"https:\/\/seelearningcenter.pt\/pt-pt\/wp-json\/wp\/v2\/media?parent=527"}],"curies":[{"name":"wp","href":"https:\/\/api.w.org\/{rel}","templated":true}]}}