{"id":525,"date":"2010-07-04T22:23:58","date_gmt":"2010-07-05T02:23:58","guid":{"rendered":"http:\/\/seelearningcenter.pt\/"},"modified":"2010-09-17T20:49:16","modified_gmt":"2010-09-18T00:49:16","slug":"preparacao-para-exames","status":"publish","type":"page","link":"https:\/\/seelearningcenter.pt\/pt-pt\/learning-center-2\/preparacao-para-exames\/","title":{"rendered":"Prepara\u00e7\u00e3o para Exames"},"content":{"rendered":"<table border=\"0\" cellspacing=\"0\" cellpadding=\"0\" width=\"100%\">\n<tbody>\n<tr>\n<td width=\"29%\"><img loading=\"lazy\" decoding=\"async\" src=\"http:\/\/www.seelearningcenter.pt\/images\/imgexamination.jpg\" alt=\"\" width=\"200\" height=\"150\" \/><\/td>\n<td width=\"3%\"><img loading=\"lazy\" decoding=\"async\" src=\"http:\/\/www.seelearningcenter.pt\/images\/transp.gif\" alt=\"\" width=\"20\" height=\"1\" \/><\/td>\n<td width=\"68%\"><img loading=\"lazy\" decoding=\"async\" src=\"http:\/\/www.seelearningcenter.pt\/images\/sala_estudo_new.jpg\" alt=\"\" width=\"200\" height=\"150\" \/><\/td>\n<\/tr>\n<tr>\n<td><img loading=\"lazy\" decoding=\"async\" src=\"http:\/\/www.seelearningcenter.pt\/images\/transp.gif\" alt=\"\" width=\"1\" height=\"20\" \/><\/td>\n<td><\/td>\n<td><\/td>\n<\/tr>\n<tr>\n<td colspan=\"3\">Estes  cursos fornecem prepara\u00e7\u00e3o especializada para   muitos dos mais  importantes exames da l\u00edngua inglesa\u00a0 (Cambridge ESOL \u2013 FCE, CAE   e  CPE; TOEFL; TOEIC; IELTS).<\/p>\n<p><strong>See  Learning Center tem uma longa experi\u00eancia na   prepara\u00e7\u00e3o de alunos para  os Exames Nacionais (11\u00ba e 12\u00ba ano) e exames   Universit\u00e1rios.<\/strong><\/td>\n<\/tr>\n<\/tbody>\n<\/table>\n","protected":false},"excerpt":{"rendered":"<p>Estes cursos fornecem prepara\u00e7\u00e3o especializada para muitos dos mais importantes exames da l\u00edngua inglesa\u00a0 (Cambridge ESOL \u2013 FCE, CAE e CPE; TOEFL; TOEIC; IELTS). See Learning Center tem uma longa experi\u00eancia na prepara\u00e7\u00e3o de alunos para os Exames Nacionais (11\u00ba e 12\u00ba ano) e exames Universit\u00e1rios.<\/p>\n","protected":false},"author":2,"featured_media":140,"parent":470,"menu_order":12,"comment_status":"closed","ping_status":"closed","template":"","meta":{"footnotes":"","_links_to":"","_links_to_target":""},"_links":{"self":[{"href":"https:\/\/seelearningcenter.pt\/pt-pt\/wp-json\/wp\/v2\/pages\/525"}],"collection":[{"href":"https:\/\/seelearningcenter.pt\/pt-pt\/wp-json\/wp\/v2\/pages"}],"about":[{"href":"https:\/\/seelearningcenter.pt\/pt-pt\/wp-json\/wp\/v2\/types\/page"}],"author":[{"embeddable":true,"href":"https:\/\/seelearningcenter.pt\/pt-pt\/wp-json\/wp\/v2\/users\/2"}],"replies":[{"embeddable":true,"href":"https:\/\/seelearningcenter.pt\/pt-pt\/wp-json\/wp\/v2\/comments?post=525"}],"version-history":[{"count":3,"href":"https:\/\/seelearningcenter.pt\/pt-pt\/wp-json\/wp\/v2\/pages\/525\/revisions"}],"predecessor-version":[{"id":2007,"href":"https:\/\/seelearningcenter.pt\/pt-pt\/wp-json\/wp\/v2\/pages\/525\/revisions\/2007"}],"up":[{"embeddable":true,"href":"https:\/\/seelearningcenter.pt\/pt-pt\/wp-json\/wp\/v2\/pages\/470"}],"wp:featuredmedia":[{"embeddable":true,"href":"https:\/\/seelearningcenter.pt\/pt-pt\/wp-json\/wp\/v2\/media\/140"}],"wp:attachment":[{"href":"https:\/\/seelearningcenter.pt\/pt-pt\/wp-json\/wp\/v2\/media?parent=525"}],"curies":[{"name":"wp","href":"https:\/\/api.w.org\/{rel}","templated":true}]}}