{"id":523,"date":"2010-07-04T22:16:05","date_gmt":"2010-07-05T02:16:05","guid":{"rendered":"http:\/\/seelearningcenter.pt\/"},"modified":"2010-09-17T22:46:53","modified_gmt":"2010-09-18T02:46:53","slug":"curso-de-linguas-geral","status":"publish","type":"page","link":"https:\/\/seelearningcenter.pt\/pt-pt\/learning-center-2\/curso-de-linguas-geral\/","title":{"rendered":"Curso de L\u00ednguas Geral"},"content":{"rendered":"<table border=\"0\" cellspacing=\"0\" cellpadding=\"0\" width=\"100%\">\n<tbody>\n<tr>\n<td width=\"50%\"><img loading=\"lazy\" decoding=\"async\" src=\"http:\/\/www.seelearningcenter.pt\/images\/general3.jpg\" alt=\"\" width=\"220\" height=\"165\" \/><\/td>\n<td width=\"50%\"><img loading=\"lazy\" decoding=\"async\" src=\"http:\/\/www.seelearningcenter.pt\/images\/general2.jpg\" alt=\"\" width=\"220\" height=\"161\" \/><\/td>\n<\/tr>\n<tr>\n<td colspan=\"3\"><img loading=\"lazy\" decoding=\"async\" src=\"http:\/\/www.seelearningcenter.pt\/images\/transp.gif\" alt=\"\" width=\"1\" height=\"20\" \/><img loading=\"lazy\" decoding=\"async\" src=\"http:\/\/www.seelearningcenter.pt\/images\/transp.gif\" alt=\"\" width=\"1\" height=\"20\" \/><\/td>\n<\/tr>\n<tr>\n<td colspan=\"3\">\u2022\u00a0  Standard \u2022\u00a0 Intensivo \u2022\u00a0   Individual<\/p>\n<p><strong>O curso de l\u00ednguas    geral \u00e9 um curso flex\u00edvel e cont\u00ednuo.<\/strong>Curso de l\u00edngua geral \u00e9 um curso de matr\u00edcula flex\u00edvel e cont\u00ednua. H\u00e1 uma \u00eanfase pr\u00e1tica no desenvolvimento de \u00e1reas-chave que precisa para uma maior flu\u00eancia: essencial de gram\u00e1tica, pron\u00fancia, linguagem coloquial, express\u00f5es idiom\u00e1ticas e vocabul\u00e1rio.<\/p>\n<p>Um curso geral Language Standard consiste de um m\u00ednimo de 2 horas por semana. Voc\u00ea pode escolher entre uma grande variedade de l\u00ednguas: Ingl\u00eas, franc\u00eas, espanhol, italiano, alem\u00e3o&#8230; um curso intensivo d\u00e1-lhe a oportunidade de progredir rapidamente.<\/p>\n<p>O curso particular \u00e9 uma excelente maneira de personalizar seus estudos e concentrar-se sobre temas espec\u00edficos. Voc\u00ea tem a op\u00e7\u00e3o de ter tantas li\u00e7\u00f5es como voc\u00ea quer por semana como um complemento para o prato principal.<\/p>\n<p>Veja Learning Center tamb\u00e9m oferece cursos de Portugu\u00eas para estrangeiros.<\/p>\n<p>Aprenda a falar Portugu\u00eas de forma eficaz. Aprenda Portugu\u00eas como voc\u00ea aprendeu sua l\u00edngua materna e se sentir em casa!<\/td>\n<\/tr>\n<\/tbody>\n<\/table>\n","protected":false},"excerpt":{"rendered":"<p>\u2022\u00a0 Standard \u2022\u00a0 Intensivo \u2022\u00a0 Individual O curso de l\u00ednguas geral \u00e9 um curso flex\u00edvel e cont\u00ednuo.Curso de l\u00edngua geral \u00e9 um curso de matr\u00edcula flex\u00edvel e cont\u00ednua. H\u00e1 uma \u00eanfase pr\u00e1tica no desenvolvimento de \u00e1reas-chave que precisa para uma maior flu\u00eancia: essencial de gram\u00e1tica, pron\u00fancia, linguagem coloquial, express\u00f5es idiom\u00e1ticas e vocabul\u00e1rio. Um curso geral [&hellip;]<\/p>\n","protected":false},"author":2,"featured_media":138,"parent":470,"menu_order":10,"comment_status":"open","ping_status":"closed","template":"","meta":{"footnotes":"","_links_to":"","_links_to_target":""},"_links":{"self":[{"href":"https:\/\/seelearningcenter.pt\/pt-pt\/wp-json\/wp\/v2\/pages\/523"}],"collection":[{"href":"https:\/\/seelearningcenter.pt\/pt-pt\/wp-json\/wp\/v2\/pages"}],"about":[{"href":"https:\/\/seelearningcenter.pt\/pt-pt\/wp-json\/wp\/v2\/types\/page"}],"author":[{"embeddable":true,"href":"https:\/\/seelearningcenter.pt\/pt-pt\/wp-json\/wp\/v2\/users\/2"}],"replies":[{"embeddable":true,"href":"https:\/\/seelearningcenter.pt\/pt-pt\/wp-json\/wp\/v2\/comments?post=523"}],"version-history":[{"count":7,"href":"https:\/\/seelearningcenter.pt\/pt-pt\/wp-json\/wp\/v2\/pages\/523\/revisions"}],"predecessor-version":[{"id":2088,"href":"https:\/\/seelearningcenter.pt\/pt-pt\/wp-json\/wp\/v2\/pages\/523\/revisions\/2088"}],"up":[{"embeddable":true,"href":"https:\/\/seelearningcenter.pt\/pt-pt\/wp-json\/wp\/v2\/pages\/470"}],"wp:featuredmedia":[{"embeddable":true,"href":"https:\/\/seelearningcenter.pt\/pt-pt\/wp-json\/wp\/v2\/media\/138"}],"wp:attachment":[{"href":"https:\/\/seelearningcenter.pt\/pt-pt\/wp-json\/wp\/v2\/media?parent=523"}],"curies":[{"name":"wp","href":"https:\/\/api.w.org\/{rel}","templated":true}]}}