{"id":502,"date":"2010-07-04T19:54:15","date_gmt":"2010-07-04T23:54:15","guid":{"rendered":"http:\/\/seelearningcenter.pt\/"},"modified":"2010-07-04T22:37:04","modified_gmt":"2010-07-05T02:37:04","slug":"curso-de-ingles-geral","status":"publish","type":"page","link":"https:\/\/seelearningcenter.pt\/pt-pt\/study-abroad-2\/curso-de-ingles-geral\/","title":{"rendered":"Curso de Ingl\u00eas Geral"},"content":{"rendered":"<table border=\"0\" cellspacing=\"0\" cellpadding=\"0\" width=\"690\">\n<tbody>\n<tr>\n<td colspan=\"3\">\n<table border=\"0\" cellspacing=\"0\" cellpadding=\"0\">\n<tbody>\n<tr>\n<td>\u2022\u00a0 Normal<\/td>\n<td><img loading=\"lazy\" decoding=\"async\" src=\"http:\/\/www.seelearningcenter.pt\/images\/transp.gif\" alt=\"\" width=\"15\" height=\"1\" \/><\/td>\n<td>\u2022\u00a0 Intensivo<\/td>\n<td><img loading=\"lazy\" decoding=\"async\" src=\"http:\/\/www.seelearningcenter.pt\/images\/transp.gif\" alt=\"\" width=\"15\" height=\"1\" \/><\/td>\n<td>\u2022\u00a0Individual<\/td>\n<\/tr>\n<\/tbody>\n<\/table>\n<\/td>\n<\/tr>\n<tr>\n<td width=\"222\"><\/td>\n<td width=\"15\"><\/td>\n<td width=\"453\"><\/td>\n<\/tr>\n<tr>\n<td><img loading=\"lazy\" decoding=\"async\" src=\"http:\/\/www.seelearningcenter.pt\/images\/general_course.jpg\" alt=\"\" width=\"221\" height=\"142\" \/><\/td>\n<td><img loading=\"lazy\" decoding=\"async\" src=\"http:\/\/www.seelearningcenter.pt\/images\/transp.gif\" alt=\"\" width=\"15\" height=\"1\" \/><\/td>\n<td>\n<strong>O Curso de  Ingl\u00eas   Geral \u00e9 um curso flex\u00edvel.<\/strong><\/p>\n<p>Este curso d\u00e1 \u00eanfase  ao   desenvolvimento de \u00e1reas-chave necess\u00e1rias \u00e0 flu\u00eancia em Ingl\u00eas:  gram\u00e1tica   essencial, pron\u00fancia, linguagem coloquial, express\u00f5es e  vocabul\u00e1rio. O curso de   Ingl\u00eas Geral Normal varia entre 25 e 30 aulas  por semana, dependendo do pa\u00eds. O   curso Intensivo d\u00e1-lhe a  oportunidade de obter um progresso r\u00e1pido.<\/td>\n<\/tr>\n<tr>\n<td><\/td>\n<td><\/td>\n<td><\/td>\n<\/tr>\n<tr>\n<td><img loading=\"lazy\" decoding=\"async\" src=\"http:\/\/www.seelearningcenter.pt\/images\/ingles_geral.jpg\" alt=\"\" width=\"221\" height=\"142\" \/><\/td>\n<td><\/td>\n<td><strong>Todos os professores s\u00e3o qualificados e experientes.<br \/>\n<\/strong><br \/>\nO curso Individual \u00e9 um curso excelente para    personalizar os seus estudos e focar-se em t\u00f3picos espec\u00edficos. Existe a  op\u00e7\u00e3o   entre 5 e 10 aulas por semana adicionais ao curso principal.<\/p>\n<p>Combine as aulas com um  programa de actividades e   excurss\u00f5es para disfrutar ao m\u00e1ximo do seu  tempo no estrangeiro.<\/td>\n<\/tr>\n<\/tbody>\n<\/table>\n","protected":false},"excerpt":{"rendered":"<p>\u2022\u00a0 Normal \u2022\u00a0 Intensivo \u2022\u00a0Individual O Curso de Ingl\u00eas Geral \u00e9 um curso flex\u00edvel. Este curso d\u00e1 \u00eanfase ao desenvolvimento de \u00e1reas-chave necess\u00e1rias \u00e0 flu\u00eancia em Ingl\u00eas: gram\u00e1tica essencial, pron\u00fancia, linguagem coloquial, express\u00f5es e vocabul\u00e1rio. O curso de Ingl\u00eas Geral Normal varia entre 25 e 30 aulas por semana, dependendo do pa\u00eds. O curso Intensivo [&hellip;]<\/p>\n","protected":false},"author":2,"featured_media":2997,"parent":500,"menu_order":1,"comment_status":"open","ping_status":"closed","template":"","meta":{"footnotes":"","_links_to":"","_links_to_target":""},"_links":{"self":[{"href":"https:\/\/seelearningcenter.pt\/pt-pt\/wp-json\/wp\/v2\/pages\/502"}],"collection":[{"href":"https:\/\/seelearningcenter.pt\/pt-pt\/wp-json\/wp\/v2\/pages"}],"about":[{"href":"https:\/\/seelearningcenter.pt\/pt-pt\/wp-json\/wp\/v2\/types\/page"}],"author":[{"embeddable":true,"href":"https:\/\/seelearningcenter.pt\/pt-pt\/wp-json\/wp\/v2\/users\/2"}],"replies":[{"embeddable":true,"href":"https:\/\/seelearningcenter.pt\/pt-pt\/wp-json\/wp\/v2\/comments?post=502"}],"version-history":[{"count":2,"href":"https:\/\/seelearningcenter.pt\/pt-pt\/wp-json\/wp\/v2\/pages\/502\/revisions"}],"predecessor-version":[{"id":540,"href":"https:\/\/seelearningcenter.pt\/pt-pt\/wp-json\/wp\/v2\/pages\/502\/revisions\/540"}],"up":[{"embeddable":true,"href":"https:\/\/seelearningcenter.pt\/pt-pt\/wp-json\/wp\/v2\/pages\/500"}],"wp:featuredmedia":[{"embeddable":true,"href":"https:\/\/seelearningcenter.pt\/pt-pt\/wp-json\/wp\/v2\/media\/2997"}],"wp:attachment":[{"href":"https:\/\/seelearningcenter.pt\/pt-pt\/wp-json\/wp\/v2\/media?parent=502"}],"curies":[{"name":"wp","href":"https:\/\/api.w.org\/{rel}","templated":true}]}}