{"id":494,"date":"2010-07-04T19:09:30","date_gmt":"2010-07-04T23:09:30","guid":{"rendered":"http:\/\/seelearningcenter.pt\/"},"modified":"2010-09-17T20:48:47","modified_gmt":"2010-09-18T00:48:47","slug":"explicacoes","status":"publish","type":"page","link":"https:\/\/seelearningcenter.pt\/pt-pt\/learning-center-2\/explicacoes\/","title":{"rendered":"Explica\u00e7\u00f5es"},"content":{"rendered":"<table border=\"0\" cellspacing=\"0\" cellpadding=\"0\" width=\"100%\">\n<tbody>\n<tr>\n<td width=\"32%\" valign=\"top\"><img loading=\"lazy\" decoding=\"async\" src=\"http:\/\/www.seelearningcenter.pt\/images\/img_tutorial1.jpg\" alt=\"\" width=\"221\" height=\"272\" \/><\/td>\n<td width=\"22%\" valign=\"top\">\n<table border=\"0\" cellspacing=\"0\" cellpadding=\"0\">\n<tbody>\n<tr>\n<td><img loading=\"lazy\" decoding=\"async\" src=\"http:\/\/www.seelearningcenter.pt\/images\/transp.gif\" alt=\"\" width=\"20\" height=\"1\" \/><\/td>\n<td><img loading=\"lazy\" decoding=\"async\" src=\"http:\/\/www.seelearningcenter.pt\/images\/one.jpg\" alt=\"\" width=\"112\" height=\"78\" \/><\/td>\n<td><img loading=\"lazy\" decoding=\"async\" src=\"http:\/\/www.seelearningcenter.pt\/images\/transp.gif\" alt=\"\" width=\"20\" height=\"1\" \/><\/td>\n<\/tr>\n<tr>\n<td><\/td>\n<td><\/td>\n<td><\/td>\n<\/tr>\n<tr>\n<td><\/td>\n<td><img loading=\"lazy\" decoding=\"async\" src=\"http:\/\/www.seelearningcenter.pt\/images\/img_tutorial.jpg\" alt=\"\" width=\"112\" height=\"78\" \/><\/td>\n<td><\/td>\n<\/tr>\n<tr>\n<td><\/td>\n<td><\/td>\n<td><\/td>\n<\/tr>\n<tr>\n<td><\/td>\n<td><strong><img loading=\"lazy\" decoding=\"async\" src=\"http:\/\/www.seelearningcenter.pt\/images\/tutorial.jpg\" alt=\"\" width=\"112\" height=\"78\" \/><\/strong><\/td>\n<td><\/td>\n<\/tr>\n<\/tbody>\n<\/table>\n<\/td>\n<td width=\"46%\" valign=\"top\">\u2022\u00a0 Grupo \u2022\u00a0 Individual  \u2022\u00a0 Ao   domic\u00edlio<\/p>\n<p><strong>A See Learning Center   proporciona-lhe  uma grande variedade de disciplinas e cobre todas as idades e    capacidades<\/strong><strong> <\/strong><\/p>\n<p><strong>.<\/strong>A See Learning Center desenvolve a auto-confian\u00e7a   dos  alunos, acompanhando cada aluno de acordo com as suas capacidades,    valorizando e encorajando as suas potencialidades.<\/p>\n<p>Poder\u00e1 optar por explica\u00e7\u00f5es   em grupo, beneficiando de todas as  vantagens da aprendizagem em pequenos grupos,   ou explica\u00e7\u00f5es  individuais, as quais se focam nos seus requerimentos   espec\u00edficos,  permitindo a maximiza\u00e7\u00e3o seu potencial de aprendizagem.<\/p>\n<p>A See Learning Center tamb\u00e9m lhe oferece a   oportunidade de combinar os  dois tipos de explica\u00e7\u00f5es.<\/p>\n<p>Para seu total conforto, a See Learning Center   disp\u00f5e tamb\u00e9m de  explica\u00e7\u00f5es ao domic\u00edlio.<\/p>\n<p><strong>Todos os nossos professores s\u00e3o altamente    qualificados e experientes, respondendo facilmente \u00e0s suas    necessidades.<\/strong><\/td>\n<\/tr>\n<\/tbody>\n<\/table>\n","protected":false},"excerpt":{"rendered":"<p>\u2022\u00a0 Grupo \u2022\u00a0 Individual \u2022\u00a0 Ao domic\u00edlio A See Learning Center proporciona-lhe uma grande variedade de disciplinas e cobre todas as idades e capacidades .A See Learning Center desenvolve a auto-confian\u00e7a dos alunos, acompanhando cada aluno de acordo com as suas capacidades, valorizando e encorajando as suas potencialidades. Poder\u00e1 optar por explica\u00e7\u00f5es em grupo, beneficiando [&hellip;]<\/p>\n","protected":false},"author":2,"featured_media":136,"parent":470,"menu_order":8,"comment_status":"open","ping_status":"closed","template":"","meta":{"footnotes":"","_links_to":"","_links_to_target":""},"_links":{"self":[{"href":"https:\/\/seelearningcenter.pt\/pt-pt\/wp-json\/wp\/v2\/pages\/494"}],"collection":[{"href":"https:\/\/seelearningcenter.pt\/pt-pt\/wp-json\/wp\/v2\/pages"}],"about":[{"href":"https:\/\/seelearningcenter.pt\/pt-pt\/wp-json\/wp\/v2\/types\/page"}],"author":[{"embeddable":true,"href":"https:\/\/seelearningcenter.pt\/pt-pt\/wp-json\/wp\/v2\/users\/2"}],"replies":[{"embeddable":true,"href":"https:\/\/seelearningcenter.pt\/pt-pt\/wp-json\/wp\/v2\/comments?post=494"}],"version-history":[{"count":5,"href":"https:\/\/seelearningcenter.pt\/pt-pt\/wp-json\/wp\/v2\/pages\/494\/revisions"}],"predecessor-version":[{"id":2005,"href":"https:\/\/seelearningcenter.pt\/pt-pt\/wp-json\/wp\/v2\/pages\/494\/revisions\/2005"}],"up":[{"embeddable":true,"href":"https:\/\/seelearningcenter.pt\/pt-pt\/wp-json\/wp\/v2\/pages\/470"}],"wp:featuredmedia":[{"embeddable":true,"href":"https:\/\/seelearningcenter.pt\/pt-pt\/wp-json\/wp\/v2\/media\/136"}],"wp:attachment":[{"href":"https:\/\/seelearningcenter.pt\/pt-pt\/wp-json\/wp\/v2\/media?parent=494"}],"curies":[{"name":"wp","href":"https:\/\/api.w.org\/{rel}","templated":true}]}}