{"id":489,"date":"2010-07-04T19:07:21","date_gmt":"2010-07-04T23:07:21","guid":{"rendered":"http:\/\/seelearningcenter.pt\/"},"modified":"2010-09-17T20:49:36","modified_gmt":"2010-09-18T00:49:36","slug":"young-learners-criancas","status":"publish","type":"page","link":"https:\/\/seelearningcenter.pt\/pt-pt\/learning-center-2\/young-learners-criancas\/","title":{"rendered":"Young Learners (Juniores)"},"content":{"rendered":"<table border=\"0\" cellspacing=\"0\" cellpadding=\"0\" width=\"100%\">\n<tbody>\n<tr>\n<td><strong><img loading=\"lazy\" decoding=\"async\" src=\"http:\/\/www.seelearningcenter.pt\/images\/young1.jpg\" alt=\"\" width=\"216\" height=\"161\" \/><\/strong><\/td>\n<td><img loading=\"lazy\" decoding=\"async\" src=\"http:\/\/www.seelearningcenter.pt\/images\/transp.gif\" alt=\"\" width=\"20\" height=\"1\" \/><\/td>\n<td><a rel=\"attachment wp-att-1261\" href=\"http:\/\/seelearningcenter.pt\/learning-center\/young-learners-childrens\/attachment\/see-learning-center-4peq-3\/\"><img loading=\"lazy\" decoding=\"async\" class=\"alignright size-full wp-image-1261\" title=\"SEE LEARNING CENTER (4)peq\" src=\"http:\/\/seelearningcenter.pt\/wp-content\/uploads\/2010\/06\/SEE-LEARNING-CENTER-4peq2.jpg\" alt=\"\" width=\"199\" height=\"150\" \/><\/a><\/td>\n<td><img loading=\"lazy\" decoding=\"async\" src=\"http:\/\/www.seelearningcenter.pt\/images\/transp.gif\" alt=\"\" width=\"20\" height=\"1\" \/><\/td>\n<td rowspan=\"3\">Na See Learning Center os mais pequenos s\u00e3o convidados a disfrutar de uma aprendizagem completa, supervisionados por professores altamente qualificados, tanto nas explica\u00e7\u00f5es como nas actividades extra-curriculares \u2013 Ingl\u00eas ou outra l\u00edgua, inform\u00e1tica, m\u00fasica, sala d&#8217;arte, dan\u00e7a&#8230;<br \/>\ntudo num ambiente seleccionado.A aprendizagem do seu filho ser\u00e1 feita recorrendo a excelente material educativo, algum especialmente produzido pelos professores da See Learning Center&#8230;<\/td>\n<\/tr>\n<tr>\n<td><img loading=\"lazy\" decoding=\"async\" src=\"http:\/\/www.seelearningcenter.pt\/images\/transp.gif\" alt=\"\" width=\"1\" height=\"20\" \/><\/td>\n<td>\u00a0<\/td>\n<td>\u00a0<\/td>\n<td>\u00a0<\/td>\n<\/tr>\n<tr>\n<td><img loading=\"lazy\" decoding=\"async\" src=\"http:\/\/www.seelearningcenter.pt\/images\/young3.jpg\" alt=\"\" width=\"216\" height=\"161\" \/><\/td>\n<td>\u00a0<\/td>\n<td><img loading=\"lazy\" decoding=\"async\" src=\"http:\/\/www.seelearningcenter.pt\/images\/young4.jpg\" alt=\"\" width=\"216\" height=\"161\" \/><\/td>\n<\/tr>\n<\/tbody>\n<\/table>\n","protected":false},"excerpt":{"rendered":"<p>Na See Learning Center os mais pequenos s\u00e3o convidados a disfrutar de uma aprendizagem completa, supervisionados por professores altamente qualificados, tanto nas explica\u00e7\u00f5es como nas actividades extra-curriculares \u2013 Ingl\u00eas ou outra l\u00edgua, inform\u00e1tica, m\u00fasica, sala d&#8217;arte, dan\u00e7a&#8230; tudo num ambiente seleccionado.A aprendizagem do seu filho ser\u00e1 feita recorrendo a excelente material educativo, algum especialmente produzido [&hellip;]<\/p>\n","protected":false},"author":2,"featured_media":1265,"parent":470,"menu_order":6,"comment_status":"open","ping_status":"closed","template":"","meta":{"footnotes":"","_links_to":"","_links_to_target":""},"_links":{"self":[{"href":"https:\/\/seelearningcenter.pt\/pt-pt\/wp-json\/wp\/v2\/pages\/489"}],"collection":[{"href":"https:\/\/seelearningcenter.pt\/pt-pt\/wp-json\/wp\/v2\/pages"}],"about":[{"href":"https:\/\/seelearningcenter.pt\/pt-pt\/wp-json\/wp\/v2\/types\/page"}],"author":[{"embeddable":true,"href":"https:\/\/seelearningcenter.pt\/pt-pt\/wp-json\/wp\/v2\/users\/2"}],"replies":[{"embeddable":true,"href":"https:\/\/seelearningcenter.pt\/pt-pt\/wp-json\/wp\/v2\/comments?post=489"}],"version-history":[{"count":11,"href":"https:\/\/seelearningcenter.pt\/pt-pt\/wp-json\/wp\/v2\/pages\/489\/revisions"}],"predecessor-version":[{"id":2009,"href":"https:\/\/seelearningcenter.pt\/pt-pt\/wp-json\/wp\/v2\/pages\/489\/revisions\/2009"}],"up":[{"embeddable":true,"href":"https:\/\/seelearningcenter.pt\/pt-pt\/wp-json\/wp\/v2\/pages\/470"}],"wp:featuredmedia":[{"embeddable":true,"href":"https:\/\/seelearningcenter.pt\/pt-pt\/wp-json\/wp\/v2\/media\/1265"}],"wp:attachment":[{"href":"https:\/\/seelearningcenter.pt\/pt-pt\/wp-json\/wp\/v2\/media?parent=489"}],"curies":[{"name":"wp","href":"https:\/\/api.w.org\/{rel}","templated":true}]}}