{"id":483,"date":"2010-07-04T19:04:08","date_gmt":"2010-07-04T23:04:08","guid":{"rendered":"http:\/\/seelearningcenter.pt\/"},"modified":"2010-09-17T20:11:33","modified_gmt":"2010-09-18T00:11:33","slug":"metodo-see-learning-center","status":"publish","type":"page","link":"https:\/\/seelearningcenter.pt\/pt-pt\/learning-center-2\/metodo-see-learning-center\/","title":{"rendered":"M\u00e9todo See Learning Center"},"content":{"rendered":"<table border=\"0\" cellspacing=\"0\" cellpadding=\"0\" width=\"690\">\n<tbody>\n<tr>\n<td colspan=\"3\"><img loading=\"lazy\" decoding=\"async\" src=\"http:\/\/www.seelearningcenter.pt\/images\/transp.gif\" alt=\"\" width=\"15\" height=\"1\" \/><\/td>\n<\/tr>\n<tr>\n<td width=\"181\" valign=\"top\">\n<table border=\"0\" cellspacing=\"0\" cellpadding=\"0\" width=\"73%\">\n<tbody>\n<tr>\n<td><img loading=\"lazy\" decoding=\"async\" src=\"http:\/\/www.seelearningcenter.pt\/images\/img_method.jpg\" alt=\"\" width=\"180\" height=\"235\" \/><\/td>\n<\/tr>\n<tr>\n<td><img loading=\"lazy\" decoding=\"async\" src=\"http:\/\/www.seelearningcenter.pt\/images\/transp.gif\" alt=\"\" width=\"1\" height=\"20\" \/><\/td>\n<\/tr>\n<tr>\n<td><img loading=\"lazy\" decoding=\"async\" src=\"http:\/\/www.seelearningcenter.pt\/images\/img_method2.jpg\" alt=\"\" width=\"180\" height=\"94\" \/><\/td>\n<\/tr>\n<\/tbody>\n<\/table>\n<\/td>\n<td width=\"4\"><img loading=\"lazy\" decoding=\"async\" src=\"http:\/\/www.seelearningcenter.pt\/images\/transp.gif\" alt=\"\" width=\"20\" height=\"1\" \/><\/td>\n<td width=\"505\" valign=\"top\">O  m\u00e9todo See Learning Center \u00e9 um programa de   aprendizagem p\u00f3s-escolar  diferente, desenhado para ajudar os alunos a dominar   cada disciplina.  Este m\u00e9todo consiste na ocupa\u00e7\u00e3o do tempo livre p\u00f3s-escolar do   aluno,  durante o qual tem a oportunidade de realizar os seus trabalhos de casa,    comparecer a explica\u00e7\u00f5es das mais diversas disciplinas e se divertir  em   actividades educacionais opcionais, tudo de um modo organizado.<\/p>\n<p>Na See Learning Center os  alunos obt\u00eam conhecimentos   e confian\u00e7a com vista ao sucesso escolar. e  para l\u00e1 da escola.<\/p>\n<p>Este m\u00e9todo  permite ao   aluno progredir ao seu pr\u00f3prio ritmo, aumentar a sua  concentra\u00e7\u00e3o e os seus   h\u00e1bitos de estudo e desenvolver auto-confian\u00e7a.<\/p>\n<p>Este m\u00e9todo reconhece  tamb\u00e9m todos os alunos   que est\u00e3o a trabalhar acima da m\u00e9dia escolar.<\/p>\n<p>Muitos dos nossos alunos na See Learning  Center pretendem   permanecer acima da m\u00e9dia e ganhar os benef\u00edcios do  material estimulante, com o   objectivo de atingir as suas aspira\u00e7\u00f5es  acad\u00e9micas. <strong> <\/strong><\/p>\n<p><strong> <\/strong>Na See Learning Center os alunos  s\u00e3o   estimulados a seguir em frente!<\/p>\n<p><strong><br \/>\nActividades Extra-Curriculares<\/strong><\/p>\n<p>\u2022\u00a0 Clube de Ingl\u00eas \u2022\u00a0 M\u00fasica \u2022\u00a0 Flauta \u2022\u00a0 Viola \u2022\u00a0  Inform\u00e1tica \u2022\u00a0 Dan\u00e7a\u2022\u00a0 Yoga<\/td>\n<\/tr>\n<\/tbody>\n<\/table>\n","protected":false},"excerpt":{"rendered":"<p>O m\u00e9todo See Learning Center \u00e9 um programa de aprendizagem p\u00f3s-escolar diferente, desenhado para ajudar os alunos a dominar cada disciplina. Este m\u00e9todo consiste na ocupa\u00e7\u00e3o do tempo livre p\u00f3s-escolar do aluno, durante o qual tem a oportunidade de realizar os seus trabalhos de casa, comparecer a explica\u00e7\u00f5es das mais diversas disciplinas e se divertir [&hellip;]<\/p>\n","protected":false},"author":2,"featured_media":132,"parent":470,"menu_order":4,"comment_status":"closed","ping_status":"closed","template":"","meta":{"footnotes":"","_links_to":"","_links_to_target":""},"class_list":["post-483","page","type-page","status-publish","has-post-thumbnail","hentry"],"_links":{"self":[{"href":"https:\/\/seelearningcenter.pt\/pt-pt\/wp-json\/wp\/v2\/pages\/483","targetHints":{"allow":["GET"]}}],"collection":[{"href":"https:\/\/seelearningcenter.pt\/pt-pt\/wp-json\/wp\/v2\/pages"}],"about":[{"href":"https:\/\/seelearningcenter.pt\/pt-pt\/wp-json\/wp\/v2\/types\/page"}],"author":[{"embeddable":true,"href":"https:\/\/seelearningcenter.pt\/pt-pt\/wp-json\/wp\/v2\/users\/2"}],"replies":[{"embeddable":true,"href":"https:\/\/seelearningcenter.pt\/pt-pt\/wp-json\/wp\/v2\/comments?post=483"}],"version-history":[{"count":5,"href":"https:\/\/seelearningcenter.pt\/pt-pt\/wp-json\/wp\/v2\/pages\/483\/revisions"}],"predecessor-version":[{"id":1961,"href":"https:\/\/seelearningcenter.pt\/pt-pt\/wp-json\/wp\/v2\/pages\/483\/revisions\/1961"}],"up":[{"embeddable":true,"href":"https:\/\/seelearningcenter.pt\/pt-pt\/wp-json\/wp\/v2\/pages\/470"}],"wp:featuredmedia":[{"embeddable":true,"href":"https:\/\/seelearningcenter.pt\/pt-pt\/wp-json\/wp\/v2\/media\/132"}],"wp:attachment":[{"href":"https:\/\/seelearningcenter.pt\/pt-pt\/wp-json\/wp\/v2\/media?parent=483"}],"curies":[{"name":"wp","href":"https:\/\/api.w.org\/{rel}","templated":true}]}}