{"id":474,"date":"2010-07-04T18:57:55","date_gmt":"2010-07-04T22:57:55","guid":{"rendered":"http:\/\/seelearningcenter.pt\/"},"modified":"2022-02-09T15:42:44","modified_gmt":"2022-02-09T19:42:44","slug":"e-learning","status":"publish","type":"page","link":"https:\/\/seelearningcenter.pt\/pt-pt\/learning-center-2\/e-learning\/","title":{"rendered":"Cursos de L\u00ednguas online, em directo da See Learning Center, em Lisboa, Portugal"},"content":{"rendered":"<table border=\"0\" width=\"689\" cellspacing=\"0\" cellpadding=\"0\">\n<tbody>\n<tr>\n<td><strong><img loading=\"lazy\" decoding=\"async\" class=\"wp-image-4005 size-medium alignleft\" title=\"IMG_6781\" src=\"https:\/\/seelearningcenter.pt\/wp-content\/uploads\/2022\/02\/cover_Online-Language-Education-languages-300x195.jpg\" alt=\"\" width=\"300\" height=\"195\" srcset=\"https:\/\/seelearningcenter.pt\/wp-content\/uploads\/2022\/02\/cover_Online-Language-Education-languages-300x195.jpg 300w, https:\/\/seelearningcenter.pt\/wp-content\/uploads\/2022\/02\/cover_Online-Language-Education-languages-1024x666.jpg 1024w, https:\/\/seelearningcenter.pt\/wp-content\/uploads\/2022\/02\/cover_Online-Language-Education-languages-768x499.jpg 768w, https:\/\/seelearningcenter.pt\/wp-content\/uploads\/2022\/02\/cover_Online-Language-Education-languages.jpg 1417w\" sizes=\"auto, (max-width: 300px) 100vw, 300px\" \/><\/strong><\/td>\n<td width=\"360\">Embora as aulas de l\u00ednguas presenciais em grupo sejam uma forma v\u00e1lida e divertida de estudar, as exig\u00eancias da vida moderna podem dificultar o cumprimento de um hor\u00e1rio regular. O seu hor\u00e1rio de trabalho pode n\u00e3o ser compat\u00edvel com as aulas presenciais ou pode ter neste momento outras<br \/>\nprioridades que o fa\u00e7am deixar as aulas de idiomas em segundo plano e perder as aulas pelas quais pagou.<br \/>\nFelizmente, os dias em que as aulas em grupo f\u00edsico eram a \u00fanica maneira de aprender um novo idioma j\u00e1 se acabaram. A SEE Learning Center oferece, desde 2015, uma solu\u00e7\u00e3o flex\u00edvel e \u00e0 sua medida, que lhe permite fazer as suas aulas de l\u00ednguas quando lhe for mais conveniente.<br \/>\nEssas aulas individuais online oferecem a flexibilidade de que precisa para lidar com mudan\u00e7as inesperadas e\/ou importantes na sua rotina, sem perder o que j\u00e1 aprendeu de um idioma e sem desperdi\u00e7ar o valor pago.<\/td>\n<\/tr>\n<\/tbody>\n<\/table>\n<p><strong>Escolha a op\u00e7\u00e3o que melhor se adapta a si:<\/strong><\/p>\n<ul>\n<li>Se \u00e9 prov\u00e1vel ter interrup\u00e7\u00f5es ocasionais na sua rotina normal, mas gosta da familiaridade e rotina de ter aulas no mesmo hor\u00e1rio, todas as semanas, com o mesmo professor, isto \u00e9 poss\u00edvel. Esta op\u00e7\u00e3o d\u00e1-lhe a oportunidade de reagendar uma aula, se necess\u00e1rio, sem nenhum custo.<\/li>\n<li>Se a sua agenda \u00e9 mais irregular e muda com demasiada frequ\u00eancia para se poder comprometer com um hor\u00e1rio regular, simplesmente diga-nos quando a sua disponibilidade para uma aula e n\u00f3s combinaremos com um professor dispon\u00edvel. Esta op\u00e7\u00e3o \u00e9 totalmente<br \/>\nflex\u00edvel e permite que maximize as suas oportunidades para aprender um idioma sempre que puder.<\/li>\n<\/ul>\n<p>https:\/\/www.facebook.com\/SEE-Languages-Online-384298975112298<\/p>\n<p><strong>PARA MAIS INFORMA\u00c7\u00d5ES SOBRE AS AULAS ON-LINE, ENTRE EM CONTATO CONNOSCO!<\/strong><\/p>\n<p><strong>TESTEMUNHOS:<\/strong><\/p>\n<p>I improve my English fluency by attending English speaking lessons. Programmes designed according to your needs lead to a faster progress. Through online lessons, at home or on the road, I can follow my course and still go wherever I need to. I would recommend online lessons as they are a very good opportunity to the many business women and mothers.<\/p>\n<p><strong>Asl\u0131han Kerimo\u011flu<\/strong>, Vodafone Turkey, Safety Specialist, Senior Engineer<\/p>\n<p>Spanish classes are very successful. The best thing is that I can have my private lesson anywhere I want to. I do not have to stay home, I can even save time by having my class at Istanbul&#8217;s traffic. An internet connection is all you need to take advantage of this excellent education. Lessons with the teacher go very smoothly, I recommend it to anyone!<\/p>\n<p><strong>Merve Celik<\/strong>, Sanofi-Aventis Turkey, Safety Specialist, Senior Engineer<\/p>\n<p>Taking a course online is a great advantage, in the way that you can keep any special events you had planned you want. As far as the teaching methods are concerned, they allow you to get a very good practice. I highly recommend it!<\/p>\n<p><strong>Dr. Yurdaer Ozcan<\/strong>, Bayrampa\u015fa Social Security Hospital, Internal Medicine Doctor<\/p>\n","protected":false},"excerpt":{"rendered":"<p>Embora as aulas de l\u00ednguas presenciais em grupo sejam uma forma v\u00e1lida e divertida de estudar, as exig\u00eancias da vida moderna podem dificultar o cumprimento de um hor\u00e1rio regular. O seu hor\u00e1rio de trabalho pode n\u00e3o ser compat\u00edvel com as aulas presenciais ou pode ter neste momento outras prioridades que o fa\u00e7am deixar as aulas [&hellip;]<\/p>\n","protected":false},"author":2,"featured_media":3976,"parent":470,"menu_order":2,"comment_status":"closed","ping_status":"closed","template":"","meta":{"footnotes":"","_links_to":"","_links_to_target":""},"class_list":["post-474","page","type-page","status-publish","has-post-thumbnail","hentry"],"_links":{"self":[{"href":"https:\/\/seelearningcenter.pt\/pt-pt\/wp-json\/wp\/v2\/pages\/474","targetHints":{"allow":["GET"]}}],"collection":[{"href":"https:\/\/seelearningcenter.pt\/pt-pt\/wp-json\/wp\/v2\/pages"}],"about":[{"href":"https:\/\/seelearningcenter.pt\/pt-pt\/wp-json\/wp\/v2\/types\/page"}],"author":[{"embeddable":true,"href":"https:\/\/seelearningcenter.pt\/pt-pt\/wp-json\/wp\/v2\/users\/2"}],"replies":[{"embeddable":true,"href":"https:\/\/seelearningcenter.pt\/pt-pt\/wp-json\/wp\/v2\/comments?post=474"}],"version-history":[{"count":34,"href":"https:\/\/seelearningcenter.pt\/pt-pt\/wp-json\/wp\/v2\/pages\/474\/revisions"}],"predecessor-version":[{"id":4012,"href":"https:\/\/seelearningcenter.pt\/pt-pt\/wp-json\/wp\/v2\/pages\/474\/revisions\/4012"}],"up":[{"embeddable":true,"href":"https:\/\/seelearningcenter.pt\/pt-pt\/wp-json\/wp\/v2\/pages\/470"}],"wp:featuredmedia":[{"embeddable":true,"href":"https:\/\/seelearningcenter.pt\/pt-pt\/wp-json\/wp\/v2\/media\/3976"}],"wp:attachment":[{"href":"https:\/\/seelearningcenter.pt\/pt-pt\/wp-json\/wp\/v2\/media?parent=474"}],"curies":[{"name":"wp","href":"https:\/\/api.w.org\/{rel}","templated":true}]}}