{"id":471,"date":"2010-07-04T18:54:34","date_gmt":"2010-07-04T22:54:34","guid":{"rendered":"http:\/\/seelearningcenter.pt\/"},"modified":"2010-09-17T20:11:11","modified_gmt":"2010-09-18T00:11:11","slug":"salas-de-estudo","status":"publish","type":"page","link":"https:\/\/seelearningcenter.pt\/pt-pt\/learning-center-2\/salas-de-estudo\/","title":{"rendered":"Salas de Estudo"},"content":{"rendered":"<h3><\/h3>\n<table border=\"0\" cellspacing=\"0\" cellpadding=\"0\" width=\"690\">\n<tbody>\n<tr>\n<td colspan=\"3\" width=\"2067\">\n<table border=\"0\" cellspacing=\"0\" cellpadding=\"0\" width=\"100%\">\n<tbody>\n<tr>\n<td width=\"33%\"><img loading=\"lazy\" decoding=\"async\" src=\"http:\/\/www.seelearningcenter.pt\/images\/img_study.jpg\" alt=\"\" width=\"334\" height=\"215\" \/><\/td>\n<td width=\"1%\"><img loading=\"lazy\" decoding=\"async\" src=\"http:\/\/www.seelearningcenter.pt\/images\/transp.gif\" alt=\"\" width=\"21\" height=\"1\" \/><\/td>\n<td width=\"66%\"><img loading=\"lazy\" decoding=\"async\" src=\"http:\/\/www.seelearningcenter.pt\/images\/study_centre.jpg\" alt=\"\" width=\"334\" height=\"215\" \/><\/td>\n<\/tr>\n<\/tbody>\n<\/table>\n<\/td>\n<\/tr>\n<tr>\n<td colspan=\"3\"><\/td>\n<\/tr>\n<tr>\n<td colspan=\"3\">Acompanhamento a estudantes de todas as idades,  numa   atmosfera familiar, por profissionais altamente especializados.<\/p>\n<p><strong>Taxas de sucesso muito   elevadas<\/strong><\/p>\n<p>Os nossos materiais e actividades s\u00e3o  motivadores e   efectivos, o que leva a que a maioria dos nossos alunos  permane\u00e7a connosco desde   o primeiro ano do 1.\u00ba ciclo at\u00e9 ap final da  licenciatura.<\/p>\n<table border=\"0\" cellspacing=\"0\" cellpadding=\"0\" width=\"100%\">\n<tbody>\n<tr>\n<td width=\"33%\"><img loading=\"lazy\" decoding=\"async\" src=\"http:\/\/www.seelearningcenter.pt\/images\/study_centre2.jpg\" alt=\"\" width=\"334\" height=\"215\" \/><\/td>\n<td width=\"1%\"><img loading=\"lazy\" decoding=\"async\" src=\"http:\/\/www.seelearningcenter.pt\/images\/transp.gif\" alt=\"\" width=\"21\" height=\"1\" \/><\/td>\n<td width=\"66%\"><img loading=\"lazy\" decoding=\"async\" src=\"http:\/\/www.seelearningcenter.pt\/images\/img_in_extra.jpg\" alt=\"\" width=\"334\" height=\"215\" \/><\/td>\n<\/tr>\n<\/tbody>\n<\/table>\n<p><strong>Os objectivos  da Sala de Estudo:<\/strong><\/p>\n<p>\u2022\u00a0 Proporcionar um  ambiente de aprendizagem, onde os   alunos possam realizar os seus  trabalhos de casa, com acompanhamento adequado;<\/p>\n<p>\u2022\u00a0 Proporcionar um estudo acompanhado em  todas as   disciplinas, tanto em grupos pequenos como individualmente;<\/p>\n<p>\u2022\u00a0 Desenvolver a  capacidade de estudo, de acordo com   o m\u00e9todo de aprendizagem de cada  um, de modo a maximizar o potencial de cada   aluno;<\/p>\n<p>\u2022\u00a0 Desenvolver a auto-confian\u00e7a e a  autonomia de   cada aluno na resolu\u00e7\u00e3o de poss\u00edveis problemas durante o  seu estudo;<\/p>\n<p>\u2022\u00a0 Prepara\u00e7\u00e3o para  exames.<\/td>\n<\/tr>\n<\/tbody>\n<\/table>\n","protected":false},"excerpt":{"rendered":"<p>Acompanhamento a estudantes de todas as idades, numa atmosfera familiar, por profissionais altamente especializados. Taxas de sucesso muito elevadas Os nossos materiais e actividades s\u00e3o motivadores e efectivos, o que leva a que a maioria dos nossos alunos permane\u00e7a connosco desde o primeiro ano do 1.\u00ba ciclo at\u00e9 ap final da licenciatura. Os objectivos da [&hellip;]<\/p>\n","protected":false},"author":2,"featured_media":127,"parent":470,"menu_order":0,"comment_status":"closed","ping_status":"closed","template":"","meta":{"footnotes":"","_links_to":"","_links_to_target":""},"class_list":["post-471","page","type-page","status-publish","has-post-thumbnail","hentry"],"_links":{"self":[{"href":"https:\/\/seelearningcenter.pt\/pt-pt\/wp-json\/wp\/v2\/pages\/471","targetHints":{"allow":["GET"]}}],"collection":[{"href":"https:\/\/seelearningcenter.pt\/pt-pt\/wp-json\/wp\/v2\/pages"}],"about":[{"href":"https:\/\/seelearningcenter.pt\/pt-pt\/wp-json\/wp\/v2\/types\/page"}],"author":[{"embeddable":true,"href":"https:\/\/seelearningcenter.pt\/pt-pt\/wp-json\/wp\/v2\/users\/2"}],"replies":[{"embeddable":true,"href":"https:\/\/seelearningcenter.pt\/pt-pt\/wp-json\/wp\/v2\/comments?post=471"}],"version-history":[{"count":6,"href":"https:\/\/seelearningcenter.pt\/pt-pt\/wp-json\/wp\/v2\/pages\/471\/revisions"}],"predecessor-version":[{"id":702,"href":"https:\/\/seelearningcenter.pt\/pt-pt\/wp-json\/wp\/v2\/pages\/471\/revisions\/702"}],"up":[{"embeddable":true,"href":"https:\/\/seelearningcenter.pt\/pt-pt\/wp-json\/wp\/v2\/pages\/470"}],"wp:featuredmedia":[{"embeddable":true,"href":"https:\/\/seelearningcenter.pt\/pt-pt\/wp-json\/wp\/v2\/media\/127"}],"wp:attachment":[{"href":"https:\/\/seelearningcenter.pt\/pt-pt\/wp-json\/wp\/v2\/media?parent=471"}],"curies":[{"name":"wp","href":"https:\/\/api.w.org\/{rel}","templated":true}]}}