{"id":467,"date":"2010-07-04T18:50:56","date_gmt":"2010-07-04T22:50:56","guid":{"rendered":"http:\/\/seelearningcenter.pt\/"},"modified":"2010-09-17T22:37:53","modified_gmt":"2010-09-18T02:37:53","slug":"chile","status":"publish","type":"page","link":"https:\/\/seelearningcenter.pt\/pt-pt\/see-cursos-no-estrangeiro\/chile\/","title":{"rendered":"Chile"},"content":{"rendered":"<p>Ocupando  uma longa e estreita faixa de terra  compreendida entre a cordilheira dos Andes  e o oceano Pac\u00edfico, o Chile  constitui um dos pa\u00edses da Am\u00e9rica Latina.  Santiago do Chile \u00e9 uma  metr\u00f3pole moderna de rosto brilhante e uma das mais  din\u00e2micas economias  sul americanas. Cidade do com\u00e9rcio, Santiago do Chile  possui uma  desafiante culin\u00e1ria e a descoberta dos seus art\u00edsticos enclaves   proporciona um enorme prazer. A menos de uma hora de viajem encontram-se   inst\u00e2ncias de esqui de primeira classe, famosas praias e o colorido  porto da  cidade de Valparaiso.<\/p>\n<p><strong>Ficheiro  de factos:<\/strong><\/p>\n<p>Idade: + 18 anos<\/p>\n<p>Localiza\u00e7\u00e3o da       escola: Centro da cidade<\/p>\n<p>Cibersala: Acesso       livre \u00e0 Internet<\/p>\n<p>N\u00edveis: do Iniciado       ao Avan\u00e7ado<\/p>\n<p>N\u00famero de       estudantes: De 3 a       7 estudantes  por turma<\/p>\n<p>Programa de       actividades: Excurs\u00f5es pela  cordilheira dos Andes ou pela costa do       Pac\u00edfico<\/p>\n<p>Alojamento. Fam\u00edlias       de acolhimento<\/p>\n<p><span class=\"destaques_red\">Cursos:<\/span><\/p>\n<p>Curso Intensivos        para grupos: 20 aulas de grupo por semana<\/p>\n<p>                  Cursos        Suoer-Intensivo para grupos: 20 aulas de grupo por semana + 10 aulas        individuais<\/p>\n<p>                  Curso de Imers\u00e3o:        20 aulas de grupo + 5 aulas particulares<\/p>\n<p>                  Curso individual:        10 aulas por semana \/ A dura\u00e7\u00e3o do curso \u00e9 determinada pelo aluno<\/p>\n<p>                  Curso Intensivo de        L\u00edngua Espanhola + Tango: 20 aulas de grupo por semana + 10 aulas de        dan\u00e7a<\/p>\n<p>                  Curso Intensivo de        L\u00edngua espanhola + Esqui: 16 li\u00e7\u00f5es de grupo + 2 li\u00e7\u00f5es individuais + <em>tranfer<\/em> <em>in\/ out<\/em> para o centro de esqui + 3 dias de esqui por semana<\/p>\n<p class=\"destaques_red\"><strong>Cursos  See de L\u00edngua Espanhola (Grupo):<\/strong><\/p>\n<p>O  curso See de L\u00edngua Espanhola destina-se a participantes de todas as idades que  viajem em grupos com os quais partilhem as mesmas necessidades, expectativas e  interesses. <\/p>\n<ul type=\"circle\">\n<blockquote>\n<p>Localiza\u00e7\u00e3o:       Santiago do Chile (tamb\u00e9m dispon\u00edvel na Argentina)<\/p>\n<p>Programas       vari\u00e1veis: Sujeito \u00e0s necessidades espec\u00edficas do grupo, podem incluir       diferentes locais, combinar v\u00e1rios pa\u00edses, diferentes op\u00e7\u00f5es de       alojamento, actividades espec\u00edficas e corresponder a requisitos acad\u00e9micos       tais como cr\u00e9ditos em universidades<\/p>\n<p>N\u00edveis: Do Iniciado       ao Avan\u00e7ado<\/p>\n<p>Dura\u00e7\u00e3o do       programa: M\u00ednimo de 1 semana<\/p>\n<\/blockquote>\n<\/ul>\n<p class=\"destaques_red\"><strong>Curso  See de L\u00edngua Espanhola para obten\u00e7\u00e3o de certificado D.E.L.E: <\/strong><\/p>\n<p>O  curso See de L\u00edngua Espanhola para obten\u00e7\u00e3o de certificado D.E.L.E&nbsp; \u00e9 um curso de prepara\u00e7\u00e3o para os exames  D.E.L.E &#8211;&nbsp; o certificado oficial do n\u00edvel  de qualifica\u00e7\u00e3o na L\u00edngua Espanhola, emitido pelo Minist\u00e9rio da Educa\u00e7\u00e3o,  Cultura e Desporto do Reino de Espanha. <\/p>\n<p><strong>Ficheiro  de factos:<\/strong><\/p>\n<ul type=\"circle\">\n<blockquote>\n<p>Idade: + 18 anos<\/p>\n<p>Localiza\u00e7\u00e3o:       Santiago do Chile (tamb\u00e9m dispon\u00edvel na Argentina)<\/p>\n<p>N\u00edveis: do       Interm\u00e9dio ao Avan\u00e7ado<\/p>\n<p>Dura\u00e7\u00e3o do curso.       M\u00ednimo de 1 semana<\/p>\n<p>Data de in\u00edcio do       curso: Todas as Segundas-feiras do ano<\/p>\n<\/blockquote>\n<\/ul>\n<p><strong class=\"destaques_red\">Cursos  See de L\u00edngua e Cultura Espanhola:<\/strong><br \/>\n                  O  curso See de L\u00edngua e Cultura Espanhola tem como objectivo introduzir os alunos  no vasto horizonte da cultura, hist\u00f3ria, literatura e arte da Am\u00e9rica Latina. <\/p>\n<p><strong>Ficheiro  de factos:<\/strong><\/p>\n<ul type=\"circle\">\n<blockquote>\n<p>Idade: +18 anos<\/p>\n<p>Localiza\u00e7\u00e3o:       Santiago do Chile (tamb\u00e9m dispon\u00edvel na Argentina)<\/p>\n<p>N\u00famero de li\u00e7\u00f5es:       20 aulas matinais de grupo em L\u00edngua Espanhola + 8 aulas de cultura       espanhola no per\u00edodo da tarde<\/p>\n<p>N\u00edveis: Do       Interm\u00e9dio ao Avan\u00e7ado<\/p>\n<p>Dura\u00e7\u00e3o do curso:       M\u00ednimo de 1 semana<\/p>\n<p>Data de in\u00edcio do       curso: Todas as Segundas-feiras do ano<\/p>\n<p><a href=\"http:\/\/seelearningcenter.pt\/pt-pt\/world-education-2\/acomodacao\/\"><strong>Veja Acomoda\u00e7\u00e3o   \u00bb<\/strong><\/a><\/p>\n","protected":false},"excerpt":{"rendered":"<p>Ocupando uma longa e estreita faixa de terra compreendida entre a cordilheira dos Andes e o oceano Pac\u00edfico, o Chile constitui um dos pa\u00edses da Am\u00e9rica Latina. Santiago do Chile \u00e9 uma metr\u00f3pole moderna de rosto brilhante e uma das mais din\u00e2micas economias sul americanas. Cidade do com\u00e9rcio, Santiago do Chile possui uma desafiante culin\u00e1ria [&hellip;]<\/p>\n","protected":false},"author":2,"featured_media":0,"parent":391,"menu_order":0,"comment_status":"open","ping_status":"closed","template":"","meta":{"footnotes":"","_links_to":"","_links_to_target":""},"_links":{"self":[{"href":"https:\/\/seelearningcenter.pt\/pt-pt\/wp-json\/wp\/v2\/pages\/467"}],"collection":[{"href":"https:\/\/seelearningcenter.pt\/pt-pt\/wp-json\/wp\/v2\/pages"}],"about":[{"href":"https:\/\/seelearningcenter.pt\/pt-pt\/wp-json\/wp\/v2\/types\/page"}],"author":[{"embeddable":true,"href":"https:\/\/seelearningcenter.pt\/pt-pt\/wp-json\/wp\/v2\/users\/2"}],"replies":[{"embeddable":true,"href":"https:\/\/seelearningcenter.pt\/pt-pt\/wp-json\/wp\/v2\/comments?post=467"}],"version-history":[{"count":5,"href":"https:\/\/seelearningcenter.pt\/pt-pt\/wp-json\/wp\/v2\/pages\/467\/revisions"}],"predecessor-version":[{"id":2084,"href":"https:\/\/seelearningcenter.pt\/pt-pt\/wp-json\/wp\/v2\/pages\/467\/revisions\/2084"}],"up":[{"embeddable":true,"href":"https:\/\/seelearningcenter.pt\/pt-pt\/wp-json\/wp\/v2\/pages\/391"}],"wp:attachment":[{"href":"https:\/\/seelearningcenter.pt\/pt-pt\/wp-json\/wp\/v2\/media?parent=467"}],"curies":[{"name":"wp","href":"https:\/\/api.w.org\/{rel}","templated":true}]}}