{"id":465,"date":"2010-07-04T18:49:56","date_gmt":"2010-07-04T22:49:56","guid":{"rendered":"http:\/\/seelearningcenter.pt\/"},"modified":"2010-09-17T21:48:24","modified_gmt":"2010-09-18T01:48:24","slug":"argentina","status":"publish","type":"page","link":"https:\/\/seelearningcenter.pt\/pt-pt\/see-cursos-no-estrangeiro\/argentina\/","title":{"rendered":"Argentina"},"content":{"rendered":"<table border=\"0\" cellspacing=\"0\" cellpadding=\"0\" width=\"100%\">\n<tbody>\n<tr>\n<td width=\"33%\"><img loading=\"lazy\" decoding=\"async\" src=\"http:\/\/www.seelearningcenter.pt\/images\/img_argentina1.jpg\" alt=\"\" width=\"366\" height=\"266\" \/><\/td>\n<td width=\"1%\"><img loading=\"lazy\" decoding=\"async\" src=\"http:\/\/www.seelearningcenter.pt\/images\/transp.gif\" alt=\"\" width=\"20\" height=\"1\" \/><\/td>\n<td width=\"66%\">A Argentina tem tudo: deslumbrantes   maravilhas naturais, uma elegante capital com uma fervorosa sofistica\u00e7\u00e3o   europeia e uma cultura apaixonante. Conjugue o seu curso de L\u00edngua  Espanhola  com cursos de salsa ou tango. Aprecie a l\u00edngua, a cultura, as  atrac\u00e7\u00f5es  tur\u00edsticas\u00a0 e o ambiente social deste  pa\u00eds \u00fanico onde o  tango, longos encontros do caf\u00e9 e o futebol s\u00e3o elementos  essenciais no  dia a dia dos seus habitantes.<\/td>\n<\/tr>\n<\/tbody>\n<\/table>\n<p>Aprecie  Buenos Aires \u2013 Uma  moderna, din\u00e2mica e \u00fanica cidade, digna representante da  arquitectura  europeia legada pelos seus fundadores, transpira a paix\u00e3o dos seus   habitantes, dela emergindo uma forte identidade.<\/p>\n<table border=\"0\" cellspacing=\"0\" cellpadding=\"0\" width=\"100%\">\n<tbody>\n<tr>\n<td width=\"33%\"><img loading=\"lazy\" decoding=\"async\" src=\"http:\/\/www.seelearningcenter.pt\/images\/img_argentina2.jpg\" alt=\"\" width=\"366\" height=\"266\" \/><\/td>\n<td width=\"1%\"><img loading=\"lazy\" decoding=\"async\" src=\"http:\/\/www.seelearningcenter.pt\/images\/transp.gif\" alt=\"\" width=\"20\" height=\"1\" \/><\/td>\n<\/tr>\n<\/tbody>\n<\/table>\n<p><strong>Cursos   para adultos: <\/strong><br \/>\n<strong><br \/>\nFicheiro  de factos:<\/strong><\/p>\n<ul type=\"disc\">\n<li>Idade: +18 anos<\/li>\n<li>Localiza\u00e7\u00e3o da       escola:  Zona Norte da cidade<\/li>\n<li>Sala de       computadores:  Acesso livre \u00e0 Internet<\/li>\n<li>N\u00famero de       estudantes: De 3  a       7 por turma<\/li>\n<li>N\u00edveis: Do Iniciado       ao  Avan\u00e7ado<\/li>\n<li>Programas de       actividades<\/li>\n<li>Alojamento:       Fam\u00edlias de  acolhimento e residenciais para estudantes<\/li>\n<li>Locais: Buenos       Aires,  Cordoba, Mendonza, Bariloche (Patag\u00f3nia) e Ushuaia<\/li>\n<li>Cursos:\n<ul type=\"circle\">\n<li>Curso Intensivo        para  grupos: 20 aulas de grupo por semana<\/li>\n<li>Curso        Super-intensivo  para grupos: 20 aulas de grupo por semana + 10 aulas        individuais<\/li>\n<li>Curso Imers\u00e3o: 20         aulas de grupo + 5 aulas individuais<\/li>\n<li>Cursos        individuais: 10  aulas por semana \/ A dura\u00e7\u00e3o do curso \u00e9 determinada pelo        aluno<\/li>\n<li>Curso Intensivo de         L\u00edngua Espanhola + Tango: 20 aulas de grupo por semana + 10 aulas de         dan\u00e7a \u2013 Tango ou Salsa<\/li>\n<\/ul>\n<\/li>\n<\/ul>\n<p>(Tanto Buenos Aires como Cordoba   oferecem um n\u00famero consider\u00e1vel de shows de tango e oportunidades de  praticar  as dan\u00e7as nos populares bares milongue e nos tradicionais  bares de tango)<\/p>\n<table border=\"0\" cellspacing=\"0\" cellpadding=\"0\" width=\"100%\">\n<tbody>\n<tr>\n<td width=\"53%\"><img loading=\"lazy\" decoding=\"async\" src=\"http:\/\/www.seelearningcenter.pt\/images\/img_argentina3.jpg\" alt=\"\" width=\"366\" height=\"266\" \/><\/td>\n<td width=\"47%\"><img loading=\"lazy\" decoding=\"async\" src=\"http:\/\/www.seelearningcenter.pt\/images\/transp.gif\" alt=\"\" width=\"20\" height=\"1\" \/><\/td>\n<\/tr>\n<\/tbody>\n<\/table>\n<p><strong>Cursos  para crian\u00e7as e  adolescentes: <\/strong><\/p>\n<p><strong>Ficheiro  de factos: <\/strong><\/p>\n<ul type=\"disc\">\n<li>Idade: Entre os 12       e os  18 anos<\/li>\n<li>Localiza\u00e7\u00e3o da       escola:  Buenos Aires e Cordoba<\/li>\n<li>N\u00edveis: Do Iniciado       ao  Avan\u00e7ado<\/li>\n<li>N\u00famero de li\u00e7\u00f5es:       20  aulas matinais de grupo por semana<\/li>\n<li>Programa de       actividades:  Actividades interactivas durante o per\u00edodo da tarde<\/li>\n<li>Dura\u00e7\u00e3o do curso: M\u00ednimo       1  semana<\/li>\n<li>Alojamento:       Fam\u00edlias de  acolhimento com regime de pens\u00e3o completa<\/li>\n<\/ul>\n<table border=\"0\" cellspacing=\"0\" cellpadding=\"0\" width=\"100%\">\n<tbody>\n<tr>\n<td width=\"33%\"><img loading=\"lazy\" decoding=\"async\" src=\"http:\/\/www.seelearningcenter.pt\/images\/img_argentina4.jpg\" alt=\"\" width=\"366\" height=\"266\" \/><\/td>\n<td width=\"1%\"><img loading=\"lazy\" decoding=\"async\" src=\"http:\/\/www.seelearningcenter.pt\/images\/transp.gif\" alt=\"\" width=\"20\" height=\"1\" \/><\/td>\n<\/tr>\n<\/tbody>\n<\/table>\n<p><strong>Cursos  +50:<\/strong><\/p>\n<p><strong>Ficheiro  de factos:<\/strong><\/p>\n<table border=\"0\" cellspacing=\"0\" cellpadding=\"0\" width=\"100%\">\n<tbody>\n<tr>\n<td width=\"53%\"><img loading=\"lazy\" decoding=\"async\" src=\"http:\/\/www.seelearningcenter.pt\/images\/img_argentina5.jpg\" alt=\"\" width=\"366\" height=\"266\" \/><\/td>\n<td width=\"3%\"><img loading=\"lazy\" decoding=\"async\" src=\"http:\/\/www.seelearningcenter.pt\/images\/transp.gif\" alt=\"\" width=\"20\" height=\"1\" \/><\/td>\n<td width=\"44%\">\n<ul type=\"disc\">\n<li>Idade: +50 anos<\/li>\n<li>Localiza\u00e7\u00e3o: Buenos        Aires e Cordoba<\/li>\n<li>N\u00famero de li\u00e7\u00f5es:        20 aulas de grupo por semana<\/li>\n<li>Programa de        actividades: 5 actividades culturais por semana<\/li>\n<li>N\u00edveis: Do Iniciado        ao Avan\u00e7ado<\/li>\n<li>Dura\u00e7\u00e3o do curso:        M\u00ednimo 1 semana<\/li>\n<li>Alojamento: <em>Premium<\/em> (quarto com casa de banho privada)<\/li>\n<\/ul>\n<\/td>\n<\/tr>\n<\/tbody>\n<\/table>\n<p><strong>Curso  See de L\u00edngua  Espanhola (Grupos):<\/strong><\/p>\n<p>O  See Group Course destina-se a  participantes de todas as idades que viajem em  grupo e partilhem das  mesmas necessidades, expectativas e interesses.<\/p>\n<ul type=\"disc\">\n<li>Locais: Buenos       Aires,  Cordoba, Mendonza, Bariloche, Ushuaia (tamb\u00e9m dispon\u00edvel no Chile)<\/li>\n<li>Programas       vari\u00e1veis:  Sujeito \u00e0s necessidades espec\u00edficas do grupo, podem incluir        diferentes locais, combinar v\u00e1rios pa\u00edses, diferentes op\u00e7\u00f5es de        alojamento, actividades espec\u00edficas e corresponder a requisitos  acad\u00e9micos       tais como cr\u00e9ditos em universidades<\/li>\n<li>N\u00edveis: Do Iniciado       ao  Avan\u00e7ado<\/li>\n<li>Dura\u00e7\u00e3o do       programa:  M\u00ednimo de 1 semana<\/li>\n<\/ul>\n<p><strong>Curso  See de L\u00edngua  Espanhola para Medicina: <\/strong><\/p>\n<p>O  Curso de Medicina \u00e9  especialmente desenhado para estudantes de medicina,  inicia\u00e7\u00e3o \u00e0  medicina ou disciplinas relacionadas e concede a oportunidade de   participar em pr\u00e1ticas cl\u00ednicas junto de organiza\u00e7\u00f5es de sa\u00fade situadas  nos  pa\u00edses da Am\u00e9rica Latina.<\/p>\n<p><strong>Ficheiro  de factos:<\/strong><\/p>\n<table border=\"0\" cellspacing=\"0\" cellpadding=\"0\" width=\"100%\">\n<tbody>\n<tr>\n<td width=\"53%\"><img loading=\"lazy\" decoding=\"async\" src=\"http:\/\/www.seelearningcenter.pt\/images\/img_argentina6.jpg\" alt=\"\" width=\"366\" height=\"266\" \/><\/td>\n<td width=\"3%\"><img loading=\"lazy\" decoding=\"async\" src=\"http:\/\/www.seelearningcenter.pt\/images\/transp.gif\" alt=\"\" width=\"20\" height=\"1\" \/><\/td>\n<td width=\"44%\">\n<ul type=\"disc\">\n<li>Idade: +18 anos<\/li>\n<li>Localiza\u00e7\u00e3o: Buenos        Aires e Cordoba<\/li>\n<li>N\u00famero de li\u00e7\u00f5es:       20  aulas de grupo em L\u00edngua Espanhola + 8 aulas por semana em terminologia        de L\u00edngua Espanhola para profissionais<\/li>\n<li>Cursos vari\u00e1veis:       As  mat\u00e9rias s\u00e3o seleccionadas de acordo com o interesse e necessidades dos        estudantes, podendo incluir candidaturas a postos de trabalho,  conversa\u00e7\u00e3o       telef\u00f3nica, redac\u00e7\u00e3o de e-mails, redac\u00e7\u00e3o de cartas  profissionais, faxes e       relat\u00f3rios, entrevistas de emprego, etc.<\/li>\n<li>N\u00edveis: N\u00edveis de        L\u00edngua Espanhola do Interm\u00e9dio ao Avan\u00e7ado<\/li>\n<li>Dura\u00e7\u00e3o do curso:        M\u00ednimo 1 semana<\/li>\n<li>Data de in\u00edcio do        curso: Todas as Segundas-feiras do ano<\/li>\n<\/ul>\n<\/td>\n<\/tr>\n<\/tbody>\n<\/table>\n<p><strong>Curso  See de L\u00edngua  Espanhola para obten\u00e7\u00e3o de certificado D.E.L.E: <\/strong><\/p>\n<p>O  Curso See de L\u00edngua Espanhola  para a obten\u00e7\u00e3o de certificado D.E.L.E \u00e9 um curso  preparat\u00f3rio para os  exames D.E.L.E &#8211; o certificado oficial do n\u00edvel de  qualifica\u00e7\u00e3o na  L\u00edngua Espanhola, emitido pelo Minist\u00e9rio da Educa\u00e7\u00e3o, Cultura  e  Desporto do Reino de Espanha.<\/p>\n<p><strong>Ficheiro  de factos:<\/strong><\/p>\n<ul type=\"disc\">\n<li>Idade: + 18 anos<\/li>\n<li>Localiza\u00e7\u00e3o: Buenos        Aires, Cordoba (tamb\u00e9m dispon\u00edvel no Chile)<\/li>\n<li>N\u00edveis: Do       Interm\u00e9dio ao  Avan\u00e7ado<\/li>\n<li>Dura\u00e7\u00e3o do curso:       M\u00ednimo  de 1 semana<\/li>\n<li>Data de in\u00edcio do       curso:  Todas as Segundas-feiras do ano<\/li>\n<\/ul>\n<p>Cursos See de L\u00edngua e Cultura  Espanhola:<br \/>\nO  curso See de L\u00edngua e Cultura Espanhola pretende introduzir os  alunos no vasto  horizonte da cultura, hist\u00f3ria, literatura e arte da  Am\u00e9rica Latina.<\/p>\n<p><strong>Ficheiro  de factos:<\/strong><\/p>\n<ul type=\"disc\">\n<li>Idade: +18 anos<\/li>\n<li>Localiza\u00e7\u00e3o: Buenos        Aires, Cordoba (tamb\u00e9m dispon\u00edvel no Chile)<\/li>\n<li>N\u00famero de li\u00e7\u00f5es:       20  aulas matinais de grupo em L\u00edngua Espanhola + 8 aulas de cultura        espanhola no per\u00edodo da tarde<\/li>\n<li>N\u00edveis: Do       interm\u00e9dio ao  Avan\u00e7ado<\/li>\n<li>Dura\u00e7\u00e3o do curso:       M\u00ednimo  de 1 semana<\/li>\n<li>Data de in\u00edcio do       curso:  Todas as Segundas-feiras do ano<\/li>\n<\/ul>\n<p><strong>Programa  See de Est\u00e1gios  na Argentina<\/strong><\/p>\n<p>O  programa See de Est\u00e1gios na  Argentina oferece a oportunidade de adquirir  experi\u00eancia de trabalho  numa organiza\u00e7\u00e3o ou institui\u00e7\u00e3o argentina, ocupando um  posto  relacionado com a sua \u00e1rea de estudos, bem como obter experi\u00eancia   profissional internacional e adquirir novas compet\u00eancias curriculares,   dando-lhe a oportunidade de praticar a L\u00edngua Espanhola como segunda  l\u00edngua.<\/p>\n<ul type=\"disc\">\n<li>Est\u00e1gios Regulares:       Os  estagi\u00e1rios devem candidatar-se a um dos postos dispon\u00edveis numa das        muitas \u00e1reas de interesse oferecidas pela institui\u00e7\u00e3o de acolhimento.<\/li>\n<\/ul>\n<ul type=\"disc\">\n<li>Est\u00e1gios vari\u00e1veis:        Pesquisa especializada de acordo com as expectativas e necessidades do        candidato, a \u00e1rea em que o mesmo gostaria de desenvolver a sua  experi\u00eancia       profissional e o tipo de posto a candidatar-se,  baseada nas tarefas       profissionais que o candidato gostaria de  desenvolver.<\/li>\n<\/ul>\n<p><strong>Ficheiro  de factos: <\/strong><\/p>\n<ul type=\"disc\">\n<li>Localiza\u00e7\u00e3o: Buenos        Aires, Cordoba, Santiago, Antigua, Heredia e Barcelona<\/li>\n<li>Dura\u00e7\u00e3o do est\u00e1gio:        M\u00ednimo de 8 semanas, m\u00e1ximo de 1 ano<\/li>\n<li>N\u00edveis: P\u00f3s-Interm\u00e9dio<\/li>\n<\/ul>\n<p><strong>Programa  See  Voluntariado na Argentina:<\/strong><\/p>\n<p>Os  volunt\u00e1rios inseridos neste  programa podem participar numa extensa variedade de  projectos  relacionados com pol\u00edticas de desenvolvimento comunit\u00e1rio, educa\u00e7\u00e3o,   cuidados de sa\u00fade e pr\u00e1ticas ambientais na Argentina.<\/p>\n<table border=\"0\" cellspacing=\"0\" cellpadding=\"0\" width=\"100%\">\n<tbody>\n<tr>\n<td width=\"53%\"><img loading=\"lazy\" decoding=\"async\" src=\"http:\/\/www.seelearningcenter.pt\/images\/img_argentina7.jpg\" alt=\"\" width=\"366\" height=\"266\" \/><\/td>\n<td width=\"3%\"><img loading=\"lazy\" decoding=\"async\" src=\"http:\/\/www.seelearningcenter.pt\/images\/transp.gif\" alt=\"\" width=\"20\" height=\"1\" \/><\/td>\n<td width=\"44%\"><strong>Requisitos:<\/strong><\/p>\n<ul type=\"disc\">\n<li>O n\u00edvel de L\u00edngua        Espanhola requerido ou o desejo de frequentar um curso de L\u00edngua  Espanhola<\/li>\n<li>Genu\u00edno compromisso        com a organiza\u00e7\u00e3o de acolhimento<\/li>\n<li>Desejo real de        aprender e desenvolver compet\u00eancias acad\u00e9mica<\/li>\n<\/ul>\n<\/td>\n<\/tr>\n<\/tbody>\n<\/table>\n<p><strong>Ficheiro  de factos:<\/strong><\/p>\n<ul type=\"disc\">\n<li>Localiza\u00e7\u00e3o: Buenos        Aires, Cordoba, Santiago do Chile, Antigua<\/li>\n<li>Coloca\u00e7\u00e3o de       volunt\u00e1rios:  Dispon\u00edveis todo o ano<\/li>\n<li>Dura\u00e7\u00e3o do       programa: De 2  a       12 meses (m\u00e1ximo)<\/li>\n<li>Programa inclui:\n<ul type=\"circle\">\n<li>Per\u00edodo pr\u00e9vio de         orienta\u00e7\u00e3o<\/li>\n<li>N\u00famero de telefone        de  emerg\u00eancia 24 Horas<\/li>\n<li>Pacote de        boas-vindas  com informa\u00e7\u00f5es \u00fateis<\/li>\n<li>Acompanhamento         permanente e aconselhamento em cada local<\/li>\n<li>Actividades        sociais e  culturais<\/li>\n<li>Acesso livre \u00e0         Internet<\/li>\n<li>4 li\u00e7\u00f5es de grupo        em  l\u00edngua Espanhola com \u00eanfase na gram\u00e1tica<\/li>\n<li>2 li\u00e7\u00f5es         complementares com enfoque para a pol\u00edtica, conversa\u00e7\u00e3o telef\u00f3nica,         apresenta\u00e7\u00f5es, compet\u00eancias ao n\u00edvel da escrita e da fala<\/li>\n<\/ul>\n<\/li>\n<\/ul>\n<p><strong>Edi\u00e7\u00e3o e\/ ou         tradu\u00e7\u00e3o de documentos profissionais e cartas:<\/strong><\/p>\n<ul type=\"circle\">\n<li>Per\u00edodo pr\u00e9vio de        orienta\u00e7\u00e3o<\/li>\n<li>N\u00famero de telefone        de emerg\u00eancia 24 Horas<\/li>\n<li>Pacote de        boas-vindas com informa\u00e7\u00f5es \u00fateis<\/li>\n<li>Acompanhamento        permanente e aconselhamento em cada local<\/li>\n<li>Actividades        sociais e culturais<\/li>\n<li>Acesso livre \u00e0        Internet<\/li>\n<li>4 li\u00e7\u00f5es de grupo        em l\u00edngua Espanhola com \u00eanfase na gram\u00e1tica<\/li>\n<li>2 li\u00e7\u00f5es         complementares com enfoque para a pol\u00edtica, conversa\u00e7\u00e3o telef\u00f3nica,         apresenta\u00e7\u00f5es, compet\u00eancias ao n\u00edvel da escrita e da fala<\/li>\n<\/ul>\n<p><a href=\"http:\/\/seelearningcenter.pt\/pt-pt\/world-education-2\/acomodacao\/\"><strong>Veja Acomoda\u00e7\u00e3o   \u00bb<\/strong><\/a><\/p>\n","protected":false},"excerpt":{"rendered":"<p>A Argentina tem tudo: deslumbrantes maravilhas naturais, uma elegante capital com uma fervorosa sofistica\u00e7\u00e3o europeia e uma cultura apaixonante. Conjugue o seu curso de L\u00edngua Espanhola com cursos de salsa ou tango. Aprecie a l\u00edngua, a cultura, as atrac\u00e7\u00f5es tur\u00edsticas\u00a0 e o ambiente social deste pa\u00eds \u00fanico onde o tango, longos encontros do caf\u00e9 e [&hellip;]<\/p>\n","protected":false},"author":2,"featured_media":0,"parent":391,"menu_order":0,"comment_status":"open","ping_status":"closed","template":"","meta":{"footnotes":"","_links_to":"","_links_to_target":""},"_links":{"self":[{"href":"https:\/\/seelearningcenter.pt\/pt-pt\/wp-json\/wp\/v2\/pages\/465"}],"collection":[{"href":"https:\/\/seelearningcenter.pt\/pt-pt\/wp-json\/wp\/v2\/pages"}],"about":[{"href":"https:\/\/seelearningcenter.pt\/pt-pt\/wp-json\/wp\/v2\/types\/page"}],"author":[{"embeddable":true,"href":"https:\/\/seelearningcenter.pt\/pt-pt\/wp-json\/wp\/v2\/users\/2"}],"replies":[{"embeddable":true,"href":"https:\/\/seelearningcenter.pt\/pt-pt\/wp-json\/wp\/v2\/comments?post=465"}],"version-history":[{"count":4,"href":"https:\/\/seelearningcenter.pt\/pt-pt\/wp-json\/wp\/v2\/pages\/465\/revisions"}],"predecessor-version":[{"id":2055,"href":"https:\/\/seelearningcenter.pt\/pt-pt\/wp-json\/wp\/v2\/pages\/465\/revisions\/2055"}],"up":[{"embeddable":true,"href":"https:\/\/seelearningcenter.pt\/pt-pt\/wp-json\/wp\/v2\/pages\/391"}],"wp:attachment":[{"href":"https:\/\/seelearningcenter.pt\/pt-pt\/wp-json\/wp\/v2\/media?parent=465"}],"curies":[{"name":"wp","href":"https:\/\/api.w.org\/{rel}","templated":true}]}}