{"id":463,"date":"2010-07-04T18:48:36","date_gmt":"2010-07-04T22:48:36","guid":{"rendered":"http:\/\/seelearningcenter.pt\/"},"modified":"2010-09-17T22:33:04","modified_gmt":"2010-09-18T02:33:04","slug":"china","status":"publish","type":"page","link":"https:\/\/seelearningcenter.pt\/pt-pt\/see-cursos-no-estrangeiro\/china\/","title":{"rendered":"China"},"content":{"rendered":"<p><strong>Bem-vindo  \u00e0 China<\/strong><\/p>\n<p>A China \u00e9, em termos de dimens\u00e3o,  o terceiro maior  pa\u00eds do mundo. \u00c9 um pa\u00eds de uma imensa variedade e tamanho.<\/p>\n<table border=\"0\" cellspacing=\"0\" cellpadding=\"0\" width=\"100%\">\n<tbody>\n<tr>\n<td width=\"38%\"><img loading=\"lazy\" decoding=\"async\" src=\"http:\/\/www.seelearningcenter.pt\/images\/china1.jpg\" alt=\"\" width=\"259\" height=\"388\" \/><\/td>\n<td width=\"2%\"><img loading=\"lazy\" decoding=\"async\" src=\"http:\/\/www.seelearningcenter.pt\/images\/transp.gif\" alt=\"\" width=\"15\" height=\"1\" \/><\/td>\n<td width=\"60%\">A L\u00edngua Chinesa tem sido,  durante  6000 anos, usada como l\u00edngua escrita. A L\u00edngua Mandarim \u00e9 comummente   usada na China moderna e constitui uma das cincos l\u00ednguas oficiais das  Na\u00e7\u00f5es  Unidas.<\/p>\n<p>Venha estudar a L\u00edngua Chinesa e  explore uma das  mais antigas culturas do mundo. Aprecie algumas das mais   extraordin\u00e1rias paisagens neste vasto e seguro pa\u00eds com 1,3 bili\u00f5es de   habitantes. Prove as novas iguarias chinesas, saboreie a familiar  culin\u00e1ria  ocidental, fa\u00e7a compras nas modernas boutiques de estilistas  ou explore os  velhos mercados centen\u00e1rios e com\u00e9rcio nas arcadas.<\/p>\n<p><strong>Venha confirmar porque \u00e9 que a  China  atra\u00ed estudantes de toda a parte do mundo e porque \u00e9 que cada um deles   regressa a casa com um sorriso. J<\/strong><\/p>\n<p>Cinco mil anos comp\u00f5em a hist\u00f3ria  da China que  estar\u00e1 para sempre ligada \u00e0 sua civiliza\u00e7\u00e3o antiga, \u00e0s suas gentes   acolhedoras e a muitos dos mais apreciados tesouros do mundo, tal como a  Grande  Muralha, os Guerreiros &amp; Cavalos de Terra-Cotta\u00a0 e o Rio  Yangtze.<\/p>\n<p>A China dos dias de hoje   confrontar-lhe-\u00e1 com uma espectacular arquitectura e alt\u00edssimos arranha  c\u00e9us,  faustosos alojamentos de luxo e uma requintada cozinha.<\/p>\n<p>Todas as grandes  cidades e centros tur\u00edsticos  levaram a cabo uma total mudan\u00e7a ao n\u00edvel do  conforto e das redes de  transporte que est\u00e3o quase ao mesmo n\u00edvel das ofertas  existentes nos  Estados Unidos da Am\u00e9rica.<\/td>\n<\/tr>\n<\/tbody>\n<\/table>\n<table border=\"0\" cellspacing=\"0\" cellpadding=\"0\" width=\"100%\">\n<tbody>\n<tr>\n<td width=\"22%\"><img loading=\"lazy\" decoding=\"async\" src=\"http:\/\/www.seelearningcenter.pt\/images\/china2.GIF\" alt=\"\" width=\"150\" height=\"127\" \/><\/td>\n<td width=\"2%\"><img loading=\"lazy\" decoding=\"async\" src=\"http:\/\/www.seelearningcenter.pt\/images\/transp.gif\" alt=\"\" width=\"15\" height=\"1\" \/><\/td>\n<td width=\"76%\"><strong>Localiza\u00e7\u00e3o: <\/strong><\/p>\n<ul type=\"disc\">\n<li>Shanghai<\/li>\n<li>Beijing<\/li>\n<li>Guangzhou<\/li>\n<li>Dalian<\/li>\n<\/ul>\n<\/td>\n<\/tr>\n<\/tbody>\n<\/table>\n<p>Em Shanghai, a nossa escola de  L\u00edngua Chinesa est\u00e1  localizada no centro da cidade, no mais vibrante bairro  comercial,  aonde, e a dois passos, poder\u00e1 encontrar um sem n\u00famero de  restaurantes  de primeira classe e centros comerciais. Uma ampla rede de  transportes  garante-lhe facilita-lhe as desloca\u00e7\u00f5es.<br \/>\nEm Beijing, a escola de L\u00edngua  Chinesa desfruta de uma  localiza\u00e7\u00e3o ideal, bem no meio do CBD, beneficiando de  uma ampla rede  de transportes. A vinte minutos do Aeroporto, e escola beneficia  das  liga\u00e7\u00f5es de metro e de autocarro.<br \/>\nEm Guangzhou, a escola de L\u00edngua  Chinesa est\u00e1  localizada na \u00e1rea mais pr\u00f3spera \u2013 Estrada Norte de Tianhe \u2013 com  f\u00e1cil  acesso a Huanshi Lu, famoso pelas suas lojas e locais de entretenimento.   Aqui, para al\u00e9m de f\u00e1cil acessos, gozar\u00e1 a experi\u00eancia maravilhosa da   verdadeira cultura chinesa.<br \/>\nA escola de L\u00edngua Chinesa de  Dalian est\u00e1 localizada no  centro da cidade, num edif\u00edcio cinco estrelas,  acess\u00edvel atrav\u00e9s da  rede de transportes locais. Dalian \u00e9 uma confort\u00e1vel  escolha para  estudar a L\u00edngua Chinesa e viver a cultura.<\/p>\n<p><strong>Ficha  de factos: <\/strong><\/p>\n<ul type=\"disc\">\n<li>Todas as escolas s\u00e3o localizadas num centro de        neg\u00f3cios ou \u00e1rea comercial<\/li>\n<li>F\u00e1cil acesso atrav\u00e9s da rede de transportes        p\u00fablicos<\/li>\n<li>Aulas de pequenas turmas: M\u00e9dia de 4 a 6, sendo o  m\u00e1ximo de 8       alunos por grupo<\/li>\n<li>Escola de forma\u00e7\u00e3o certificada<\/li>\n<li>Semanalmente iniciam-se novas turmas<\/li>\n<li>Quadro de professores experientes<\/li>\n<li>Cerca de 15 modalidades de cursos de L\u00edngua Chinesa<\/li>\n<li>Actividades sociais e excurs\u00f5es, na sua maioria,        sem custos<\/li>\n<li>Actividades diferentes todos os meses (exemplo:        Kung Fu, Corrida de Dragon Boat, artesanato chin\u00eas e encontros de ch\u00e1)<\/li>\n<li>Alojamento em residenciais, apartamentos,        aparthoteis, hot\u00e9is e mot\u00e9is<\/li>\n<\/ul>\n<table border=\"0\" cellspacing=\"0\" cellpadding=\"0\" width=\"100%\">\n<tbody>\n<tr>\n<td width=\"38%\"><img loading=\"lazy\" decoding=\"async\" src=\"http:\/\/www.seelearningcenter.pt\/images\/china3.jpg\" alt=\"\" width=\"350\" height=\"235\" \/><\/td>\n<td width=\"2%\"><img loading=\"lazy\" decoding=\"async\" src=\"http:\/\/www.seelearningcenter.pt\/images\/transp.gif\" alt=\"\" width=\"15\" height=\"1\" \/><\/td>\n<td width=\"60%\">Cursos  de  L\u00edngua Chinesa:<\/p>\n<ul>\n<li>Cursos de sobreviv\u00eancia na China<\/li>\n<li>Curso de L\u00edngua Chinesa para neg\u00f3cios<\/li>\n<li>Curso acad\u00e9mico de L\u00edngua Chinesa<\/li>\n<li>Curso de Cultura Comparada<\/li>\n<li>Cursos especiais<\/li>\n<li>Curso de L\u00edngua Chinesa para profissionais<\/li>\n<li>Curso fon\u00e9tico de Mandarim<\/li>\n<li>Curso de Cultura Chinesa<\/li>\n<li>Curso de L\u00edngua Chinesa para crian\u00e7as<\/li>\n<li>Cursos de Ver\u00e3o<\/li>\n<li>Cursos de Inverno<\/li>\n<\/ul>\n<\/td>\n<\/tr>\n<\/tbody>\n<\/table>\n<p><strong>Curso  de Sobreviv\u00eancia na China<\/strong><br \/>\nEstes cursos s\u00e3o pensados para  estudantes que t\u00eam  hor\u00e1rios muito apertados e n\u00e3o t\u00eam tempo para um plano de  estudo a  longo termo. O curso permite que os estudantes sobrevivam ao dia a dia   na China. Ao focarem-se, numa primeira inst\u00e2ncia, no sistema fon\u00e9tico da  L\u00edngua  Chinesa (Pinyin) e posteriormente em situa\u00e7\u00f5es correntes de  conversa\u00e7\u00e3o di\u00e1ria  relacionadas com a vida, o trabalho e as viagens  pela China, os cursos de  sobreviv\u00eancia facilitam a viv\u00eancia quotidiana  na China. Poder\u00e1 frequentar as aulas  conforme os n\u00edveis que mais se  adeq\u00faem \u00e0s suas necessidades espec\u00edficas.<\/p>\n<table border=\"0\" cellspacing=\"0\" cellpadding=\"0\" width=\"100%\">\n<tbody>\n<tr>\n<td width=\"32%\"><img loading=\"lazy\" decoding=\"async\" src=\"http:\/\/www.seelearningcenter.pt\/images\/china4.jpg\" alt=\"\" width=\"223\" height=\"205\" \/><\/td>\n<td width=\"2%\"><img loading=\"lazy\" decoding=\"async\" src=\"http:\/\/www.seelearningcenter.pt\/images\/transp.gif\" alt=\"\" width=\"15\" height=\"1\" \/><\/td>\n<td width=\"66%\">Turmas:<\/p>\n<p>Aulas em tempo parcial \u2013 2 a 3 li\u00e7\u00f5es por semana<br \/>\nAulas de grupo intensivas \u2013 4 a 5 li\u00e7\u00f5es por semana; li\u00e7\u00f5es  de duas  horas e meia ou tr\u00eas horas<\/td>\n<\/tr>\n<\/tbody>\n<\/table>\n<p>Curso  de L\u00edngua Chinesa para  neg\u00f3cios<br \/>\nEste curso foi pensado para  assegurar o m\u00e1ximo de  rendimento no mais curto espa\u00e7o de tempo. Este \u00e9 um  programa pensado  para proporcionar aos alunos as ferramentas, o conhecimento, a   confian\u00e7a, e o saber estar social necess\u00e1rio para o sucesso no meio   empresarial.<\/p>\n<p>As informa\u00e7\u00f5es relacionadas com a  sociedade chinesa, a  cultura, os costumes e o contexto comercial, ir\u00e3o ajudar o  aluno a  compreenderem o enquadramento da China no cen\u00e1rio econ\u00f3mico.<br \/>\n<strong>Curso  acad\u00e9mico de L\u00edngua  Chinesa<\/strong><\/p>\n<table border=\"0\" cellspacing=\"0\" cellpadding=\"0\" width=\"100%\">\n<tbody>\n<tr>\n<td width=\"32%\"><img loading=\"lazy\" decoding=\"async\" src=\"http:\/\/www.seelearningcenter.pt\/images\/china5.jpg\" alt=\"\" width=\"267\" height=\"180\" \/><\/td>\n<td width=\"2%\"><img loading=\"lazy\" decoding=\"async\" src=\"http:\/\/www.seelearningcenter.pt\/images\/transp.gif\" alt=\"\" width=\"15\" height=\"1\" \/><\/td>\n<td width=\"66%\">Este \u00e9 o mais  recente curso de  forma\u00e7\u00e3o em l\u00ednguas pensado para os mais ambiciosos  formandos, com enfoque em  conte\u00fados que necessitam de ser desenvolvidos  num curto espa\u00e7o de tempo: fala,  audi\u00e7\u00e3o, leitura e escrita.<\/p>\n<p>Os estudantes podem  melhorar, passo a passo, o seu  conhecimento da L\u00edngua Chinesa atrav\u00e9s  de conte\u00fados sistematizados e  apresentados de forma interessante.<\/p>\n<p>Os materiais pedag\u00f3gicos ajudam os alunos a   memorizar os caract\u00e9res necess\u00e1rios numa posterior aprendizagem.<\/td>\n<\/tr>\n<\/tbody>\n<\/table>\n<p>Ap\u00f3s a conclus\u00e3o deste curso, os  estudantes devem  possuir o conhecimento de cerca de 1600 novas palavras e de  800  caract\u00e9res chineses, mostrar confian\u00e7a durante a comunica\u00e7\u00e3o di\u00e1ria e   durante a leitura de artigos e de jornais, bem como exprimir o seu ponto  de  vista usando vocabul\u00e1rio complexo. Este curso de cerca de 230 horas  de estudo  intensivo permite um mergulho na L\u00edngua Chinesa. Est\u00e3o  dispon\u00edveis programas  sociais.<br \/>\n<strong>Curso  de Cultura Comparada<\/strong><br \/>\nEste curso tem como objectivo o  enfoque no impacto da  cultura chinesa nas empresas e na forma de comunicar,  sendo altamente  atractivo para gestores de empresas, executivos e profissionais  de  neg\u00f3cios que procurem compreender a mentalidade da sociedade chinesa e a   forma como esta influencia o sistema de neg\u00f3cios e o estilo de vida  chin\u00eas.<br \/>\n<strong>Cursos  especiais<\/strong><br \/>\n<strong>Prepara\u00e7\u00e3o  para exames  (HSK)<\/strong><br \/>\nO  Hanyu Shuiping Kaoshi, conhecido por HSK, decorre  regularmente na China e  anualmente em outros pa\u00edses. Os certificados  HSK ser\u00e3o emitidos a todos aqueles  que tenham alcan\u00e7ado a classifica\u00e7\u00e3o  requerida. Estes cursos s\u00e3o pensados para  ensinar aos estudantes  m\u00e9todos que os ir\u00e3o ajudar a atingir uma classifica\u00e7\u00e3o  elevada nos  exames. Enquanto que os conte\u00fados do curso cont\u00eam gram\u00e1tica,   vocabul\u00e1rio, compreens\u00e3o da leitura e da escrita, o seu pilar assenta em  testar  ferramentas e delinear estrat\u00e9gias para obter sucesso nos  exames.<\/p>\n<table border=\"0\" cellspacing=\"0\" cellpadding=\"0\" width=\"100%\">\n<tbody>\n<tr>\n<td width=\"21%\"><img loading=\"lazy\" decoding=\"async\" src=\"http:\/\/www.seelearningcenter.pt\/images\/china6.jpg\" alt=\"\" width=\"146\" height=\"217\" \/><\/td>\n<td width=\"2%\"><img loading=\"lazy\" decoding=\"async\" src=\"http:\/\/www.seelearningcenter.pt\/images\/transp.gif\" alt=\"\" width=\"15\" height=\"1\" \/><\/td>\n<td width=\"77%\"><strong>Curso  de L\u00edngua Chinesa para profissionais<\/strong><\/p>\n<p>O  tempo tamb\u00e9m pode ser despendido na aprendizagem de vocabul\u00e1rio  espec\u00edfico nas  \u00e1reas de finan\u00e7as, ci\u00eancias, literatura, etc. Os  professores est\u00e3o dispon\u00edveis  para prestarem acompanhamento  individualizado a todos os alunos. O vocabul\u00e1rio  contido nos materiais  pedag\u00f3gicos e os textos facultados durante as aulas ser\u00e3o  adequados \u00e0s  necessidades dos alunos, respondendo a um processo de aprendizagem   cont\u00ednua e procurando aconselhar o estudantes nas suas d\u00favidas de forma a   suprimir-lhes as necessidades espec\u00edficas.<\/td>\n<\/tr>\n<\/tbody>\n<\/table>\n<p><strong>Curso  de fon\u00e9tico de  Mandarim<\/strong><br \/>\nA  L\u00edngua Chinesa n\u00e3o \u00e9 uma l\u00edngua fon\u00e9tica. A locu\u00e7\u00e3o  de palavras n\u00e3o se  relaciona directamente com a escrita das mesmas,  expressa nos caract\u00e9res  chineses. O Pinyin, uma ferramenta espec\u00edfica  que consiste na entoa\u00e7\u00e3o do som,  \u00e9 o sistema fon\u00e9tico mais comum para  representar a L\u00edngua Mandarim no alfabeto  com origem no latim.<br \/>\nO  Pinyin escrito \u00e9 similar ao alfabeto ingl\u00eas. H\u00e1  quatro tons na L\u00edngua Mandarim.  Cada car\u00e1cter chin\u00eas conota um tom.  Diferentes tons conotam diferentes  significados. Deseja falar a L\u00edngua  Mandarim? A See Learning Center  ajudar-lhe-\u00e1 a atingir o seu objectivo.<\/p>\n<p><strong>Curso  de Cultura  Chinesa<\/strong><\/p>\n<p>Os  cursos de Cultura Chinesa s\u00e3o compostos por aulas  individuais ou em grupo  direccionadas para aspectos espec\u00edficos da  cultura tradicional chinesa, tais  como pinturas de \u00e1gua, caligrafia e  Tai Chi.<\/p>\n<p><strong>Viagens  de estudo  de ver\u00e3o<\/strong><strong><br \/>\n<\/strong><br \/>\nOs  campos de f\u00e9rias s\u00e3o conhecidos pelos seus programas  criativos, onde  aprendizagem e divertimento andam de m\u00e3o dada.  Recorrendo a um m\u00e9todo de ensino  interactivo, a jogos e a actividades, o  nosso objectivo \u00e9 facultar aos alunos  uma oportunidade de aprender a  L\u00edngua Mandarim num ambiente internacional  positivo e bem disposto. Os  estudantes poder\u00e3o apreciar a cultura tradicional  chinesa, a sua  pintura, as suas m\u00fasicas, os seus lanches, etc.<\/p>\n<p><strong>Idade  &amp; Inscri\u00e7\u00f5es<\/strong><\/p>\n<p>Crian\u00e7as provenientes de todo o mundo e com idades  compreendidas entre os 4 e  os 14 anos. Cinco cursos diferentes, desde o  n\u00edvel Iniciado ao Avan\u00e7ado. A  distribui\u00e7\u00e3o por turmas ser\u00e1 feita de  acordo com as necessidades do aluno, os  conhecimentos revelados de  L\u00edngua Chinesa e os resultados do teste de  coloca\u00e7\u00e3o. A deten\u00e7\u00e3o de  visto legal e seguro de sa\u00fade \u00e9 obrigat\u00f3ria para  inscri\u00e7\u00e3o no campo de  f\u00e9rias.<\/p>\n<p><strong>Tamanho  das turmas<\/strong><strong> <\/strong><\/p>\n<p><strong> <\/strong>Um m\u00e1ximo de 10 alunos garante uma maior  interac\u00e7\u00e3o, aten\u00e7\u00e3o pessoal e um maior  n\u00famero de oportunidades de  dominar a l\u00edngua. Poder\u00e1 ser desenhada uma  programa\u00e7\u00e3o espec\u00edfica para  organiza\u00e7\u00f5es que apresentem mais de 3 alunos.<\/p>\n<p><strong>Marca\u00e7\u00f5es<\/strong><\/p>\n<p>De  segunda-feira a sexta-feira; das 09.30H \u00e0s 12.30H e  das 13.30H \u00e0s 16.00H<\/p>\n<p>Os  estudantes podem escolher entre campos de f\u00e9rias a  funcionar durante o per\u00edodo  da manh\u00e3, ou campos de f\u00e9rias a funcionar  durante o per\u00edodo da tarde, ou ambos.  Os cursos de L\u00edngua Mandarim  realizam-se durante o per\u00edodo da manh\u00e3 e as  actividades como  artesanato, Kung-Fu, desenho e instrumentos musicais  realizam-se no  per\u00edodo da tarde.<\/p>\n<p><strong>Campos  de ver\u00e3o ou de  inverno<\/strong><\/p>\n<p>Os  campos de ver\u00e3o combinam aprendizagem e divers\u00e3o. A  nossa oferta dota os alunos  de um interessante curr\u00edculo e permite-lhe  realizar actividades ao ar livre. O  nosso objectivo \u00e9 facultar aos  alunos uma oportunidade de aprender a L\u00edngua  Mandarim num ambiente  internacional positivo e bem disposto.<br \/>\nOs  estudantes poder\u00e3o apreciar a cultura tradicional  chinesa, a sua pintura, as  suas m\u00fasicas, os seus lanches, etc.<\/p>\n<p><strong>Idade  &amp; Inscri\u00e7\u00f5es<\/strong><\/p>\n<p>Crian\u00e7as provenientes de todo o mundo e com idade  superior a 15 anos. Oito cursos  diferentes, 3 do n\u00edvel Iniciado, 3 do  n\u00edvel Interm\u00e9dio e 2 do n\u00edvel Avan\u00e7ado. A  distribui\u00e7\u00e3o por turmas ser\u00e1  feita de acordo com a idade dos alunos, os seus  conhecimentos de L\u00edngua  Chinesa e os resultados do teste de coloca\u00e7\u00e3o. A  deten\u00e7\u00e3o de visto  legal e seguro de sa\u00fade \u00e9 obrigat\u00f3ria para inscri\u00e7\u00e3o no campo  de  f\u00e9rias.<\/p>\n<p><strong>Tamanho  das turmas<\/strong><\/p>\n<p>Um m\u00e1ximo de 10 alunos garante uma maior interac\u00e7\u00e3o,  aten\u00e7\u00e3o pessoal e um maior  n\u00famero de oportunidades de dominar a l\u00edngua.  Poder\u00e1 ser desenhada uma  programa\u00e7\u00e3o espec\u00edfica para organiza\u00e7\u00f5es que  apresentem mais de 3 alunos.<\/p>\n<p><strong>Marca\u00e7\u00f5es<\/strong><\/p>\n<p>De  segunda-feira a sexta-feira; das 09.30H \u00e0s 12.30H e  das 13.30H \u00e0s 16.00H<\/p>\n<p>Os  estudantes podem escolher entre campos de ver\u00e3o  \/inverno a funcionar durante o  per\u00edodo da manh\u00e3, ou campos de ver\u00e3o \/  inverno a funcionar durante o per\u00edodo da  tarde, ou ainda optar por  ambos. Est\u00e3o tamb\u00e9m dispon\u00edveis acampamentos a tempo  inteiro. Os cursos  de L\u00edngua Mandarim realizam-se durante o per\u00edodo da manh\u00e3 e  os cursos  de Cultura Chinesa, bem como as actividades tais como Hist\u00f3ria da   China, Geografia, Tradi\u00e7\u00f5es e Costumes e Artesanato realizam-se no  per\u00edodo da  tarde. Uma vez por semana s\u00e3o feitas visitas \u00e0 baixa da  cidade de Shanghai e \u00e0s  suas maiores atrac\u00e7\u00f5es: Bund, Torre P\u00e9rola  Oriental, Jardim Yu Yuan, Templo de  Deus da Cidade Antiga (Mercado) e  ao Museu de Shanghai. Aos fins-de-semana  realizam-se visitas tur\u00edsticas  \u00e0s principais cidades em redor de Shanghai,  Zhouzhuan, Suzhou, Xitang e  Hangzhou.<\/p>\n<p><strong>Dalian:<\/strong> Localizada no  parte sueste da pen\u00ednsula de Liaodong, \u00e9 uma importante  cidade portu\u00e1ria,  industrial e tur\u00edstica. Dalian tem uma longa linha  costeira e um clima  agrad\u00e1vel com esta\u00e7\u00f5es claramente demarcadas:  ver\u00f5es frescos e invernos quentes  fazem de Dalian um confort\u00e1vel  escolha para estudar e viver.<\/p>\n<p><strong>Beijing:<\/strong> Sendo a  capital da Rep\u00fablica Popular da China, Beijing \u00e9 o centro da  na\u00e7\u00e3o, do governo,  da economia, da cultura e das rela\u00e7\u00f5es  internacionais, servindo, de igual  forma, como centro da rede de  transportes que serve o pa\u00eds inteiro. Beijing tem  uma hist\u00f3ria muito  extensa, que remonta a 500 000 anos atr\u00e1s. Tem muitos locais  de  interesse, os quais incluem arquitectura antiga, jardins reais, mans\u00f5es,   torres, templos, pal\u00e1cios e estruturas modernas. \u00c9 um local de  encontro de  artistas e outras pessoas de talento.<\/p>\n<p><strong>Guangzhou:<\/strong> Conhecida como  a Cidade das Flores, h\u00e1 cerca de 150 s\u00edtios hist\u00f3ricos  aos quais se juntam  modernos servi\u00e7os recreativos que podem ser  explorados em Guangzhou. A cidade \u00e9  tamb\u00e9m famosa pelos bordados, pela  \u00f3pera local e pela comida.<\/p>\n<p><strong>Shanghai:<\/strong> Shanghai fica  situada ao longo da costa do Mar Este da China e nas  margens do Rio Yangtze. \u00c9  a maior metr\u00f3pole chinesa e uma das mais  significantes cidades hist\u00f3ricas.  Shanghai \u00e9 o para\u00edso ideal para  compras, mas \u00e9 tamb\u00e9m um para\u00edso para os comensais.  Tal como em  Beijing, Sichuan, Guangdong, Yangzhou e Fujian, em Shanghai h\u00e1  cerca de  mil restaurantes que servem os famosos 16 estilos de comida chinesa.   H\u00e1 tamb\u00e9m uma quantidade de cozinhas t\u00edpicas de pa\u00edses estrangeiros, tal  como a  cozinha francesa, russa, italiana, inglesa, alem\u00e3, japonesa e  indiana, a comida  mu\u00e7ulmana genu\u00edna e a comida vegetariana. Em Shanghai  ter\u00e1 o mundo na ponta dos  dedos.<\/p>\n<p><a href=\"http:\/\/seelearningcenter.pt\/pt-pt\/world-education-2\/acomodacao\/\"><strong>Veja Acomoda\u00e7\u00e3o   \u00bb<\/strong><\/a><\/p>\n","protected":false},"excerpt":{"rendered":"<p>Bem-vindo \u00e0 China A China \u00e9, em termos de dimens\u00e3o, o terceiro maior pa\u00eds do mundo. \u00c9 um pa\u00eds de uma imensa variedade e tamanho. A L\u00edngua Chinesa tem sido, durante 6000 anos, usada como l\u00edngua escrita. A L\u00edngua Mandarim \u00e9 comummente usada na China moderna e constitui uma das cincos l\u00ednguas oficiais das Na\u00e7\u00f5es [&hellip;]<\/p>\n","protected":false},"author":2,"featured_media":0,"parent":391,"menu_order":0,"comment_status":"open","ping_status":"closed","template":"","meta":{"footnotes":"","_links_to":"","_links_to_target":""},"_links":{"self":[{"href":"https:\/\/seelearningcenter.pt\/pt-pt\/wp-json\/wp\/v2\/pages\/463"}],"collection":[{"href":"https:\/\/seelearningcenter.pt\/pt-pt\/wp-json\/wp\/v2\/pages"}],"about":[{"href":"https:\/\/seelearningcenter.pt\/pt-pt\/wp-json\/wp\/v2\/types\/page"}],"author":[{"embeddable":true,"href":"https:\/\/seelearningcenter.pt\/pt-pt\/wp-json\/wp\/v2\/users\/2"}],"replies":[{"embeddable":true,"href":"https:\/\/seelearningcenter.pt\/pt-pt\/wp-json\/wp\/v2\/comments?post=463"}],"version-history":[{"count":7,"href":"https:\/\/seelearningcenter.pt\/pt-pt\/wp-json\/wp\/v2\/pages\/463\/revisions"}],"predecessor-version":[{"id":2083,"href":"https:\/\/seelearningcenter.pt\/pt-pt\/wp-json\/wp\/v2\/pages\/463\/revisions\/2083"}],"up":[{"embeddable":true,"href":"https:\/\/seelearningcenter.pt\/pt-pt\/wp-json\/wp\/v2\/pages\/391"}],"wp:attachment":[{"href":"https:\/\/seelearningcenter.pt\/pt-pt\/wp-json\/wp\/v2\/media?parent=463"}],"curies":[{"name":"wp","href":"https:\/\/api.w.org\/{rel}","templated":true}]}}