{"id":461,"date":"2010-07-04T18:47:32","date_gmt":"2010-07-04T22:47:32","guid":{"rendered":"http:\/\/seelearningcenter.pt\/"},"modified":"2010-09-17T20:35:43","modified_gmt":"2010-09-18T00:35:43","slug":"russia","status":"publish","type":"page","link":"https:\/\/seelearningcenter.pt\/pt-pt\/see-cursos-no-estrangeiro\/russia\/","title":{"rendered":"R\u00fassia"},"content":{"rendered":"<table border=\"0\" cellspacing=\"0\" cellpadding=\"0\" width=\"100%\">\n<tbody>\n<tr>\n<td><img loading=\"lazy\" decoding=\"async\" src=\"http:\/\/www.seelearningcenter.pt\/images\/img_russia.jpg\" alt=\"\" width=\"689\" height=\"250\" \/><\/td>\n<\/tr>\n<tr>\n<td><\/td>\n<\/tr>\n<tr>\n<td><strong>A R\u00fassia  \u00e9, em termos  de extens\u00e3o, o maior pa\u00eds do mundo. Com um territ\u00f3rio que come\u00e7a  ainda  na Europa e termina no extremo oriente asi\u00e1tico, a R\u00fassia tem potencial   para ser um dos pa\u00edses-chave na ordem mundial.<\/strong><\/p>\n<p>\u00c9 neste  contexto que a l\u00edngua russa tem vindo a  adquirir uma crescente import\u00e2ncia  pois, para al\u00e9m dos 150 milh\u00f5es de  falantes, assume-se tamb\u00e9m como l\u00edngua  franca em muitos neg\u00f3cios na  Europa, bem como na \u00c1sia e ex-rep\u00fablicas  Sovi\u00e9ticas.<\/p>\n<p><img loading=\"lazy\" decoding=\"async\" src=\"http:\/\/www.seelearningcenter.pt\/images\/russia01.gif\" alt=\"\" width=\"689\" height=\"281\" \/><\/p>\n<p><strong>Moscovo<\/strong><\/p>\n<p>A capital russa,  Moscovo, \u00e9 uma cidade com um p\u00e9 em  cada continente mas, ao mesmo tempo, com uma  personalidade bem marcada.  Famosa pela sua arquitectura, Moscovo orgulha-se de  monumentos como o  Kremlin, a Pra\u00e7a Vermelha ou o luxuoso Teatro Bolshoi.<\/p>\n<p>Mesmo que n\u00e3o  tenha conhecimentos pr\u00e9vios da L\u00edngua  Russa, o nosso centro realiza testes  iniciais de diagn\u00f3stico e evolu\u00e7\u00e3o  de n\u00edvel ir\u00e3o definir quais as suas  prioridades. Estamos localizados  no centro de Moscovo, a apenas duas paragens  de Metro da Pra\u00e7a  Vermelha. O alojamento dos estudantes ser\u00e1 sempre nas  imedia\u00e7\u00f5es da  escola e todos os alunos podem escolher entre uma fam\u00edlia de   acolhimento, um hotel ou apartamento.<\/p>\n<p><img loading=\"lazy\" decoding=\"async\" src=\"http:\/\/www.seelearningcenter.pt\/images\/russia02.gif\" alt=\"\" width=\"689\" height=\"250\" \/><\/p>\n<p><strong>S\u00e3o  Petersburgo<\/strong><\/p>\n<p>S\u00e3o Petersburgo  j\u00e1 conheceu v\u00e1rios nomes e \u00e9 hoje em  dia uma das cidades que faz a ponte entre  o Ocidente e o Oriente.  Fundada pelo Czar Pedro, o Grande, S\u00e3o Petersburgo foi  a capital do  imp\u00e9rio russo durante mais de 200 anos. Hoje a cidade afirmou-se  como a  maior do norte da Europa e um dos maiores centros culturais do mundo.<\/p>\n<p>Os vest\u00edgios da  impon\u00eancia do imp\u00e9rio russo s\u00e3o bem  vis\u00edveis em S\u00e3o Petersburgo, especialmente  no centro hist\u00f3rico que est\u00e1  classificado como patrim\u00f3nio mundial\u00a0 da UNESCO. A \u201cJanela da Europa\u201d \u00e9  tamb\u00e9m  conhecida pela anima\u00e7\u00e3o nocturna, especialmente durante as  famosas \u201cNoites  Brancas\u201d em que o sol teima em brilhar durante 24  horas.<\/p>\n<p><strong>Cursos:<\/strong><\/p>\n<ul>\n<li><strong>Curso de L\u00edngua Russa para expatriados &#8211;<\/strong> Vocacionado para  executivos de neg\u00f3cios a viver ou a planear coloca\u00e7\u00e3o  em Moscovo. Est\u00e1  dispon\u00edvel em hor\u00e1rios muito flex\u00edveis.<\/li>\n<\/ul>\n<ul>\n<li><strong>Cursos Corporativos<\/strong> &#8211; Forma\u00e7\u00e3o  feita \u00e0 medida  dos colaboradores da sua empresa, na casa dos mesmos ou  nas instala\u00e7\u00f5es da  companhia.<\/li>\n<\/ul>\n<ul>\n<li><strong>Cursos Romanoff <\/strong>&#8211; Quatro li\u00e7\u00f5es  adicionais  por semana segundo um sistema de acompanhamento individual.<\/li>\n<\/ul>\n<ul>\n<li><strong>Cursos individuais <\/strong>&#8211; O aluno e o  professor  trabalham juntos de forma a constru\u00edrem um plano de estudo.  V\u00e1rios graus de  intensidade: 15, 20, 24, 30, 40 li\u00e7\u00f5es por semana. Por  24 li\u00e7\u00f5es ou mais, o  aluno \u00e9 acompanhado por uma equipa de 2  professores.<\/li>\n<\/ul>\n<ul>\n<li><strong>Cursos de prepara\u00e7\u00e3o a exame TRKI \u2013 <\/strong>preparamos  os  nossos alunos para cumprir com aproveitamento\u00a0  o exame de L\u00edngua  Russa reconhecido pelo Minist\u00e9rio da Educa\u00e7\u00e3o da  Federa\u00e7\u00e3o Russa. O  curso \u00e9 leccionado em regime intensivo de 15 aulas  individuais por  semana.<\/li>\n<\/ul>\n<ul>\n<li><strong>Cursos para executivos<\/strong><\/li>\n<\/ul>\n<ul>\n<li><strong>Cursos de Cultura Russa<\/strong> &#8211; Combinam  uma viagem a  Moscovo com um ou mais cursos de \u201csobreviv\u00eancia\u201d na  R\u00fassia. D\u00e1 ao aluno a  oportunidade de apreciar os muitos locais e  atrac\u00e7\u00f5es que Moscovo tem para  oferecer. Excurs\u00f5es a locais escolhidos  pelo aluno, durante o per\u00edodo da tarde  e tamb\u00e9m \u00e0 sexta-feira.<\/li>\n<\/ul>\n<ul>\n<li><strong>Cursos de conversa\u00e7\u00e3o em L\u00edngua Russa<\/strong> \u2013 Li\u00e7\u00f5es cujo  enfoque \u00e9 a oralidade e que decorrem num ambiente  din\u00e2mico e divertido.<\/li>\n<\/ul>\n<ul>\n<li><strong>Curso individual de L\u00edngua Russa para  Neg\u00f3cios:<\/strong><\/li>\n<\/ul>\n<ul>\n<li>\n<ul>\n<li>Apresenta\u00e7\u00e3o  de relat\u00f3rios<\/li>\n<li>Lideran\u00e7a  de reuni\u00f5es<\/li>\n<li>Capacidade  de escuta<\/li>\n<li>Negocia\u00e7\u00e3o<\/li>\n<li>Flu\u00eancia  Lingu\u00edstica.<\/li>\n<\/ul>\n<\/li>\n<\/ul>\n<ul>\n<li><strong>Programa de est\u00e1gios \u2013 <\/strong>Est\u00e3o  dispon\u00edveis est\u00e1gios  em praticamente todas as \u00e1reas profissionais. A  dura\u00e7\u00e3o m\u00ednima de um programa  de est\u00e1gio \u00e9 de 8 semanas, divididas  entre 4 semanas de um curso intensivo de  l\u00edngua russa e 4 semanas de   est\u00e1gio.<\/li>\n<\/ul>\n<p><a href=\"http:\/\/seelearningcenter.pt\/pt-pt\/world-education-2\/acomodacao\/\"><strong>Veja Acomoda\u00e7\u00e3o   \u00bb<\/strong><\/a>\n<\/td>\n<\/tr>\n<\/tbody>\n<\/table>\n","protected":false},"excerpt":{"rendered":"<p>A R\u00fassia \u00e9, em termos de extens\u00e3o, o maior pa\u00eds do mundo. Com um territ\u00f3rio que come\u00e7a ainda na Europa e termina no extremo oriente asi\u00e1tico, a R\u00fassia tem potencial para ser um dos pa\u00edses-chave na ordem mundial. \u00c9 neste contexto que a l\u00edngua russa tem vindo a adquirir uma crescente import\u00e2ncia pois, para al\u00e9m [&hellip;]<\/p>\n","protected":false},"author":2,"featured_media":0,"parent":391,"menu_order":0,"comment_status":"open","ping_status":"closed","template":"","meta":{"footnotes":"","_links_to":"","_links_to_target":""},"class_list":["post-461","page","type-page","status-publish","hentry"],"_links":{"self":[{"href":"https:\/\/seelearningcenter.pt\/pt-pt\/wp-json\/wp\/v2\/pages\/461","targetHints":{"allow":["GET"]}}],"collection":[{"href":"https:\/\/seelearningcenter.pt\/pt-pt\/wp-json\/wp\/v2\/pages"}],"about":[{"href":"https:\/\/seelearningcenter.pt\/pt-pt\/wp-json\/wp\/v2\/types\/page"}],"author":[{"embeddable":true,"href":"https:\/\/seelearningcenter.pt\/pt-pt\/wp-json\/wp\/v2\/users\/2"}],"replies":[{"embeddable":true,"href":"https:\/\/seelearningcenter.pt\/pt-pt\/wp-json\/wp\/v2\/comments?post=461"}],"version-history":[{"count":5,"href":"https:\/\/seelearningcenter.pt\/pt-pt\/wp-json\/wp\/v2\/pages\/461\/revisions"}],"predecessor-version":[{"id":1996,"href":"https:\/\/seelearningcenter.pt\/pt-pt\/wp-json\/wp\/v2\/pages\/461\/revisions\/1996"}],"up":[{"embeddable":true,"href":"https:\/\/seelearningcenter.pt\/pt-pt\/wp-json\/wp\/v2\/pages\/391"}],"wp:attachment":[{"href":"https:\/\/seelearningcenter.pt\/pt-pt\/wp-json\/wp\/v2\/media?parent=461"}],"curies":[{"name":"wp","href":"https:\/\/api.w.org\/{rel}","templated":true}]}}