{"id":459,"date":"2010-07-04T18:46:43","date_gmt":"2010-07-04T22:46:43","guid":{"rendered":"http:\/\/seelearningcenter.pt\/"},"modified":"2010-09-24T06:26:41","modified_gmt":"2010-09-24T10:26:41","slug":"malta","status":"publish","type":"page","link":"https:\/\/seelearningcenter.pt\/pt-pt\/see-cursos-no-estrangeiro\/malta\/","title":{"rendered":"Malta"},"content":{"rendered":"<table>\n<tbody>\n<tr>\n<td width=\"78%\">Consistindo em tr\u00eas ilhas, Malta \u00e9 o tipo de s\u00edtio que deixa os seus visitantes ansiosos por mais. Devido \u00e0 sua localiza\u00e7\u00e3o estrat\u00e9gica no cora\u00e7\u00e3o do Mediterr\u00e2neo, os solos Malteses foram ocupados por Fen\u00edcios, \u00c1rabes, Romanos, Napole\u00e3o e, at\u00e9 muito recentemente, por Brit\u00e2nicos. Cada uma das tentativas de conquista deixou marcas \u00fanicas no car\u00e1cter Malt\u00eas.<\/p>\n<p>Malta foi uma col\u00f3nia Brit\u00e2nica at\u00e9 1964, quando ganhou a sua independ\u00eancia nacional. Embora irradie um sentimento Mediterr\u00e2neo genu\u00edno, os 150 anos de presen\u00e7a Brit\u00e2nica s\u00e3o evidentes: o Ingl\u00eas continua a ser considerada uma l\u00edngua oficial, conduz-se \u00e0 esquerda e o jornal di\u00e1rio mais popular, <em>The Malta Times<\/em>, \u00e9 publicado em Ingl\u00eas.<\/p>\n<p>Com uma hist\u00f3ria rica, tradi\u00e7\u00f5es coloridas, celebra\u00e7\u00f5es vivas, vilas encantadoras, \u00e1guas l\u00edmpidas, um conjunto de lojas, restaurantes e vida nocturna e, claro, um clima Mediterr\u00e2neo ameno, Malta oferece algo para toda gente.<\/td>\n<td width=\"22%\"><img loading=\"lazy\" decoding=\"async\" class=\"alignnone size-medium wp-image-2533\" style=\"margin-bottom: 10px;\" title=\"SEE MALTA (4)\" src=\"http:\/\/seelearningcenter.pt\/wp-content\/uploads\/2010\/06\/SEE-MALTA-4-300x224.jpg\" alt=\"\" width=\"210\" height=\"157\" srcset=\"https:\/\/seelearningcenter.pt\/wp-content\/uploads\/2010\/06\/SEE-MALTA-4-300x224.jpg 300w, https:\/\/seelearningcenter.pt\/wp-content\/uploads\/2010\/06\/SEE-MALTA-4-1024x768.jpg 1024w\" sizes=\"(max-width: 210px) 100vw, 210px\" \/><img loading=\"lazy\" decoding=\"async\" class=\"alignnone size-medium wp-image-2534\" title=\"SEE MALTA (5)\" src=\"http:\/\/seelearningcenter.pt\/wp-content\/uploads\/2010\/06\/SEE-MALTA-5-300x200.jpg\" alt=\"\" width=\"210\" height=\"140\" srcset=\"https:\/\/seelearningcenter.pt\/wp-content\/uploads\/2010\/06\/SEE-MALTA-5-300x200.jpg 300w, https:\/\/seelearningcenter.pt\/wp-content\/uploads\/2010\/06\/SEE-MALTA-5-1024x682.jpg 1024w\" sizes=\"(max-width: 210px) 100vw, 210px\" \/><\/td>\n<\/tr>\n<\/tbody>\n<\/table>\n<p><strong>Ficheiro da Escola<\/strong><\/p>\n<ul>\n<li><strong>Idade:<\/strong> 18+<\/li>\n<li><strong>Localiza\u00e7\u00e3o da Escola:<\/strong> no cora\u00e7\u00e3o de Valletta, Patrim\u00f3nio Mundial da UNESCO<\/li>\n<li><strong>N\u00famero de alunos por aula:<\/strong> m\u00e1ximo 8<\/li>\n<li><strong>Data de In\u00edcio:<\/strong> todo o ano, todas as segundas-feiras<\/li>\n<li>Salas de aula completamente equipadas<\/li>\n<li>Professores qualificados e experientes<\/li>\n<li>Programa de actividades sociais e de lazer<\/li>\n<li><strong>Acomoda\u00e7\u00e3o:<\/strong> Fam\u00edlias de acolhimento, apartamentos ou hotel<\/li>\n<\/ul>\n<table>\n<tbody>\n<tr>\n<td width=\"78%\"><strong>Cursos<\/strong><\/p>\n<p><strong> <\/strong><\/p>\n<p><strong>Ingl\u00eas Geral (GE)<\/strong><\/p>\n<ul>\n<li>20 ou 30 aulas por semana<\/li>\n<li><strong>N\u00famero de alunos por aula:<\/strong> m\u00e1ximo 8<\/li>\n<li><strong>Idade m\u00ednima:<\/strong> 18<\/li>\n<li>Op\u00e7\u00e3o de combinar aulas individuais para acelerar a aprendizagem<\/li>\n<\/ul>\n<p><strong> <\/strong><\/p>\n<p><strong>One-to-one<\/strong><\/p>\n<ul>\n<li>10\/ 15\/ 20 aulas por semana<\/li>\n<\/ul>\n<p><strong> <\/strong><\/p>\n<p><strong>Curso combinado<\/strong><\/p>\n<ul>\n<li>5 a 10 aulas individuais + 20 aulas de Ingl\u00eas Geral\/semana<\/li>\n<\/ul>\n<p><strong> <\/strong><\/p>\n<p><strong>Ingl\u00eas Profissional<\/strong><\/p>\n<ul>\n<li>20 aulas individuais por semana<\/li>\n<li>N\u00edveis pr\u00e9-interm\u00e9dio e avan\u00e7ado<\/li>\n<\/ul>\n<p><strong>Prepara\u00e7\u00e3o para Exames (para exames de FCE, CAE, CPE e IELTS)<\/strong><\/p>\n<ul>\n<li>30 aulas por semana, Segunda a Sexta-feira<\/li>\n<li>V\u00e1rias datas de in\u00edcio (aproximadamente 13 semanas antes da data do exame)<\/li>\n<\/ul>\n<p><strong>Grupos fechados\/ Interesses especiais<\/strong><\/p>\n<ul>\n<li>M\u00ednimo 10 alunos<\/li>\n<li>Curriculum \u00e0 medida, de acordo com os objectivos do grupo<\/li>\n<\/ul>\n<p><strong>Ingl\u00eas para Turismo<\/strong><\/p>\n<ul>\n<li>20 aulas de Ingl\u00eas geral + 10 aulas de Ingl\u00eas para Turismo\/ semana<\/li>\n<li>N\u00edveis pr\u00e9-interm\u00e9dio e interm\u00e9dio<\/li>\n<li>Dura\u00e7\u00e3o de cada aula = 45 minutos<\/li>\n<\/ul>\n<\/td>\n<td width=\"22%\"><img loading=\"lazy\" decoding=\"async\" class=\"alignnone size-medium wp-image-2532\" title=\"SEE MALTA (3)\" src=\"http:\/\/seelearningcenter.pt\/wp-content\/uploads\/2010\/06\/SEE-MALTA-3-300x224.jpg\" alt=\"\" width=\"300\" height=\"224\" srcset=\"https:\/\/seelearningcenter.pt\/wp-content\/uploads\/2010\/06\/SEE-MALTA-3-300x224.jpg 300w, https:\/\/seelearningcenter.pt\/wp-content\/uploads\/2010\/06\/SEE-MALTA-3-1024x768.jpg 1024w\" sizes=\"(max-width: 300px) 100vw, 300px\" \/><\/td>\n<\/tr>\n<\/tbody>\n<\/table>\n<table>\n<tbody>\n<tr>\n<td width=\"78%\"><strong>Programa J\u00fanior (Julho e Agosto)<\/strong><\/p>\n<ul>\n<li>Alunos internacionais de idades entre 11 e 17 anos<\/li>\n<li>20 aulas de Ingl\u00eas geral em aulas multinacionais<\/li>\n<li>Acomoda\u00e7\u00e3o com pens\u00e3o completa, em fam\u00edlias de acolhimento ou resid\u00eancia<\/li>\n<li>Programa completo de actividades \u00e0 tarde e \u00e0 noite<\/li>\n<li>Todos os bilhetes para as entradas consideradas no programa<\/li>\n<li>Transferes de aeroporto<\/li>\n<li>Certificado do curso<\/li>\n<li>Material do curso<\/li>\n<li>24h de supervis\u00e3o<\/li>\n<\/ul>\n<\/td>\n<td width=\"22%\"><img loading=\"lazy\" decoding=\"async\" class=\"alignnone size-medium wp-image-2530\" title=\"SEE MALTA (2)\" src=\"http:\/\/seelearningcenter.pt\/wp-content\/uploads\/2010\/06\/SEE-MALTA-2-224x300.jpg\" alt=\"\" width=\"224\" height=\"300\" srcset=\"https:\/\/seelearningcenter.pt\/wp-content\/uploads\/2010\/06\/SEE-MALTA-2-224x300.jpg 224w, https:\/\/seelearningcenter.pt\/wp-content\/uploads\/2010\/06\/SEE-MALTA-2-768x1024.jpg 768w, https:\/\/seelearningcenter.pt\/wp-content\/uploads\/2010\/06\/SEE-MALTA-2.jpg 1704w\" sizes=\"(max-width: 224px) 100vw, 224px\" \/><\/td>\n<\/tr>\n<\/tbody>\n<\/table>\n<p>\n<a href=\"http:\/\/seelearningcenter.pt\/pt-pt\/world-education-2\/acomodacao\/\"><strong>Veja Acomoda\u00e7\u00e3o   \u00bb<\/strong><\/a><\/p>\n","protected":false},"excerpt":{"rendered":"<p>Consistindo em tr\u00eas ilhas, Malta \u00e9 o tipo de s\u00edtio que deixa os seus visitantes ansiosos por mais. Devido \u00e0 sua localiza\u00e7\u00e3o estrat\u00e9gica no cora\u00e7\u00e3o do Mediterr\u00e2neo, os solos Malteses foram ocupados por Fen\u00edcios, \u00c1rabes, Romanos, Napole\u00e3o e, at\u00e9 muito recentemente, por Brit\u00e2nicos. Cada uma das tentativas de conquista deixou marcas \u00fanicas no car\u00e1cter Malt\u00eas. [&hellip;]<\/p>\n","protected":false},"author":2,"featured_media":0,"parent":391,"menu_order":0,"comment_status":"open","ping_status":"closed","template":"","meta":{"footnotes":"","_links_to":"","_links_to_target":""},"_links":{"self":[{"href":"https:\/\/seelearningcenter.pt\/pt-pt\/wp-json\/wp\/v2\/pages\/459"}],"collection":[{"href":"https:\/\/seelearningcenter.pt\/pt-pt\/wp-json\/wp\/v2\/pages"}],"about":[{"href":"https:\/\/seelearningcenter.pt\/pt-pt\/wp-json\/wp\/v2\/types\/page"}],"author":[{"embeddable":true,"href":"https:\/\/seelearningcenter.pt\/pt-pt\/wp-json\/wp\/v2\/users\/2"}],"replies":[{"embeddable":true,"href":"https:\/\/seelearningcenter.pt\/pt-pt\/wp-json\/wp\/v2\/comments?post=459"}],"version-history":[{"count":10,"href":"https:\/\/seelearningcenter.pt\/pt-pt\/wp-json\/wp\/v2\/pages\/459\/revisions"}],"predecessor-version":[{"id":2577,"href":"https:\/\/seelearningcenter.pt\/pt-pt\/wp-json\/wp\/v2\/pages\/459\/revisions\/2577"}],"up":[{"embeddable":true,"href":"https:\/\/seelearningcenter.pt\/pt-pt\/wp-json\/wp\/v2\/pages\/391"}],"wp:attachment":[{"href":"https:\/\/seelearningcenter.pt\/pt-pt\/wp-json\/wp\/v2\/media?parent=459"}],"curies":[{"name":"wp","href":"https:\/\/api.w.org\/{rel}","templated":true}]}}