{"id":457,"date":"2010-07-04T18:45:44","date_gmt":"2010-07-04T22:45:44","guid":{"rendered":"http:\/\/seelearningcenter.pt\/"},"modified":"2010-09-14T10:25:37","modified_gmt":"2010-09-14T14:25:37","slug":"franca","status":"publish","type":"page","link":"https:\/\/seelearningcenter.pt\/pt-pt\/see-cursos-no-estrangeiro\/franca\/","title":{"rendered":"Fran\u00e7a"},"content":{"rendered":"<p><strong>A  Fran\u00e7a \u00e9 uma terra de grandes contrastes,   eferecendo uma quantidade  intermin\u00e1vel de escolhas de destinos, uma grande   diversidade de  paisagens, culin\u00e1ria, clima e pessoas, com uma heran\u00e7a cultural    excepcional. <\/strong><\/p>\n<p><strong><img loading=\"lazy\" decoding=\"async\" src=\"http:\/\/www.seelearningcenter.pt\/images\/paris5.jpg\" alt=\"\" width=\"350\" height=\"263\" \/><\/strong><\/p>\n<p>As chiques avenidas de Paris, <em>La Tour Eiffel <\/em>,  os majestosos <em>ch\u00e2teaux <\/em>do Loire, as esplendorosas pistas de  ski dos Alpes, as praias   banhadas pelo Sol, <em>champagne <\/em>e <em>croissants <\/em>fazem da <em>Douce <\/em><em>France <\/em>o destino perfeito para  uma visita ou para estudar a l\u00edngua   Francesa.<\/p>\n<p><img loading=\"lazy\" decoding=\"async\" src=\"http:\/\/www.seelearningcenter.pt\/images\/paris6.jpg\" alt=\"\" width=\"350\" height=\"426\" \/><\/p>\n<p><img loading=\"lazy\" decoding=\"async\" src=\"http:\/\/www.seelearningcenter.pt\/images\/fr_img2.jpg\" alt=\"\" width=\"350\" height=\"234\" \/><\/p>\n<p><strong>Estudar Franc\u00eas na Fran\u00e7a:<\/strong><\/p>\n<p>\u2022\u00a0 Curso Geral<\/p>\n<p>\u2022\u00a0 Curso Intensivo de Franc\u00eas<\/p>\n<p><img loading=\"lazy\" decoding=\"async\" src=\"http:\/\/www.seelearningcenter.pt\/images\/fr_img1.jpg\" alt=\"\" width=\"350\" height=\"235\" \/><\/p>\n<p><strong>Prepara\u00e7\u00e3o para  Exames Nacionais:<br \/>\n<\/strong><strong> :<br \/>\n<\/strong>\u2022\u00a0 D.E.L.F<\/p>\n<p>\u2022\u00a0   D.A.L.F<\/p>\n<p>\u2022\u00a0 T.E.F.<\/p>\n<p>\u2022\u00a0 T.C.F.<\/p>\n<p><img loading=\"lazy\" decoding=\"async\" src=\"http:\/\/www.seelearningcenter.pt\/images\/fr_img3.jpg\" alt=\"\" width=\"350\" height=\"224\" \/><\/p>\n<p><strong>Cursos de Franc\u00eas  com Objectivos Espec\u00edficos:<\/strong><strong><\/strong><\/p>\n<p><strong><\/strong>\u2022\u00a0   Encontro com o Franc\u00eas- Encontro com a  Fran\u00e7a<\/p>\n<p>\u2022\u00a0 Curso de Revis\u00e3o da   L\u00edngua e Ci\u00eancia Francesa<\/p>\n<p>\u2022\u00a0 Prepara\u00e7\u00e3o para a Universidade<\/p>\n<p>\u2022\u00a0   Prepara\u00e7\u00e3o para Exames CCIP<\/p>\n<p><strong>Cursos  Personalisados:<\/strong><strong><\/strong><\/p>\n<p><strong><\/strong>\u2022\u00a0 Curso Individual<\/p>\n<p>\u2022\u00a0   Curso Profissional<\/p>\n<p>\u2022\u00a0 Curso de Aprendizagem \u00e0 Dist\u00e2ncia via   Internet<\/p>\n<p>\u2022\u00a0 Centro de Pesquisa Multim\u00e9dia<\/p>\n<p><strong>Cursos para  Professores<\/strong><strong><\/strong><\/p>\n<p><strong><\/strong>\u2022\u00a0 Prepara\u00e7\u00e3o para um   &#8220;Ma\u00eetrise de Fran\u00e7ais  Language \u00c9trang\u00e8re&#8221;<\/p>\n<p>\u2022\u00a0 Curso Intensivo<\/p>\n<p>\u2022\u00a0   Workshops<\/p>\n<p>\u2022\u00a0 Semin\u00e1rios<\/p>\n<p><img loading=\"lazy\" decoding=\"async\" src=\"http:\/\/www.seelearningcenter.pt\/images\/fr_img4.jpg\" alt=\"\" width=\"350\" height=\"232\" \/><\/p>\n<p><strong>Cursos Junior  Internacionais (idade:12\/15; Julho and   Agosto)<\/strong><strong><\/strong><\/p>\n<p><strong><\/strong>\u2022\u00a0 &#8220;Campus Internacional&#8221; de Desporto e L\u00edngua<\/p>\n<p>\u2022\u00a0   Aulas de Franc\u00eas<\/p>\n<p>\u2022\u00a0 Actividades Multidesportos de equipa<\/p>\n<p>\u2022\u00a0   Acomoda\u00e7\u00e3o: Centro de Educa\u00e7\u00e3o Desportivo ou  Fam\u00edlia de Acolhimento (Pens\u00e3o   Completa)<\/p>\n<p><img loading=\"lazy\" decoding=\"async\" src=\"http:\/\/www.seelearningcenter.pt\/images\/fr_img5.jpg\" alt=\"\" width=\"350\" height=\"224\" \/><\/p>\n<p><strong>Cursos Junior  Internacionais\/ Visitas de Estudo<\/strong><strong><\/strong><\/p>\n<p><strong><\/strong>\u2022\u00a0   Cursos feitos \u00e0 medida para grupos  escolares<\/p>\n<p><a href=\"\/?page_id=1717\"><strong>Veja Acomoda\u00e7\u00e3o   \u00bb<\/strong><\/a><\/p>\n","protected":false},"excerpt":{"rendered":"<p>A Fran\u00e7a \u00e9 uma terra de grandes contrastes, eferecendo uma quantidade intermin\u00e1vel de escolhas de destinos, uma grande diversidade de paisagens, culin\u00e1ria, clima e pessoas, com uma heran\u00e7a cultural excepcional. As chiques avenidas de Paris, La Tour Eiffel , os majestosos ch\u00e2teaux do Loire, as esplendorosas pistas de ski dos Alpes, as praias banhadas pelo [&hellip;]<\/p>\n","protected":false},"author":2,"featured_media":0,"parent":391,"menu_order":0,"comment_status":"open","ping_status":"closed","template":"","meta":{"footnotes":"","_links_to":"","_links_to_target":""},"class_list":["post-457","page","type-page","status-publish","hentry"],"_links":{"self":[{"href":"https:\/\/seelearningcenter.pt\/pt-pt\/wp-json\/wp\/v2\/pages\/457","targetHints":{"allow":["GET"]}}],"collection":[{"href":"https:\/\/seelearningcenter.pt\/pt-pt\/wp-json\/wp\/v2\/pages"}],"about":[{"href":"https:\/\/seelearningcenter.pt\/pt-pt\/wp-json\/wp\/v2\/types\/page"}],"author":[{"embeddable":true,"href":"https:\/\/seelearningcenter.pt\/pt-pt\/wp-json\/wp\/v2\/users\/2"}],"replies":[{"embeddable":true,"href":"https:\/\/seelearningcenter.pt\/pt-pt\/wp-json\/wp\/v2\/comments?post=457"}],"version-history":[{"count":7,"href":"https:\/\/seelearningcenter.pt\/pt-pt\/wp-json\/wp\/v2\/pages\/457\/revisions"}],"predecessor-version":[{"id":1841,"href":"https:\/\/seelearningcenter.pt\/pt-pt\/wp-json\/wp\/v2\/pages\/457\/revisions\/1841"}],"up":[{"embeddable":true,"href":"https:\/\/seelearningcenter.pt\/pt-pt\/wp-json\/wp\/v2\/pages\/391"}],"wp:attachment":[{"href":"https:\/\/seelearningcenter.pt\/pt-pt\/wp-json\/wp\/v2\/media?parent=457"}],"curies":[{"name":"wp","href":"https:\/\/api.w.org\/{rel}","templated":true}]}}