{"id":454,"date":"2010-07-04T18:44:52","date_gmt":"2010-07-04T22:44:52","guid":{"rendered":"http:\/\/seelearningcenter.pt\/"},"modified":"2010-10-04T20:01:55","modified_gmt":"2010-10-05T00:01:55","slug":"italia","status":"publish","type":"page","link":"https:\/\/seelearningcenter.pt\/pt-pt\/see-cursos-no-estrangeiro\/italia\/","title":{"rendered":"It\u00e1lia"},"content":{"rendered":"<table>\n<tbody>\n<tr>\n<td><strong>Benvenuto <\/strong><strong>\u00e0 <\/strong><strong>It\u00e1lia<\/strong><\/p>\n<p>Poucos lugares no mundo t\u00eam o encanto e a magia de It\u00e1lia. Rica tanto em cultura como em hist\u00f3ria, tem muitos tesouros por descobrir: ruinas Romanas, arte renascentista, arquitectura moderna, picos montanhosos, lagos serenos, centros urbanos e vilas fortificadas.<\/td>\n<td><img loading=\"lazy\" decoding=\"async\" class=\"alignright size-medium wp-image-2776\" title=\"see_italy-1\" src=\"http:\/\/seelearningcenter.pt\/wp-content\/uploads\/2010\/06\/see_italy-1-300x200.jpg\" alt=\"\" width=\"300\" height=\"200\" srcset=\"https:\/\/seelearningcenter.pt\/wp-content\/uploads\/2010\/06\/see_italy-1-300x200.jpg 300w, https:\/\/seelearningcenter.pt\/wp-content\/uploads\/2010\/06\/see_italy-1.jpg 1000w\" sizes=\"(max-width: 300px) 100vw, 300px\" \/><\/td>\n<\/tr>\n<tr>\n<td>O local de nascimento de la dolce vita, a It\u00e1lia oferece aos visitantes uma gastronomia deliciosa, igualmente bom vinho e o ultimo grito da moda. Combine tudo isto com um clima ameno, pessoas simp\u00e1ticas e hospitaleiras e uma l\u00edngua linda, falada por mais de 70 milh\u00f5es de pessoas no mundo, e ter\u00e1 concerteza uma experi\u00eancia Italiana memor\u00e1vel.<\/td>\n<td><img loading=\"lazy\" decoding=\"async\" class=\"alignright size-medium wp-image-2770\" title=\"SEE ITALY  R(5)\" src=\"http:\/\/seelearningcenter.pt\/wp-content\/uploads\/2010\/06\/SEE-ITALY-R5-300x199.jpg\" alt=\"\" width=\"300\" height=\"199\" srcset=\"https:\/\/seelearningcenter.pt\/wp-content\/uploads\/2010\/06\/SEE-ITALY-R5-300x199.jpg 300w, https:\/\/seelearningcenter.pt\/wp-content\/uploads\/2010\/06\/SEE-ITALY-R5.jpg 800w\" sizes=\"(max-width: 300px) 100vw, 300px\" \/><\/td>\n<\/tr>\n<tr>\n<td><strong>Ficheiro da Escola<\/strong><\/p>\n<ul>\n<li><strong>Idade:<\/strong> +16 anos<\/li>\n<li><strong>Localiza\u00e7\u00e3o da escola:<\/strong> Roma<\/li>\n<li><strong>Sala de computadores:<\/strong> acesso livre \u00e0 internet<\/li>\n<li><strong>N\u00famero de alunos por aula:<\/strong> m\u00e1ximo 14 alunos<\/li>\n<li><strong>N\u00edveis:<\/strong> iniciado a avan\u00e7ado<\/li>\n<li><strong>Data de in\u00edcio:<\/strong> Todo o ano, com \u00ednicio todas as 4 semanas<\/li>\n<li>25 salas de aula totalmente equipadas<\/li>\n<li>Biblioteca de filmes italianos, esta\u00e7\u00f5es de video, sala comum, piano, snack bar e jardins<\/li>\n<li><strong>M\u00ednimo:<\/strong> 2 semanas<\/li>\n<li><strong>Acomoda\u00e7\u00e3o:<\/strong> Fam\u00edlias de acolhimento, apartamentos, apartamentos independents e hotel<\/li>\n<\/ul>\n<\/td>\n<td><img loading=\"lazy\" decoding=\"async\" class=\"alignright size-medium wp-image-2771\" title=\"SEE ITALY  R(6)\" src=\"http:\/\/seelearningcenter.pt\/wp-content\/uploads\/2010\/06\/SEE-ITALY-R6-300x199.jpg\" alt=\"\" width=\"300\" height=\"199\" srcset=\"https:\/\/seelearningcenter.pt\/wp-content\/uploads\/2010\/06\/SEE-ITALY-R6-300x199.jpg 300w, https:\/\/seelearningcenter.pt\/wp-content\/uploads\/2010\/06\/SEE-ITALY-R6.jpg 800w\" sizes=\"(max-width: 300px) 100vw, 300px\" \/><\/td>\n<\/tr>\n<\/tbody>\n<\/table>\n<p><strong>Cursos:<\/strong><\/p>\n<p><strong>Intensivo (15-20-25-30 aulas\/semana)<\/strong><\/p>\n<ul>\n<li>15 aulas\/ semana: tardes, 3 aulas por dia, de 2 a 52 semanas<\/li>\n<li>20 aulas\/ semana: manh\u00e3s ou tardes, 4 aulas por dia, de 2 a 40 semanas<\/li>\n<li>25 aulas\/ semana: manh\u00e3s ou tardes, 4 aulas por dia + 2\u00bd aulas em grupos pequenos (m\u00e1x. 6 alunos por aula) duas vezes por semana, de 2 a 32 semanas<\/li>\n<li>30 aulas\/ semana: manh\u00e3s ou tardes, 6 aulas por dia, de 2 a 28 semanas<\/li>\n<\/ul>\n<table>\n<tbody>\n<tr>\n<td><strong>Cursos Combinados<\/strong><\/p>\n<ul>\n<li>Os alunos assistem a um curso de grupo (4 aulas por dia) e aulas individuais (2 aulas por dia)<\/li>\n<\/ul>\n<\/td>\n<td><img loading=\"lazy\" decoding=\"async\" class=\"alignright size-medium wp-image-2772\" title=\"SEE ITALY  R(7)\" src=\"http:\/\/seelearningcenter.pt\/wp-content\/uploads\/2010\/06\/SEE-ITALY-R7-300x199.jpg\" alt=\"\" width=\"300\" height=\"199\" srcset=\"https:\/\/seelearningcenter.pt\/wp-content\/uploads\/2010\/06\/SEE-ITALY-R7-300x199.jpg 300w, https:\/\/seelearningcenter.pt\/wp-content\/uploads\/2010\/06\/SEE-ITALY-R7.jpg 800w\" sizes=\"(max-width: 300px) 100vw, 300px\" \/><\/td>\n<\/tr>\n<tr>\n<td><strong>Programa de Ano Escolar<\/strong><\/p>\n<ul>\n<li>32 semanas de aulas de Italiano combinadas com Hist\u00f3ria da It\u00e1lia, Hist\u00f3tia de Arte, Arquitectura e Design<\/li>\n<li>N\u00edvel: iniciado e elementar<\/li>\n<li>Idade: 16 a 28 anos<\/li>\n<li>\u00canfase na l\u00edngua, sociedade e cultura italianas<\/li>\n<li>Qualificado para acesso a dois exames de profici\u00eancia ao completer o curso: CILS e CELI<\/li>\n<\/ul>\n<\/td>\n<td><img loading=\"lazy\" decoding=\"async\" class=\"alignright size-medium wp-image-2780\" title=\"see_italy-5\" src=\"http:\/\/seelearningcenter.pt\/wp-content\/uploads\/2010\/06\/see_italy-5-300x200.jpg\" alt=\"\" width=\"300\" height=\"200\" srcset=\"https:\/\/seelearningcenter.pt\/wp-content\/uploads\/2010\/06\/see_italy-5-300x200.jpg 300w, https:\/\/seelearningcenter.pt\/wp-content\/uploads\/2010\/06\/see_italy-5.jpg 1000w\" sizes=\"(max-width: 300px) 100vw, 300px\" \/><\/td>\n<\/tr>\n<\/tbody>\n<\/table>\n<p><strong>Programa de Est\u00e1gio<\/strong><\/p>\n<ul>\n<li>Combine aulas de Italiano com uma experi\u00eancia de trabalho n\u00e3o-remunerada<\/li>\n<li><strong>Idade minima:<\/strong> 18 anos<\/li>\n<li><strong>N\u00edvel m\u00ednimo: <\/strong>B1<\/li>\n<li>Diploma de Ensino Secund\u00e1rio ou Superior<\/li>\n<li><strong>Experi\u00eancia de trabalho:<\/strong> 2 a 16 semanas<\/li>\n<\/ul>\n<table>\n<tbody>\n<tr>\n<td rowspan=\"2\"><strong>Roma para 50+<\/strong><\/p>\n<ul>\n<li><strong>Idade:<\/strong> Alunos com mais de 50 anos<\/li>\n<li><strong>Dura\u00e7\u00e3o:<\/strong> 2 semanas<\/li>\n<li><strong>Data de in\u00edcio:<\/strong> 2 vezes por ano<\/li>\n<li>Mistura de l\u00edngua, arte e cultura<\/li>\n<li>40 aulas de lingual italiana por semana, de manh\u00e3 (idades misturadas)<\/li>\n<li>Programa social e de lazer complete:<\/li>\n<li>Visita de autocarro privado \u00e0 Villa Adriana (Tivoli);<\/li>\n<li>Visita de autocarro privado \u00e0 area Castelli Romani, incluindo uma visita a uma cave de vinhos, prova de vinhos e jantar no Lago Castelgandolfo;<\/li>\n<li>Aula de culin\u00e1ria e jantar;<\/li>\n<li>2 visitas guiadas nos arredores de Roma;<\/li>\n<li>2 visitas sobre Hist\u00f3ria de Arte;<\/li>\n<li>Excurs\u00e3o a Pompeia e N\u00e1poles (S\u00e1bado).<\/li>\n<\/ul>\n<\/td>\n<td><img loading=\"lazy\" decoding=\"async\" class=\"alignright size-medium wp-image-2769\" title=\"SEE ITALY  R(4)\" src=\"http:\/\/seelearningcenter.pt\/wp-content\/uploads\/2010\/06\/SEE-ITALY-R4-300x199.jpg\" alt=\"\" width=\"300\" height=\"199\" srcset=\"https:\/\/seelearningcenter.pt\/wp-content\/uploads\/2010\/06\/SEE-ITALY-R4-300x199.jpg 300w, https:\/\/seelearningcenter.pt\/wp-content\/uploads\/2010\/06\/SEE-ITALY-R4.jpg 800w\" sizes=\"(max-width: 300px) 100vw, 300px\" \/><\/td>\n<\/tr>\n<tr>\n<td><img loading=\"lazy\" decoding=\"async\" class=\"alignright size-medium wp-image-2773\" title=\"SEE ITALY  R(8)\" src=\"http:\/\/seelearningcenter.pt\/wp-content\/uploads\/2010\/06\/SEE-ITALY-R8-300x199.jpg\" alt=\"\" width=\"300\" height=\"199\" srcset=\"https:\/\/seelearningcenter.pt\/wp-content\/uploads\/2010\/06\/SEE-ITALY-R8-300x199.jpg 300w, https:\/\/seelearningcenter.pt\/wp-content\/uploads\/2010\/06\/SEE-ITALY-R8.jpg 800w\" sizes=\"(max-width: 300px) 100vw, 300px\" \/><\/td>\n<\/tr>\n<\/tbody>\n<\/table>\n<table>\n<tbody>\n<tr>\n<td><strong>Outros cursos dispon\u00edveis:<\/strong><\/p>\n<ul>\n<li>Italiano atrav\u00e9s do \u201cEstilo Italiano\u201d<\/li>\n<li>Italiano atrav\u00e9s do Teatro<\/li>\n<li>Italiano atrav\u00e9s da M\u00fasica<\/li>\n<li>Italiano atrav\u00e9s da Realiza\u00e7\u00e3o de Filmes<\/li>\n<li>Italiano Profissional<\/li>\n<li>\u00c0 Descoberta de Roma<\/li>\n<li>Cozinha Caseira Italiana<\/li>\n<li>Prepara\u00e7\u00e3o para Exames<\/li>\n<\/ul>\n<\/td>\n<td><img loading=\"lazy\" decoding=\"async\" class=\"alignright size-medium wp-image-2775\" title=\"SEE ITALY F\" src=\"http:\/\/seelearningcenter.pt\/wp-content\/uploads\/2010\/06\/SEE-ITALY-F-300x199.jpg\" alt=\"\" width=\"300\" height=\"199\" srcset=\"https:\/\/seelearningcenter.pt\/wp-content\/uploads\/2010\/06\/SEE-ITALY-F-300x199.jpg 300w, https:\/\/seelearningcenter.pt\/wp-content\/uploads\/2010\/06\/SEE-ITALY-F.jpg 800w\" sizes=\"(max-width: 300px) 100vw, 300px\" \/><\/td>\n<\/tr>\n<tr>\n<td colspan=\"2\"><strong>Contacte-nos para mais informa\u00e7\u00f5es sobre outras op\u00e7\u00f5es de cursos e localiza\u00e7\u00e3o.<\/strong><\/p>\n<p><strong>Cidades Italianas:<\/strong><strong> Siena, Mil\u00e3o e Floren\u00e7a<\/strong><strong> <\/strong><\/td>\n<\/tr>\n<\/tbody>\n<\/table>\n<p><a href=\"..\/pt-pt\/world-education-2\/acomodacao\/\"><strong>Veja Acomoda\u00e7\u00e3o   \u00bb<\/strong><\/a><\/p>\n","protected":false},"excerpt":{"rendered":"<p>Benvenuto \u00e0 It\u00e1lia Poucos lugares no mundo t\u00eam o encanto e a magia de It\u00e1lia. Rica tanto em cultura como em hist\u00f3ria, tem muitos tesouros por descobrir: ruinas Romanas, arte renascentista, arquitectura moderna, picos montanhosos, lagos serenos, centros urbanos e vilas fortificadas. O local de nascimento de la dolce vita, a It\u00e1lia oferece aos visitantes [&hellip;]<\/p>\n","protected":false},"author":2,"featured_media":0,"parent":391,"menu_order":0,"comment_status":"open","ping_status":"closed","template":"","meta":{"footnotes":"","_links_to":"","_links_to_target":""},"_links":{"self":[{"href":"https:\/\/seelearningcenter.pt\/pt-pt\/wp-json\/wp\/v2\/pages\/454"}],"collection":[{"href":"https:\/\/seelearningcenter.pt\/pt-pt\/wp-json\/wp\/v2\/pages"}],"about":[{"href":"https:\/\/seelearningcenter.pt\/pt-pt\/wp-json\/wp\/v2\/types\/page"}],"author":[{"embeddable":true,"href":"https:\/\/seelearningcenter.pt\/pt-pt\/wp-json\/wp\/v2\/users\/2"}],"replies":[{"embeddable":true,"href":"https:\/\/seelearningcenter.pt\/pt-pt\/wp-json\/wp\/v2\/comments?post=454"}],"version-history":[{"count":11,"href":"https:\/\/seelearningcenter.pt\/pt-pt\/wp-json\/wp\/v2\/pages\/454\/revisions"}],"predecessor-version":[{"id":2788,"href":"https:\/\/seelearningcenter.pt\/pt-pt\/wp-json\/wp\/v2\/pages\/454\/revisions\/2788"}],"up":[{"embeddable":true,"href":"https:\/\/seelearningcenter.pt\/pt-pt\/wp-json\/wp\/v2\/pages\/391"}],"wp:attachment":[{"href":"https:\/\/seelearningcenter.pt\/pt-pt\/wp-json\/wp\/v2\/media?parent=454"}],"curies":[{"name":"wp","href":"https:\/\/api.w.org\/{rel}","templated":true}]}}