{"id":451,"date":"2010-07-04T18:43:20","date_gmt":"2010-07-04T22:43:20","guid":{"rendered":"http:\/\/seelearningcenter.pt\/"},"modified":"2010-09-17T20:32:41","modified_gmt":"2010-09-18T00:32:41","slug":"espanha","status":"publish","type":"page","link":"https:\/\/seelearningcenter.pt\/pt-pt\/see-cursos-no-estrangeiro\/espanha\/","title":{"rendered":"Espanha"},"content":{"rendered":"<table border=\"0\" cellspacing=\"0\" cellpadding=\"0\" width=\"690\">\n<tbody>\n<tr>\n<td><strong>Cursos  de Espanhol &#8211; Espanha, M\u00e9xico,   Per\u00fa&#8230;<\/strong><\/p>\n<p>O Espanhol \u00e9 a l\u00edngua-m\u00e3e de 350  milh\u00f5es de pessoas em 21 pa\u00edses, sendo a   segunda l\u00edngua mais falada na  comunica\u00e7\u00e3o internacional.<\/p>\n<p><strong>Se est\u00e1 \u00e0 procura de  divertimento, a Espanha   \u00e9 o local ideal &#8211; parques tem\u00e1ticos,  &#8220;fiestas&#8221;, desportos, campo, cultura, belas   praias, arte e uma heran\u00e7a  monumental rica. Decubra o flamengo, as touradas, as   animadas noites e  as tapas numa das animadas cidades espanholas enquanto   desenvolve a  l\u00edngua. <\/strong><\/p>\n<p>Tamb\u00e9m est\u00e1 convidado a visitar um  pa\u00eds da Am\u00e9rica Latina e experimentar as   coloridas cidades que t\u00eam um  sabor completamente diferente.<\/p>\n<p>Envolva-se numa nova cultura,  combinando um curso de Espanhol com um programa   cultural de excitantes  actividades e excurs\u00f5es.<\/p>\n<p>Os professors de Espanhol s\u00e3o  qualificados e ajud\u00e1-lo-\u00e3o a aprender a l\u00edngua   de um modo divertido e  eficiente.<\/p>\n<p>Os cursos de Espanhol est\u00e3o  dispon\u00edveis em Barcelona, Granada, Madrid,   Salamanca, Sevilha,  Val\u00eancia, M\u00e1laga, Puerto de la Cruz (Tenerife), Guanajuato   (M\u00e9xico),  Cusco (Per\u00fa).<\/p>\n<table border=\"0\" cellspacing=\"0\" cellpadding=\"0\" width=\"100%\">\n<tbody>\n<tr>\n<td width=\"10%\"><img loading=\"lazy\" decoding=\"async\" src=\"http:\/\/www.seelearningcenter.pt\/images\/ganajuato.jpg\" alt=\"\" width=\"100\" height=\"75\" \/><\/td>\n<td width=\"90%\">\n<ul>\n<li>Voluntariadao em Guanajuato<strong> <\/strong><strong> <\/strong><\/li>\n<li>Curso de Culin\u00e1ria  em Guanajuato<\/li>\n<\/ul>\n<\/td>\n<\/tr>\n<\/tbody>\n<\/table>\n<table border=\"0\" cellspacing=\"0\" cellpadding=\"0\" width=\"100%\">\n<tbody>\n<tr>\n<td width=\"10%\"><img loading=\"lazy\" decoding=\"async\" src=\"http:\/\/www.seelearningcenter.pt\/images\/granada.jpg\" alt=\"\" width=\"100\" height=\"75\" \/><\/td>\n<td width=\"90%\">\n<ul>\n<li>Cursos de Ver\u00e3o em Granada<strong> <\/strong><strong> <\/strong><\/li>\n<li>Curso de Cultura  Ar\u00e1bica em Granada<\/li>\n<\/ul>\n<\/td>\n<\/tr>\n<\/tbody>\n<\/table>\n<table border=\"0\" cellspacing=\"0\" cellpadding=\"0\" width=\"100%\">\n<tbody>\n<tr>\n<td width=\"10%\"><img loading=\"lazy\" decoding=\"async\" src=\"http:\/\/www.seelearningcenter.pt\/images\/tenerife.jpg\" alt=\"\" width=\"100\" height=\"75\" \/><\/td>\n<td width=\"90%\">\n<ul>\n<li>Curso de 50+ em Tenerife<\/li>\n<li>Curso de Scuba  diving emTenerife<\/li>\n<\/ul>\n<\/td>\n<\/tr>\n<\/tbody>\n<\/table>\n<table border=\"0\" cellspacing=\"0\" cellpadding=\"0\" width=\"100%\">\n<tbody>\n<tr>\n<td width=\"10%\"><img loading=\"lazy\" decoding=\"async\" src=\"http:\/\/www.seelearningcenter.pt\/images\/salamanca2.jpg\" alt=\"\" width=\"100\" height=\"75\" \/><\/td>\n<td width=\"90%\">\n<ul>\n<li>Curso de Prova de Vinhos  em Salamanca<\/li>\n<\/ul>\n<\/td>\n<\/tr>\n<\/tbody>\n<\/table>\n<table border=\"0\" cellspacing=\"0\" cellpadding=\"0\" width=\"100%\">\n<tbody>\n<tr>\n<td width=\"10%\"><img loading=\"lazy\" decoding=\"async\" src=\"http:\/\/www.seelearningcenter.pt\/images\/cuisine.jpg\" alt=\"\" width=\"100\" height=\"75\" \/><\/td>\n<td width=\"90%\">\n<ul>\n<li>Curso de Culin\u00e1ria  em Salamanca<\/li>\n<\/ul>\n<\/td>\n<\/tr>\n<\/tbody>\n<\/table>\n<table border=\"0\" cellspacing=\"0\" cellpadding=\"0\" width=\"100%\">\n<tbody>\n<tr>\n<td width=\"10%\"><img loading=\"lazy\" decoding=\"async\" src=\"http:\/\/www.seelearningcenter.pt\/images\/valencia.jpg\" alt=\"\" width=\"100\" height=\"75\" \/><\/td>\n<td width=\"90%\">\n<ul>\n<li>Curso de Golfe em  Valencia<\/li>\n<\/ul>\n<\/td>\n<\/tr>\n<\/tbody>\n<\/table>\n<table border=\"0\" cellspacing=\"0\" cellpadding=\"0\" width=\"100%\">\n<tbody>\n<tr>\n<td width=\"10%\"><img loading=\"lazy\" decoding=\"async\" src=\"http:\/\/www.seelearningcenter.pt\/images\/sevilha.jpg\" alt=\"\" width=\"100\" height=\"75\" \/><\/td>\n<td width=\"90%\">\n<ul>\n<li>Curso de Flamenco  em Sevilla<\/li>\n<\/ul>\n<\/td>\n<\/tr>\n<\/tbody>\n<\/table>\n<table border=\"0\" cellspacing=\"0\" cellpadding=\"0\" width=\"100%\">\n<tbody>\n<tr>\n<td width=\"10%\"><img loading=\"lazy\" decoding=\"async\" src=\"http:\/\/www.seelearningcenter.pt\/images\/barcelona.jpg\" alt=\"\" width=\"100\" height=\"129\" \/><\/td>\n<td width=\"90%\">\n<ul>\n<li>Est\u00e1gios e Cursos  de Espanhol em Madrid e Barcelona<\/li>\n<\/ul>\n<\/td>\n<\/tr>\n<\/tbody>\n<\/table>\n<p><strong>Cursos Intensivo,  Super-Intensivo e Individual<\/strong><\/p>\n<p>See Learning Center oferece-lhe  uma op\u00e7\u00e3o entre cursos Intensivo,   Super-Intensivo e Individual. No  curso Intensivo ter\u00e1 20 aulas de Espanhol por   semana. O curso  Super-Intensivo d\u00e1-lhe a oportunidade de avan\u00e7ar mais   rapidamente na  comunica\u00e7\u00e3o oral, tendo 10 aulas extra por semana, baseadas na   pr\u00e1tica  da comunica\u00e7\u00e3o oral e escrita.<\/p>\n<p>Ter\u00e1 tamb\u00e9m a oportunidade de  disfrutar de 10 aulas extra e completamente   gr\u00e1tis, cobrindo  diferentes t\u00f3picos de acordo com o seu interesse cultural.<\/p>\n<p>O curso Individual \u00e9 uma forma  excelente de personalizar os seus estudos e   focar-se em t\u00f3picos  espec\u00edficos. Tamb\u00e9m \u00e9 poss\u00edvel combinar um curso Intensivo   com aulas  Individuais.<\/p>\n<p><strong>Cursos feitos \u00e0 medida  para grupos<\/strong><\/p>\n<p>A See Learning Center tamb\u00e9m cria  cursos para grupos de pessoas com   interesses e objectivos em comum,  feitos \u00e0 medida. Poder\u00e1 consistir apenas em   aulas de Espanhol ou em  aulas de Espanhol e um programa cultural e\/ou de lazer   (m\u00ednimo de 10  aulas por semana).<\/p>\n<p><strong>Cursos para Neg\u00f3cios  Intensivo e de Turismo <\/strong><\/p>\n<p>Cursos para Neg\u00f3cios Intensivo e  de Turismo est\u00e3o dispon\u00edveis para aqueles   que requerem conhecimentos  b\u00e1sicos de Espanhol nestas \u00e1reas. O Curso de Turismo   Intensivo combina  aulas de Espanhol (20 por semana) com aulas especializadas de    Turismo, enquanto o Curso para Neg\u00f3cios compreende 20 aulas espec\u00edficas  por   semana.<\/p>\n<p>Se completar um curso de 4  semanas, ter\u00e1 a oportunidade de realizar um Exame   Certificado B\u00e1sico  da C\u00e2mara do Com\u00e9rcio de Madrid. Com o curso de Turismo, ter\u00e1   a  oportunidade de ser colocado para trabalhar numa companhia no sector de    Turismo.<\/p>\n<p>Se j\u00e1 tem um elevado n\u00edvel de  Espanhol Geral ou Profissional e pretende   aprender mais sobre o Mundo  dos Neg\u00f3cios, o nosso Curso Profissional para   Neg\u00f3cios \u00e9 ideal para  si.<\/p>\n<p><strong>Est\u00e1gio<\/strong><\/p>\n<p>A See Learning Center tamb\u00e9m lhe  d\u00e1 a oportunidade de ganhar experi\u00eancia no   estrangeiro oferecendo-lhe  um Est\u00e1gio. Aproveite para aprender o protocolo de   neg\u00f3cios Espanhol,  em Espanhol formal e professional. O programa de Est\u00e1gio \u00e9   estruturado  em 3 partes: o Curso Intensivo de Espanhol (min. 6 semanas), o Curso    de Orienta\u00e7\u00e3o Profissional (2 semanas) e o per\u00edodo de coloca\u00e7\u00e3o (12  semanas).   Durante o Curso de Orienta\u00e7\u00e3o Profissional estudar\u00e1 os  conceitos relacionados   com o Mundo dos Neg\u00f3cios Espanhol e ter\u00e1  entrevistas para emprego. A coloca\u00e7\u00e3o   poder\u00e1 ser no sector privado,  organiza\u00e7\u00f5es governamentais, NGOs, escolas,   Universidades, etc.<\/p>\n<p><strong>Curso de Ver\u00e3o <\/strong><\/p>\n<p>Se tem entre 15 e 17 anos e  gostaria de estar no caminho acad\u00e9mico e ao mesmo   tempo de se ter um  Ver\u00e3o inesquec\u00edvel, a nossa escola de Granada \u00e9 ideal para   si.  Descubra a cidade, os seus locais de heran\u00e7a mundial e as suas belas  praias   na Costa Tropical. Este programa consiste em 15 horas de  Espanhol por semana e   20 horas de diferentes actividades culturais e  desportivas diferentes.<\/p>\n<p><strong>Ano Acad\u00e9mico <\/strong><\/p>\n<p>A See Learning Center d\u00e1-lhe a  oportunidade de realizar um curso com   estudantes Espanh\u00f3is, numa  escola Espanhola. 9 disciplinas s\u00e3o estudadas e os   alunos escolhem  entre 4 grupos: Ci\u00eancias, Artes, Tecnologia e Humanidades.   Tamb\u00e9m pode  escolher entre um ano acad\u00e9mico (desde o meio de Setembro ao meio de    Junho) ou um semestre (desde o meio de Setembro ao fim de Abril).<\/p>\n<p><strong>Ficheiro da Escola:<\/strong><\/p>\n<p>\u2022\u00a0 Idade: 15+ (Curso de Ver\u00e3o e  Ano Acad\u00e9mico); 18+ (Cursos Intensivo e   Super-Intensivo); 15+ (Cursos  Individual e feito \u00e0 medida para grupos)<\/p>\n<p>\u2022\u00a0 Max. de alunos por semana: 8  (Cursos Intensivo and Super-intensivo); 10   (Curso de Ver\u00e3o); 16  (Cursos de Neg\u00f3cios \/ Turismo; Orienta\u00e7\u00e3o Professional);   n\u00e3o h\u00e1 limite  para Cursos feitos \u00e0 medida.<\/p>\n<p>\u2022\u00a0 Acomoda\u00e7\u00e3o: Fam\u00edlias,  Residencial ou Apartamento<\/p>\n<p>\u2022\u00a0 Localiza\u00e7\u00f5es: Barcelona,  Granada, Madrid, Salamanca, Sevilha, Val\u00eancia,   M\u00e1laga, Puerto de la  Cruz (Tenerife), Guanajuato (M\u00e9xico), Cusco (Per\u00fa).<\/p>\n<p><a href=\"http:\/\/seelearningcenter.pt\/pt-pt\/world-education-2\/acomodacao\/\"><strong>Veja Acomoda\u00e7\u00e3o   \u00bb<\/strong><\/a>\n<\/td>\n<\/tr>\n<\/tbody>\n<\/table>\n","protected":false},"excerpt":{"rendered":"<p>Cursos de Espanhol &#8211; Espanha, M\u00e9xico, Per\u00fa&#8230; O Espanhol \u00e9 a l\u00edngua-m\u00e3e de 350 milh\u00f5es de pessoas em 21 pa\u00edses, sendo a segunda l\u00edngua mais falada na comunica\u00e7\u00e3o internacional. Se est\u00e1 \u00e0 procura de divertimento, a Espanha \u00e9 o local ideal &#8211; parques tem\u00e1ticos, &#8220;fiestas&#8221;, desportos, campo, cultura, belas praias, arte e uma heran\u00e7a monumental [&hellip;]<\/p>\n","protected":false},"author":2,"featured_media":0,"parent":391,"menu_order":0,"comment_status":"open","ping_status":"closed","template":"","meta":{"footnotes":"","_links_to":"","_links_to_target":""},"_links":{"self":[{"href":"https:\/\/seelearningcenter.pt\/pt-pt\/wp-json\/wp\/v2\/pages\/451"}],"collection":[{"href":"https:\/\/seelearningcenter.pt\/pt-pt\/wp-json\/wp\/v2\/pages"}],"about":[{"href":"https:\/\/seelearningcenter.pt\/pt-pt\/wp-json\/wp\/v2\/types\/page"}],"author":[{"embeddable":true,"href":"https:\/\/seelearningcenter.pt\/pt-pt\/wp-json\/wp\/v2\/users\/2"}],"replies":[{"embeddable":true,"href":"https:\/\/seelearningcenter.pt\/pt-pt\/wp-json\/wp\/v2\/comments?post=451"}],"version-history":[{"count":5,"href":"https:\/\/seelearningcenter.pt\/pt-pt\/wp-json\/wp\/v2\/pages\/451\/revisions"}],"predecessor-version":[{"id":1987,"href":"https:\/\/seelearningcenter.pt\/pt-pt\/wp-json\/wp\/v2\/pages\/451\/revisions\/1987"}],"up":[{"embeddable":true,"href":"https:\/\/seelearningcenter.pt\/pt-pt\/wp-json\/wp\/v2\/pages\/391"}],"wp:attachment":[{"href":"https:\/\/seelearningcenter.pt\/pt-pt\/wp-json\/wp\/v2\/media?parent=451"}],"curies":[{"name":"wp","href":"https:\/\/api.w.org\/{rel}","templated":true}]}}