{"id":447,"date":"2010-07-04T18:41:24","date_gmt":"2010-07-04T22:41:24","guid":{"rendered":"http:\/\/seelearningcenter.pt\/"},"modified":"2010-09-17T20:33:16","modified_gmt":"2010-09-18T00:33:16","slug":"nova-zelandia","status":"publish","type":"page","link":"https:\/\/seelearningcenter.pt\/pt-pt\/see-cursos-no-estrangeiro\/nova-zelandia\/","title":{"rendered":"Nova Zel\u00e2ndia"},"content":{"rendered":"<p><strong>A Nova  Zel\u00e2ndia \u00e9 um pa\u00eds com uma natureza   espectacular devido ao ser  passado geol\u00f3gico colorido. <\/strong><\/p>\n<p><img loading=\"lazy\" decoding=\"async\" src=\"http:\/\/www.seelearningcenter.pt\/images\/see_new_zealand.jpg\" alt=\"\" width=\"301\" height=\"184\" \/><\/p>\n<p>Esta paisagem deslumbrante combinada com as pessoas  amig\u00e1veis e aventureiras   da Nova Zel\u00e2ndia, permite visitas  maravilhosas, actividades culturais e de   exterior.<\/p>\n<p>A Nova Zel\u00e2ndia tem de tudo: deste o &#8220;bumgy jumping&#8221;  aos &#8220;geysers&#8221;, museus e   galerias de arte, caves de vinho, bal\u00f5es de ar  e encontros com a vida selvagem!   Na Nova Zel\u00e2ndia nunca estar\u00e1 longe  da costa.<\/p>\n<p><strong>Ficheiro da Escola:<\/strong><\/p>\n<p>\u2022\u00a0 Centro localizado num edif\u00edcio moderno e bem  equipado, a 10 minutos a p\u00e9   do distrito de neg\u00f3cios central de  Auckland, partilhado com o Col\u00e9gio Taylors<\/p>\n<p>\u2022\u00a0 Sala de conv\u00edvio para estudantes<\/p>\n<p>\u2022\u00a0 Dois laborat\u00f3rios de computadores com acesso \u00e0  Internet e correio   electr\u00f3nico<\/p>\n<p>\u2022\u00a0 Biblioteca \/ Sala de auto-estudo<\/p>\n<p>\u2022\u00a0 Acesso a todas as facilidades do Col\u00e9gio Taylors<\/p>\n<p>\u2022\u00a0 Servi\u00e7o de sa\u00fade<\/p>\n<p>\u2022\u00a0 Programa de actividades organizado<\/p>\n<p>\u2022\u00a0 Idade 16+<\/p>\n<p>\u2022\u00a0 Acomoda\u00e7\u00e3o em Fam\u00edlias, Residencial de Estudantes ou  Hotel<\/p>\n<p><a href=\"http:\/\/seelearningcenter.pt\/pt-pt\/world-education-2\/acomodacao\/\"><strong>Veja Acomoda\u00e7\u00e3o   \u00bb<\/strong><\/a><\/p>\n","protected":false},"excerpt":{"rendered":"<p>A Nova Zel\u00e2ndia \u00e9 um pa\u00eds com uma natureza espectacular devido ao ser passado geol\u00f3gico colorido. Esta paisagem deslumbrante combinada com as pessoas amig\u00e1veis e aventureiras da Nova Zel\u00e2ndia, permite visitas maravilhosas, actividades culturais e de exterior. A Nova Zel\u00e2ndia tem de tudo: deste o &#8220;bumgy jumping&#8221; aos &#8220;geysers&#8221;, museus e galerias de arte, caves [&hellip;]<\/p>\n","protected":false},"author":2,"featured_media":0,"parent":391,"menu_order":0,"comment_status":"open","ping_status":"closed","template":"","meta":{"footnotes":"","_links_to":"","_links_to_target":""},"_links":{"self":[{"href":"https:\/\/seelearningcenter.pt\/pt-pt\/wp-json\/wp\/v2\/pages\/447"}],"collection":[{"href":"https:\/\/seelearningcenter.pt\/pt-pt\/wp-json\/wp\/v2\/pages"}],"about":[{"href":"https:\/\/seelearningcenter.pt\/pt-pt\/wp-json\/wp\/v2\/types\/page"}],"author":[{"embeddable":true,"href":"https:\/\/seelearningcenter.pt\/pt-pt\/wp-json\/wp\/v2\/users\/2"}],"replies":[{"embeddable":true,"href":"https:\/\/seelearningcenter.pt\/pt-pt\/wp-json\/wp\/v2\/comments?post=447"}],"version-history":[{"count":4,"href":"https:\/\/seelearningcenter.pt\/pt-pt\/wp-json\/wp\/v2\/pages\/447\/revisions"}],"predecessor-version":[{"id":1990,"href":"https:\/\/seelearningcenter.pt\/pt-pt\/wp-json\/wp\/v2\/pages\/447\/revisions\/1990"}],"up":[{"embeddable":true,"href":"https:\/\/seelearningcenter.pt\/pt-pt\/wp-json\/wp\/v2\/pages\/391"}],"wp:attachment":[{"href":"https:\/\/seelearningcenter.pt\/pt-pt\/wp-json\/wp\/v2\/media?parent=447"}],"curies":[{"name":"wp","href":"https:\/\/api.w.org\/{rel}","templated":true}]}}