{"id":445,"date":"2010-07-04T18:40:49","date_gmt":"2010-07-04T22:40:49","guid":{"rendered":"http:\/\/seelearningcenter.pt\/"},"modified":"2010-09-17T20:33:03","modified_gmt":"2010-09-18T00:33:03","slug":"australia","status":"publish","type":"page","link":"https:\/\/seelearningcenter.pt\/pt-pt\/see-cursos-no-estrangeiro\/australia\/","title":{"rendered":"Austr\u00e1lia"},"content":{"rendered":"<p><strong>A  Austr\u00e1lia j\u00e1 n\u00e3o \u00e9 um sonho a realizar   apenas uma vez na vida. <\/strong><\/p>\n<p>Experimente as suas famosas   florestas tropicais, o mundo  subaqu\u00e1tico da Grande Barreira de Corais,   maravilhosa vida selvagem,  praias impressionantes, pessoas amig\u00e1veis e cidades   vibrantes como  Gold Coast, Cairns, Brisbane, Perth, Melbourne and Sydney.   Explore as  melhores paisagens da Australia, sons, excita\u00e7\u00e3o e riqueza das    culturas.<\/p>\n<p><strong>Ficheiro das Escolas:<\/strong><\/p>\n<p><strong>Sydney : <\/strong><\/p>\n<table border=\"0\" cellspacing=\"0\" cellpadding=\"0\" width=\"100%\">\n<tbody>\n<tr>\n<td width=\"21%\"><img loading=\"lazy\" decoding=\"async\" src=\"http:\/\/www.seelearningcenter.pt\/images\/australia4.jpg\" alt=\"\" width=\"146\" height=\"88\" \/><\/td>\n<td width=\"2%\"><img loading=\"lazy\" decoding=\"async\" src=\"http:\/\/www.seelearningcenter.pt\/images\/transp.gif\" alt=\"\" width=\"15\" height=\"1\" \/><\/td>\n<td width=\"77%\"><strong>\u2022\u00a0 Centro situado na \u00e1rea  central da cidade e que partilha o edif\u00edcio com a   Universidade de  Charles Sturt e o Col\u00e9gio Martin; f\u00e1cil acesso de autocarro <\/strong><\/p>\n<p><strong>\u2022\u00a0 Laborat\u00f3rio de computadores com o  software mais avan\u00e7ado <\/strong><\/td>\n<\/tr>\n<\/tbody>\n<\/table>\n<p>\u2022\u00a0 Biblioteca<\/p>\n<p>\u2022\u00a0 Programa de actividades organizado<\/p>\n<p>\u2022\u00a0 Idade 16+<\/p>\n<p>\u2022\u00a0 Acomoda\u00e7\u00e3o em Fam\u00edlias, Residencial de Estudantes ou  Hotel<\/p>\n<p><strong>Melbourne:<\/strong><\/p>\n<table border=\"0\" cellspacing=\"0\" cellpadding=\"0\" width=\"100%\">\n<tbody>\n<tr>\n<td width=\"21%\"><img loading=\"lazy\" decoding=\"async\" src=\"http:\/\/www.seelearningcenter.pt\/images\/australia5.jpg\" alt=\"\" width=\"146\" height=\"88\" \/><\/td>\n<td width=\"2%\"><img loading=\"lazy\" decoding=\"async\" src=\"http:\/\/www.seelearningcenter.pt\/images\/transp.gif\" alt=\"\" width=\"15\" height=\"1\" \/><\/td>\n<td width=\"77%\"><strong>\u2022\u00a0 Centro situado na \u00e1rea  central da cidade e que partilha o edif\u00edcio com o   Col\u00e9gio Taylors <\/strong><\/p>\n<p><strong>\u2022\u00a0 Laborat\u00f3rio de computadores <\/strong><\/td>\n<\/tr>\n<\/tbody>\n<\/table>\n<p>\u2022\u00a0 Sala de conv\u00edvio com refeit\u00f3rio<\/p>\n<p>\u2022\u00a0 Centro de sa\u00fade<\/p>\n<p>\u2022\u00a0 Excelente tradi\u00e7\u00e3o acad\u00e9mica<\/p>\n<p>\u2022\u00a0 Programa de actividades organizado<\/p>\n<p>\u2022\u00a0 Idade 16+<\/p>\n<p>\u2022\u00a0 Acomoda\u00e7\u00e3o em Fam\u00edlias ou Hotel<\/p>\n<p><strong>Gold Coast:<\/strong><\/p>\n<table border=\"0\" cellspacing=\"0\" cellpadding=\"0\" width=\"100%\">\n<tbody>\n<tr>\n<td width=\"21%\"><img loading=\"lazy\" decoding=\"async\" src=\"http:\/\/www.seelearningcenter.pt\/images\/australia2.jpg\" alt=\"\" width=\"146\" height=\"137\" \/><\/td>\n<td width=\"2%\"><img loading=\"lazy\" decoding=\"async\" src=\"http:\/\/www.seelearningcenter.pt\/images\/transp.gif\" alt=\"\" width=\"15\" height=\"1\" \/><\/td>\n<td width=\"77%\"><strong>\u2022\u00a0 Centro localizado num  edif\u00edcio moderno partilhado com o Col\u00e9gio Martin e   situado apenas a  alguns minutos a p\u00e9 do Para\u00edso dos Surfistas e a dois minutos   da praia <\/strong><\/p>\n<p><strong>\u2022\u00a0 Laborat\u00f3rio de computadores <\/strong><\/p>\n<p><strong>\u2022\u00a0 Sala de conv\u00edvio para estudantes <\/strong><\/td>\n<\/tr>\n<\/tbody>\n<\/table>\n<p>\u2022\u00a0 Acesso a todas as facilidades  do Col\u00e9gio Martin<\/p>\n<p>\u2022\u00a0 Programa de actividades organizado<\/p>\n<p>\u2022\u00a0 Possibilidade de combina\u00e7\u00e3o de Ingl\u00eas com Surf<\/p>\n<p>\u2022\u00a0 Idade 16+<\/p>\n<p>\u2022\u00a0 Acomoda\u00e7\u00e3o em Fam\u00edlias, Residencial ou Hotel<\/p>\n<p><strong>Brisbane:<\/strong><\/p>\n<table border=\"0\" cellspacing=\"0\" cellpadding=\"0\" width=\"100%\">\n<tbody>\n<tr>\n<td width=\"21%\"><img loading=\"lazy\" decoding=\"async\" src=\"http:\/\/www.seelearningcenter.pt\/images\/australia1.jpg\" alt=\"\" width=\"146\" height=\"106\" \/><\/td>\n<td width=\"2%\"><img loading=\"lazy\" decoding=\"async\" src=\"http:\/\/www.seelearningcenter.pt\/images\/transp.gif\" alt=\"\" width=\"15\" height=\"1\" \/><\/td>\n<td width=\"77%\"><strong>\u2022\u00a0 Centro situado num  edif\u00edcio moderno partilhado com o Col\u00e9gio Martin <\/strong><\/p>\n<p><strong>\u2022\u00a0 Laborat\u00f3rio de computadores <\/strong><\/p>\n<p><strong>\u2022\u00a0 Laborat\u00f3rio de L\u00ednguas <\/strong><\/td>\n<\/tr>\n<\/tbody>\n<\/table>\n<p>\u2022\u00a0 Sala de conv\u00edvio para  estudantes<\/p>\n<p>\u2022\u00a0 Centro de Recursos e Biblioteca<\/p>\n<p>\u2022\u00a0 Acesso a todas as facilidades do Col\u00e9gio Martin<\/p>\n<p>\u2022\u00a0 Programa de actividades organizado<\/p>\n<p>\u2022\u00a0 Possibilidade de combina\u00e7\u00e3o de Ingl\u00eas com surf<\/p>\n<p>\u2022\u00a0 Idade 16+<\/p>\n<p>\u2022\u00a0 Acomoda\u00e7\u00e3o em Fam\u00edlias, Residencial ou Hotel<\/p>\n<p><strong>Cairns <\/strong>:<\/p>\n<table border=\"0\" cellspacing=\"0\" cellpadding=\"0\" width=\"100%\">\n<tbody>\n<tr>\n<td width=\"21%\"><img loading=\"lazy\" decoding=\"async\" src=\"http:\/\/www.seelearningcenter.pt\/images\/australia3.jpg\" alt=\"\" width=\"146\" height=\"100\" \/><\/td>\n<td width=\"2%\"><img loading=\"lazy\" decoding=\"async\" src=\"http:\/\/www.seelearningcenter.pt\/images\/transp.gif\" alt=\"\" width=\"15\" height=\"1\" \/><\/td>\n<td width=\"77%\"><strong>\u2022\u00a0 Centro situado num  edif\u00edcio de estilo colonial, com vista para as   montanhas, no centro da  cidade <\/strong><\/p>\n<p><strong>\u2022\u00a0 Laborat\u00f3rio de computadores <\/strong><\/p>\n<p><strong>\u2022\u00a0 Sala de conv\u00edvio para estudantes <\/strong><\/td>\n<\/tr>\n<\/tbody>\n<\/table>\n<p>\u2022\u00a0 Biblioteca<\/p>\n<p>\u2022\u00a0 Salas de aula com ar-condicionado<\/p>\n<p>\u2022\u00a0 Programa de actividades organizado<\/p>\n<p>\u2022\u00a0 Possibilidade de combina\u00e7\u00e3o de Ingl\u00eas com mergulho<\/p>\n<p>\u2022\u00a0 Idade 16+<\/p>\n<p>\u2022\u00a0 Acomoda\u00e7\u00e3o em Fam\u00edlias, Residencial ou Hotel<\/p>\n<p><strong>Perth : <\/strong><\/p>\n<p><strong>\u2022\u00a0 Centro situado no campus do Col\u00e9gio Taylors e  do Col\u00e9gio Martin, perto do   popular Old Port of Fremantle <\/strong><\/p>\n<p><strong>\u2022\u00a0 Laborat\u00f3rio de computadores <\/strong><\/p>\n<p><strong>\u2022\u00a0 Laborat\u00f3rio de L\u00ednguas <\/strong><\/p>\n<p>\u2022\u00a0 Sala de conv\u00edvio para estudantes e cantina<\/p>\n<p>\u2022\u00a0 Biblioteca<\/p>\n<p>\u2022\u00a0 Centro de servi\u00e7os para estudantes<\/p>\n<p>\u2022\u00a0 Jardins, campos de tennis e gin\u00e1sio<\/p>\n<p>\u2022\u00a0 Acesso a todas as facilidades do Col\u00e9gio Martin e do  Col\u00e9gio Taylors<\/p>\n<p>\u2022\u00a0 Programa de actividades organizado<\/p>\n<p>\u2022\u00a0 Possibilidade de combina\u00e7\u00e3o de Ingl\u00eas com surf<\/p>\n<p>\u2022\u00a0 Idade 16+<\/p>\n<p>\u2022\u00a0 Acomoda\u00e7\u00e3o em Fam\u00edlias, Residencial ou Hotel<\/p>\n<p><a href=\"http:\/\/seelearningcenter.pt\/pt-pt\/world-education-2\/acomodacao\/\"><strong>Veja Acomoda\u00e7\u00e3o   \u00bb<\/strong><\/a><\/p>\n","protected":false},"excerpt":{"rendered":"<p>A Austr\u00e1lia j\u00e1 n\u00e3o \u00e9 um sonho a realizar apenas uma vez na vida. Experimente as suas famosas florestas tropicais, o mundo subaqu\u00e1tico da Grande Barreira de Corais, maravilhosa vida selvagem, praias impressionantes, pessoas amig\u00e1veis e cidades vibrantes como Gold Coast, Cairns, Brisbane, Perth, Melbourne and Sydney. Explore as melhores paisagens da Australia, sons, excita\u00e7\u00e3o [&hellip;]<\/p>\n","protected":false},"author":2,"featured_media":0,"parent":391,"menu_order":0,"comment_status":"open","ping_status":"closed","template":"","meta":{"footnotes":"","_links_to":"","_links_to_target":""},"class_list":["post-445","page","type-page","status-publish","hentry"],"_links":{"self":[{"href":"https:\/\/seelearningcenter.pt\/pt-pt\/wp-json\/wp\/v2\/pages\/445","targetHints":{"allow":["GET"]}}],"collection":[{"href":"https:\/\/seelearningcenter.pt\/pt-pt\/wp-json\/wp\/v2\/pages"}],"about":[{"href":"https:\/\/seelearningcenter.pt\/pt-pt\/wp-json\/wp\/v2\/types\/page"}],"author":[{"embeddable":true,"href":"https:\/\/seelearningcenter.pt\/pt-pt\/wp-json\/wp\/v2\/users\/2"}],"replies":[{"embeddable":true,"href":"https:\/\/seelearningcenter.pt\/pt-pt\/wp-json\/wp\/v2\/comments?post=445"}],"version-history":[{"count":6,"href":"https:\/\/seelearningcenter.pt\/pt-pt\/wp-json\/wp\/v2\/pages\/445\/revisions"}],"predecessor-version":[{"id":1986,"href":"https:\/\/seelearningcenter.pt\/pt-pt\/wp-json\/wp\/v2\/pages\/445\/revisions\/1986"}],"up":[{"embeddable":true,"href":"https:\/\/seelearningcenter.pt\/pt-pt\/wp-json\/wp\/v2\/pages\/391"}],"wp:attachment":[{"href":"https:\/\/seelearningcenter.pt\/pt-pt\/wp-json\/wp\/v2\/media?parent=445"}],"curies":[{"name":"wp","href":"https:\/\/api.w.org\/{rel}","templated":true}]}}