{"id":442,"date":"2010-07-04T18:39:07","date_gmt":"2010-07-04T22:39:07","guid":{"rendered":"http:\/\/seelearningcenter.pt\/"},"modified":"2010-09-19T01:29:48","modified_gmt":"2010-09-19T05:29:48","slug":"estados-unidos-da-america","status":"publish","type":"page","link":"https:\/\/seelearningcenter.pt\/pt-pt\/see-cursos-no-estrangeiro\/estados-unidos-da-america\/","title":{"rendered":"Estados Unidos da Am\u00e9rica"},"content":{"rendered":"<p><strong>Benvindo  \u00e0 Am\u00e9rica   &#8211; a terra dos sonhos! <\/strong><\/p>\n<p>A Am\u00e9rica \u00e9 uma perfeita   combina\u00e7\u00e3o de aventura, cidades  af\u00e1veis, pradarias douradas, museus, pequenas   cidades e cidades  atractivas como Boston, San Francisco, Los Angeles, San Diego,   Fort  Lauderdale, Seattle and New York.<\/p>\n<table border=\"0\" cellspacing=\"0\" cellpadding=\"0\" width=\"100%\">\n<tbody>\n<tr>\n<td width=\"41%\"><img loading=\"lazy\" decoding=\"async\" src=\"http:\/\/www.seelearningcenter.pt\/images\/ny1.jpg\" alt=\"\" width=\"280\" height=\"210\" \/><\/td>\n<td width=\"2%\"><img loading=\"lazy\" decoding=\"async\" src=\"http:\/\/www.seelearningcenter.pt\/images\/transp.gif\" alt=\"\" width=\"15\" height=\"1\" \/><\/td>\n<td width=\"57%\">Todas as esta\u00e7\u00f5es do  ano s\u00e3o de tirar a respira\u00e7\u00e3o e   o c\u00e9u \u00e9 o limite!<\/td>\n<\/tr>\n<\/tbody>\n<\/table>\n<p><strong> <\/strong><\/p>\n<p><strong>Boston:<\/strong><\/p>\n<table border=\"0\" cellspacing=\"0\" cellpadding=\"0\" width=\"100%\">\n<tbody>\n<tr>\n<td width=\"41%\" valign=\"top\"><img loading=\"lazy\" decoding=\"async\" class=\"alignnone size-medium wp-image-2389\" style=\"margin-bottom: 30px;\" title=\"SEE BOSTON  (1)\" src=\"http:\/\/seelearningcenter.pt\/wp-content\/uploads\/2010\/06\/SEE-BOSTON-1-300x199.jpg\" alt=\"\" width=\"300\" height=\"199\" srcset=\"https:\/\/seelearningcenter.pt\/wp-content\/uploads\/2010\/06\/SEE-BOSTON-1-300x199.jpg 300w, https:\/\/seelearningcenter.pt\/wp-content\/uploads\/2010\/06\/SEE-BOSTON-1.jpg 800w\" sizes=\"(max-width: 300px) 100vw, 300px\" \/><img loading=\"lazy\" decoding=\"async\" class=\"alignnone size-medium wp-image-2390\" title=\"SEE BOSTON  (2)\" src=\"http:\/\/seelearningcenter.pt\/wp-content\/uploads\/2010\/06\/SEE-BOSTON-2-300x199.jpg\" alt=\"\" width=\"300\" height=\"199\" srcset=\"https:\/\/seelearningcenter.pt\/wp-content\/uploads\/2010\/06\/SEE-BOSTON-2-300x199.jpg 300w, https:\/\/seelearningcenter.pt\/wp-content\/uploads\/2010\/06\/SEE-BOSTON-2.jpg 800w\" sizes=\"(max-width: 300px) 100vw, 300px\" \/><\/td>\n<td width=\"2%\"><\/td>\n<td width=\"57%\" valign=\"top\"><img loading=\"lazy\" decoding=\"async\" class=\"alignnone size-medium wp-image-2391\" style=\"margin-bottom: 10px;\" title=\"SEE BOSTON  (3)\" src=\"http:\/\/seelearningcenter.pt\/wp-content\/uploads\/2010\/06\/SEE-BOSTON-3-300x171.jpg\" alt=\"\" width=\"300\" height=\"171\" srcset=\"https:\/\/seelearningcenter.pt\/wp-content\/uploads\/2010\/06\/SEE-BOSTON-3-300x171.jpg 300w, https:\/\/seelearningcenter.pt\/wp-content\/uploads\/2010\/06\/SEE-BOSTON-3.jpg 800w\" sizes=\"(max-width: 300px) 100vw, 300px\" \/><br \/>\n\u2022\u00a0 Centro situado no campus do Col\u00e9gio Lasell, entre as tr\u00eas avenidas    paralelas e as casas vitorianas de Newton<\/p>\n<p>\u2022\u00a0  Centro multim\u00e9dia com acesso \u00e0 Internet e correio electr\u00f3nico<\/p>\n<p>\u2022\u00a0 Biblioteca<\/p>\n<p>\u2022\u00a0 Centro de estudantes<\/p>\n<p>\u2022\u00a0 Centro de atletismo e  facilidades desportivas<\/p>\n<p>\u2022\u00a0 Actividades sociais e  excurs\u00f5es<\/p>\n<p>\u2022\u00a0 Possibilidade de assistir  \u00e0s aulas do Col\u00e9gio Lasell<\/p>\n<p>\u2022\u00a0 Idade 16+<\/p>\n<p>\u2022\u00a0 Acomoda\u00e7\u00e3o em Fam\u00edlias ou  Residencial<\/td>\n<\/tr>\n<\/tbody>\n<\/table>\n<p><strong>Nova York:<\/strong><\/p>\n<table border=\"0\" cellspacing=\"0\" cellpadding=\"0\" width=\"100%\">\n<tbody>\n<tr>\n<td width=\"41%\" valign=\"top\"><img loading=\"lazy\" decoding=\"async\" class=\"alignnone size-medium wp-image-2393\" title=\"SEE NEW YORK (1)\" src=\"http:\/\/seelearningcenter.pt\/wp-content\/uploads\/2010\/06\/SEE-NEW-YORK-1-300x225.jpg\" alt=\"\" width=\"300\" height=\"225\" srcset=\"https:\/\/seelearningcenter.pt\/wp-content\/uploads\/2010\/06\/SEE-NEW-YORK-1-300x225.jpg 300w, https:\/\/seelearningcenter.pt\/wp-content\/uploads\/2010\/06\/SEE-NEW-YORK-1.jpg 800w\" sizes=\"(max-width: 300px) 100vw, 300px\" \/><\/td>\n<td width=\"2%\"><img loading=\"lazy\" decoding=\"async\" src=\"http:\/\/www.seelearningcenter.pt\/images\/transp.gif\" alt=\"\" width=\"15\" height=\"1\" \/><\/td>\n<td width=\"57%\" valign=\"top\"><img loading=\"lazy\" decoding=\"async\" class=\"alignnone size-medium wp-image-2394\" title=\"SEE NEW YORK (2)\" src=\"http:\/\/seelearningcenter.pt\/wp-content\/uploads\/2010\/06\/SEE-NEW-YORK-2-300x219.jpg\" alt=\"\" width=\"300\" height=\"219\" srcset=\"https:\/\/seelearningcenter.pt\/wp-content\/uploads\/2010\/06\/SEE-NEW-YORK-2-300x219.jpg 300w, https:\/\/seelearningcenter.pt\/wp-content\/uploads\/2010\/06\/SEE-NEW-YORK-2.jpg 800w\" sizes=\"(max-width: 300px) 100vw, 300px\" \/><\/td>\n<\/tr>\n<\/tbody>\n<\/table>\n<p>\u2022\u00a0 Centro situado na 7.\u00aa avenida, no centro de Manhattan<\/p>\n<p>\u2022\u00a0 Centro multim\u00e9dia com acesso \u00e0 Internet e correio electr\u00f3nico<\/p>\n<p>\u2022\u00a0 Biblioteca<\/p>\n<p>\u2022\u00a0 Sala de conv\u00edvio para estudantes<\/p>\n<p>\u2022\u00a0 Programas sociais e excurs\u00f5es organizados<\/p>\n<p>\u2022\u00a0 Idade 16+<\/p>\n<p>\u2022\u00a0 Acomoda\u00e7\u00e3o em Fam\u00edlias, Residencial ou Hotel<\/p>\n<p><strong>San Francisco: <\/strong><\/p>\n<table border=\"0\" cellspacing=\"0\" cellpadding=\"0\" width=\"100%\">\n<tbody>\n<tr>\n<td width=\"32%\"><strong><img loading=\"lazy\" decoding=\"async\" title=\"sanfrancisco2\" src=\"http:\/\/www.seelearningcenter.pt\/wp-content\/uploads\/2010\/06\/sanfrancisco2-300x225.jpg\" alt=\"\" width=\"300\" height=\"225\" \/><\/strong><\/td>\n<td width=\"2%\"><\/td>\n<td width=\"66%\"><img loading=\"lazy\" decoding=\"async\" title=\"Alamo Square\" src=\"http:\/\/www.seelearningcenter.pt\/wp-content\/uploads\/2010\/06\/sanfrancisco1-300x200.jpg\" alt=\"\" width=\"300\" height=\"200\" \/><\/td>\n<\/tr>\n<\/tbody>\n<\/table>\n<p>\u2022\u00a0 Centro situado a apenas um  bloco de dist\u00e2ncia da linha de carro de cabo   entre Nob Hill e Pacific  Heights<\/p>\n<p>\u2022\u00a0 Centro de computadores<\/p>\n<p>\u2022\u00a0 Acesso \u00e0 Internet e correio electr\u00f3nico<\/p>\n<p>\u2022\u00a0 Sala de conv\u00edvio para estudantes<\/p>\n<p>\u2022\u00a0 Programas sociais e excurs\u00f5es organizados<\/p>\n<p>\u2022\u00a0 Idade 16+<\/p>\n<p>\u2022\u00a0 Acomoda\u00e7\u00e3o em Fam\u00edlias, Residencial ou Hotel<\/p>\n<p><strong>Los Angeles :<\/strong><\/p>\n<p>\u2022\u00a0 Centro localizado em West Hills<\/p>\n<p>\u2022\u00a0 Centro multimedia de computadores<\/p>\n<p>\u2022\u00a0 Acesso \u00e0 Internet e correio electr\u00f3nico<\/p>\n<p>\u2022\u00a0 Cafetaria e Biblioteca<\/p>\n<p>\u2022\u00a0 Sala de conv\u00edvio para estudantes<\/p>\n<p>\u2022\u00a0 Programas sociais e excurs\u00f5es organizados<\/p>\n<p>\u2022\u00a0 Idade 16+<\/p>\n<p>\u2022\u00a0 Acomoda\u00e7\u00e3o em Fam\u00edlias ou Residencial<\/p>\n<p><strong>San Diego :<\/strong><\/p>\n<table border=\"0\" cellspacing=\"0\" cellpadding=\"0\" width=\"100%\">\n<tbody>\n<tr>\n<td width=\"29%\"><strong><img loading=\"lazy\" decoding=\"async\" src=\"http:\/\/www.seelearningcenter.pt\/images\/sao_diego.jpg\" alt=\"\" width=\"198\" height=\"200\" \/><\/strong><\/td>\n<td width=\"2%\"><img loading=\"lazy\" decoding=\"async\" src=\"http:\/\/www.seelearningcenter.pt\/images\/transp.gif\" alt=\"\" width=\"15\" height=\"1\" \/><\/td>\n<td width=\"69%\"><img loading=\"lazy\" decoding=\"async\" src=\"http:\/\/www.seelearningcenter.pt\/images\/sao_diego2.jpg\" alt=\"\" width=\"264\" height=\"200\" \/><\/td>\n<\/tr>\n<\/tbody>\n<\/table>\n<p>\u2022\u00a0 Center localizado a minutos do principal distrito de  compras e do Gaslamp   Quarter<\/p>\n<p>\u2022\u00a0 Centro multim\u00e9dia com computadores<\/p>\n<p>\u2022\u00a0 Acesso \u00e0 Internet e correio electr\u00f3nico<\/p>\n<p>\u2022\u00a0 Sala de conv\u00edvio para estudantes<\/p>\n<p>\u2022\u00a0 Programas sociais e excurs\u00f5es organizados<\/p>\n<p>\u2022\u00a0 Idade 16+<\/p>\n<p>\u2022\u00a0 Acomoda\u00e7\u00e3o em Fam\u00edlias, Residencial ou Hotel<\/p>\n<p><strong>Fort Lauderdale :<\/strong><\/p>\n<table border=\"0\" cellspacing=\"0\" cellpadding=\"0\" width=\"100%\">\n<tbody>\n<tr>\n<td width=\"29%\" valign=\"top\"><img loading=\"lazy\" decoding=\"async\" class=\"alignnone size-medium wp-image-2392\" title=\"SEE FORT LAUDERDALE\" src=\"http:\/\/seelearningcenter.pt\/wp-content\/uploads\/2010\/06\/SEE-FORT-LAUDERDALE-300x225.jpg\" alt=\"\" width=\"300\" height=\"225\" srcset=\"https:\/\/seelearningcenter.pt\/wp-content\/uploads\/2010\/06\/SEE-FORT-LAUDERDALE-300x225.jpg 300w, https:\/\/seelearningcenter.pt\/wp-content\/uploads\/2010\/06\/SEE-FORT-LAUDERDALE.jpg 800w\" sizes=\"(max-width: 300px) 100vw, 300px\" \/><\/td>\n<td width=\"2%\" valign=\"top\"><\/td>\n<td width=\"69%\" valign=\"top\">\u2022\u00a0   Center situado em &#8220;Las Olas&#8221;, no centro da  cidade, apenas a minutos do Oceano,   num edificio moderno<\/p>\n<p>\u2022\u00a0 Centro multim\u00e9dia com  computadores<\/p>\n<p>\u2022\u00a0 Acesso \u00e0 Internet e  correio electr\u00f3nico<\/p>\n<p>\u2022\u00a0 Laborat\u00f3rio de l\u00ednguas  com acesso livre \u00e0 Internet<\/p>\n<p>\u2022\u00a0 Programas sociais e  excurs\u00f5es organizados<\/p>\n<p>\u2022\u00a0 Idade 16+<\/p>\n<p>\u2022\u00a0 Acomoda\u00e7\u00e3o em Fam\u00edlias,  Resid\u00eancia estilo apartamentos ou Hotel<\/td>\n<\/tr>\n<\/tbody>\n<\/table>\n<p><strong><br \/>\nSeattle :<\/strong><\/p>\n<table>\n<tbody>\n<tr>\n<td><img loading=\"lazy\" decoding=\"async\" class=\"alignleft size-medium wp-image-2406\" style=\"padding: 0; margin: 0;\" title=\"SEE-SEATLE-(1)\" src=\"http:\/\/seelearningcenter.pt\/wp-content\/uploads\/2010\/06\/SEE-SEATLE-11-225x300.jpg\" alt=\"\" width=\"225\" height=\"300\" srcset=\"https:\/\/seelearningcenter.pt\/wp-content\/uploads\/2010\/06\/SEE-SEATLE-11-225x300.jpg 225w, https:\/\/seelearningcenter.pt\/wp-content\/uploads\/2010\/06\/SEE-SEATLE-11.jpg 450w\" sizes=\"(max-width: 225px) 100vw, 225px\" \/><img loading=\"lazy\" decoding=\"async\" class=\"alignleft size-medium wp-image-2396\" style=\"padding: 0; margin: 0;\" title=\"SEE SEATLE (2)\" src=\"http:\/\/seelearningcenter.pt\/wp-content\/uploads\/2010\/06\/SEE-SEATLE-2-225x300.jpg\" alt=\"\" width=\"225\" height=\"300\" srcset=\"https:\/\/seelearningcenter.pt\/wp-content\/uploads\/2010\/06\/SEE-SEATLE-2-225x300.jpg 225w, https:\/\/seelearningcenter.pt\/wp-content\/uploads\/2010\/06\/SEE-SEATLE-2.jpg 450w\" sizes=\"(max-width: 225px) 100vw, 225px\" \/><img loading=\"lazy\" decoding=\"async\" class=\"alignleft\" style=\"padding: 0; margin: 0;\" title=\"SEE SEATLE 3\" src=\"http:\/\/seelearningcenter.pt\/wp-content\/uploads\/2010\/06\/SEE-SEATLE-3-225x300.jpg\" alt=\"\" width=\"225\" height=\"300\" \/><\/td>\n<\/tr>\n<tr>\n<td>\u2022\u00a0 Centro localizado a   25 milhas a sul do centro da  cidade, partilhando facilidades com a Universidade   DeVry<\/p>\n<p>\u2022\u00a0 Centro multim\u00e9dia com computadores<\/p>\n<p>\u2022\u00a0 Acesso \u00e0 Internet e correio electr\u00f3nico<\/p>\n<p>\u2022\u00a0 Sala de conv\u00edvio para estudantes<\/p>\n<p>\u2022\u00a0 Programas sociais e excurs\u00f5es organizados<\/p>\n<p>\u2022\u00a0 Idade 16+<\/p>\n<p>\u2022\u00a0 Acomoda\u00e7\u00e3o em Fam\u00edlias, Residencial ou Hotel<\/td>\n<\/tr>\n<\/tbody>\n<\/table>\n<p><a href=\"http:\/\/seelearningcenter.pt\/pt-pt\/world-education-2\/acomodacao\/\"><strong>Veja Acomoda\u00e7\u00e3o   \u00bb<\/strong><\/a><\/p>\n","protected":false},"excerpt":{"rendered":"<p>Benvindo \u00e0 Am\u00e9rica &#8211; a terra dos sonhos! A Am\u00e9rica \u00e9 uma perfeita combina\u00e7\u00e3o de aventura, cidades af\u00e1veis, pradarias douradas, museus, pequenas cidades e cidades atractivas como Boston, San Francisco, Los Angeles, San Diego, Fort Lauderdale, Seattle and New York. Todas as esta\u00e7\u00f5es do ano s\u00e3o de tirar a respira\u00e7\u00e3o e o c\u00e9u \u00e9 o [&hellip;]<\/p>\n","protected":false},"author":2,"featured_media":0,"parent":391,"menu_order":0,"comment_status":"open","ping_status":"closed","template":"","meta":{"footnotes":"","_links_to":"","_links_to_target":""},"_links":{"self":[{"href":"https:\/\/seelearningcenter.pt\/pt-pt\/wp-json\/wp\/v2\/pages\/442"}],"collection":[{"href":"https:\/\/seelearningcenter.pt\/pt-pt\/wp-json\/wp\/v2\/pages"}],"about":[{"href":"https:\/\/seelearningcenter.pt\/pt-pt\/wp-json\/wp\/v2\/types\/page"}],"author":[{"embeddable":true,"href":"https:\/\/seelearningcenter.pt\/pt-pt\/wp-json\/wp\/v2\/users\/2"}],"replies":[{"embeddable":true,"href":"https:\/\/seelearningcenter.pt\/pt-pt\/wp-json\/wp\/v2\/comments?post=442"}],"version-history":[{"count":15,"href":"https:\/\/seelearningcenter.pt\/pt-pt\/wp-json\/wp\/v2\/pages\/442\/revisions"}],"predecessor-version":[{"id":2431,"href":"https:\/\/seelearningcenter.pt\/pt-pt\/wp-json\/wp\/v2\/pages\/442\/revisions\/2431"}],"up":[{"embeddable":true,"href":"https:\/\/seelearningcenter.pt\/pt-pt\/wp-json\/wp\/v2\/pages\/391"}],"wp:attachment":[{"href":"https:\/\/seelearningcenter.pt\/pt-pt\/wp-json\/wp\/v2\/media?parent=442"}],"curies":[{"name":"wp","href":"https:\/\/api.w.org\/{rel}","templated":true}]}}