{"id":440,"date":"2010-07-04T18:38:11","date_gmt":"2010-07-04T22:38:11","guid":{"rendered":"http:\/\/seelearningcenter.pt\/"},"modified":"2010-09-17T20:31:50","modified_gmt":"2010-09-18T00:31:50","slug":"canada","status":"publish","type":"page","link":"https:\/\/seelearningcenter.pt\/pt-pt\/see-cursos-no-estrangeiro\/canada\/","title":{"rendered":"Canad\u00e1"},"content":{"rendered":"<p><strong>O  Canad\u00e1 \u00e9 o pa\u00eds dos contrastes e das   surpresas! As cidades s\u00e3o limpas,  seguras e amig\u00e1veis.<\/strong><\/p>\n<p><strong><img loading=\"lazy\" decoding=\"async\" src=\"http:\/\/www.seelearningcenter.pt\/images\/canada11.jpg\" alt=\"\" width=\"250\" height=\"305\" \/><\/strong><\/p>\n<p><strong><\/strong>Qualquer que   seja a esta\u00e7\u00e3o do ano, h\u00e1 sempre  qualquer coisa a acontecer nas vivas e   completas cidades do Canad\u00e1.  Estude ingl\u00eas ou franc\u00eas em escolas verdadeiramente   internacionais,  que oferecem cursos todo o ano &#8211; Ottawa, Montreal, Toronto and    Vancouver. Os cursos de franc\u00eas s\u00e3o leccionados em Montreal.<\/p>\n<p><img loading=\"lazy\" decoding=\"async\" src=\"http:\/\/www.seelearningcenter.pt\/images\/canada10.jpg\" alt=\"\" width=\"250\" height=\"188\" \/><\/p>\n<p><strong>Porque n\u00e3o estudar ingles ou franc\u00eas no Canad\u00e1, o  pa\u00eds   com o n\u00edvel de vida mais elevado do Mundo? N\u00e3o sonhe com o  Canad\u00e1: d\u00ea-lhe uma   oportunidade!<\/strong><\/p>\n<p><strong>Toronto<\/strong><strong><\/strong><\/p>\n<p><strong>A maior e mais vibrante   cidade do Canad\u00e1 \u00e9 um  mosaico impressionante de pessoas, l\u00ednguas, culturas e   estilos de  vida.<\/strong><\/p>\n<p>Toronto \u00e9 cosmopolita e divertida com os seus   10 000  acres de parques, praias em lagos, centros comerciais sofisticados e    teatros. Ficar\u00e1 fascinado com as suas atrac\u00e7\u00f5es, hist\u00f3ria, arquitectura,  compras   e vida nocturna, que se juntam nesta maravilhosa cidade.  Toronto tem tudo!<\/p>\n<p><img loading=\"lazy\" decoding=\"async\" src=\"http:\/\/www.seelearningcenter.pt\/images\/canada9.jpg\" alt=\"\" width=\"434\" height=\"326\" \/><\/p>\n<p>Apenas a uma   hora de dist\u00e2ncia de carro fica Niagara  Falls &#8211; uma das sete maravilhas naturais   do Mundo.<\/p>\n<p><strong>Ficheiro da Escola: <\/strong><\/p>\n<ul>\n<li>Centro localizado num pr\u00e9dio moderno no centro da  cidade, com acesso directo   a ambas as linhas do metro de Toronto<\/li>\n<li>Biblioteca com Internet e correio electr\u00f3nico<\/li>\n<li>Programa social e excurs\u00f5es bem organizado<\/li>\n<li>Idade 15+<\/li>\n<li>Acomoda\u00e7\u00e3o em Fam\u00edlias ou Hotel.<\/li>\n<\/ul>\n<p><strong>Ottawa<\/strong><\/p>\n<p><strong><img loading=\"lazy\" decoding=\"async\" src=\"http:\/\/www.seelearningcenter.pt\/images\/canada3.jpg\" alt=\"\" width=\"434\" height=\"326\" \/><\/strong><\/p>\n<p><strong><\/strong>Ottawa, a capital do Canad\u00e1, \u00e9 famosa pelo  festival   de inverno, patinagem e navega\u00e7\u00e3o no bonito Canal Rideau.  Descubra o Parlamento,   a heran\u00e7a mais prestigiosa e simb\u00f3lica do  Canad\u00e1, que lhe permitir\u00e1 saber mais   sobre a hist\u00f3ria canadiana,  paisagens e arquitectura.<\/p>\n<p><strong><img loading=\"lazy\" decoding=\"async\" src=\"http:\/\/www.seelearningcenter.pt\/images\/canada2.jpg\" alt=\"\" width=\"250\" height=\"334\" \/><\/strong><\/p>\n<p>N\u00e3o existe melhor reflexo da cultura Canadiana que a  sua diversificada   colec\u00e7\u00e3o de museus e galerias. Explore 1000 anos de  hist\u00f3ria da humanidade no   Museu da Civiliza\u00e7\u00e3o e disfrute do exterior  com um tour pedestre no hist\u00f3rico   ByWard Market.<\/p>\n<p><strong><img loading=\"lazy\" decoding=\"async\" src=\"http:\/\/www.seelearningcenter.pt\/images\/canada1.jpg\" alt=\"\" width=\"250\" height=\"416\" \/><\/strong><\/p>\n<p>Ficheiro da Escola:<\/p>\n<ul>\n<li>Centro localizado no centro da cidade<\/li>\n<li>Acesso \u00e0 Internet e correio electr\u00f3nico<\/li>\n<li>Salas de aula com ar-condicionado<\/li>\n<li>Programa social e excurs\u00f5es bem organizado<\/li>\n<li>Idade 15+<\/li>\n<li>Acomoda\u00e7\u00e3o em Fam\u00edlias ou Hotel.<\/li>\n<\/ul>\n<p><img loading=\"lazy\" decoding=\"async\" src=\"http:\/\/www.seelearningcenter.pt\/images\/canada4.jpg\" alt=\"\" width=\"434\" height=\"326\" \/><\/p>\n<p><strong>Montr\u00e9al<\/strong><strong><\/strong><\/p>\n<p><strong><\/strong>A segunda maior cidade do Canad\u00e1 mistura o    charme do Mundo antigo com os arranha-c\u00e9us da Am\u00e9rica do Norte. Com,    aproximadamente, 400 anos de idade \u00e9 a segunda maior cidade franc\u00f3fona  do Mundo,   onde o Ingl\u00eas e o Franc\u00eas se cruzam na rua.<\/p>\n<p><img loading=\"lazy\" decoding=\"async\" src=\"http:\/\/www.seelearningcenter.pt\/images\/canada5.jpg\" alt=\"\" width=\"434\" height=\"326\" \/><\/p>\n<p>Montr\u00e9al   cria um humor infeccioso de celebra\u00e7\u00e3o &#8211; joie  de vivre!<\/p>\n<p>A cidade   subterr\u00e2nea da moderna Montreal , que se  estende por 29 Km de lojas,   restaurants, cinemas e teatros, \u00e9 agitada  tanto no Ver\u00e3o como no Inverno.<\/p>\n<p><img loading=\"lazy\" decoding=\"async\" src=\"http:\/\/www.seelearningcenter.pt\/images\/canada6.jpg\" alt=\"\" width=\"250\" height=\"333\" \/><\/p>\n<p>Montr\u00e9al   anima-se no Ver\u00e3o com festivais de rua de  Fogo de Artif\u00edcio, Jazz Internacional,   &#8220;Just for Laughs&#8221; e filmes e  teatros.<\/p>\n<p>A cidade de Queb\u00e9c &#8211; uma cidade que   pretence ao  patrim\u00f3nio mundial da UNESCO &#8211; fica apenas a 2-1\/2 horas de   dist\u00e2ncia  de carro. As suas atrac\u00e7\u00f5es incluem a Galeria de Arte, os planaltos de    Abraham e o forte da citadela.<\/p>\n<p><img loading=\"lazy\" decoding=\"async\" src=\"http:\/\/www.seelearningcenter.pt\/images\/canada7.jpg\" alt=\"\" width=\"434\" height=\"326\" \/><\/p>\n<p><strong>Ficheiro da Escola: <\/strong><\/p>\n<ul>\n<li>Centro localizado num edif\u00edcio moderno, no cora\u00e7\u00e3o  da cidade de Montr\u00e9al,   perto do metro e a uma dist\u00e2ncia pedestre da  \u00e1rea de compras principal.<\/li>\n<li>Laborat\u00f3rios de l\u00ednguas<\/li>\n<li>Acesso \u00e0 Internet e correio electr\u00f3nico<\/li>\n<li>Salas de aula com ar-condicionado<\/li>\n<li>Programa social e excurs\u00f5es bem organizado<\/li>\n<li>Idade 15+<\/li>\n<li>Acomoda\u00e7\u00e3o em Fam\u00edlias ou Hotel.<\/li>\n<\/ul>\n<p><strong>Vancouver<\/strong><strong><\/strong><\/p>\n<p><strong><\/strong>Vancouver \u00e9 verdadeiramente maravilhosa! De    frente para o Oceano Pac\u00edfico e disfrutando de um spectacular conjunto  de picos   montanhosos a norte &#8211; Canadian Rockies &#8211; Vancouver \u00e9 uma  cidade moderna de   contrastes. Poder\u00e1 disfrutar de uma enorme variedade  de interesses, incluindo   ski ou hockey no gelo. Exposi\u00e7\u00f5es de totems  \u00edndios podem ser vistas no parque   Stanley (o maior parque da Am\u00e9rica  do Norte). Disfrute de uma praia de areia   excelente, apenas a minutos  do centro da cidade.<\/p>\n<p><img loading=\"lazy\" decoding=\"async\" src=\"http:\/\/www.seelearningcenter.pt\/images\/fort2.jpg\" alt=\"\" width=\"280\" height=\"191\" \/><\/p>\n<p>Apenas a 1-1\/2   horas de Vancouver de barco fica  Victoria &#8211; A cidade Jardim. A ilha capital   provincial de Vancouver,  onde pode visitar o edif\u00edcio do Parlamento. Observe as   baleias e  visite a beleza floral dos Jardins Butchart.<\/p>\n<p><img loading=\"lazy\" decoding=\"async\" src=\"http:\/\/www.seelearningcenter.pt\/images\/fort1.jpg\" alt=\"\" width=\"220\" height=\"306\" \/><br \/>\n<strong><br \/>\n<\/strong>Ficheiro da Escola:<\/p>\n<ul>\n<li>Centro localizado num edif\u00edcio moderno no centro da  cidade, apenas a uns   blocos de Robson Street<\/li>\n<li>Dois centros multim\u00e9dia com computadores<\/li>\n<li>Acesso \u00e0 Internet e correio electr\u00f3nico<\/li>\n<li>Terra\u00e7o com vista da cidade<\/li>\n<li>Idade 16+<\/li>\n<li>Acomoda\u00e7\u00e3o em Fam\u00edlias, Residencial de Estudantes ou  Hotel.<\/li>\n<\/ul>\n<p><a href=\"http:\/\/seelearningcenter.pt\/pt-pt\/world-education-2\/acomodacao\/\"><strong>Veja Acomoda\u00e7\u00e3o   \u00bb<\/strong><\/a><\/p>\n","protected":false},"excerpt":{"rendered":"<p>O Canad\u00e1 \u00e9 o pa\u00eds dos contrastes e das surpresas! As cidades s\u00e3o limpas, seguras e amig\u00e1veis. Qualquer que seja a esta\u00e7\u00e3o do ano, h\u00e1 sempre qualquer coisa a acontecer nas vivas e completas cidades do Canad\u00e1. Estude ingl\u00eas ou franc\u00eas em escolas verdadeiramente internacionais, que oferecem cursos todo o ano &#8211; Ottawa, Montreal, Toronto [&hellip;]<\/p>\n","protected":false},"author":2,"featured_media":0,"parent":391,"menu_order":0,"comment_status":"open","ping_status":"closed","template":"","meta":{"footnotes":"","_links_to":"","_links_to_target":""},"_links":{"self":[{"href":"https:\/\/seelearningcenter.pt\/pt-pt\/wp-json\/wp\/v2\/pages\/440"}],"collection":[{"href":"https:\/\/seelearningcenter.pt\/pt-pt\/wp-json\/wp\/v2\/pages"}],"about":[{"href":"https:\/\/seelearningcenter.pt\/pt-pt\/wp-json\/wp\/v2\/types\/page"}],"author":[{"embeddable":true,"href":"https:\/\/seelearningcenter.pt\/pt-pt\/wp-json\/wp\/v2\/users\/2"}],"replies":[{"embeddable":true,"href":"https:\/\/seelearningcenter.pt\/pt-pt\/wp-json\/wp\/v2\/comments?post=440"}],"version-history":[{"count":4,"href":"https:\/\/seelearningcenter.pt\/pt-pt\/wp-json\/wp\/v2\/pages\/440\/revisions"}],"predecessor-version":[{"id":1984,"href":"https:\/\/seelearningcenter.pt\/pt-pt\/wp-json\/wp\/v2\/pages\/440\/revisions\/1984"}],"up":[{"embeddable":true,"href":"https:\/\/seelearningcenter.pt\/pt-pt\/wp-json\/wp\/v2\/pages\/391"}],"wp:attachment":[{"href":"https:\/\/seelearningcenter.pt\/pt-pt\/wp-json\/wp\/v2\/media?parent=440"}],"curies":[{"name":"wp","href":"https:\/\/api.w.org\/{rel}","templated":true}]}}