{"id":438,"date":"2010-07-04T18:37:28","date_gmt":"2010-07-04T22:37:28","guid":{"rendered":"http:\/\/seelearningcenter.pt\/"},"modified":"2010-09-17T19:26:19","modified_gmt":"2010-09-17T23:26:19","slug":"whitgift","status":"publish","type":"page","link":"https:\/\/seelearningcenter.pt\/pt-pt\/see-cursos-no-estrangeiro\/reino-unido\/whitgift\/","title":{"rendered":"WHITGIFT"},"content":{"rendered":"<p><strong>A  escola Whitgift fica no cora\u00e7\u00e3o da   comunidade de fam\u00edlias de Croydon! <\/strong><\/p>\n<p>A escola foi fundada   em 1596 por John Whitgift, o  Arcebispo de Canterbury de Elizabete I, e abriu em   1600, fazendo dela a  escola mais antiga de Croydon; o director actual, Dr   Christopher  Barnett, \u00e9 o vig\u00e9simo sexto da hist\u00f3ria da escola.<\/p>\n<p>H\u00e1, aproximadamente, 300 rapazes  na escola J\u00fanior e 800 rapazes na escola   S\u00e9nior. O parque Haling, para  o qual a escola se mudou em 1931, foi um dia a   casa do Lord Howard de  Effingham, Lord High Admiral of the Fleet, e mant\u00e9m a   apar\u00eancia de  uma \u00e1rea camposina.<\/p>\n<p><img loading=\"lazy\" decoding=\"async\" src=\"http:\/\/www.seelearningcenter.pt\/images\/41_img_colegios.jpg\" alt=\"\" width=\"434\" height=\"265\" \/><\/p>\n<p>Os edif\u00edcios originais foram  suplementados com adi\u00e7\u00f5es e melhoramentos,   incluindo uma espectacular  escola de M\u00fasica e sala de concertos, um complexo   desportivo e um  edif\u00edcio separado para a escola J\u00fanior. Em 1990, um dos maiores   e mais  inovativos projectos para edif\u00edcios educacionais do Reino Unido foi    complete para integrar facilidades para a ci\u00eancia, tecnologia, arte e  desenho,   assim como biblioteca e centro de recursos de qualidade  excepcional.<\/p>\n<p><img loading=\"lazy\" decoding=\"async\" src=\"http:\/\/www.seelearningcenter.pt\/images\/43_img_colegios.jpg\" alt=\"\" width=\"434\" height=\"256\" \/><\/p>\n<p>Whitgift disfruta de um parquet &#8211;  h\u00e1 pav\u00f5es em Whitgift desde 1930. A eles   juntaram-se outras aves de  origem Asi\u00e1tica e Africana. H\u00e1, ainda, uma col\u00f3nia de   esquilos  vermelhos no Quadrado de Andrew.<\/p>\n<p><img loading=\"lazy\" decoding=\"async\" src=\"http:\/\/www.seelearningcenter.pt\/images\/42_img_colegios.jpg\" alt=\"\" width=\"434\" height=\"357\" \/><\/p>\n","protected":false},"excerpt":{"rendered":"<p>A escola Whitgift fica no cora\u00e7\u00e3o da comunidade de fam\u00edlias de Croydon! A escola foi fundada em 1596 por John Whitgift, o Arcebispo de Canterbury de Elizabete I, e abriu em 1600, fazendo dela a escola mais antiga de Croydon; o director actual, Dr Christopher Barnett, \u00e9 o vig\u00e9simo sexto da hist\u00f3ria da escola. H\u00e1, [&hellip;]<\/p>\n","protected":false},"author":2,"featured_media":0,"parent":394,"menu_order":38,"comment_status":"open","ping_status":"closed","template":"","meta":{"footnotes":"","_links_to":"","_links_to_target":""},"_links":{"self":[{"href":"https:\/\/seelearningcenter.pt\/pt-pt\/wp-json\/wp\/v2\/pages\/438"}],"collection":[{"href":"https:\/\/seelearningcenter.pt\/pt-pt\/wp-json\/wp\/v2\/pages"}],"about":[{"href":"https:\/\/seelearningcenter.pt\/pt-pt\/wp-json\/wp\/v2\/types\/page"}],"author":[{"embeddable":true,"href":"https:\/\/seelearningcenter.pt\/pt-pt\/wp-json\/wp\/v2\/users\/2"}],"replies":[{"embeddable":true,"href":"https:\/\/seelearningcenter.pt\/pt-pt\/wp-json\/wp\/v2\/comments?post=438"}],"version-history":[{"count":2,"href":"https:\/\/seelearningcenter.pt\/pt-pt\/wp-json\/wp\/v2\/pages\/438\/revisions"}],"predecessor-version":[{"id":1924,"href":"https:\/\/seelearningcenter.pt\/pt-pt\/wp-json\/wp\/v2\/pages\/438\/revisions\/1924"}],"up":[{"embeddable":true,"href":"https:\/\/seelearningcenter.pt\/pt-pt\/wp-json\/wp\/v2\/pages\/394"}],"wp:attachment":[{"href":"https:\/\/seelearningcenter.pt\/pt-pt\/wp-json\/wp\/v2\/media?parent=438"}],"curies":[{"name":"wp","href":"https:\/\/api.w.org\/{rel}","templated":true}]}}