{"id":436,"date":"2010-07-04T18:36:32","date_gmt":"2010-07-04T22:36:32","guid":{"rendered":"http:\/\/seelearningcenter.pt\/"},"modified":"2010-09-17T21:22:46","modified_gmt":"2010-09-18T01:22:46","slug":"teikyo-windsor","status":"publish","type":"page","link":"https:\/\/seelearningcenter.pt\/pt-pt\/see-cursos-no-estrangeiro\/reino-unido\/teikyo-windsor\/","title":{"rendered":"TEIKYO"},"content":{"rendered":"<p><strong>O col\u00e9gio Teikyo tem uma  localiza\u00e7\u00e3o ideal &#8211; apenas a 30 min de carro do centro de Londres e do    Castelo de Windsor, menos ainda de comboio. Hampton Court, Oxford e  Stratford   Upon Avon s\u00e3o facilmente acess\u00edveis. <\/strong><\/p>\n<p><img loading=\"lazy\" decoding=\"async\" src=\"http:\/\/www.seelearningcenter.pt\/images\/telkio1.jpg\" alt=\"\" width=\"434\" height=\"314\" \/><\/p>\n<p>Contru\u00eddo inicialmente como uma  casa de fam\u00edlia, o col\u00e9gio \u00e9 agora o campus   da Universidade de Teikyo,  uma prestigiosa e muito respeitada Funda\u00e7\u00e3o Educativa   Japonesa.<\/p>\n<p><img loading=\"lazy\" decoding=\"async\" src=\"http:\/\/www.seelearningcenter.pt\/images\/telkio2.jpg\" alt=\"\" width=\"434\" height=\"318\" \/><\/p>\n<p>A acomoda\u00e7\u00e3o e facilidades s\u00e3o,  portanto, de elevada qualidade.<\/p>\n<p>Existe uma liga\u00e7\u00e3o de autocarro  para a movimentada cidade de compras de   Slough (10 min), a qual tem  centros comerciais, cinema, pista para patinagem no   gelo e comboios  r\u00e1pidos para Londres. O col\u00e9gio tem uma piscina coberta, um   pavilh\u00e3o  de desportos moderno, cortes de t\u00e9nis, campos de jogos e salas de aula.    A sua localiza\u00e7\u00e3o rural torna-o uma escolha ideal para alunos mais  novos.<\/p>\n<p><img loading=\"lazy\" decoding=\"async\" src=\"http:\/\/www.seelearningcenter.pt\/images\/telkio3.jpg\" alt=\"\" width=\"434\" height=\"319\" \/><\/p>\n<p><strong>Ficheiro da Escola: <\/strong><\/p>\n<p>\u2022\u00a0 Idade: 8-12 e 13-17<\/p>\n<p>\u2022\u00a0 3 Cortes de T\u00e9nis<\/p>\n<p>\u2022\u00a0 Pavilh\u00e3o de desportos<\/p>\n<p>\u2022\u00a0 Piscina coberta, jacuzzi e  sauna<\/p>\n<p>\u2022\u00a0 Campos de jogos<\/p>\n<p>\u2022\u00a0 Teatro interior<\/p>\n<p>\u2022\u00a0 Acomoda\u00e7\u00e3o em quartos (2 ou 3  camas) com duche e wc privativos<\/p>\n<p>\u2022\u00a0 Os blocos de acomoda\u00e7\u00e3o t\u00eam  c\u00f3digos de seguran\u00e7a. N\u00famero de camas: 300<\/p>\n<p>\u2022\u00a0 Pequeno-almo\u00e7o continental ou  ingles, almo\u00e7o e jantar de 2 pratos quentes,   numa cafetaria moderna  com self-service; almo\u00e7os volantes para excurss\u00f5es de dia   inteiro<\/p>\n<p>\u2022\u00a0 Excurss\u00f5es de dia inteiro  incluem Londres e Oxford. Excurss\u00f5es de meio-dia   incluem Windsor ou  Reading ou Henley on Thames<\/p>\n","protected":false},"excerpt":{"rendered":"<p>O col\u00e9gio Teikyo tem uma localiza\u00e7\u00e3o ideal &#8211; apenas a 30 min de carro do centro de Londres e do Castelo de Windsor, menos ainda de comboio. Hampton Court, Oxford e Stratford Upon Avon s\u00e3o facilmente acess\u00edveis. Contru\u00eddo inicialmente como uma casa de fam\u00edlia, o col\u00e9gio \u00e9 agora o campus da Universidade de Teikyo, uma [&hellip;]<\/p>\n","protected":false},"author":2,"featured_media":0,"parent":394,"menu_order":4,"comment_status":"open","ping_status":"closed","template":"","meta":{"footnotes":"","_links_to":"","_links_to_target":""},"class_list":["post-436","page","type-page","status-publish","hentry"],"_links":{"self":[{"href":"https:\/\/seelearningcenter.pt\/pt-pt\/wp-json\/wp\/v2\/pages\/436","targetHints":{"allow":["GET"]}}],"collection":[{"href":"https:\/\/seelearningcenter.pt\/pt-pt\/wp-json\/wp\/v2\/pages"}],"about":[{"href":"https:\/\/seelearningcenter.pt\/pt-pt\/wp-json\/wp\/v2\/types\/page"}],"author":[{"embeddable":true,"href":"https:\/\/seelearningcenter.pt\/pt-pt\/wp-json\/wp\/v2\/users\/2"}],"replies":[{"embeddable":true,"href":"https:\/\/seelearningcenter.pt\/pt-pt\/wp-json\/wp\/v2\/comments?post=436"}],"version-history":[{"count":3,"href":"https:\/\/seelearningcenter.pt\/pt-pt\/wp-json\/wp\/v2\/pages\/436\/revisions"}],"predecessor-version":[{"id":2043,"href":"https:\/\/seelearningcenter.pt\/pt-pt\/wp-json\/wp\/v2\/pages\/436\/revisions\/2043"}],"up":[{"embeddable":true,"href":"https:\/\/seelearningcenter.pt\/pt-pt\/wp-json\/wp\/v2\/pages\/394"}],"wp:attachment":[{"href":"https:\/\/seelearningcenter.pt\/pt-pt\/wp-json\/wp\/v2\/media?parent=436"}],"curies":[{"name":"wp","href":"https:\/\/api.w.org\/{rel}","templated":true}]}}