{"id":434,"date":"2010-07-04T18:35:18","date_gmt":"2010-07-04T22:35:18","guid":{"rendered":"http:\/\/seelearningcenter.pt\/"},"modified":"2010-09-17T21:06:22","modified_gmt":"2010-09-18T01:06:22","slug":"stonar-bath","status":"publish","type":"page","link":"https:\/\/seelearningcenter.pt\/pt-pt\/see-cursos-no-estrangeiro\/reino-unido\/stonar-bath\/","title":{"rendered":"STONAR (BATH)"},"content":{"rendered":"<p><strong>A  escola Stonar \u00e9 uma escola espectacular   localizada a 12 km da bela  cidade de Bath. A escola era originalmente uma casa   de campo de uma  fam\u00edlia rica, tendo v\u00e1rios s\u00e9culos de exist\u00eancia, mas sofreu um    aumento e parte da nova escola foi aberta por Sua Alteza, o Duque de    York.<\/strong><\/p>\n<p>A escola combina facilidades modernas, incluindo   um  centro equestre com 60 cavalos.<\/p>\n<p><img loading=\"lazy\" decoding=\"async\" src=\"http:\/\/www.seelearningcenter.pt\/images\/stonar1.jpg\" alt=\"\" width=\"434\" height=\"236\" \/><\/p>\n<p>A escola est\u00e1 situada numa \u00e1rea de  incompar\u00e1vel beleza no campo de Wiltshire,   sendo a vila mais pr\u00f3xima  Atworth a alguns minutos a p\u00e9.<\/p>\n<p><img loading=\"lazy\" decoding=\"async\" src=\"http:\/\/www.seelearningcenter.pt\/images\/stonar2.jpg\" alt=\"\" width=\"434\" height=\"318\" \/><\/p>\n<p><strong>Ficheiro da Escola: <\/strong><\/p>\n<p>\u2022\u00a0 Idade: 8-12 e 13-17<\/p>\n<p>\u2022\u00a0 Cozinha e salas comuns com TV  em cada casa<\/p>\n<p>\u2022\u00a0 4 Corte de T\u00e9nis<\/p>\n<p>\u2022\u00a0 Pavilh\u00e3o de desportos &#8211; campos  de basquetebol e netball<\/p>\n<p>\u2022\u00a0 Corte de squash<\/p>\n<p>\u2022\u00a0 Piscina coberta aquecida<\/p>\n<p>\u2022\u00a0 9 Cortes de t\u00e9nis e hockey  Astroturf<\/p>\n<p>\u2022\u00a0 Campos de jogos<\/p>\n<p>\u2022\u00a0 Salas de artes<\/p>\n<p>\u2022\u00a0 Teatro interior<\/p>\n<p><img loading=\"lazy\" decoding=\"async\" src=\"http:\/\/www.seelearningcenter.pt\/images\/stonar3.jpg\" alt=\"\" width=\"434\" height=\"229\" \/><\/p>\n<p>\u2022\u00a0 Acomoda\u00e7\u00e3o casas com estilo  tradicional ingl\u00eas<\/p>\n<p>\u2022\u00a0 Quartos duplos, triplos ou  qu\u00e1druplos (N\u00famero m\u00e1ximo de camas: 150)<\/p>\n<p>\u2022\u00a0 Pequeno-almo\u00e7o continental ou  ingles, almo\u00e7o e jantar quentes; almo\u00e7o   volante para excurss\u00f5es.<\/p>\n<p>\u2022\u00a0 Excurss\u00f5es de dia inteiro  incluem Cardiff e Bristol. Excurss\u00f5es de   meio-dia incluem Bath e  Cheddar George<\/p>\n","protected":false},"excerpt":{"rendered":"<p>A escola Stonar \u00e9 uma escola espectacular localizada a 12 km da bela cidade de Bath. A escola era originalmente uma casa de campo de uma fam\u00edlia rica, tendo v\u00e1rios s\u00e9culos de exist\u00eancia, mas sofreu um aumento e parte da nova escola foi aberta por Sua Alteza, o Duque de York. A escola combina facilidades [&hellip;]<\/p>\n","protected":false},"author":2,"featured_media":0,"parent":394,"menu_order":6,"comment_status":"open","ping_status":"closed","template":"","meta":{"footnotes":"","_links_to":"","_links_to_target":""},"class_list":["post-434","page","type-page","status-publish","hentry"],"_links":{"self":[{"href":"https:\/\/seelearningcenter.pt\/pt-pt\/wp-json\/wp\/v2\/pages\/434","targetHints":{"allow":["GET"]}}],"collection":[{"href":"https:\/\/seelearningcenter.pt\/pt-pt\/wp-json\/wp\/v2\/pages"}],"about":[{"href":"https:\/\/seelearningcenter.pt\/pt-pt\/wp-json\/wp\/v2\/types\/page"}],"author":[{"embeddable":true,"href":"https:\/\/seelearningcenter.pt\/pt-pt\/wp-json\/wp\/v2\/users\/2"}],"replies":[{"embeddable":true,"href":"https:\/\/seelearningcenter.pt\/pt-pt\/wp-json\/wp\/v2\/comments?post=434"}],"version-history":[{"count":2,"href":"https:\/\/seelearningcenter.pt\/pt-pt\/wp-json\/wp\/v2\/pages\/434\/revisions"}],"predecessor-version":[{"id":2018,"href":"https:\/\/seelearningcenter.pt\/pt-pt\/wp-json\/wp\/v2\/pages\/434\/revisions\/2018"}],"up":[{"embeddable":true,"href":"https:\/\/seelearningcenter.pt\/pt-pt\/wp-json\/wp\/v2\/pages\/394"}],"wp:attachment":[{"href":"https:\/\/seelearningcenter.pt\/pt-pt\/wp-json\/wp\/v2\/media?parent=434"}],"curies":[{"name":"wp","href":"https:\/\/api.w.org\/{rel}","templated":true}]}}