{"id":432,"date":"2010-07-04T18:34:21","date_gmt":"2010-07-04T22:34:21","guid":{"rendered":"http:\/\/seelearningcenter.pt\/"},"modified":"2010-09-17T21:22:49","modified_gmt":"2010-09-18T01:22:49","slug":"shiplake-henley-on-thames","status":"publish","type":"page","link":"https:\/\/seelearningcenter.pt\/pt-pt\/see-cursos-no-estrangeiro\/reino-unido\/shiplake-henley-on-thames\/","title":{"rendered":"SHIPLAKE"},"content":{"rendered":"<p><strong>O  col\u00e9gio Shiplake foi fundado em 1959, como   uma escola para 120  rapazes, embora os edif\u00edcios datem dos s\u00e9culos XVIII e XIX   com adi\u00e7\u00f5es  mais recentes. <\/strong><\/p>\n<p>A escola tem agora   aproximadamente 325 rapazes, tanto  diurnos como internos.<\/p>\n<p><img loading=\"lazy\" decoding=\"async\" src=\"http:\/\/www.seelearningcenter.pt\/images\/shiplake1.jpg\" alt=\"\" width=\"434\" height=\"203\" \/><\/p>\n<p>O col\u00e9gio est\u00e1 basiado no Shiplake  Court. O conhecido arquitecto vitoriano   ingl\u00eas, Ernest George,  desenhou o edif\u00edcio principal. O Col\u00e9gio Shiplake fica a    aproximadamente 3 km do centro de Henley-on-Thames, uma atractiva vila \u00e0    beira-rio, famosa pela Regata Henley Royal que ocorre todos os anos  no in\u00edcio de   Julho.<\/p>\n<p><img loading=\"lazy\" decoding=\"async\" src=\"http:\/\/www.seelearningcenter.pt\/images\/shiplake2.jpg\" alt=\"\" width=\"434\" height=\"274\" \/><\/p>\n<p>A seguir \u00e0 Regata h\u00e1 um festival  de m\u00fasica e literatura, o qual ocorre em   tendas montadas \u00e0 beira-rio.  Um servi\u00e7o de autocarro entre Reading e Henley-on   -Thames passa pela  entrada do col\u00e9gio. A esta\u00e7\u00e3o de comboio local, em Shiplake,   tem  liga\u00e7\u00f5es via Twyford tanto para Reading como para London Paddington.<\/p>\n<p><strong>Ficheiro da Escola: <\/strong><\/p>\n<p>\u2022\u00a0 Idade: 8-12 e 13-17<\/p>\n<p>\u2022\u00a0 4 Corte de T\u00e9nis<\/p>\n<p>\u2022\u00a0 Pavilh\u00e3o de desportos<\/p>\n<p>\u2022\u00a0 Campos de jogos<\/p>\n<p>\u2022\u00a0 Teatro interior<\/p>\n<p>\u2022\u00a0 Localiza\u00e7\u00e3o junto ao rio<\/p>\n<p>\u2022\u00a0 Quartos duplos, triplos ou  qu\u00e1druplos, com alguns quartos maiores   despon\u00edveis<\/p>\n<p>\u2022\u00a0 N\u00famero m\u00e1ximo de camas: 270<\/p>\n<p>\u2022\u00a0 Pequeno-almo\u00e7o continental ou  ingles, almo\u00e7o e jantar quentes; almo\u00e7o   volante para excurss\u00f5es.<\/p>\n<p><img loading=\"lazy\" decoding=\"async\" src=\"http:\/\/www.seelearningcenter.pt\/images\/shiplake3.jpg\" alt=\"\" width=\"434\" height=\"259\" \/><\/p>\n<p>\u2022\u00a0 Excurss\u00f5es de dia inteiro  incluem London e Oxford. Excurss\u00f5es de meio-dia   incluem Windsor ou  Reading ou Henley<\/p>\n","protected":false},"excerpt":{"rendered":"<p>O col\u00e9gio Shiplake foi fundado em 1959, como uma escola para 120 rapazes, embora os edif\u00edcios datem dos s\u00e9culos XVIII e XIX com adi\u00e7\u00f5es mais recentes. A escola tem agora aproximadamente 325 rapazes, tanto diurnos como internos. O col\u00e9gio est\u00e1 basiado no Shiplake Court. O conhecido arquitecto vitoriano ingl\u00eas, Ernest George, desenhou o edif\u00edcio principal. [&hellip;]<\/p>\n","protected":false},"author":2,"featured_media":0,"parent":394,"menu_order":8,"comment_status":"open","ping_status":"closed","template":"","meta":{"footnotes":"","_links_to":"","_links_to_target":""},"class_list":["post-432","page","type-page","status-publish","hentry"],"_links":{"self":[{"href":"https:\/\/seelearningcenter.pt\/pt-pt\/wp-json\/wp\/v2\/pages\/432","targetHints":{"allow":["GET"]}}],"collection":[{"href":"https:\/\/seelearningcenter.pt\/pt-pt\/wp-json\/wp\/v2\/pages"}],"about":[{"href":"https:\/\/seelearningcenter.pt\/pt-pt\/wp-json\/wp\/v2\/types\/page"}],"author":[{"embeddable":true,"href":"https:\/\/seelearningcenter.pt\/pt-pt\/wp-json\/wp\/v2\/users\/2"}],"replies":[{"embeddable":true,"href":"https:\/\/seelearningcenter.pt\/pt-pt\/wp-json\/wp\/v2\/comments?post=432"}],"version-history":[{"count":3,"href":"https:\/\/seelearningcenter.pt\/pt-pt\/wp-json\/wp\/v2\/pages\/432\/revisions"}],"predecessor-version":[{"id":2044,"href":"https:\/\/seelearningcenter.pt\/pt-pt\/wp-json\/wp\/v2\/pages\/432\/revisions\/2044"}],"up":[{"embeddable":true,"href":"https:\/\/seelearningcenter.pt\/pt-pt\/wp-json\/wp\/v2\/pages\/394"}],"wp:attachment":[{"href":"https:\/\/seelearningcenter.pt\/pt-pt\/wp-json\/wp\/v2\/media?parent=432"}],"curies":[{"name":"wp","href":"https:\/\/api.w.org\/{rel}","templated":true}]}}