{"id":430,"date":"2010-07-04T18:33:30","date_gmt":"2010-07-04T22:33:30","guid":{"rendered":"http:\/\/seelearningcenter.pt\/"},"modified":"2010-09-17T21:24:41","modified_gmt":"2010-09-18T01:24:41","slug":"colegio-de-musica-real-do-norte-manchester","status":"publish","type":"page","link":"https:\/\/seelearningcenter.pt\/pt-pt\/see-cursos-no-estrangeiro\/reino-unido\/colegio-de-musica-real-do-norte-manchester\/","title":{"rendered":"COL\u00c9GIO DE M\u00daSICA REAL DO NORTE (Manchester)"},"content":{"rendered":"<p><strong>O  Col\u00e9gio de M\u00fasica Real do Norte no centro   de Manchester \u00e9 um dos  col\u00e9gios de m\u00fasica mais prestigiados da   Inglaterra.<\/strong><\/p>\n<p>Em frente \u00e0 Escola de Economia de Manchester   e a uma  dist\u00e2ncia pedestre pequena da Universidade de Manchester, da    Universidade Metropolitana de Manchester, UMIST e das principais  atrc\u00e7\u00f5es da   cidade &#8211; est\u00e1 no quarteir\u00e3o dos estudantes da cidade  din\u00e2mica e em crescimento   de Manchester.<\/p>\n<p>Tem um refeit\u00f3rio self-service  moderno, salas de aula e salas comuns na sala   de artes.<\/p>\n<p>Adjacente ao Col\u00e9gio fica a  acomoda\u00e7\u00e3o na Resid\u00eancia de Sir Charles Grove, a   qual abriu em  Setembro de 2001<\/p>\n<p><img loading=\"lazy\" decoding=\"async\" src=\"http:\/\/www.seelearningcenter.pt\/images\/39_img_colegios.jpg\" alt=\"\" width=\"434\" height=\"260\" \/><\/p>\n<p>Provavelmente a melhor acomoda\u00e7\u00e3o  para estudantes que temis &#8211; cada quarto   individual \u00e9 espa\u00e7oso com  duche e WC. Com uma secret\u00e1ria, cadeira e guarda-roupa   amplo e  gavetas, cada quarto foi mobilado por uma decoradora. Todos os quartos    s\u00e3o acess\u00edveis atrav\u00e9s de um p\u00e1tio central. A resid\u00eancia benificia de  uma   recep\u00e7\u00e3o aberta 24 horas por dia, diariamente, com um sistema de  seguran\u00e7a para   entrada. Apenas a 12 Km do aeroporto internacional de  Manchester, 10 minutos a   p\u00e9 da Esta\u00e7\u00e3o da Rua de Oxford e 20 minutos  das Esta\u00e7\u00f5esde autocarro e comboio   de Piccadilly.<\/p>\n<p><img loading=\"lazy\" decoding=\"async\" src=\"http:\/\/www.seelearningcenter.pt\/images\/40_img_colegios.jpg\" alt=\"\" width=\"434\" height=\"233\" \/><\/p>\n<p><strong>Ficheiro da Escola: <\/strong><\/p>\n<p>\u2022\u00a0 Idade: 13-17<\/p>\n<p>\u2022\u00a0 Campus modermo em localiza\u00e7\u00e3o  priviligiada na cidade<\/p>\n<p>\u2022\u00a0 Proximidade de facilidades de  lazer e desportivas<\/p>\n<p>\u2022\u00a0 \u00c1reas de cozinha &#8211; ideias para  l\u00edderes de grupos<\/p>\n<p>\u2022\u00a0 Salas comuns<\/p>\n<p>\u2022\u00a0 Quartos individuais espa\u00e7osos  com wc e duche privados. Mobilado por   decoradora.<\/p>\n<p><img loading=\"lazy\" decoding=\"async\" src=\"http:\/\/www.seelearningcenter.pt\/images\/38_img_colegios.jpg\" alt=\"\" width=\"434\" height=\"267\" \/><\/p>\n<p>\u2022\u00a0 N\u00famero m\u00e1ximo de camas: 250<\/p>\n<p>\u2022\u00a0 Pequeno-almo\u00e7o continental,  almo\u00e7o de 2 pratos, jantar de 2 pratos. Almo\u00e7o   volante aos  fim-de-semanas.<\/p>\n<p>\u2022\u00a0 Excurss\u00f5es de dia inteiro  incluem Blackpool e Pais de Gales. Excurss\u00f5es de   meio-dia incluem  Liverpool e Chester.<\/p>\n","protected":false},"excerpt":{"rendered":"<p>O Col\u00e9gio de M\u00fasica Real do Norte no centro de Manchester \u00e9 um dos col\u00e9gios de m\u00fasica mais prestigiados da Inglaterra. Em frente \u00e0 Escola de Economia de Manchester e a uma dist\u00e2ncia pedestre pequena da Universidade de Manchester, da Universidade Metropolitana de Manchester, UMIST e das principais atrc\u00e7\u00f5es da cidade &#8211; est\u00e1 no quarteir\u00e3o [&hellip;]<\/p>\n","protected":false},"author":2,"featured_media":0,"parent":394,"menu_order":30,"comment_status":"open","ping_status":"closed","template":"","meta":{"footnotes":"","_links_to":"","_links_to_target":""},"class_list":["post-430","page","type-page","status-publish","hentry"],"_links":{"self":[{"href":"https:\/\/seelearningcenter.pt\/pt-pt\/wp-json\/wp\/v2\/pages\/430","targetHints":{"allow":["GET"]}}],"collection":[{"href":"https:\/\/seelearningcenter.pt\/pt-pt\/wp-json\/wp\/v2\/pages"}],"about":[{"href":"https:\/\/seelearningcenter.pt\/pt-pt\/wp-json\/wp\/v2\/types\/page"}],"author":[{"embeddable":true,"href":"https:\/\/seelearningcenter.pt\/pt-pt\/wp-json\/wp\/v2\/users\/2"}],"replies":[{"embeddable":true,"href":"https:\/\/seelearningcenter.pt\/pt-pt\/wp-json\/wp\/v2\/comments?post=430"}],"version-history":[{"count":4,"href":"https:\/\/seelearningcenter.pt\/pt-pt\/wp-json\/wp\/v2\/pages\/430\/revisions"}],"predecessor-version":[{"id":2046,"href":"https:\/\/seelearningcenter.pt\/pt-pt\/wp-json\/wp\/v2\/pages\/430\/revisions\/2046"}],"up":[{"embeddable":true,"href":"https:\/\/seelearningcenter.pt\/pt-pt\/wp-json\/wp\/v2\/pages\/394"}],"wp:attachment":[{"href":"https:\/\/seelearningcenter.pt\/pt-pt\/wp-json\/wp\/v2\/media?parent=430"}],"curies":[{"name":"wp","href":"https:\/\/api.w.org\/{rel}","templated":true}]}}