{"id":428,"date":"2010-07-04T18:32:22","date_gmt":"2010-07-04T22:32:22","guid":{"rendered":"http:\/\/seelearningcenter.pt\/"},"modified":"2010-07-09T02:38:04","modified_gmt":"2010-07-09T06:38:04","slug":"escola-royal-hospital-holbroock-ipswich","status":"publish","type":"page","link":"https:\/\/seelearningcenter.pt\/pt-pt\/see-cursos-no-estrangeiro\/reino-unido\/escola-royal-hospital-holbroock-ipswich\/","title":{"rendered":"ESCOLA ROYAL HOSPITAL (HOLBROOCK &#8211; IPSWICH)"},"content":{"rendered":"<p><strong>Esta  bonita escola est\u00e1 localizada em   duzentos acres de magnifico campo de  Sffolk, com vista para o Rio Stour na   Pen\u00ednsula de Shotley. <\/strong><\/p>\n<p>A sua localiza\u00e7\u00e3o rural torna-a um   espa\u00e7o ideal para  estudar, apesar de estar apenas a 7,5 km do centro movimentado   de  Ipswich. A escola foi fundada originalmente em Greenwich, em 1712, para    educar os filhos dos marinheiros e mudou-se para a sua localiza\u00e7\u00e3o  actual em   1933. O col\u00e9gio oferece 300 camas com wc partilhadas.<\/p>\n<p><img loading=\"lazy\" decoding=\"async\" src=\"http:\/\/www.seelearningcenter.pt\/images\/19_img_colegios.jpg\" alt=\"\" width=\"434\" height=\"150\" \/><\/p>\n<p><strong>Ficheiro da Escola: <\/strong><\/p>\n<p>\u2022\u00a0 Idade: 8-12 e 13-17<\/p>\n<p>\u2022\u00a0 Campo de Golf com 9 buracos<\/p>\n<p>\u2022\u00a0 Campos de jogos<\/p>\n<p>\u2022\u00a0 Piscina interior com 35m<\/p>\n<p><img loading=\"lazy\" decoding=\"async\" src=\"http:\/\/www.seelearningcenter.pt\/images\/21_img_colegios.jpg\" alt=\"\" width=\"434\" height=\"297\" \/><\/p>\n<p>\u2022\u00a0 14 cortes de t\u00e9nis de piso duro  e 6 de relva<\/p>\n<p>\u2022\u00a0 Campo de basquetebol exterior<\/p>\n<p>\u2022\u00a0 Pavilh\u00e3o de desportos (com 5  campos de badminton)<\/p>\n<p>\u2022\u00a0 2 campos de voleibol<\/p>\n<p><img loading=\"lazy\" decoding=\"async\" src=\"http:\/\/www.seelearningcenter.pt\/images\/20_img_colegios.jpg\" alt=\"\" width=\"434\" height=\"232\" \/><\/p>\n<p>\u2022\u00a0 Quartos m\u00faltiplos com  facilidades partilhadas.<\/p>\n<p>\u2022\u00a0 N\u00famero m\u00e1ximo de camas: 300<\/p>\n<p>\u2022\u00a0 Pequeno-almo\u00e7o ingl\u00eas\/  continental, almo\u00e7o e jantar. Almo\u00e7o volante para   excurss\u00f5es.<\/p>\n<p>\u2022\u00a0 Excurss\u00f5es de dia inteiro  incluem London e Cambridge. Excurss\u00f5es de   meio-dia incluem Colchester e  Ipswich.<\/p>\n","protected":false},"excerpt":{"rendered":"<p>Esta bonita escola est\u00e1 localizada em duzentos acres de magnifico campo de Sffolk, com vista para o Rio Stour na Pen\u00ednsula de Shotley. A sua localiza\u00e7\u00e3o rural torna-a um espa\u00e7o ideal para estudar, apesar de estar apenas a 7,5 km do centro movimentado de Ipswich. A escola foi fundada originalmente em Greenwich, em 1712, para [&hellip;]<\/p>\n","protected":false},"author":2,"featured_media":0,"parent":394,"menu_order":14,"comment_status":"open","ping_status":"closed","template":"","meta":{"footnotes":"","_links_to":"","_links_to_target":""},"_links":{"self":[{"href":"https:\/\/seelearningcenter.pt\/pt-pt\/wp-json\/wp\/v2\/pages\/428"}],"collection":[{"href":"https:\/\/seelearningcenter.pt\/pt-pt\/wp-json\/wp\/v2\/pages"}],"about":[{"href":"https:\/\/seelearningcenter.pt\/pt-pt\/wp-json\/wp\/v2\/types\/page"}],"author":[{"embeddable":true,"href":"https:\/\/seelearningcenter.pt\/pt-pt\/wp-json\/wp\/v2\/users\/2"}],"replies":[{"embeddable":true,"href":"https:\/\/seelearningcenter.pt\/pt-pt\/wp-json\/wp\/v2\/comments?post=428"}],"version-history":[{"count":2,"href":"https:\/\/seelearningcenter.pt\/pt-pt\/wp-json\/wp\/v2\/pages\/428\/revisions"}],"predecessor-version":[{"id":1062,"href":"https:\/\/seelearningcenter.pt\/pt-pt\/wp-json\/wp\/v2\/pages\/428\/revisions\/1062"}],"up":[{"embeddable":true,"href":"https:\/\/seelearningcenter.pt\/pt-pt\/wp-json\/wp\/v2\/pages\/394"}],"wp:attachment":[{"href":"https:\/\/seelearningcenter.pt\/pt-pt\/wp-json\/wp\/v2\/media?parent=428"}],"curies":[{"name":"wp","href":"https:\/\/api.w.org\/{rel}","templated":true}]}}